{"id":812,"date":"2012-01-12T18:28:31","date_gmt":"2012-01-12T18:28:31","guid":{"rendered":"http:\/\/www.mairie-poncey-les-athee.fr\/?page_id=812"},"modified":"2022-12-05T18:42:13","modified_gmt":"2022-12-05T18:42:13","slug":"refection-de-la-toiture-de-la-mairie","status":"publish","type":"page","link":"https:\/\/www.mairie-poncey-les-athee.fr\/?page_id=812","title":{"rendered":"La toiture de la Mairie"},"content":{"rendered":"<p><strong>2012<\/strong><\/p>\n<p><!--more--><\/p>\n<div id=\"attachment_708\" style=\"width: 460px\" class=\"wp-caption aligncenter\"><a href=\"https:\/\/www.mairie-poncey-les-athee.fr\/wp-content\/uploads\/DSCN1095.jpg\" target=\"_blank\" rel=\"attachment noopener wp-att-708\"><img loading=\"lazy\" decoding=\"async\" aria-describedby=\"caption-attachment-708\" class=\"wp-image-708 \" title=\"La mairie et sa nouvelle toiture\" src=\"https:\/\/www.mairie-poncey-les-athee.fr\/wp-content\/uploads\/DSCN1095-300x225.jpg\" alt=\"\" width=\"460\" height=\"345\" srcset=\"https:\/\/www.mairie-poncey-les-athee.fr\/wp-content\/uploads\/DSCN1095-300x225.jpg 300w, https:\/\/www.mairie-poncey-les-athee.fr\/wp-content\/uploads\/DSCN1095-560x420.jpg 560w, https:\/\/www.mairie-poncey-les-athee.fr\/wp-content\/uploads\/DSCN1095.jpg 2048w\" sizes=\"auto, (max-width: 460px) 100vw, 460px\" \/><\/a><p id=\"caption-attachment-708\" class=\"wp-caption-text\"><strong>La mairie et sa nouvelle toiture<\/strong><\/p><\/div>\n<p><strong>2012<\/strong><\/p>\n<p><strong>C&rsquo;est l&rsquo;entreprise Michel C\u00eatre de Laperri\u00e8re-sur-Sa\u00f4ne qui a \u00e9t\u00e9 retenue pour effectuer les travaux de r\u00e9fection de la toiture de la mairie.<\/strong><\/p>\n<p><strong>Les vieilles tuiles qui dataient de 1912 ont \u00e9t\u00e9 remplac\u00e9es, mises sur un lattis neuf et tout le chevronnage a \u00e9t\u00e9 repris aussi \u00e0 neuf. Bien s\u00fbr les zingueries, noues, descentes et ch\u00eaneaux sont \u00e9galement mises \u00e0 neuf. Les 2 chemin\u00e9es qui repr\u00e9sentaient un danger potentiel, ont \u00e9t\u00e9 abattues vu qu&rsquo;elles n&rsquo;avaient plus leur utilit\u00e9 \u00e9tant donn\u00e9 que le chauffage du b\u00e2timent est assur\u00e9 par le gaz naturel.<\/strong><\/p>\n<p><strong>Ces travaux se chiffrent \u00e0 \u00e0 36 999,52 \u20ac HT.<\/strong><\/p>\n<p><strong>Nous avons per\u00e7u une subvention d&rsquo;un montant de 13 875,00 \u20ac au titre de l&rsquo;Etat, une deuxi\u00e8me subvention d&rsquo;un montant de 4249,76 \u20ac vers\u00e9e par le Conseil G\u00e9n\u00e9ral de la C\u00f4te d&rsquo;Or et enfin une troisi\u00e8me subvention d&rsquo;un montant de 10 000,00 \u20ac accord\u00e9e par Fran\u00e7ois Patriat, S\u00e9nateur, Pr\u00e9sident du Conseil R\u00e9gional au titre de la R\u00e9serve Parlementaire.<\/strong><\/p>\n<p><strong>Finalement ce projet a \u00e9t\u00e9 subventionn\u00e9 \u00e0 hauteur de 76 %, la commune participant par ses fonds propres \u00e0 hauteur de 24 % soit 8 874,76 \u20ac H.T.<\/strong><br \/>\n<strong>Merci \u00e0 tous nos financeurs.<\/strong><\/p>\n<p>&nbsp;<\/p>\n<p><a href=\"https:\/\/www.mairie-poncey-les-athee.fr\/?attachment_id=715\" rel=\"attachment wp-att-715\">\u00a0\u00a0\u00a0\u00a0\u00a0\u00a0\u00a0 \u00a0 \u00a0\u00a0 \u00a0\u00a0\u00a0 \u00a0\u00a0\u00a0\u00a0\u00a0\u00a0\u00a0\u00a0 <\/a><a href=\"https:\/\/www.mairie-poncey-les-athee.fr\/?attachment_id=715\" target=\"_blank\" rel=\"attachment noopener wp-att-715\"><img loading=\"lazy\" decoding=\"async\" class=\"alignnone\" title=\"Mise en place de la sous toiture\" src=\"https:\/\/www.mairie-poncey-les-athee.fr\/wp-content\/uploads\/DSCN1052-150x150.jpg\" alt=\"\" width=\"150\" height=\"150\" \/><\/a><a href=\"https:\/\/www.mairie-poncey-les-athee.fr\/wp-content\/uploads\/DSCN1051.jpg\" target=\"_blank\" rel=\"attachment noopener wp-att-715\"><img loading=\"lazy\" decoding=\"async\" class=\"alignleft wp-image-713\" title=\"Remplacement des chevrons\" src=\"https:\/\/www.mairie-poncey-les-athee.fr\/wp-content\/uploads\/DSCN1051-150x150.jpg\" alt=\"\" width=\"152\" height=\"161\" \/><\/a><a href=\"https:\/\/www.mairie-poncey-les-athee.fr\/wp-content\/uploads\/DSCN1053.jpg\" target=\"_blank\" rel=\"attachment noopener wp-att-716\"><img loading=\"lazy\" decoding=\"async\" class=\"alignright wp-image-716 size-thumbnail\" title=\"Sous le toit de la mairie\" src=\"https:\/\/www.mairie-poncey-les-athee.fr\/wp-content\/uploads\/DSCN1053-150x150.jpg\" alt=\"\" width=\"150\" height=\"150\" \/><\/a><a href=\"https:\/\/www.mairie-poncey-les-athee.fr\/?attachment_id=715\" rel=\"attachment wp-att-715\"><br \/>\n<\/a><\/p>\n<p>&nbsp;<\/p>\n<p><strong>Pose de chevrons neufs<\/strong>\u00a0 \u00a0 \u00a0 \u00a0 \u00a0 \u00a0 \u00a0 \u00a0 \u00a0 \u00a0 \u00a0 \u00a0 \u00a0 \u00a0 \u00a0 \u00a0 \u00a0 \u00a0 <strong>\u00a0 Sous-toiture\u00a0 \u00a0<\/strong> \u00a0 \u00a0 \u00a0 \u00a0 \u00a0 \u00a0 \u00a0 \u00a0 \u00a0 \u00a0 \u00a0 \u00a0 \u00a0 \u00a0 \u00a0 \u00a0 \u00a0 \u00a0 \u00a0 \u00a0 \u00a0 \u00a0 \u00a0 \u00a0 \u00a0 \u00a0 <strong>Remplacement d&rsquo;une panne<\/strong><\/p>\n<p>&nbsp;<\/p>\n<p>&nbsp;<\/p>\n<p>&nbsp;<\/p>\n<p>&nbsp;<\/p>\n<p>&nbsp;<\/p>\n<p>&nbsp;<\/p>\n","protected":false},"excerpt":{"rendered":"<p>2012<\/p><p><a class=\"more-link btn\" href=\"https:\/\/www.mairie-poncey-les-athee.fr\/?page_id=812\">Lire la suite<\/a><\/p>\n","protected":false},"author":2,"featured_media":713,"parent":1222,"menu_order":40,"comment_status":"closed","ping_status":"closed","template":"","meta":{"footnotes":""},"class_list":["post-812","page","type-page","status-publish","has-post-thumbnail","hentry","nodate","item-wrap"],"_links":{"self":[{"href":"https:\/\/www.mairie-poncey-les-athee.fr\/index.php?rest_route=\/wp\/v2\/pages\/812","targetHints":{"allow":["GET"]}}],"collection":[{"href":"https:\/\/www.mairie-poncey-les-athee.fr\/index.php?rest_route=\/wp\/v2\/pages"}],"about":[{"href":"https:\/\/www.mairie-poncey-les-athee.fr\/index.php?rest_route=\/wp\/v2\/types\/page"}],"author":[{"embeddable":true,"href":"https:\/\/www.mairie-poncey-les-athee.fr\/index.php?rest_route=\/wp\/v2\/users\/2"}],"replies":[{"embeddable":true,"href":"https:\/\/www.mairie-poncey-les-athee.fr\/index.php?rest_route=%2Fwp%2Fv2%2Fcomments&post=812"}],"version-history":[{"count":19,"href":"https:\/\/www.mairie-poncey-les-athee.fr\/index.php?rest_route=\/wp\/v2\/pages\/812\/revisions"}],"predecessor-version":[{"id":6605,"href":"https:\/\/www.mairie-poncey-les-athee.fr\/index.php?rest_route=\/wp\/v2\/pages\/812\/revisions\/6605"}],"up":[{"embeddable":true,"href":"https:\/\/www.mairie-poncey-les-athee.fr\/index.php?rest_route=\/wp\/v2\/pages\/1222"}],"wp:featuredmedia":[{"embeddable":true,"href":"https:\/\/www.mairie-poncey-les-athee.fr\/index.php?rest_route=\/wp\/v2\/media\/713"}],"wp:attachment":[{"href":"https:\/\/www.mairie-poncey-les-athee.fr\/index.php?rest_route=%2Fwp%2Fv2%2Fmedia&parent=812"}],"curies":[{"name":"wp","href":"https:\/\/api.w.org\/{rel}","templated":true}]}}