{"id":5904,"date":"2022-10-11T17:47:44","date_gmt":"2022-10-11T17:47:44","guid":{"rendered":"http:\/\/www.mairie-poncey-les-athee.fr\/?page_id=5904"},"modified":"2026-03-25T15:38:09","modified_gmt":"2026-03-25T15:38:09","slug":"attegia","status":"publish","type":"page","link":"https:\/\/www.mairie-poncey-les-athee.fr\/?page_id=5904","title":{"rendered":"Att\u00e9gia"},"content":{"rendered":"<h5><a href=\"http:\/\/attegia.fr\/accueil-actus\/guide-2022-2023\/\" target=\"_blank\" rel=\"noopener\"><img loading=\"lazy\" decoding=\"async\" class=\"aligncenter wp-image-5915 \" src=\"https:\/\/www.mairie-poncey-les-athee.fr\/wp-content\/uploads\/Attegia-1-300x150.jpg\" alt=\"\" width=\"384\" height=\"192\" \/><\/a><\/h5>\n<h5>Ann\u00e9es\u00a0 2022-2023,\u00a0 2023-2024, 2024-2025, 2025-2026<\/h5>\n<p>&nbsp;<\/p>\n<p><!--more--><\/p>\n<h2>\u00a0 \u00a0 \u00a0 \u00a0 \u00a0 \u00a0 \u00a0 \u00a0 \u00a0 \u00a0 \u00a0 \u00a0 \u00a0 \u00a0 \u00a0 \u00a0 \u00a0 \u00a0 \u00a0 \u00a0 <span style=\"color: #000080;\">ANNEE 2025 &#8211; <span style=\"color: #993300;\">2026<\/span><\/span><\/h2>\n<p>&nbsp;<\/p>\n<div class=\"gmail_default\"><\/div>\n<h3><span style=\"color: #800000;\">Spectacle de No\u00ebl<\/span><\/h3>\n<div class=\"gmail_default\">Pour finir\u00a0l&rsquo;ann\u00e9e 2025, nous proposons un spectacle de No\u00ebl pour tous <strong>\u00e0 Chevigny Saint Sauveur\u00a0 dans la salle \u00ab\u00a0l&rsquo;ogive\u00a0\u00bb le dimanche 14 d\u00e9cembre<\/strong> (d\u00e9but du spectacle, 14h) au tarif de <strong>10 euros<\/strong> pour les adh\u00e9rents et 29 euros pour les non adh\u00e9rents.<\/div>\n<div class=\"gmail_default\"><strong>Nous allons r\u00e9server les places en date du 21 novembre sans pouvoir rajouter de personnes apr\u00e8s cette date.<\/strong><\/div>\n<div class=\"gmail_default\">Si vous souhaitez participer, merci de r\u00e9server sur notre site internet\u00a0 en cliquant ici<strong>\u00a0<\/strong><a href=\"https:\/\/www.payasso.fr\/attegia\/cb\"><strong>Att\u00e9gia<\/strong><\/a>\u00a0 <b>avant le 20 novembre.<\/b><\/div>\n<div class=\"gmail_default\"><b>\u00a0<\/b><\/div>\n<div class=\"gmail_default\">Pour se rendre \u00e0 l&rsquo;ogive, <strong>RDV \u00e0 13h00 pour un d\u00e9part \u00e0 13h10<\/strong> sur le parking de l&rsquo;\u00e9glise d&rsquo;Ath\u00e9e ou devant l&rsquo;ogive pour 13h40.<\/div>\n<div class=\"gmail_default\"><b>Pour rappel, aucun bus n&rsquo;est pr\u00e9vu, chacun y va par ses propres moyens.<\/b><\/div>\n<p>&nbsp;<\/p>\n<p>&nbsp;<\/p>\n<hr \/>\n<h3 dir=\"auto\"><span style=\"color: #800000;\">Recherche Musiciens<\/span><\/h3>\n<div dir=\"auto\"><strong>Notre association recherche, un groupe de musicien pour le march\u00e9 artisanal du 31 mai 2026 ( fanfare moderne de pr\u00e9f\u00e9rence ou encore jazz band) Mais si vous pens\u00e9 pouvoir d\u00e9ambuler et animer le march\u00e9&#8230; contactez nous !<\/strong><\/div>\n<div dir=\"auto\"><strong>Ambiance festive et convivialit\u00e9 assur\u00e9 !<\/strong><\/div>\n<div dir=\"auto\"><\/div>\n<hr \/>\n<h3>\u00a0<span style=\"color: #993300;\">Programme\u00a0<\/span><\/h3>\n<p>&nbsp;<\/p>\n<p><strong><a href=\"https:\/\/www.attegia.fr\/guide-2025-2026\/\" target=\"_blank\" rel=\"noopener\">https:\/\/www.attegia.fr\/guide-2025-2026\/<\/a><\/strong><\/p>\n<h3><a href=\"https:\/\/www.mairie-poncey-les-athee.fr\/wp-content\/uploads\/attegia-2025-2026.jpg\"><img loading=\"lazy\" decoding=\"async\" class=\" wp-image-18952 alignnone\" src=\"https:\/\/www.mairie-poncey-les-athee.fr\/wp-content\/uploads\/attegia-2025-2026-300x212.jpg\" alt=\"\" width=\"691\" height=\"488\" srcset=\"https:\/\/www.mairie-poncey-les-athee.fr\/wp-content\/uploads\/attegia-2025-2026-300x212.jpg 300w, https:\/\/www.mairie-poncey-les-athee.fr\/wp-content\/uploads\/attegia-2025-2026-768x543.jpg 768w, https:\/\/www.mairie-poncey-les-athee.fr\/wp-content\/uploads\/attegia-2025-2026-750x530.jpg 750w, https:\/\/www.mairie-poncey-les-athee.fr\/wp-content\/uploads\/attegia-2025-2026.jpg 960w\" sizes=\"auto, (max-width: 691px) 100vw, 691px\" \/><\/a><\/h3>\n<p>&nbsp;<\/p>\n<p>&nbsp;<\/p>\n<hr \/>\n<h2>\u00a0 \u00a0 \u00a0 \u00a0 \u00a0 \u00a0 \u00a0 \u00a0 \u00a0 \u00a0 \u00a0 \u00a0 \u00a0 \u00a0 \u00a0 \u00a0 \u00a0 \u00a0 \u00a0 \u00a0 \u00a0<span style=\"color: #000080;\"><span style=\"color: #008000;\">ANNEE 2024<\/span> &#8211; 2025<\/span><\/h2>\n<p>&nbsp;<\/p>\n<p><span style=\"color: #000080; font-family: inherit; font-size: 24px; font-weight: bold;\">Programme<\/span><\/p>\n<p><a href=\"https:\/\/www.mairie-poncey-les-athee.fr\/wp-content\/uploads\/attegia1.jpg\">\u00a0 <\/a><a href=\"https:\/\/www.mairie-poncey-les-athee.fr\/wp-content\/uploads\/attegia1.jpg\" target=\"_blank\" rel=\"noopener\"><img loading=\"lazy\" decoding=\"async\" class=\"alignnone wp-image-15766\" src=\"https:\/\/www.mairie-poncey-les-athee.fr\/wp-content\/uploads\/attegia1-212x300.jpg\" alt=\"\" width=\"329\" height=\"466\" \/><\/a>\u00a0 \u00a0 \u00a0 <a href=\"https:\/\/www.mairie-poncey-les-athee.fr\/wp-content\/uploads\/attegia2.jpg\" target=\"_blank\" rel=\"noopener\"><img loading=\"lazy\" decoding=\"async\" class=\"alignnone wp-image-15767\" src=\"https:\/\/www.mairie-poncey-les-athee.fr\/wp-content\/uploads\/attegia2-212x300.jpg\" alt=\"\" width=\"297\" height=\"420\" \/>\u00a0\u00a0\u00a0\u00a0\u00a0 <\/a><\/p>\n<p>&nbsp;<\/p>\n<hr \/>\n<h2>\u00a0 \u00a0 \u00a0 \u00a0 \u00a0 \u00a0 \u00a0 \u00a0 \u00a0 \u00a0 \u00a0 \u00a0 \u00a0 \u00a0 \u00a0 \u00a0 \u00a0 \u00a0 \u00a0 \u00a0 <span style=\"color: #800000;\"><span style=\"color: #008000;\">\u00a0<span style=\"color: #800000;\">ANNEE 2023<\/span> &#8211;<\/span> <span style=\"color: #008000;\">2024<\/span><\/span><\/h2>\n<p>&nbsp;<\/p>\n<h3><\/h3>\n<h3 class=\"gmail_default\"><span style=\"color: #800000;\">Programme\u00a0<\/span><\/h3>\n<div class=\"gmail_default\"><strong>Les membres du bureau de l&rsquo;association ont comme chaque ann\u00e9e souhait\u00e9 proposer de nouvelles choses en plus des sorties, ateliers et animations que nombreux d&rsquo;entre vous attendent chaque ann\u00e9e.<\/strong><\/div>\n<div class=\"gmail_default\"><\/div>\n<div class=\"gmail_default\"><strong>Nous esp\u00e9rons que ce nouveau programme vous donnera envie de nous rejoindre pour partager ensemble de bons moments.<\/strong><\/div>\n<div class=\"gmail_default\"><\/div>\n<div class=\"gmail_default\"><strong>\u00a0Vous pouvez r\u00e9server, vous inscrire sur notre site internet. <a href=\"https:\/\/www.attegia.fr\/\" target=\"_blank\" rel=\"noopener\">https:\/\/www.attegia.fr\/<\/a><\/strong><\/div>\n<div class=\"gmail_default\"><\/div>\n<div class=\"gmail_default\"><strong>D&rsquo;ailleurs une de nos propositions pourrait vous inspirer dans le choix de vos cadeaux de No\u00ebl pour adulte &#8230;.hohoho !<\/strong><\/div>\n<div class=\"gmail_default\"><\/div>\n<div class=\"gmail_default\"><strong>Bonne lecture \u00e0 tous, et \u00e0 bient\u00f4t !<\/strong><\/div>\n<div class=\"gmail_default\"><strong>L&rsquo;\u00e9quipe Att\u00e9gia .<\/strong><\/div>\n<p><span style=\"color: #800000;\"><a href=\"https:\/\/www.mairie-poncey-les-athee.fr\/wp-content\/uploads\/attegia-2023-2024-1_page-0001.jpg\" target=\"_blank\" rel=\"noopener\"><img loading=\"lazy\" decoding=\"async\" class=\"aligncenter wp-image-11062\" src=\"https:\/\/www.mairie-poncey-les-athee.fr\/wp-content\/uploads\/attegia-2023-2024-1_page-0001-300x212.jpg\" alt=\"\" width=\"711\" height=\"502\" srcset=\"https:\/\/www.mairie-poncey-les-athee.fr\/wp-content\/uploads\/attegia-2023-2024-1_page-0001-300x212.jpg 300w, https:\/\/www.mairie-poncey-les-athee.fr\/wp-content\/uploads\/attegia-2023-2024-1_page-0001-560x396.jpg 560w, https:\/\/www.mairie-poncey-les-athee.fr\/wp-content\/uploads\/attegia-2023-2024-1_page-0001-768x543.jpg 768w, https:\/\/www.mairie-poncey-les-athee.fr\/wp-content\/uploads\/attegia-2023-2024-1_page-0001-1536x1085.jpg 1536w, https:\/\/www.mairie-poncey-les-athee.fr\/wp-content\/uploads\/attegia-2023-2024-1_page-0001-750x530.jpg 750w, https:\/\/www.mairie-poncey-les-athee.fr\/wp-content\/uploads\/attegia-2023-2024-1_page-0001.jpg 1755w\" sizes=\"auto, (max-width: 711px) 100vw, 711px\" \/><\/a>\u00a0 \u00a0\u00a0<\/span><\/p>\n<h2><\/h2>\n<h2><span style=\"color: #800000;\">\u00a0 \u00a0 \u00a0 \u00a0 \u00a0 \u00a0 \u00a0 \u00a0 \u00a0 \u00a0 \u00a0 \u00a0 \u00a0 \u00a0 \u00a0 \u00a0 \u00a0 \u00a0 \u00a0 \u00a0 \u00a0 <span style=\"color: #0000ff;\">ANNEE 2022-<span style=\"color: #800000;\">2023<\/span><\/span><\/span><\/h2>\n<p>&nbsp;<\/p>\n<p><a href=\"https:\/\/www.mairie-poncey-les-athee.fr\/wp-content\/uploads\/Attegia-Progr.-2022-2023_page-0001.jpg\" target=\"_blank\" rel=\"noopener\"><img loading=\"lazy\" decoding=\"async\" class=\"wp-image-5112 aligncenter\" src=\"https:\/\/www.mairie-poncey-les-athee.fr\/wp-content\/uploads\/Attegia-Progr.-2022-2023_page-0001-300x212.jpg\" alt=\"Attegia 2022-23\" width=\"692\" height=\"489\" \/><\/a><\/p>\n<hr \/>\n<p>&nbsp;<\/p>\n","protected":false},"excerpt":{"rendered":"<p>Ann\u00e9es\u00a0 2022-2023,\u00a0 2023-2024, 2024-2025, 2025-2026 &nbsp;<\/p><p><a class=\"more-link btn\" href=\"https:\/\/www.mairie-poncey-les-athee.fr\/?page_id=5904\">Lire la suite<\/a><\/p>\n","protected":false},"author":2,"featured_media":5915,"parent":5319,"menu_order":4,"comment_status":"closed","ping_status":"closed","template":"","meta":{"footnotes":""},"class_list":["post-5904","page","type-page","status-publish","has-post-thumbnail","hentry","nodate","item-wrap"],"_links":{"self":[{"href":"https:\/\/www.mairie-poncey-les-athee.fr\/index.php?rest_route=\/wp\/v2\/pages\/5904","targetHints":{"allow":["GET"]}}],"collection":[{"href":"https:\/\/www.mairie-poncey-les-athee.fr\/index.php?rest_route=\/wp\/v2\/pages"}],"about":[{"href":"https:\/\/www.mairie-poncey-les-athee.fr\/index.php?rest_route=\/wp\/v2\/types\/page"}],"author":[{"embeddable":true,"href":"https:\/\/www.mairie-poncey-les-athee.fr\/index.php?rest_route=\/wp\/v2\/users\/2"}],"replies":[{"embeddable":true,"href":"https:\/\/www.mairie-poncey-les-athee.fr\/index.php?rest_route=%2Fwp%2Fv2%2Fcomments&post=5904"}],"version-history":[{"count":69,"href":"https:\/\/www.mairie-poncey-les-athee.fr\/index.php?rest_route=\/wp\/v2\/pages\/5904\/revisions"}],"predecessor-version":[{"id":21136,"href":"https:\/\/www.mairie-poncey-les-athee.fr\/index.php?rest_route=\/wp\/v2\/pages\/5904\/revisions\/21136"}],"up":[{"embeddable":true,"href":"https:\/\/www.mairie-poncey-les-athee.fr\/index.php?rest_route=\/wp\/v2\/pages\/5319"}],"wp:featuredmedia":[{"embeddable":true,"href":"https:\/\/www.mairie-poncey-les-athee.fr\/index.php?rest_route=\/wp\/v2\/media\/5915"}],"wp:attachment":[{"href":"https:\/\/www.mairie-poncey-les-athee.fr\/index.php?rest_route=%2Fwp%2Fv2%2Fmedia&parent=5904"}],"curies":[{"name":"wp","href":"https:\/\/api.w.org\/{rel}","templated":true}]}}