{"id":5419,"date":"2022-09-10T14:51:09","date_gmt":"2022-09-10T14:51:09","guid":{"rendered":"http:\/\/www.mairie-poncey-les-athee.fr\/?page_id=5419"},"modified":"2025-09-05T13:05:29","modified_gmt":"2025-09-05T13:05:29","slug":"ecole-ginette-berthiaume","status":"publish","type":"page","link":"https:\/\/www.mairie-poncey-les-athee.fr\/?page_id=5419","title":{"rendered":"Ecole Ginette Berthiaume"},"content":{"rendered":"<p><!--more--><\/p>\n<h4>3 rue Saint-M\u00e9dard\u00a0 \u00a0 \u00a0 \u00a0 \u00a0 \u00a0 \u00a0 \u00a0 \u00a0 \u00a0 \u00a0 \u00a0 \u00a0 \u00a0 \u00a0 \u00a0 \u00a0 \u00a0 \u00a0 \u00a0 \u00a0 \u00a0 \u00a0 \u00a0 \u00a0 \u00a0 \u00a0 \u00a0 \u00a0 \u00a0 \u00a0 \u00a0 \u00a0 \u00a0 \u00a0 \u00a0 \u00a0 \u00a0 \u00a0 \u00a0 \u00a0 \u00a0 \u00a0 \u00a0 \u00a0 \u00a0 \u00a0 \u00a0 \u00a0 \u00a0 \u00a0 \u00a0 \u00a0 \u00a0 \u00a0 \u00a0 \u00a0 \u00a0 \u00a0 \u00a0 \u00a0 \u00a0 \u00a0 \u00a0 \u00a0 \u00a0 \u00a0 \u00a0 \u00a0 \u00a0 \u00a0 \u00a0 \u00a0 \u00a0 \u00a0 \u00a0 \u00a0 \u00a0 \u00a0 \u00a0 \u00a0 \u00a0 \u00a0 \u00a021130\u00a0 Poncey-l\u00e8s-Ath\u00e9e\u00a0 \u00a0 \u00a0 \u00a0 \u00a0 \u00a0 \u00a0 \u00a0 \u00a0 \u00a0 \u00a0 \u00a0 \u00a0 \u00a0 \u00a0 \u00a0 \u00a0 \u00a0 \u00a0 \u00a0 \u00a0 \u00a0 \u00a0 \u00a0 \u00a0 \u00a0 \u00a0 \u00a0 \u00a0 \u00a0 \u00a0 \u00a0 \u00a0 \u00a0 \u00a0 \u00a0 \u00a0 \u00a0 \u00a0 \u00a0 \u00a0 \u00a0 \u00a0 \u00a0 \u00a0 \u00a0 \u00a0 \u00a0 \u00a0 \u00a0 \u00a0 \u00a0 \u00a0 \u00a0 \u00a0 \u00a0 \u00a0 \u00a0 \u00a0 \u00a0 \u00a0 \u00a0 \u00a0 \u00a0 \u00a0 \u00a0 \u00a0 \u00a0 \u00a0 \u00a0 \u00a0 \u00a0 \u00a0 \u00a0 \u00a0 \u00a0 \u00a0 \u00a0 \u00a0 tel:\u00a0 03 80 47 17 02<\/h4>\n<h4><span style=\"color: #0000ff;\"><a style=\"color: #0000ff;\" href=\"http:\/\/rpi-magny-poncey-athee-21.ec.ac-dijon.fr\/\" target=\"_blank\" rel=\"noopener\">rpi-magny-poncey-athee<\/a><\/span><\/h4>\n<p><a href=\"https:\/\/www.mairie-poncey-les-athee.fr\/wp-content\/uploads\/Horaires-ecoles-2.png\" target=\"_blank\" rel=\"noopener\"><img loading=\"lazy\" decoding=\"async\" class=\"alignnone wp-image-6768 \" src=\"https:\/\/www.mairie-poncey-les-athee.fr\/wp-content\/uploads\/Horaires-ecoles-2.png\" alt=\"\" width=\"255\" height=\"124\" \/><\/a><\/p>\n<p>&nbsp;<\/p>\n<h4>\u00a0Cette ann\u00e9e 2025-2026, l&rsquo;\u00e9cole Ginette Berthiaume accueille 46 \u00e9l\u00e8ves :<\/h4>\n<h4>\u00a0 \u00a0 &#8211;\u00a0 8 GS et 13 CP dans la classe de Mme Jouvenel, avec Mme Baillon (ATSEM).<\/h4>\n<h4>\u00a0 \u00a0&#8211;\u00a0 18 CE1 et 7 CE2 dans la classe de Mme Vergnhes.<\/h4>\n<h3><\/h3>\n<p><a href=\"https:\/\/www.mairie-poncey-les-athee.fr\/wp-content\/uploads\/Berthiaume-2024.png\" target=\"_blank\" rel=\"noopener\"><img loading=\"lazy\" decoding=\"async\" class=\"alignnone wp-image-16982\" src=\"https:\/\/www.mairie-poncey-les-athee.fr\/wp-content\/uploads\/Berthiaume-2024-300x245.png\" alt=\"\" width=\"674\" height=\"551\" srcset=\"https:\/\/www.mairie-poncey-les-athee.fr\/wp-content\/uploads\/Berthiaume-2024-300x245.png 300w, https:\/\/www.mairie-poncey-les-athee.fr\/wp-content\/uploads\/Berthiaume-2024-560x457.png 560w, https:\/\/www.mairie-poncey-les-athee.fr\/wp-content\/uploads\/Berthiaume-2024-750x612.png 750w, https:\/\/www.mairie-poncey-les-athee.fr\/wp-content\/uploads\/Berthiaume-2024.png 776w\" sizes=\"auto, (max-width: 674px) 100vw, 674px\" \/><\/a><\/p>\n<p>&nbsp;<\/p>\n<p><a href=\"https:\/\/www.mairie-poncey-les-athee.fr\/wp-content\/uploads\/Maitresses-Poncey.png\" target=\"_blank\" rel=\"noopener\"><img loading=\"lazy\" decoding=\"async\" class=\"alignnone wp-image-5422\" src=\"https:\/\/www.mairie-poncey-les-athee.fr\/wp-content\/uploads\/Maitresses-Poncey-300x266.png\" alt=\"Maitresses Poncey\" width=\"669\" height=\"593\" srcset=\"https:\/\/www.mairie-poncey-les-athee.fr\/wp-content\/uploads\/Maitresses-Poncey-300x266.png 300w, https:\/\/www.mairie-poncey-les-athee.fr\/wp-content\/uploads\/Maitresses-Poncey-560x496.png 560w, https:\/\/www.mairie-poncey-les-athee.fr\/wp-content\/uploads\/Maitresses-Poncey.png 704w\" sizes=\"auto, (max-width: 669px) 100vw, 669px\" \/><\/a><\/p>\n<p><a href=\"https:\/\/www.mairie-poncey-les-athee.fr\/wp-content\/uploads\/Ecole-Berthiaume.png\" target=\"_blank\" rel=\"noopener\"><img loading=\"lazy\" decoding=\"async\" class=\"alignnone wp-image-5421\" src=\"https:\/\/www.mairie-poncey-les-athee.fr\/wp-content\/uploads\/Ecole-Berthiaume-280x300.png\" alt=\"Ecole Berthiaume\" width=\"697\" height=\"747\" srcset=\"https:\/\/www.mairie-poncey-les-athee.fr\/wp-content\/uploads\/Ecole-Berthiaume-280x300.png 280w, https:\/\/www.mairie-poncey-les-athee.fr\/wp-content\/uploads\/Ecole-Berthiaume-523x560.png 523w, https:\/\/www.mairie-poncey-les-athee.fr\/wp-content\/uploads\/Ecole-Berthiaume.png 647w\" sizes=\"auto, (max-width: 697px) 100vw, 697px\" \/><\/a><\/p>\n","protected":false},"excerpt":{"rendered":"","protected":false},"author":2,"featured_media":5427,"parent":3047,"menu_order":0,"comment_status":"closed","ping_status":"closed","template":"","meta":{"footnotes":""},"class_list":["post-5419","page","type-page","status-publish","has-post-thumbnail","hentry","nodate","item-wrap"],"_links":{"self":[{"href":"https:\/\/www.mairie-poncey-les-athee.fr\/index.php?rest_route=\/wp\/v2\/pages\/5419","targetHints":{"allow":["GET"]}}],"collection":[{"href":"https:\/\/www.mairie-poncey-les-athee.fr\/index.php?rest_route=\/wp\/v2\/pages"}],"about":[{"href":"https:\/\/www.mairie-poncey-les-athee.fr\/index.php?rest_route=\/wp\/v2\/types\/page"}],"author":[{"embeddable":true,"href":"https:\/\/www.mairie-poncey-les-athee.fr\/index.php?rest_route=\/wp\/v2\/users\/2"}],"replies":[{"embeddable":true,"href":"https:\/\/www.mairie-poncey-les-athee.fr\/index.php?rest_route=%2Fwp%2Fv2%2Fcomments&post=5419"}],"version-history":[{"count":23,"href":"https:\/\/www.mairie-poncey-les-athee.fr\/index.php?rest_route=\/wp\/v2\/pages\/5419\/revisions"}],"predecessor-version":[{"id":19068,"href":"https:\/\/www.mairie-poncey-les-athee.fr\/index.php?rest_route=\/wp\/v2\/pages\/5419\/revisions\/19068"}],"up":[{"embeddable":true,"href":"https:\/\/www.mairie-poncey-les-athee.fr\/index.php?rest_route=\/wp\/v2\/pages\/3047"}],"wp:featuredmedia":[{"embeddable":true,"href":"https:\/\/www.mairie-poncey-les-athee.fr\/index.php?rest_route=\/wp\/v2\/media\/5427"}],"wp:attachment":[{"href":"https:\/\/www.mairie-poncey-les-athee.fr\/index.php?rest_route=%2Fwp%2Fv2%2Fmedia&parent=5419"}],"curies":[{"name":"wp","href":"https:\/\/api.w.org\/{rel}","templated":true}]}}