{"id":5271,"date":"2022-09-01T18:04:39","date_gmt":"2022-09-01T18:04:39","guid":{"rendered":"http:\/\/www.mairie-poncey-les-athee.fr\/?page_id=5271"},"modified":"2026-03-22T09:11:14","modified_gmt":"2026-03-22T09:11:14","slug":"horaires-mairie","status":"publish","type":"page","link":"https:\/\/www.mairie-poncey-les-athee.fr\/?page_id=5271","title":{"rendered":"Horaires et Contacts Mairie"},"content":{"rendered":"<h4><a href=\"https:\/\/www.mairie-poncey-les-athee.fr\/wp-content\/uploads\/cropped-poncey_blason.png\">\u00a0 \u00a0 \u00a0 \u00a0 \u00a0 \u00a0 \u00a0 \u00a0 \u00a0 \u00a0 \u00a0 \u00a0 \u00a0 <img loading=\"lazy\" decoding=\"async\" class=\"wp-image-2936 alignnone\" src=\"https:\/\/www.mairie-poncey-les-athee.fr\/wp-content\/uploads\/cropped-poncey_blason.png\" alt=\"Logo Poncey\" width=\"167\" height=\"167\" srcset=\"https:\/\/www.mairie-poncey-les-athee.fr\/wp-content\/uploads\/cropped-poncey_blason.png 512w, https:\/\/www.mairie-poncey-les-athee.fr\/wp-content\/uploads\/cropped-poncey_blason-150x150.png 150w, https:\/\/www.mairie-poncey-les-athee.fr\/wp-content\/uploads\/cropped-poncey_blason-300x300.png 300w, https:\/\/www.mairie-poncey-les-athee.fr\/wp-content\/uploads\/cropped-poncey_blason-270x270.png 270w, https:\/\/www.mairie-poncey-les-athee.fr\/wp-content\/uploads\/cropped-poncey_blason-192x192.png 192w, https:\/\/www.mairie-poncey-les-athee.fr\/wp-content\/uploads\/cropped-poncey_blason-180x180.png 180w, https:\/\/www.mairie-poncey-les-athee.fr\/wp-content\/uploads\/cropped-poncey_blason-32x32.png 32w\" sizes=\"auto, (max-width: 167px) 100vw, 167px\" \/><\/a><\/h4>\n<h4><span style=\"color: #0000ff;\">Mairie de Poncey-l\u00e8s-ath\u00e9e<\/span><\/h4>\n<p>3, rue Saint M\u00e9dard\u00a0 \u00a0 \u00a0 \u00a0 \u00a0 Tel:\u00a0 03 80 47 16 79\u00a0 \u00a0 \u00a0 \u00a0 \u00a0 \u00a0 \u00a0 \u00a0 \u00a0 \u00a0 \u00a0 \u00a0 \u00a0 \u00a0 \u00a0 \u00a0 \u00a0 \u00a0 \u00a0 \u00a0 \u00a0 \u00a0 \u00a0 \u00a0 \u00a0 \u00a0 \u00a0 \u00a0 \u00a0 \u00a0 \u00a0 \u00a0 \u00a0 \u00a0 \u00a0 \u00a0 \u00a0 \u00a0 \u00a0 \u00a0 \u00a0 \u00a0 \u00a0 \u00a0 \u00a0 \u00a0 \u00a0 \u00a0 \u00a0 \u00a0 \u00a0 \u00a0 \u00a0 \u00a0 \u00a0 \u00a0 \u00a0 \u00a0 \u00a0 \u00a0 \u00a0 \u00a0 Mail:\u00a0 <a href=\"mailto:mairie.poncey-les-athee@orange.fr\" target=\"_blank\" rel=\"noopener\"><strong>mairie.poncey-les-athee@orange.fr<\/strong><\/a><\/p>\n<h4><span style=\"color: #0000ff;\">Horaires d&rsquo;ouverture du secr\u00e9tariat de la Mairie:<\/span><\/h4>\n<h4>Le lundi et le vendredi de 9h \u00e0 12h,\u00a0 \u00a0 \u00a0 \u00a0 \u00a0 \u00a0 \u00a0 \u00a0 \u00a0 \u00a0 \u00a0 \u00a0 \u00a0 \u00a0 \u00a0 \u00a0 \u00a0 \u00a0 \u00a0 \u00a0 \u00a0 \u00a0 \u00a0 \u00a0 \u00a0 \u00a0 \u00a0 \u00a0 \u00a0 \u00a0 \u00a0 \u00a0 \u00a0 \u00a0 \u00a0 \u00a0 \u00a0 \u00a0 \u00a0 \u00a0 \u00a0 \u00a0 \u00a0 \u00a0 \u00a0 \u00a0 \u00a0 \u00a0 \u00a0 \u00a0 \u00a0 \u00a0 \u00a0 \u00a0 \u00a0 \u00a0 \u00a0 \u00a0 \u00a0 \u00a0 \u00a0 \u00a0 \u00a0 \u00a0 Le mardi et le jeudi de 14h \u00e0 18h.<\/h4>\n<h4><span style=\"color: #0000ff;\">En cas de besoin, vous pouvez contacter:<\/span><\/h4>\n<p>Le Maire:\u00a0 M.\u00a0 Eric COLLIN au 06 63 15 00 39\u00a0 \u00a0 \u00a0 \u00a0 \u00a0 \u00a0 \u00a0 \u00a0 \u00a0 \u00a0 \u00a0 \u00a0 \u00a0 \u00a0 \u00a0 \u00a0 \u00a0 \u00a0 \u00a0 \u00a0 \u00a0 \u00a0 \u00a0 \u00a0 \u00a0 \u00a0 \u00a0 \u00a0 \u00a0 \u00a0 \u00a0 \u00a0 \u00a0 \u00a0 \u00a0 \u00a0 \u00a0 \u00a0 \u00a0 \u00a0 \u00a0 \u00a0 \u00a0 \u00a0 \u00a0 \u00a0 \u00a0 \u00a0 \u00a0 \u00a0 \u00a0 \u00a0 \u00a0 \u00a0 \u00a0 \u00a0 \u00a0 \u00a0 \u00a0 \u00a0 \u00a0 \u00a0 \u00a0 \u00a0 \u00a0 Mme\u00a0 Christine CHARRIER au 06 84 93 16 59\u00a0 \u00a0 \u00a0 \u00a0 \u00a0 \u00a0 \u00a0 \u00a0 \u00a0 \u00a0 \u00a0 \u00a0 \u00a0 \u00a0 \u00a0 \u00a0 \u00a0 \u00a0 \u00a0 \u00a0 \u00a0 \u00a0 \u00a0 \u00a0 \u00a0 \u00a0 \u00a0 \u00a0 \u00a0 \u00a0 \u00a0 \u00a0 \u00a0 \u00a0 \u00a0 \u00a0 \u00a0 \u00a0 \u00a0 \u00a0 \u00a0 \u00a0 \u00a0 \u00a0 \u00a0 \u00a0 \u00a0 \u00a0 \u00a0 \u00a0 \u00a0 \u00a0 \u00a0 \u00a0 \u00a0 \u00a0 \u00a0 \u00a0 \u00a0 \u00a0 \u00a0 \u00a0 M.\u00a0 Eric FAUCHIER au 06 80 62 07 12\u00a0 \u00a0 \u00a0 \u00a0 \u00a0 \u00a0 \u00a0 \u00a0 \u00a0 \u00a0 \u00a0 \u00a0 \u00a0 \u00a0 \u00a0 \u00a0 \u00a0 \u00a0 \u00a0 \u00a0 \u00a0 \u00a0 \u00a0 \u00a0 \u00a0 \u00a0 \u00a0 \u00a0 \u00a0 \u00a0 \u00a0 \u00a0 \u00a0 \u00a0 \u00a0 \u00a0 \u00a0 \u00a0 \u00a0 \u00a0 \u00a0 \u00a0 \u00a0 \u00a0 \u00a0 \u00a0 \u00a0 \u00a0 \u00a0 \u00a0 \u00a0 \u00a0 \u00a0 \u00a0 \u00a0 \u00a0 \u00a0 \u00a0 \u00a0 \u00a0 \u00a0 \u00a0 \u00a0 \u00a0 \u00a0 \u00a0 \u00a0 \u00a0 \u00a0 \u00a0 \u00a0 \u00a0 \u00a0 \u00a0 Mme Laure POUSSOT au 06 80 96 56 71<\/p>\n<hr \/>\n<p>&nbsp;<\/p>\n<p><strong><a href=\"https:\/\/www.mairie-poncey-les-athee.fr\/wp-content\/uploads\/DAE-2.jpg\"><img loading=\"lazy\" decoding=\"async\" class=\"size-medium wp-image-17802 alignleft\" src=\"https:\/\/www.mairie-poncey-les-athee.fr\/wp-content\/uploads\/DAE-2-292x300.jpg\" alt=\"\" width=\"292\" height=\"300\" srcset=\"https:\/\/www.mairie-poncey-les-athee.fr\/wp-content\/uploads\/DAE-2-292x300.jpg 292w, https:\/\/www.mairie-poncey-les-athee.fr\/wp-content\/uploads\/DAE-2-748x768.jpg 748w, https:\/\/www.mairie-poncey-les-athee.fr\/wp-content\/uploads\/DAE-2-768x789.jpg 768w, https:\/\/www.mairie-poncey-les-athee.fr\/wp-content\/uploads\/DAE-2-750x770.jpg 750w, https:\/\/www.mairie-poncey-les-athee.fr\/wp-content\/uploads\/DAE-2.jpg 1410w\" sizes=\"auto, (max-width: 292px) 100vw, 292px\" \/><\/a><\/strong><\/p>\n<p>&nbsp;<\/p>\n<p><span style=\"color: #008000;\"><strong>Un d\u00e9fibrillateur est install\u00e9 sur la fa\u00e7ade (c\u00f4t\u00e9 cour d&rsquo;\u00e9cole) du secr\u00e9tariat de Mairie<\/strong><\/span><\/p>\n<p><mark class=\"has-inline-color has-vivid-red-color\"><\/mark><strong><mark class=\"has-inline-color has-vivid-red-color\">Il est disponible 7j\/7, 24h\/24<\/mark><\/strong><br \/>\n<strong><mark class=\"has-inline-color has-vivid-green-cyan-color\">Un D\u00e9fibrillateur est un dispositif m\u00e9dical qui aide \u00e0 la r\u00e9animation de victimes d\u2019arr\u00eat cardiaque. Accompagn\u00e9 d\u2019un massage cardiaque, le d\u00e9fibrillateur contribue \u00e0 augmenter significativement les chances de survie.<\/mark><\/strong><mark class=\"has-inline-color has-vivid-red-color\"><br \/>\n<\/mark><\/p>\n<p><span style=\"color: #ff0000;\"><strong>En cas d\u2019urgence m\u00e9dicale, contactez le 15<\/strong><\/span><\/p>\n<p>&nbsp;<\/p>\n<p>&nbsp;<\/p>\n<hr \/>\n<div class=\"entry-content clearfix\">\n<h3><a style=\"color: #333333;\" title=\"Lien permanent pour Bricolage et Jardinage\" href=\"https:\/\/www.mairie-poncey-les-athee.fr\/?p=13546\" rel=\"bookmark\">Bricolage et Jardinage<\/a><\/h3>\n<\/div>\n<div class=\"entry-content clearfix\">\n<p><img loading=\"lazy\" decoding=\"async\" class=\"wp-image-9488 alignleft\" src=\"https:\/\/www.mairie-poncey-les-athee.fr\/wp-content\/uploads\/images.jpg\" alt=\"\" width=\"185\" height=\"174\" \/>Les travaux de bricolage ou de jardinage r\u00e9alis\u00e9s par des particuliers \u00e0 l\u2019aide d\u2019appareils susceptibles de causer une g\u00eane pour le voisinage en raison de leur intensit\u00e9 sonore sont soumis aux horaires suivants:\u00a0 \u00a0 \u00a0 \u00a0 \u00a0 \u00a0 \u00a0 \u00a0 \u00a0 \u00a0 \u00a0 \u00a0 \u00a0 \u00a0 \u00a0 \u00a0 \u00a0 \u00a0 \u00a0 \u00a0 \u00a0 \u00a0 \u00a0 \u00a0 \u00a0 \u00a0\u00a0<strong>Jours ouvrables : 8h30 \u00e0 12h et de 14h30 \u00e0 19h00\u00a0 \u00a0 \u00a0 \u00a0 \u00a0 \u00a0 \u00a0 \u00a0 \u00a0 \u00a0 \u00a0 \u00a0 \u00a0 \u00a0 \u00a0 \u00a0 \u00a0 \u00a0\u00a0<\/strong><strong>Samedis : 9h \u00e0 12h et de 15h \u00e0 19h\u00a0 \u00a0 \u00a0 \u00a0 \u00a0 \u00a0 \u00a0 \u00a0 \u00a0 \u00a0 \u00a0 \u00a0 \u00a0 \u00a0 \u00a0 \u00a0 \u00a0 \u00a0 \u00a0 \u00a0 \u00a0 \u00a0 \u00a0 \u00a0 \u00a0 \u00a0 \u00a0 \u00a0 \u00a0 \u00a0 \u00a0 \u00a0\u00a0<\/strong><strong>Dimanches et jours f\u00e9ri\u00e9s : 10h \u00e0 12h<\/strong><\/p>\n<p><strong>\u00a0 \u00a0 \u00a0 \u00a0 \u00a0 \u00a0 \u00a0 \u00a0 \u00a0 \u00a0 \u00a0 \u00a0 \u00a0 \u00a0 \u00a0 \u00a0 Merci pour votre compr\u00e9hension.\u00a0\u00a0<\/strong><\/p>\n<\/div>\n<p>&nbsp;<\/p>\n<div class=\"entry-content clearfix\">\n<div class=\"sign-preview__content\">\n<div class=\"content\">\n<p>&nbsp;<\/p>\n<\/div>\n<\/div>\n<p>&nbsp;<\/p>\n<\/div>\n","protected":false},"excerpt":{"rendered":"<p>\u00a0 \u00a0 \u00a0 \u00a0 \u00a0 \u00a0 \u00a0 \u00a0 \u00a0 \u00a0 \u00a0 \u00a0 \u00a0 Mairie de Poncey-l\u00e8s-ath\u00e9e 3, rue Saint M\u00e9dard\u00a0 \u00a0 \u00a0 \u00a0 \u00a0 Tel:\u00a0 03 80 47 16 79\u00a0 \u00a0 \u00a0 \u00a0 \u00a0 \u00a0 \u00a0 \u00a0 \u00a0 \u00a0 \u00a0 \u00a0 \u00a0 \u00a0 \u00a0 \u00a0 \u00a0 \u00a0 \u00a0 \u00a0 \u00a0 \u00a0 \u00a0 \u00a0 \u00a0 \u00a0 &hellip; <\/p>\n<p><a class=\"more-link btn\" href=\"https:\/\/www.mairie-poncey-les-athee.fr\/?page_id=5271\">Lire la suite<\/a><\/p>\n","protected":false},"author":2,"featured_media":2935,"parent":12,"menu_order":0,"comment_status":"closed","ping_status":"closed","template":"","meta":{"footnotes":""},"class_list":["post-5271","page","type-page","status-publish","has-post-thumbnail","hentry","nodate","item-wrap"],"_links":{"self":[{"href":"https:\/\/www.mairie-poncey-les-athee.fr\/index.php?rest_route=\/wp\/v2\/pages\/5271","targetHints":{"allow":["GET"]}}],"collection":[{"href":"https:\/\/www.mairie-poncey-les-athee.fr\/index.php?rest_route=\/wp\/v2\/pages"}],"about":[{"href":"https:\/\/www.mairie-poncey-les-athee.fr\/index.php?rest_route=\/wp\/v2\/types\/page"}],"author":[{"embeddable":true,"href":"https:\/\/www.mairie-poncey-les-athee.fr\/index.php?rest_route=\/wp\/v2\/users\/2"}],"replies":[{"embeddable":true,"href":"https:\/\/www.mairie-poncey-les-athee.fr\/index.php?rest_route=%2Fwp%2Fv2%2Fcomments&post=5271"}],"version-history":[{"count":34,"href":"https:\/\/www.mairie-poncey-les-athee.fr\/index.php?rest_route=\/wp\/v2\/pages\/5271\/revisions"}],"predecessor-version":[{"id":21080,"href":"https:\/\/www.mairie-poncey-les-athee.fr\/index.php?rest_route=\/wp\/v2\/pages\/5271\/revisions\/21080"}],"up":[{"embeddable":true,"href":"https:\/\/www.mairie-poncey-les-athee.fr\/index.php?rest_route=\/wp\/v2\/pages\/12"}],"wp:featuredmedia":[{"embeddable":true,"href":"https:\/\/www.mairie-poncey-les-athee.fr\/index.php?rest_route=\/wp\/v2\/media\/2935"}],"wp:attachment":[{"href":"https:\/\/www.mairie-poncey-les-athee.fr\/index.php?rest_route=%2Fwp%2Fv2%2Fmedia&parent=5271"}],"curies":[{"name":"wp","href":"https:\/\/api.w.org\/{rel}","templated":true}]}}