{"id":52,"date":"2010-11-26T17:06:35","date_gmt":"2010-11-26T17:06:35","guid":{"rendered":"http:\/\/www.mairie-poncey-les-athee.fr\/?page_id=52"},"modified":"2025-02-22T09:59:36","modified_gmt":"2025-02-22T09:59:36","slug":"adresses-utiles","status":"publish","type":"page","link":"https:\/\/www.mairie-poncey-les-athee.fr\/?page_id=52","title":{"rendered":"Num\u00e9ros de T\u00e9l\u00e9phones utiles"},"content":{"rendered":"<p><strong><a href=\"https:\/\/www.mairie-poncey-les-athee.fr\/wp-content\/uploads\/Telephone.jpg\"><img loading=\"lazy\" decoding=\"async\" class=\"size-full wp-image-4440 alignnone aligncenter\" src=\"https:\/\/www.mairie-poncey-les-athee.fr\/wp-content\/uploads\/Telephone.jpg\" alt=\"\" width=\"225\" height=\"225\" srcset=\"https:\/\/www.mairie-poncey-les-athee.fr\/wp-content\/uploads\/Telephone.jpg 225w, https:\/\/www.mairie-poncey-les-athee.fr\/wp-content\/uploads\/Telephone-150x150.jpg 150w\" sizes=\"auto, (max-width: 225px) 100vw, 225px\" \/><\/a><\/strong><!--more--><\/p>\n<p><strong><span style=\"color: #0000ff;\">APPEL D&rsquo;URGENCE EUROPEEN<\/span><\/strong><br \/>\n<strong>T\u00e9l\u00e9phone:\u00a0 112<\/strong><\/p>\n<p><strong><span style=\"color: #0000ff;\">SAMU<\/span><\/strong><br \/>\n<strong>T\u00e9l\u00e9phone:\u00a0 15<\/strong><\/p>\n<p><strong><span style=\"color: #0000ff;\">POLICE<\/span><\/strong><br \/>\n<strong>T\u00e9l\u00e9phone:\u00a0 17<\/strong><\/p>\n<p><strong><span style=\"color: #0000ff;\">GENDARMERIE AUXONNE<\/span><\/strong><br \/>\n<strong>T\u00e9l\u00e9phone:\u00a0 03 80 27 03 60<\/strong><\/p>\n<p><strong><span style=\"color: #0000ff;\">POMPIER<\/span><\/strong><br \/>\n<strong>T\u00e9l\u00e9phone:\u00a0 18<\/strong><\/p>\n<p><strong><span style=\"color: #0000ff;\">EDF<\/span><\/strong><br \/>\n<strong>T\u00e9l\u00e9phone:\u00a0 3004<\/strong><br \/>\n<strong>Num\u00e9ro national EDF pour tous renseignements<\/strong><\/p>\n<p><strong><span style=\"color: #0000ff;\">GDF\u00a0 <\/span>\u00a0 \u00a0 \u00a0 \u00a0 \u00a0 \u00a0 \u00a0 \u00a0 \u00a0 \u00a0 \u00a0 \u00a0 \u00a0 \u00a0 \u00a0 \u00a0 \u00a0 \u00a0 \u00a0 \u00a0 \u00a0 \u00a0 \u00a0 \u00a0 \u00a0 \u00a0 \u00a0 \u00a0 \u00a0 \u00a0 \u00a0 \u00a0 \u00a0 \u00a0 \u00a0 \u00a0 \u00a0 \u00a0 \u00a0 \u00a0 \u00a0 \u00a0 \u00a0 \u00a0 \u00a0 \u00a0 \u00a0 \u00a0 \u00a0 \u00a0 \u00a0 \u00a0 \u00a0 \u00a0 \u00a0 \u00a0 \u00a0 \u00a0 \u00a0 \u00a0 \u00a0 \u00a0 \u00a0 \u00a0 \u00a0 \u00a0 \u00a0 \u00a0 \u00a0 \u00a0 \u00a0 \u00a0 \u00a0 \u00a0 \u00a0 \u00a0 \u00a0 \u00a0 \u00a0 \u00a0 \u00a0 \u00a0 \u00a0 \u00a0 \u00a0 \u00a0 \u00a0 \u00a0 \u00a0 \u00a0 \u00a0 \u00a0 \u00a0 \u00a0 \u00a0 \u00a0 \u00a0 \u00a0 \u00a0 \u00a0 \u00a0 \u00a0 \u00a0 \u00a0 \u00a0 \u00a0 \u00a0 \u00a0 \u00a0 \u00a0 \u00a0 \u00a0 \u00a0 \u00a0 \u00a0 T\u00e9l\u00e9phone:\u00a0 09 69 36 35 34<\/strong><\/p>\n<p><strong><span style=\"color: #0000ff;\">MAIRIE<\/span><\/strong><br \/>\n<strong>T\u00e9l\u00e9phone:\u00a0 03 80 47 16 79<\/strong><\/p>\n<p><strong><span style=\"color: #0000ff;\">\u00c9COLE Ginette Berthiaume<\/span><\/strong><br \/>\n<strong>T\u00e9l\u00e9phone:\u00a0 03 80 47 17 02<\/strong><\/p>\n<p><strong><span style=\"color: #0000ff;\">CAP VAL DE SA\u00d4NE<\/span><\/strong><br \/>\n<strong>T\u00e9l\u00e9phone:\u00a0 03 80 27 03 20<\/strong><\/p>\n<p><strong><span style=\"color: #0000ff;\">Transport A la Demande Auxonne<\/span><\/strong><br \/>\n<strong>T\u00e9l\u00e9phone:\u00a0 03 80 74 92 84<\/strong><\/p>\n<p>&nbsp;<\/p>\n<p>&nbsp;<\/p>\n<p>&nbsp;<\/p>\n","protected":false},"excerpt":{"rendered":"","protected":false},"author":2,"featured_media":0,"parent":22,"menu_order":11,"comment_status":"closed","ping_status":"closed","template":"","meta":{"footnotes":""},"class_list":["post-52","page","type-page","status-publish","hentry","nodate","item-wrap"],"_links":{"self":[{"href":"https:\/\/www.mairie-poncey-les-athee.fr\/index.php?rest_route=\/wp\/v2\/pages\/52","targetHints":{"allow":["GET"]}}],"collection":[{"href":"https:\/\/www.mairie-poncey-les-athee.fr\/index.php?rest_route=\/wp\/v2\/pages"}],"about":[{"href":"https:\/\/www.mairie-poncey-les-athee.fr\/index.php?rest_route=\/wp\/v2\/types\/page"}],"author":[{"embeddable":true,"href":"https:\/\/www.mairie-poncey-les-athee.fr\/index.php?rest_route=\/wp\/v2\/users\/2"}],"replies":[{"embeddable":true,"href":"https:\/\/www.mairie-poncey-les-athee.fr\/index.php?rest_route=%2Fwp%2Fv2%2Fcomments&post=52"}],"version-history":[{"count":15,"href":"https:\/\/www.mairie-poncey-les-athee.fr\/index.php?rest_route=\/wp\/v2\/pages\/52\/revisions"}],"predecessor-version":[{"id":17125,"href":"https:\/\/www.mairie-poncey-les-athee.fr\/index.php?rest_route=\/wp\/v2\/pages\/52\/revisions\/17125"}],"up":[{"embeddable":true,"href":"https:\/\/www.mairie-poncey-les-athee.fr\/index.php?rest_route=\/wp\/v2\/pages\/22"}],"wp:attachment":[{"href":"https:\/\/www.mairie-poncey-les-athee.fr\/index.php?rest_route=%2Fwp%2Fv2%2Fmedia&parent=52"}],"curies":[{"name":"wp","href":"https:\/\/api.w.org\/{rel}","templated":true}]}}