{"id":5105,"date":"2022-08-21T14:20:21","date_gmt":"2022-08-21T14:20:21","guid":{"rendered":"http:\/\/www.mairie-poncey-les-athee.fr\/?page_id=5105"},"modified":"2023-12-29T08:28:53","modified_gmt":"2023-12-29T08:28:53","slug":"conseil-municipal-des-jeunes","status":"publish","type":"page","link":"https:\/\/www.mairie-poncey-les-athee.fr\/?page_id=5105","title":{"rendered":"Conseil Municipal des Jeunes"},"content":{"rendered":"<h3><span style=\"color: #800000;\">Election 2023<\/span><\/h3>\n<p>Le conseil municipal qui repr\u00e9sente la commune de Poncey-l\u00e8s-Ath\u00e9e est form\u00e9 de 9 membres fr\u00e9quentant l\u2019une des deux classes de l\u2019\u00e9cole primaire de Poncey ou les classes de 6<sup>\u00e8me<\/sup>\u00a0ou 5<sup>\u00e8me<\/sup>\u00a0du coll\u00e8ge. Ces 9 repr\u00e9sentants se sont r\u00e9unis ce mercredi 27 d\u00e9cembre 2023 pour \u00e9lire leur maire, leur maire adjoint et leur secr\u00e9taire et secr\u00e9taire adjoint.<\/p>\n<p>C\u2019est l\u2019occasion pour ces jeunes de d\u00e9couvrir de nouvelles fonctions et de r\u00e9aliser des actions civiques en concertation avec tous leurs repr\u00e9sentants<\/p>\n<p>Apr\u00e8s 3 tours de scrutin, c\u2019est\u00a0<strong>COLLIN Julian<\/strong>\u00a0qui a \u00e9t\u00e9 \u00e9lu maire du conseil municipal des jeunes.<strong>\u00a0K\u00e9lio<\/strong>\u00a0<strong>POUVREAU<\/strong>\u00a0a \u00e9t\u00e9 \u00e9lu maire-adjoint au 1<sup>er<\/sup>\u00a0tour de scrutin.<\/p>\n<p><a href=\"https:\/\/www.mairie-poncey-les-athee.fr\/wp-content\/uploads\/CMJ-2023.jpg\" target=\"_blank\" rel=\"noopener\"><img loading=\"lazy\" decoding=\"async\" class=\"alignnone wp-image-12309 \" src=\"https:\/\/www.mairie-poncey-les-athee.fr\/wp-content\/uploads\/CMJ-2023-300x300.jpg\" sizes=\"auto, (max-width: 315px) 100vw, 315px\" srcset=\"https:\/\/www.mairie-poncey-les-athee.fr\/wp-content\/uploads\/CMJ-2023-300x300.jpg 300w, https:\/\/www.mairie-poncey-les-athee.fr\/wp-content\/uploads\/CMJ-2023-560x560.jpg 560w, https:\/\/www.mairie-poncey-les-athee.fr\/wp-content\/uploads\/CMJ-2023-150x150.jpg 150w, https:\/\/www.mairie-poncey-les-athee.fr\/wp-content\/uploads\/CMJ-2023-768x768.jpg 768w, https:\/\/www.mairie-poncey-les-athee.fr\/wp-content\/uploads\/CMJ-2023-1536x1536.jpg 1536w, https:\/\/www.mairie-poncey-les-athee.fr\/wp-content\/uploads\/CMJ-2023-750x750.jpg 750w, https:\/\/www.mairie-poncey-les-athee.fr\/wp-content\/uploads\/CMJ-2023.jpg 2048w\" alt=\"\" width=\"315\" height=\"315\" \/><\/a>\u00a0 \u00a0 \u00a0 \u00a0 \u00a0 \u00a0 \u00a0 \u00a0<a href=\"https:\/\/www.mairie-poncey-les-athee.fr\/wp-content\/uploads\/cmj2023b.jpg\" target=\"_blank\" rel=\"noopener\"><img loading=\"lazy\" decoding=\"async\" class=\"alignnone wp-image-12330\" src=\"https:\/\/www.mairie-poncey-les-athee.fr\/wp-content\/uploads\/cmj2023b-270x300.jpg\" alt=\"\" width=\"286\" height=\"318\" srcset=\"https:\/\/www.mairie-poncey-les-athee.fr\/wp-content\/uploads\/cmj2023b-270x300.jpg 270w, https:\/\/www.mairie-poncey-les-athee.fr\/wp-content\/uploads\/cmj2023b-504x560.jpg 504w, https:\/\/www.mairie-poncey-les-athee.fr\/wp-content\/uploads\/cmj2023b-768x853.jpg 768w, https:\/\/www.mairie-poncey-les-athee.fr\/wp-content\/uploads\/cmj2023b-750x833.jpg 750w, https:\/\/www.mairie-poncey-les-athee.fr\/wp-content\/uploads\/cmj2023b.jpg 1123w\" sizes=\"auto, (max-width: 286px) 100vw, 286px\" \/><\/a><\/p>\n<p>C\u2019est\u00a0<strong>Rose BOURET<\/strong>\u00a0qui a \u00e9t\u00e9 \u00e9lue secr\u00e9taire du conseil municipal d\u00e8s le 1<sup>er<\/sup>\u00a0tour de scrutin et<strong>\u00a0L\u00e9onie<\/strong>\u00a0<strong>DUGIED-PAVLAKOVIC<\/strong>\u00a0a \u00e9t\u00e9 \u00e9lue secr\u00e9taire adjointe.<\/p>\n<p>F\u00e9licitations \u00e0 tous pour leur investissement\u00a0 \u00a0 \u00a0 \u00a0 \u00a0 \u00a0 \u00a0 \u00a0 \u00a0 \u00a0 \u00a0 \u00a0 \u00a0 \u00a0 \u00a0 \u00a0 \u00a0 \u00a0 \u00a0 \u00a0 \u00a0 \u00a0 \u00a0 \u00a0 \u00a0 \u00a0 \u00a0 \u00a0 \u00a0 \u00a0 \u00a0 \u00a0 \u00a0 \u00a0 \u00a0 \u00a0 \u00a0 \u00a0 \u00a0 \u00a0 \u00a0 \u00a0 \u00a0 \u00a0 \u00a0 \u00a0 \u00a0 \u00a0 \u00a0 \u00a0 \u00a0 \u00a0 \u00a0 \u00a0 \u00a0 \u00a0 \u00a0 \u00a0 \u00a0 \u00a0 \u00a0 \u00a0 \u00a0 \u00a0 (Gabriel CICCIU, C\u00e9dric CORDON, Mathis MYOTTE, Stan PERRON et Noah SEGUIN).<\/p>\n<p>Le maire en exercice de la commune de Poncey-l\u00e8s-Ath\u00e9e,\u00a0<strong>Eric COLLIN<\/strong>,\u00a0assist\u00e9 de\u00a0<strong>Jean-Pierre MORIN<\/strong>\u00a0Maire honoraire, a remis l\u2019\u00e9charpe au maire des jeunes.<\/p>\n<p>Un go\u00fbter terminait cette sympathique c\u00e9r\u00e9monie \u00e0 laquelle assistait quelques parents des jeunes et des conseillers municipaux.<\/p>\n<p>&nbsp;<\/p>\n<hr \/>\n<h3><span style=\"color: #0000ff;\">Elections 2022<\/span><\/h3>\n<p><a href=\"https:\/\/www.mairie-poncey-les-athee.fr\/wp-content\/uploads\/CMJ-2022.jpg\" target=\"_blank\" rel=\"noopener\"><img loading=\"lazy\" decoding=\"async\" class=\"alignright wp-image-5557\" src=\"https:\/\/www.mairie-poncey-les-athee.fr\/wp-content\/uploads\/CMJ-2022-300x147.jpg\" alt=\"\" width=\"596\" height=\"292\" srcset=\"https:\/\/www.mairie-poncey-les-athee.fr\/wp-content\/uploads\/CMJ-2022-300x147.jpg 300w, https:\/\/www.mairie-poncey-les-athee.fr\/wp-content\/uploads\/CMJ-2022-560x275.jpg 560w, https:\/\/www.mairie-poncey-les-athee.fr\/wp-content\/uploads\/CMJ-2022.jpg 720w\" sizes=\"auto, (max-width: 596px) 100vw, 596px\" \/><\/a><\/p>\n<p>&nbsp;<\/p>\n<p>Maire:<\/p>\n<h5>Mr POUVREAU K\u00e9lio<\/h5>\n<p>&nbsp;<\/p>\n<p>Adjoint:<\/p>\n<h5>Mr CICCIU Gabriel<\/h5>\n<p>&nbsp;<\/p>\n<p>Secr\u00e9taires:<\/p>\n<h5>Melle BOURET Rose<\/h5>\n<h5>Melle DUGIED-PAVLAKOVIC L\u00e9onie (adjointe)<\/h5>\n<p>&nbsp;<\/p>\n<p>Conseillers (\u00e8res):<\/p>\n<h5><strong>Melle ALLARD Emma,\u00a0 Mr COLLIN Julian,\u00a0 Mr FARNIER Adam,\u00a0 Mr MYOTTE Mathis,\u00a0 Mr POUVREAU Tim\u00e9o.<\/strong><\/h5>\n<h4><a href=\"https:\/\/www.mairie-poncey-les-athee.fr\/wp-content\/uploads\/Compte-Rendu-Elections-CMJ-du-18.09.22.pdf\" target=\"_blank\" rel=\"noopener\">Compte Rendu Elections CMJ du 18.09.22<\/a><\/h4>\n<p>&nbsp;<\/p>\n<hr \/>\n<h3><\/h3>\n<h3><span style=\"color: #0000ff;\">Elections 2021<\/span><\/h3>\n<p><a href=\"https:\/\/www.mairie-poncey-les-athee.fr\/wp-content\/uploads\/CMJ-election-2021-2.jpg\" target=\"_blank\" rel=\"noopener\"><img loading=\"lazy\" decoding=\"async\" class=\"wp-image-5106 alignright\" src=\"https:\/\/www.mairie-poncey-les-athee.fr\/wp-content\/uploads\/CMJ-election-2021-2-300x203.jpg\" alt=\"CMJ 2021\" width=\"553\" height=\"374\" srcset=\"https:\/\/www.mairie-poncey-les-athee.fr\/wp-content\/uploads\/CMJ-election-2021-2-300x203.jpg 300w, https:\/\/www.mairie-poncey-les-athee.fr\/wp-content\/uploads\/CMJ-election-2021-2-560x378.jpg 560w, https:\/\/www.mairie-poncey-les-athee.fr\/wp-content\/uploads\/CMJ-election-2021-2-768x519.jpg 768w, https:\/\/www.mairie-poncey-les-athee.fr\/wp-content\/uploads\/CMJ-election-2021-2-750x507.jpg 750w, https:\/\/www.mairie-poncey-les-athee.fr\/wp-content\/uploads\/CMJ-election-2021-2.jpg 833w\" sizes=\"auto, (max-width: 553px) 100vw, 553px\" \/><\/a><\/p>\n<p>&nbsp;<\/p>\n<p>Maire :<\/p>\n<p><span style=\"font-size: small; font-family: 'Arial Black', sans-serif;\">Mr CICCIU Gabriel<\/span><\/p>\n<p>Adjoint :<\/p>\n<p><span style=\"font-family: Arial Black, sans-serif;\"><span style=\"font-size: small;\">Mr POUVREAU Tim\u00e9o<\/span><\/span><\/p>\n<p>&nbsp;<\/p>\n<p>Secr\u00e9taires :<\/p>\n<p><span style=\"font-family: Arial Black, sans-serif;\"><span style=\"font-size: small;\">Mlle ALLARD Emma, Mlle DUGIED-PAVLAKOVIC L\u00e9onie<\/span><\/span><\/p>\n<p>&nbsp;<\/p>\n<p>Conseillers (\u00e8res) :<\/p>\n<p><strong> <span style=\"font-family: Arial Black, sans-serif;\"><span style=\"font-size: small;\">Mlle LAPOSTOLLET- LINOTTE L\u00e9a,\u00a0 <\/span><\/span><span style=\"font-family: 'Arial Black', sans-serif; font-size: small;\">Mr DUPR\u00c9 Ylan,\u00a0 Mr COLLIN Julian,\u00a0 <\/span><span style=\"font-family: 'Arial Black', sans-serif; font-size: small;\">\u00a0Mlle LANCHON Arina,\u00a0 \u00a0 \u00a0 \u00a0 \u00a0 \u00a0 \u00a0 \u00a0 <\/span><\/strong><strong><span style=\"font-family: 'Arial Black', sans-serif; font-size: small;\">Mr FARNIER Adam,\u00a0 Mr REDONDO <\/span><\/strong><span style=\"font-family: 'Arial Black', sans-serif; font-size: small;\">Ange<\/span><\/p>\n<p>&nbsp;<\/p>\n","protected":false},"excerpt":{"rendered":"<p>Election 2023 Le conseil municipal qui repr\u00e9sente la commune de Poncey-l\u00e8s-Ath\u00e9e est form\u00e9 de 9 membres fr\u00e9quentant l\u2019une des deux classes de l\u2019\u00e9cole primaire de Poncey ou les classes de 6\u00e8me\u00a0ou 5\u00e8me\u00a0du coll\u00e8ge. Ces 9 repr\u00e9sentants se sont r\u00e9unis ce mercredi 27 d\u00e9cembre 2023 pour \u00e9lire leur maire, leur maire adjoint et leur secr\u00e9taire et &hellip; <\/p>\n<p><a class=\"more-link btn\" href=\"https:\/\/www.mairie-poncey-les-athee.fr\/?page_id=5105\">Lire la suite<\/a><\/p>\n","protected":false},"author":2,"featured_media":5492,"parent":12,"menu_order":2,"comment_status":"closed","ping_status":"closed","template":"","meta":{"footnotes":""},"class_list":["post-5105","page","type-page","status-publish","has-post-thumbnail","hentry","nodate","item-wrap"],"_links":{"self":[{"href":"https:\/\/www.mairie-poncey-les-athee.fr\/index.php?rest_route=\/wp\/v2\/pages\/5105","targetHints":{"allow":["GET"]}}],"collection":[{"href":"https:\/\/www.mairie-poncey-les-athee.fr\/index.php?rest_route=\/wp\/v2\/pages"}],"about":[{"href":"https:\/\/www.mairie-poncey-les-athee.fr\/index.php?rest_route=\/wp\/v2\/types\/page"}],"author":[{"embeddable":true,"href":"https:\/\/www.mairie-poncey-les-athee.fr\/index.php?rest_route=\/wp\/v2\/users\/2"}],"replies":[{"embeddable":true,"href":"https:\/\/www.mairie-poncey-les-athee.fr\/index.php?rest_route=%2Fwp%2Fv2%2Fcomments&post=5105"}],"version-history":[{"count":12,"href":"https:\/\/www.mairie-poncey-les-athee.fr\/index.php?rest_route=\/wp\/v2\/pages\/5105\/revisions"}],"predecessor-version":[{"id":12332,"href":"https:\/\/www.mairie-poncey-les-athee.fr\/index.php?rest_route=\/wp\/v2\/pages\/5105\/revisions\/12332"}],"up":[{"embeddable":true,"href":"https:\/\/www.mairie-poncey-les-athee.fr\/index.php?rest_route=\/wp\/v2\/pages\/12"}],"wp:featuredmedia":[{"embeddable":true,"href":"https:\/\/www.mairie-poncey-les-athee.fr\/index.php?rest_route=\/wp\/v2\/media\/5492"}],"wp:attachment":[{"href":"https:\/\/www.mairie-poncey-les-athee.fr\/index.php?rest_route=%2Fwp%2Fv2%2Fmedia&parent=5105"}],"curies":[{"name":"wp","href":"https:\/\/api.w.org\/{rel}","templated":true}]}}