{"id":4935,"date":"2022-08-17T13:30:56","date_gmt":"2022-08-17T13:30:56","guid":{"rendered":"http:\/\/www.mairie-poncey-les-athee.fr\/?page_id=4935"},"modified":"2026-01-31T20:11:18","modified_gmt":"2026-01-31T20:11:18","slug":"les-associations","status":"publish","type":"page","link":"https:\/\/www.mairie-poncey-les-athee.fr\/?page_id=4935","title":{"rendered":"Les Associations"},"content":{"rendered":"<p><strong>Infos et contacts de nos associations<\/strong><\/p>\n<p>&nbsp;<\/p>\n<h4><\/h4>\n<p><!--more--><\/p>\n<h3><span style=\"color: #0000ff;\">\u00ab\u00a0Les P&rsquo;tiots des 3 Pr\u00e9aux\u00a0\u00bb<\/span><\/h3>\n<h4>Pr\u00e9sidente : Mme St\u00e9phanie Delbut\u00a0 \u00a0 \u00a0 \u00a0 \u00a0 \u00a0 \u00a0 \u00a0 \u00a0 \u00a0 \u00a0 \u00a0 \u00a0 \u00a0 \u00a0 \u00a0 \u00a0 \u00a0 \u00a0 \u00a0 \u00a0 \u00a0 \u00a0 \u00a0 \u00a0 \u00a0 \u00a0 \u00a0 \u00a0 \u00a0 \u00a0 \u00a0 \u00a0 \u00a0 \u00a0 \u00a0 \u00a0 \u00a0 \u00a0 \u00a0 \u00a0 \u00a0 \u00a0 \u00a0 \u00a0 \u00a0 \u00a0 \u00a0 \u00a0 \u00a0 \u00a0 \u00a0 \u00a0 \u00a0 \u00a0 \u00a0 \u00a0 \u00a0 \u00a0 \u00a0 \u00a0 \u00a0 \u00a0 \u00a0 \u00a0 \u00a0 \u00a013, rue du Centre\u00a0 21130\u00a0 Poncey-l\u00e8s-Ath\u00e9e<\/h4>\n<p>&nbsp;<\/p>\n<p><a href=\"https:\/\/www.facebook.com\/profile.php?id=100064846264232\" target=\"_blank\" rel=\"noopener\"><img loading=\"lazy\" decoding=\"async\" class=\"aligncenter wp-image-20608\" src=\"https:\/\/www.mairie-poncey-les-athee.fr\/wp-content\/uploads\/3-preaux-300x114.png\" alt=\"\" width=\"603\" height=\"229\" srcset=\"https:\/\/www.mairie-poncey-les-athee.fr\/wp-content\/uploads\/3-preaux-300x114.png 300w, https:\/\/www.mairie-poncey-les-athee.fr\/wp-content\/uploads\/3-preaux-1024x390.png 1024w, https:\/\/www.mairie-poncey-les-athee.fr\/wp-content\/uploads\/3-preaux-768x292.png 768w, https:\/\/www.mairie-poncey-les-athee.fr\/wp-content\/uploads\/3-preaux-1536x585.png 1536w, https:\/\/www.mairie-poncey-les-athee.fr\/wp-content\/uploads\/3-preaux-2048x779.png 2048w, https:\/\/www.mairie-poncey-les-athee.fr\/wp-content\/uploads\/3-preaux-750x285.png 750w\" sizes=\"auto, (max-width: 603px) 100vw, 603px\" \/><\/a><\/p>\n<p>&nbsp;<\/p>\n<p>L\u2019association \u00ab Les P\u2019tiots des 3 Pr\u00e9aux \u00bb est l\u2019association des parents d\u2019\u00e9l\u00e8ves du RPI de Magny-Montarlot, Ath\u00e9e, et Poncey-l\u00e8s-Ath\u00e9e. Elle a \u00e9t\u00e9 cr\u00e9\u00e9e en novembre 2013, \u00e0 l\u2019initiative d\u2019un groupe de repr\u00e9sentants de parents d\u2019\u00e9l\u00e8ves. Son but principal est de r\u00e9colter des fonds, profitables directement \u00e0 tous les \u00e9l\u00e8ves du RPI puisqu\u2019ils subventionnent une partie des projets propos\u00e9s par l\u2019\u00e9quipe enseignante (sorties, voyages, spectacles\u2026).<\/p>\n<p>A la suite de notre Assembl\u00e9e G\u00e9n\u00e9rale qui s&rsquo;est tenue le vendredi 21 novembre 2025 nous sommes heureux de vous faire part de la composition du conseil d&rsquo;administration ainsi que du bureau pour l&rsquo;ann\u00e9e 2025-2026.<\/p>\n<p>Ainsi pour cette nouvelle ann\u00e9e nous comptons 10 membres et 2 membres honoraires : Florian GIMBERT (Membre), Pascal URSIN (Membre), Anne-Sophie CARRY (Membre), Julie KRAWEZINSKI (Membre), <strong>Morgane LEGRAND<\/strong> (Secr\u00e9taire Adjointe), <strong>Oriane BERTRAND<\/strong> (Secr\u00e9taire), <strong>Sabine CRAULAND<\/strong> (Tr\u00e9sori\u00e8re Adjointe), <strong>Sonia GAUER<\/strong> (Tr\u00e9sori\u00e8re), <strong>Arnaud ARIAS<\/strong> (Vice-Pr\u00e9sident), <strong>St\u00e9phanie DELBUT<\/strong> (Pr\u00e9sidente), Laure POUSSOT (Membre honoraire), S\u00e9bastien RODRIGUES (Membre honoraire).<\/p>\n<p>Chaque ann\u00e9e scolaire, le bureau organise des manifestations : Vide-grenier, March\u00e9 de No\u00ebl\u2026ventes de chocolats, fromages, agrumes, plantes\u2026, la kermesse de fin d\u2019ann\u00e9e, le go\u00fbter lors du cross.\u00a0 \u00a0 \u00a0 \u00a0 \u00a0 \u00a0 \u00a0 L\u2019association compte 85 adh\u00e9rents (cotisation annuelle de 2 \u20ac).<br \/>\nEnviron 138 enfants seront aid\u00e9s.<\/p>\n<h4><a href=\"https:\/\/www.facebook.com\/profile.php?id=100064846264232\" target=\"_blank\" rel=\"noopener\">facebook.com\/Les p\u2019tiots des 3 Pr\u00e9aux<\/a><\/h4>\n<p>&nbsp;<\/p>\n<hr \/>\n<h3><\/h3>\n<h3><span style=\"color: #0000ff;\">A.S.C.P.\u00a0 l&rsquo; Ouillotte<\/span><\/h3>\n<h4>Pr\u00e9sidente : Mme Morin Marie-Claude\u00a0 \u00a0 \u00a0 \u00a0 \u00a0 \u00a0 \u00a0 \u00a0 \u00a0 \u00a0 \u00a0 \u00a0 \u00a0 \u00a0 \u00a0 \u00a0 \u00a0 \u00a0 \u00a0 \u00a0 \u00a0 \u00a0 \u00a0 \u00a0 \u00a0 \u00a0 \u00a0 \u00a0 \u00a0 \u00a0 \u00a0 \u00a0 \u00a0 \u00a0 \u00a0 \u00a0 \u00a0 \u00a0 \u00a0 \u00a0 \u00a0 \u00a0 \u00a0 \u00a0 \u00a0 \u00a0 \u00a0 \u00a0 \u00a0 \u00a0 \u00a0 \u00a0 \u00a0 \u00a0 \u00a0 \u00a0 \u00a0 \u00a0 \u00a0 \u00a0 \u00a0 \u00a0 6, rue du Centre\u00a0 21130\u00a0 Poncey-l\u00e8s-Ath\u00e9e<\/h4>\n<p><a href=\"https:\/\/www.mairie-poncey-les-athee.fr\/wp-content\/uploads\/oies-bandeau-.jpg\"><img loading=\"lazy\" decoding=\"async\" class=\" wp-image-6145\" src=\"https:\/\/www.mairie-poncey-les-athee.fr\/wp-content\/uploads\/oies-bandeau--300x53.jpg\" alt=\"\" width=\"742\" height=\"131\" srcset=\"https:\/\/www.mairie-poncey-les-athee.fr\/wp-content\/uploads\/oies-bandeau--300x53.jpg 300w, https:\/\/www.mairie-poncey-les-athee.fr\/wp-content\/uploads\/oies-bandeau--560x99.jpg 560w, https:\/\/www.mairie-poncey-les-athee.fr\/wp-content\/uploads\/oies-bandeau--768x136.jpg 768w, https:\/\/www.mairie-poncey-les-athee.fr\/wp-content\/uploads\/oies-bandeau--750x133.jpg 750w, https:\/\/www.mairie-poncey-les-athee.fr\/wp-content\/uploads\/oies-bandeau-.jpg 1128w\" sizes=\"auto, (max-width: 742px) 100vw, 742px\" \/><\/a><\/p>\n<p>En 2024, l\u2019association l\u2019Ouillotte a compt\u00e9 223 adh\u00e9rents qui ont particip\u00e9 aux nombreuses activit\u00e9s qui leur ont \u00e9t\u00e9 propos\u00e9es tout au long de l\u2019ann\u00e9e.<br \/>\nEt surtout, en 2024, l\u2019Ouillotte au cours de son assembl\u00e9e g\u00e9n\u00e9rale de novembre 2024, f\u00eatait ses 35 ann\u00e9es d\u2019existence en pr\u00e9sence de 65 adh\u00e9rents et on notait la pr\u00e9sence de M. S\u00e9bastien Sordel conseiller d\u00e9partemental et de Eric Collin, le maire de la commune de Poncey.<\/p>\n<p><a href=\"https:\/\/www.mairie-poncey-les-athee.fr\/wp-content\/uploads\/Programme-2025-Ouillotte-scaled.jpg\" target=\"_blank\" rel=\"noopener\"><img loading=\"lazy\" decoding=\"async\" class=\"alignleft wp-image-16570 size-medium\" src=\"https:\/\/www.mairie-poncey-les-athee.fr\/wp-content\/uploads\/Programme-2025-Ouillotte-218x300.jpg\" sizes=\"auto, (max-width: 218px) 100vw, 218px\" srcset=\"https:\/\/www.mairie-poncey-les-athee.fr\/wp-content\/uploads\/Programme-2025-Ouillotte-218x300.jpg 218w, https:\/\/www.mairie-poncey-les-athee.fr\/wp-content\/uploads\/Programme-2025-Ouillotte-407x560.jpg 407w, https:\/\/www.mairie-poncey-les-athee.fr\/wp-content\/uploads\/Programme-2025-Ouillotte-768x1056.jpg 768w, https:\/\/www.mairie-poncey-les-athee.fr\/wp-content\/uploads\/Programme-2025-Ouillotte-1117x1536.jpg 1117w, https:\/\/www.mairie-poncey-les-athee.fr\/wp-content\/uploads\/Programme-2025-Ouillotte-1490x2048.jpg 1490w, https:\/\/www.mairie-poncey-les-athee.fr\/wp-content\/uploads\/Programme-2025-Ouillotte-750x1031.jpg 750w, https:\/\/www.mairie-poncey-les-athee.fr\/wp-content\/uploads\/Programme-2025-Ouillotte-scaled.jpg 1862w\" alt=\"\" width=\"218\" height=\"300\" \/><\/a><\/p>\n<h4>Cotisations<\/h4>\n<p>Des membres du bureau passeront chez les adh\u00e9rents de Poncey pour leur proposer les cotisations 2025:<\/p>\n<p><strong>les 11 et 12 janvier de 10h \u00e0 12h.<\/strong><\/p>\n<p><strong>Tarifs:<\/strong>\u00a010\u20ac pour les: enfants, jeunes, \u00e9tudiants, ch\u00f4meurs, retrait\u00e9s, handicap\u00e9s et + de 60 ans.\u00a0 \u00a0 \u00a0 \u00a0 \u00a0 \u00a0 \u00a0 \u00a0 \u00a0 \u00a0 \u00a0 \u00a0 \u00a0 \u00a0 \u00a0 \u00a0 \u00a0 \u00a0 \u00a0 \u00a0 \u00a0 \u00a0 \u00a0 \u00a0 \u00a0 \u00a0 \u00a0 \u00a0 \u00a0 \u00a0 \u00a0 \u00a0 \u00a0 \u00a0 \u00a0 \u00a0 \u00a0 \u00a0 \u00a0 \u00a0 \u00a0 \u00a0 \u00a0 \u00a0 \u00a0 \u00a0 \u00a0 \u00a0 \u00a0 \u00a0 \u00a0 \u00a0 \u00a0 \u00a0 \u00a0 \u00a0 \u00a012\u20ac pour les autres.<\/p>\n<p>&nbsp;<\/p>\n<p>&nbsp;<\/p>\n<p>&nbsp;<\/p>\n<hr \/>\n<h3><span style=\"color: #0000ff;\">Les Chasseurs<\/span><\/h3>\n<h4>Pr\u00e9sident : M. Eric Pouvreau\u00a0 \u00a0 \u00a0 \u00a0 \u00a0 \u00a0 \u00a0 \u00a0 \u00a0 \u00a0 \u00a0 \u00a0 \u00a0 \u00a0 \u00a0 \u00a0 \u00a0 \u00a0 \u00a0 \u00a0 \u00a0 \u00a0 \u00a0 \u00a0 \u00a0 \u00a0 \u00a0 \u00a0 \u00a0 \u00a0 \u00a0 \u00a0 \u00a0 \u00a0 \u00a0 \u00a0 \u00a0 \u00a0 \u00a0 \u00a0 \u00a0 \u00a0 \u00a0 \u00a0 \u00a0 \u00a0 \u00a0 \u00a0 \u00a0 \u00a0 \u00a0 \u00a0 \u00a0 \u00a0 \u00a0 \u00a0 \u00a0 \u00a0 \u00a0 \u00a0 \u00a0 \u00a0 \u00a0 \u00a0 \u00a0 \u00a0 \u00a0 \u00a0 \u00a0 \u00a0 \u00a0 \u00a0 \u00a0 \u00a0 6, rue Naulier\u00a0 21130\u00a0 Poncey-l\u00e8s-Ath\u00e9e<\/h4>\n<p><a href=\"https:\/\/www.mairie-poncey-les-athee.fr\/wp-content\/uploads\/chasseurs2024b.jpg\" target=\"_blank\" rel=\"noopener\"><img loading=\"lazy\" decoding=\"async\" class=\"alignnone wp-image-15470 \" src=\"https:\/\/www.mairie-poncey-les-athee.fr\/wp-content\/uploads\/chasseurs2024b-300x225.jpg\" alt=\"\" width=\"408\" height=\"306\" srcset=\"https:\/\/www.mairie-poncey-les-athee.fr\/wp-content\/uploads\/chasseurs2024b-300x225.jpg 300w, https:\/\/www.mairie-poncey-les-athee.fr\/wp-content\/uploads\/chasseurs2024b-560x420.jpg 560w, https:\/\/www.mairie-poncey-les-athee.fr\/wp-content\/uploads\/chasseurs2024b-768x576.jpg 768w, https:\/\/www.mairie-poncey-les-athee.fr\/wp-content\/uploads\/chasseurs2024b-1536x1152.jpg 1536w, https:\/\/www.mairie-poncey-les-athee.fr\/wp-content\/uploads\/chasseurs2024b-750x563.jpg 750w, https:\/\/www.mairie-poncey-les-athee.fr\/wp-content\/uploads\/chasseurs2024b.jpg 2016w\" sizes=\"auto, (max-width: 408px) 100vw, 408px\" \/>\u00a0\u00a0\u00a0\u00a0\u00a0\u00a0\u00a0\u00a0\u00a0\u00a0 <\/a><a href=\"https:\/\/www.mairie-poncey-les-athee.fr\/wp-content\/uploads\/chasseur-bureau.jpeg\" target=\"_blank\" rel=\"noopener\"><img loading=\"lazy\" decoding=\"async\" class=\"alignnone wp-image-19674\" src=\"https:\/\/www.mairie-poncey-les-athee.fr\/wp-content\/uploads\/chasseur-bureau-242x300.jpeg\" alt=\"\" width=\"248\" height=\"307\" srcset=\"https:\/\/www.mairie-poncey-les-athee.fr\/wp-content\/uploads\/chasseur-bureau-242x300.jpeg 242w, https:\/\/www.mairie-poncey-les-athee.fr\/wp-content\/uploads\/chasseur-bureau-619x768.jpeg 619w, https:\/\/www.mairie-poncey-les-athee.fr\/wp-content\/uploads\/chasseur-bureau-768x953.jpeg 768w, https:\/\/www.mairie-poncey-les-athee.fr\/wp-content\/uploads\/chasseur-bureau-1238x1536.jpeg 1238w, https:\/\/www.mairie-poncey-les-athee.fr\/wp-content\/uploads\/chasseur-bureau-750x931.jpeg 750w, https:\/\/www.mairie-poncey-les-athee.fr\/wp-content\/uploads\/chasseur-bureau.jpeg 1415w\" sizes=\"auto, (max-width: 248px) 100vw, 248px\" \/><\/a><\/p>\n<p>Activit\u00e9s : La soci\u00e9t\u00e9 de chasse compte une douzaine de chasseurs qui s\u2019adonnent \u00e0 leur loisir pr\u00e9f\u00e9r\u00e9. Ils chassent le petit gibier (li\u00e8vre, perdrix, faisan \u2026) et le plus gros gibier (sanglier, chevreuil\u2026) conform\u00e9ment au plan de chasse.<br \/>\nL\u2019association est repr\u00e9sent\u00e9e par un bureau dirig\u00e9 par M. Eric POUVREAU le pr\u00e9sident, aid\u00e9s de M. Christophe VERGEY vice-pr\u00e9sident, de M. Alexandre KIEFFER secr\u00e9taire et de M. Baptiste DULLIER tr\u00e9sorier.<\/p>\n<p>&nbsp;<\/p>\n<hr \/>\n<h3><span style=\"color: #0000ff;\">Att\u00e9gia<\/span><\/h3>\n<h4>Mme Corine Roussel\u00a0 \u00a0 \u00a0 \u00a0 \u00a0 \u00a0 \u00a0 \u00a0 \u00a0 \u00a0 \u00a0 \u00a0 \u00a0 \u00a0 \u00a0 \u00a0 \u00a0 \u00a0 \u00a0 \u00a0 \u00a0 \u00a0 \u00a0 \u00a0 \u00a0 \u00a0 \u00a0 \u00a0 \u00a0 \u00a0 \u00a0 \u00a0 \u00a0 \u00a0 \u00a0 \u00a0 \u00a0 \u00a0 \u00a0 \u00a0 \u00a0 \u00a0 \u00a0 \u00a0 \u00a0 \u00a0 \u00a0 \u00a0 \u00a0 \u00a0 \u00a0 \u00a0 \u00a0 \u00a0 \u00a0 \u00a0 \u00a0 \u00a0 \u00a0 \u00a0 \u00a0 \u00a0 \u00a0 \u00a0 \u00a0 \u00a0 \u00a0 \u00a0 \u00a0 \u00a0 \u00a0 \u00a0 \u00a0 \u00a0 \u00a0 \u00a0 \u00a0 \u00a0 \u00a0 \u00a0 \u00a0 \u00a0 \u00a0 \u00a0 37A rue du Centre\u00a0 21130\u00a0 Ath\u00e9e<\/h4>\n<h4><a href=\"https:\/\/www.mairie-poncey-les-athee.fr\/wp-content\/uploads\/attegia-2025-2026.jpg\" target=\"_blank\" rel=\"noopener\"><img loading=\"lazy\" decoding=\"async\" class=\"alignnone wp-image-18952\" src=\"https:\/\/www.mairie-poncey-les-athee.fr\/wp-content\/uploads\/attegia-2025-2026-300x212.jpg\" alt=\"\" width=\"541\" height=\"382\" srcset=\"https:\/\/www.mairie-poncey-les-athee.fr\/wp-content\/uploads\/attegia-2025-2026-300x212.jpg 300w, https:\/\/www.mairie-poncey-les-athee.fr\/wp-content\/uploads\/attegia-2025-2026-768x543.jpg 768w, https:\/\/www.mairie-poncey-les-athee.fr\/wp-content\/uploads\/attegia-2025-2026-750x530.jpg 750w, https:\/\/www.mairie-poncey-les-athee.fr\/wp-content\/uploads\/attegia-2025-2026.jpg 960w\" sizes=\"auto, (max-width: 541px) 100vw, 541px\" \/><\/a><a href=\"https:\/\/www.mairie-poncey-les-athee.fr\/wp-content\/uploads\/attegia1-e1728631973761.jpg\">\u00a0<\/a><\/h4>\n<p style=\"text-align: justify;\"><span style=\"font-size: 18px; font-family: 'GoudyOldStyleT';\">L&rsquo;association a pour objet de prot\u00e9ger et am\u00e9liorer le cadre de vie ainsi que d\u00e9velopper au quotidien la convivialit\u00e9, les solidarit\u00e9s et le \u00abmieux vivre ensemble\u00bb dans le village d\u2019ATHEE (21130),<\/span><span style=\"font-size: 18px; font-family: 'GoudyOldStyleT';\">et notamment :\u00a0 \u00a0 \u00a0 \u00a0 \u00a0 \u00a0 \u00a0 \u00a0 \u00a0 \u00a0 \u00a0 \u00a0 \u00a0 \u00a0 \u00a0 \u00a0 \u00a0 \u00a0 \u00a0 \u00a0 \u00a0 \u00a0 \u00a0 \u00a0 \u00a0 \u00a0 \u00a0 \u00a0 \u00a0 \u00a0 \u00a0 \u00a0 \u00a0 \u00a0 \u00a0 \u00a0 \u00a0 \u00a0 \u00a0 \u00a0 \u00a0 \u00a0 \u00a0 \u00a0 \u00a0 \u00a0 \u00a0 \u00a0 \u00a0 \u00a0 \u00a0 \u00a0 \u00a0 \u00a0 \u00a0 \u00a0 \u00a0 \u00a0 \u00a0 \u00a0 \u00a0 \u00a0 \u00a0 \u00a0 \u00a0 \u00a0 \u00a0 \u00a0 \u00a0 \u00a0 <\/span><span style=\"font-size: 18px; font-family: 'GoudyOldStyleT';\">&#8211; organiser des animations, ateliers ou manifestations artistiques, culturelles, ludiques, sportives, &#8230; en salle ou en plein air,<\/span><\/p>\n<p><span style=\"font-size: 18px; font-family: 'GoudyOldStyleT';\">&#8211; organiser des rencontres, des d\u00e9bats, des r\u00e9unions, des blogs, \u00e9diter des publications sur la vie de notre commune,<\/span><\/p>\n<p><span style=\"font-size: 18px; font-family: 'GoudyOldStyleT';\">&#8211; favoriser, d\u00e9velopper, promouvoir et organiser un carrefour convivial et culturel favorisant le lien social et interg\u00e9n\u00e9rationnel.<\/span><\/p>\n<h4><a href=\"https:\/\/www.attegia.fr\/\" target=\"_blank\" rel=\"noopener\">https:\/\/www.attegia.fr\/<\/a><\/h4>\n<p>&nbsp;<\/p>\n<hr \/>\n<h3><span style=\"color: #0000ff;\">Amicale des Sapeurs Pompiers d&rsquo; Ath\u00e9e<\/span><\/h3>\n<h4>Mr VINCENT Alexandre\u00a0 \u00a0 \u00a0 \u00a0 \u00a0 \u00a0 \u00a0 \u00a0 \u00a0 \u00a0 \u00a0 \u00a0 \u00a0 \u00a0 \u00a0 \u00a0 \u00a0 \u00a0 \u00a0 \u00a0 \u00a0 \u00a0 \u00a0 \u00a0 \u00a0 \u00a0 \u00a0 \u00a0 \u00a0 \u00a0 \u00a0 \u00a0 \u00a0 \u00a0 \u00a0 \u00a0 \u00a0 \u00a0 \u00a0 \u00a0 \u00a0 \u00a0 \u00a0 \u00a0 \u00a0 \u00a0 \u00a0 \u00a0 \u00a0 \u00a0 \u00a0 \u00a0 \u00a0 \u00a0 \u00a0 \u00a0 \u00a0 \u00a0 \u00a0 \u00a0 \u00a0 \u00a0 \u00a0 \u00a0 \u00a0 \u00a0 \u00a0 \u00a0 \u00a0 \u00a0 \u00a0 \u00a0 \u00a0 \u00a0 \u00a0 \u00a0 \u00a0 \u00a006 44 25 36 92\u00a0 \u00a0 \u00a0 \u00a0 \u00a0 \u00a0 \u00a0 \u00a0 \u00a0 \u00a0 \u00a0 \u00a0 \u00a0 \u00a0 \u00a0 \u00a0 \u00a0 \u00a0 \u00a0 \u00a0 \u00a0 \u00a0 \u00a0 \u00a0 \u00a0 \u00a0 \u00a0 \u00a0 \u00a0 \u00a0 \u00a0 \u00a0 \u00a0 \u00a0 \u00a0 \u00a0 \u00a0 \u00a0 \u00a0 \u00a0 \u00a0 \u00a0 \u00a0 \u00a0 \u00a0 \u00a0 \u00a0 \u00a0 \u00a0 \u00a0 \u00a0 \u00a0 \u00a0 \u00a0 \u00a0 \u00a0 \u00a0 \u00a0 \u00a0 \u00a0 \u00a0 \u00a0 \u00a0 \u00a0 \u00a0 \u00a0 \u00a0 \u00a0 \u00a0 \u00a0 \u00a0 \u00a0 \u00a0 \u00a0 \u00a0 \u00a0 \u00a0 \u00a0 \u00a0 \u00a0 \u00a0 \u00a0 \u00a0 \u00a0 21130 Ath\u00e9e<\/h4>\n<p><a href=\"https:\/\/www.facebook.com\/groups\/2584885578407323\" target=\"_blank\" rel=\"noopener\"><img loading=\"lazy\" decoding=\"async\" class=\"aligncenter wp-image-7740 size-medium\" src=\"https:\/\/www.mairie-poncey-les-athee.fr\/wp-content\/uploads\/Pompiers-Athee-300x300.jpg\" alt=\"\" width=\"300\" height=\"300\" srcset=\"https:\/\/www.mairie-poncey-les-athee.fr\/wp-content\/uploads\/Pompiers-Athee-300x300.jpg 300w, https:\/\/www.mairie-poncey-les-athee.fr\/wp-content\/uploads\/Pompiers-Athee-560x560.jpg 560w, https:\/\/www.mairie-poncey-les-athee.fr\/wp-content\/uploads\/Pompiers-Athee-150x150.jpg 150w, https:\/\/www.mairie-poncey-les-athee.fr\/wp-content\/uploads\/Pompiers-Athee.jpg 615w\" sizes=\"auto, (max-width: 300px) 100vw, 300px\" \/><\/a><\/p>\n<hr \/>\n<p>&nbsp;<\/p>\n<p>&nbsp;<\/p>\n","protected":false},"excerpt":{"rendered":"<p>Infos et contacts de nos associations &nbsp;<\/p><p><a class=\"more-link btn\" href=\"https:\/\/www.mairie-poncey-les-athee.fr\/?page_id=4935\">Lire la suite<\/a><\/p>\n","protected":false},"author":2,"featured_media":5132,"parent":4933,"menu_order":0,"comment_status":"closed","ping_status":"closed","template":"","meta":{"footnotes":""},"class_list":["post-4935","page","type-page","status-publish","has-post-thumbnail","hentry","nodate","item-wrap"],"_links":{"self":[{"href":"https:\/\/www.mairie-poncey-les-athee.fr\/index.php?rest_route=\/wp\/v2\/pages\/4935","targetHints":{"allow":["GET"]}}],"collection":[{"href":"https:\/\/www.mairie-poncey-les-athee.fr\/index.php?rest_route=\/wp\/v2\/pages"}],"about":[{"href":"https:\/\/www.mairie-poncey-les-athee.fr\/index.php?rest_route=\/wp\/v2\/types\/page"}],"author":[{"embeddable":true,"href":"https:\/\/www.mairie-poncey-les-athee.fr\/index.php?rest_route=\/wp\/v2\/users\/2"}],"replies":[{"embeddable":true,"href":"https:\/\/www.mairie-poncey-les-athee.fr\/index.php?rest_route=%2Fwp%2Fv2%2Fcomments&post=4935"}],"version-history":[{"count":52,"href":"https:\/\/www.mairie-poncey-les-athee.fr\/index.php?rest_route=\/wp\/v2\/pages\/4935\/revisions"}],"predecessor-version":[{"id":20610,"href":"https:\/\/www.mairie-poncey-les-athee.fr\/index.php?rest_route=\/wp\/v2\/pages\/4935\/revisions\/20610"}],"up":[{"embeddable":true,"href":"https:\/\/www.mairie-poncey-les-athee.fr\/index.php?rest_route=\/wp\/v2\/pages\/4933"}],"wp:featuredmedia":[{"embeddable":true,"href":"https:\/\/www.mairie-poncey-les-athee.fr\/index.php?rest_route=\/wp\/v2\/media\/5132"}],"wp:attachment":[{"href":"https:\/\/www.mairie-poncey-les-athee.fr\/index.php?rest_route=%2Fwp%2Fv2%2Fmedia&parent=4935"}],"curies":[{"name":"wp","href":"https:\/\/api.w.org\/{rel}","templated":true}]}}