{"id":4924,"date":"2022-08-16T18:28:00","date_gmt":"2022-08-16T18:28:00","guid":{"rendered":"http:\/\/www.mairie-poncey-les-athee.fr\/?page_id=4924"},"modified":"2026-01-24T10:20:52","modified_gmt":"2026-01-24T10:20:52","slug":"eptb-saone-et-doubs","status":"publish","type":"page","link":"https:\/\/www.mairie-poncey-les-athee.fr\/?page_id=4924","title":{"rendered":"EPTB Sa\u00f4ne et Doubs"},"content":{"rendered":"<div id=\"outerContainer\">\n<div id=\"sidebarContainer\">\n<div id=\"toolbarSidebar\">\n<div id=\"toolbarSidebarLeft\">\n<div id=\"sidebarViewButtons\" class=\"splitToolbarButton toggled\" role=\"radiogroup\"><a href=\"https:\/\/www.eptb-saone-doubs.fr\/\" target=\"_blank\" rel=\"noopener\"><img loading=\"lazy\" decoding=\"async\" class=\"aligncenter wp-image-4920 \" src=\"https:\/\/www.mairie-poncey-les-athee.fr\/wp-content\/uploads\/eptbdefinitif.jpg\" alt=\"EPTB Sa\u00f4ne Doubs\" width=\"419\" height=\"144\" \/><\/a><\/div>\n<\/div>\n<\/div>\n<\/div>\n<\/div>\n<div role=\"radiogroup\"><\/div>\n<div role=\"radiogroup\"><\/div>\n<p><!--more--><\/p>\n<div id=\"toolbarSidebar\">\n<div id=\"toolbarSidebarRight\">\n<p>Depuis sa cr\u00e9ation en 1991, l\u2019\u00c9tablissement Public Territorial du Bassin Sa\u00f4ne et Doubs repose sur l\u2019adh\u00e9sion de plusieurs niveaux de collectivit\u00e9s (r\u00e9gions, d\u00e9partements, communaut\u00e9s de communes) qui d\u00e9cident ensemble des missions \u00e0 mener en mati\u00e8re de gestion de l\u2019eau et des milieux aquatiques sur le bassin.<\/p>\n<\/div>\n<div id=\"toolbarSidebarRight\">\n<div class=\"textwidget\">\n<p>L\u2019EPTB apporte un soutien aux collectivit\u00e9s territoriales pour la r\u00e9alisation d\u2019op\u00e9rations diverses mais compl\u00e9mentaires : restauration des milieux aquatiques, pr\u00e9servation de la biodiversit\u00e9, protection de la ressource, pr\u00e9vention des inondations, \u00e9ducation \u00e0 l\u2019environnement, formation professionnelle\u2026<\/p>\n<p>Il coordonne et veille \u00e0 la coh\u00e9rence de toutes ces actions mises en \u0153uvre sur le bassin de la Sa\u00f4ne et du Doubs.<\/p>\n<\/div>\n<\/div>\n<\/div>\n<hr \/>\n<p>&nbsp;<\/p>\n<h3>Comit\u00e9 de Gestion 2026<\/h3>\n<p><a href=\"https:\/\/www.mairie-poncey-les-athee.fr\/wp-content\/uploads\/CR-EPTB-COGES-janvier-2026.pdf\" target=\"_blank\" rel=\"noopener\"><img loading=\"lazy\" decoding=\"async\" class=\"alignnone wp-image-20542\" src=\"https:\/\/www.mairie-poncey-les-athee.fr\/wp-content\/uploads\/CR-EPTB-COGES-janvier-2026_page-0001-300x169.jpg\" alt=\"\" width=\"682\" height=\"384\" srcset=\"https:\/\/www.mairie-poncey-les-athee.fr\/wp-content\/uploads\/CR-EPTB-COGES-janvier-2026_page-0001-300x169.jpg 300w, https:\/\/www.mairie-poncey-les-athee.fr\/wp-content\/uploads\/CR-EPTB-COGES-janvier-2026_page-0001-1024x576.jpg 1024w, https:\/\/www.mairie-poncey-les-athee.fr\/wp-content\/uploads\/CR-EPTB-COGES-janvier-2026_page-0001-768x432.jpg 768w, https:\/\/www.mairie-poncey-les-athee.fr\/wp-content\/uploads\/CR-EPTB-COGES-janvier-2026_page-0001-1536x864.jpg 1536w, https:\/\/www.mairie-poncey-les-athee.fr\/wp-content\/uploads\/CR-EPTB-COGES-janvier-2026_page-0001-750x422.jpg 750w, https:\/\/www.mairie-poncey-les-athee.fr\/wp-content\/uploads\/CR-EPTB-COGES-janvier-2026_page-0001.jpg 2000w\" sizes=\"auto, (max-width: 682px) 100vw, 682px\" \/><\/a><\/p>\n<h4><a href=\"https:\/\/www.mairie-poncey-les-athee.fr\/wp-content\/uploads\/CR-EPTB-COGES-janvier-2026.pdf\" target=\"_blank\" rel=\"noopener\">CR-EPTB-COGES-janvier-2026.pdf<\/a><\/h4>\n<p>&nbsp;<\/p>\n<div id=\"toolbarSidebar\">\n<div id=\"toolbarSidebarRight\">\n<hr \/>\n<div class=\"textwidget\">\n<div id=\"outerContainer\">\n<h4><\/h4>\n<div id=\"sidebarContainer\">\n<h4>R\u00e9union de l&rsquo;EPTB en mairie de Poncey vendredi 17 janvier 2025<\/h4>\n<p><a href=\"https:\/\/www.mairie-poncey-les-athee.fr\/wp-content\/uploads\/EPTB-2025.jpg\" target=\"_blank\" rel=\"noopener\"><img loading=\"lazy\" decoding=\"async\" class=\"alignnone wp-image-16674\" src=\"https:\/\/www.mairie-poncey-les-athee.fr\/wp-content\/uploads\/EPTB-2025-300x225.jpg\" alt=\"\" width=\"649\" height=\"487\" srcset=\"https:\/\/www.mairie-poncey-les-athee.fr\/wp-content\/uploads\/EPTB-2025-300x225.jpg 300w, https:\/\/www.mairie-poncey-les-athee.fr\/wp-content\/uploads\/EPTB-2025-560x420.jpg 560w, https:\/\/www.mairie-poncey-les-athee.fr\/wp-content\/uploads\/EPTB-2025-768x576.jpg 768w, https:\/\/www.mairie-poncey-les-athee.fr\/wp-content\/uploads\/EPTB-2025-1536x1152.jpg 1536w, https:\/\/www.mairie-poncey-les-athee.fr\/wp-content\/uploads\/EPTB-2025-750x563.jpg 750w, https:\/\/www.mairie-poncey-les-athee.fr\/wp-content\/uploads\/EPTB-2025.jpg 2016w\" sizes=\"auto, (max-width: 649px) 100vw, 649px\" \/><\/a><\/p>\n<p>&nbsp;<\/p>\n<hr \/>\n<div id=\"toolbarSidebar\">\n<div role=\"radiogroup\"><a style=\"font-family: inherit; font-size: 18px; font-weight: bold; background-color: #ffffff;\" href=\"https:\/\/www.mairie-poncey-les-athee.fr\/wp-content\/uploads\/oiseaux-EPTB-titre.jpg\"><img loading=\"lazy\" decoding=\"async\" class=\"alignnone wp-image-13268\" src=\"https:\/\/www.mairie-poncey-les-athee.fr\/wp-content\/uploads\/oiseaux-EPTB-titre-300x300.jpg\" alt=\"\" width=\"223\" height=\"223\" srcset=\"https:\/\/www.mairie-poncey-les-athee.fr\/wp-content\/uploads\/oiseaux-EPTB-titre-300x300.jpg 300w, https:\/\/www.mairie-poncey-les-athee.fr\/wp-content\/uploads\/oiseaux-EPTB-titre-560x560.jpg 560w, https:\/\/www.mairie-poncey-les-athee.fr\/wp-content\/uploads\/oiseaux-EPTB-titre-150x150.jpg 150w, https:\/\/www.mairie-poncey-les-athee.fr\/wp-content\/uploads\/oiseaux-EPTB-titre-768x768.jpg 768w, https:\/\/www.mairie-poncey-les-athee.fr\/wp-content\/uploads\/oiseaux-EPTB-titre-1536x1536.jpg 1536w, https:\/\/www.mairie-poncey-les-athee.fr\/wp-content\/uploads\/oiseaux-EPTB-titre-750x750.jpg 750w, https:\/\/www.mairie-poncey-les-athee.fr\/wp-content\/uploads\/oiseaux-EPTB-titre.jpg 2048w\" sizes=\"auto, (max-width: 223px) 100vw, 223px\" \/><\/a><a style=\"font-family: inherit; font-size: 18px; font-weight: bold; background-color: #ffffff;\" href=\"https:\/\/www.mairie-poncey-les-athee.fr\/wp-content\/uploads\/oiseaux-EPTB.jpg\" target=\"_blank\" rel=\"noopener\"><img loading=\"lazy\" decoding=\"async\" class=\"alignnone wp-image-13269\" src=\"https:\/\/www.mairie-poncey-les-athee.fr\/wp-content\/uploads\/oiseaux-EPTB-300x300.jpg\" alt=\"\" width=\"214\" height=\"214\" srcset=\"https:\/\/www.mairie-poncey-les-athee.fr\/wp-content\/uploads\/oiseaux-EPTB-300x300.jpg 300w, https:\/\/www.mairie-poncey-les-athee.fr\/wp-content\/uploads\/oiseaux-EPTB-560x560.jpg 560w, https:\/\/www.mairie-poncey-les-athee.fr\/wp-content\/uploads\/oiseaux-EPTB-150x150.jpg 150w, https:\/\/www.mairie-poncey-les-athee.fr\/wp-content\/uploads\/oiseaux-EPTB-768x768.jpg 768w, https:\/\/www.mairie-poncey-les-athee.fr\/wp-content\/uploads\/oiseaux-EPTB-1536x1536.jpg 1536w, https:\/\/www.mairie-poncey-les-athee.fr\/wp-content\/uploads\/oiseaux-EPTB-750x750.jpg 750w, https:\/\/www.mairie-poncey-les-athee.fr\/wp-content\/uploads\/oiseaux-EPTB.jpg 2048w\" sizes=\"auto, (max-width: 214px) 100vw, 214px\" \/><\/a><a style=\"font-family: inherit; font-size: 18px; font-weight: bold; background-color: #ffffff;\" href=\"https:\/\/www.mairie-poncey-les-athee.fr\/wp-content\/uploads\/oiseaux-EPTB2.jpg\" target=\"_blank\" rel=\"noopener\"><img loading=\"lazy\" decoding=\"async\" class=\"alignnone wp-image-13270\" src=\"https:\/\/www.mairie-poncey-les-athee.fr\/wp-content\/uploads\/oiseaux-EPTB2-300x300.jpg\" alt=\"\" width=\"215\" height=\"215\" srcset=\"https:\/\/www.mairie-poncey-les-athee.fr\/wp-content\/uploads\/oiseaux-EPTB2-300x300.jpg 300w, https:\/\/www.mairie-poncey-les-athee.fr\/wp-content\/uploads\/oiseaux-EPTB2-560x560.jpg 560w, https:\/\/www.mairie-poncey-les-athee.fr\/wp-content\/uploads\/oiseaux-EPTB2-150x150.jpg 150w, https:\/\/www.mairie-poncey-les-athee.fr\/wp-content\/uploads\/oiseaux-EPTB2-768x768.jpg 768w, https:\/\/www.mairie-poncey-les-athee.fr\/wp-content\/uploads\/oiseaux-EPTB2-1536x1536.jpg 1536w, https:\/\/www.mairie-poncey-les-athee.fr\/wp-content\/uploads\/oiseaux-EPTB2-750x750.jpg 750w, https:\/\/www.mairie-poncey-les-athee.fr\/wp-content\/uploads\/oiseaux-EPTB2.jpg 2048w\" sizes=\"auto, (max-width: 215px) 100vw, 215px\" \/><\/a><\/div>\n<\/div>\n<\/div>\n<\/div>\n<h4 class=\"xyinxu5 x4uap5 x1g2khh7 xkhd6sd\"><\/h4>\n<h3><\/h3>\n<hr \/>\n<h3>Le Projet Lamarche et Poncey (21)<\/h3>\n<h4><a href=\"https:\/\/www.eptb-saone-doubs.fr\/actions\/demarche-conservatoire\/restauration-prairies-forets-inondables\/ens-lamarche-poncey-21\/\" target=\"_blank\" rel=\"noopener\">eptb-saone-doubs.fr\/prairies-forets-inondables\/lamarche\/<\/a><\/h4>\n<h4><a href=\"https:\/\/www.echodescommunes.fr\/actualite_4741_les-espaces-naturels-sensibles-ens-en-cote-d-or-un-enjeu-majeur-pour-les-generations-futures.html\" target=\"_blank\" rel=\"noopener\">echodescommunes.fr\/actualite les-espaces-naturels-sensibles-ens-en-cote-d-or-un-enjeu-majeur-pour-les-generations-futures.<\/a><\/h4>\n<p><a href=\"https:\/\/www.mairie-poncey-les-athee.fr\/wp-content\/uploads\/projet-Lamarche.png\" target=\"_blank\" rel=\"noopener\"><img loading=\"lazy\" decoding=\"async\" class=\"alignnone wp-image-9145\" src=\"https:\/\/www.mairie-poncey-les-athee.fr\/wp-content\/uploads\/projet-Lamarche-300x130.png\" alt=\"\" width=\"708\" height=\"307\" srcset=\"https:\/\/www.mairie-poncey-les-athee.fr\/wp-content\/uploads\/projet-Lamarche-300x130.png 300w, https:\/\/www.mairie-poncey-les-athee.fr\/wp-content\/uploads\/projet-Lamarche-560x243.png 560w, https:\/\/www.mairie-poncey-les-athee.fr\/wp-content\/uploads\/projet-Lamarche-768x333.png 768w, https:\/\/www.mairie-poncey-les-athee.fr\/wp-content\/uploads\/projet-Lamarche-750x326.png 750w, https:\/\/www.mairie-poncey-les-athee.fr\/wp-content\/uploads\/projet-Lamarche.png 1064w\" sizes=\"auto, (max-width: 708px) 100vw, 708px\" \/><\/a><\/p>\n<\/div>\n<\/div>\n<\/div>\n<p><a href=\"https:\/\/www.mairie-poncey-les-athee.fr\/wp-content\/uploads\/EPTB-saone-Doubs.png\" target=\"_blank\" rel=\"noopener\"><img loading=\"lazy\" decoding=\"async\" class=\"alignnone wp-image-4978\" src=\"https:\/\/www.mairie-poncey-les-athee.fr\/wp-content\/uploads\/EPTB-saone-Doubs-300x200.png\" alt=\"EPTB Sa\u00f4ne Doubs\" width=\"713\" height=\"475\" srcset=\"https:\/\/www.mairie-poncey-les-athee.fr\/wp-content\/uploads\/EPTB-saone-Doubs-300x200.png 300w, https:\/\/www.mairie-poncey-les-athee.fr\/wp-content\/uploads\/EPTB-saone-Doubs-560x374.png 560w, https:\/\/www.mairie-poncey-les-athee.fr\/wp-content\/uploads\/EPTB-saone-Doubs-768x513.png 768w, https:\/\/www.mairie-poncey-les-athee.fr\/wp-content\/uploads\/EPTB-saone-Doubs-750x501.png 750w, https:\/\/www.mairie-poncey-les-athee.fr\/wp-content\/uploads\/EPTB-saone-Doubs.png 1131w\" sizes=\"auto, (max-width: 713px) 100vw, 713px\" \/><\/a><\/p>\n<p>&nbsp;<\/p>\n<h3>Les 13 Espaces Naturels Sensibles de C\u00f4te d&rsquo; Or<\/h3>\n<p><a href=\"https:\/\/www.mairie-poncey-les-athee.fr\/wp-content\/uploads\/13-ENS-Cote-dOr.jpg\" target=\"_blank\" rel=\"noopener\"><img loading=\"lazy\" decoding=\"async\" class=\"alignnone wp-image-9476\" src=\"https:\/\/www.mairie-poncey-les-athee.fr\/wp-content\/uploads\/13-ENS-Cote-dOr-267x300.jpg\" alt=\"\" width=\"713\" height=\"802\" srcset=\"https:\/\/www.mairie-poncey-les-athee.fr\/wp-content\/uploads\/13-ENS-Cote-dOr-267x300.jpg 267w, https:\/\/www.mairie-poncey-les-athee.fr\/wp-content\/uploads\/13-ENS-Cote-dOr-498x560.jpg 498w, https:\/\/www.mairie-poncey-les-athee.fr\/wp-content\/uploads\/13-ENS-Cote-dOr.jpg 693w\" sizes=\"auto, (max-width: 713px) 100vw, 713px\" \/><\/a><\/p>\n<h3><\/h3>\n<div id=\"toolbarViewerRight\"><\/div>\n<div class=\"verticalToolbarSeparator hiddenSmallView\"><\/div>\n<div id=\"toolbarViewerMiddle\">\n<div class=\"splitToolbarButton\"><\/div>\n<\/div>\n<div class=\"splitToolbarButtonSeparator\"><\/div>\n<div class=\"toolbar\">\n<div id=\"toolbarContainer\"><\/div>\n<\/div>\n<div id=\"viewerContainer\" tabindex=\"0\">\n<div id=\"viewer\" class=\"pdfViewer\" lang=\"fr-FR\">\n<div class=\"page\" role=\"region\" data-page-number=\"1\" aria-label=\"Page 1\" data-page-label=\"2\" data-loaded=\"true\"><\/div>\n<\/div>\n<\/div>\n<p><br role=\"presentation\" \/><br role=\"presentation\" \/><\/p>\n","protected":false},"excerpt":{"rendered":"","protected":false},"author":2,"featured_media":4920,"parent":2323,"menu_order":2,"comment_status":"closed","ping_status":"closed","template":"","meta":{"footnotes":""},"class_list":["post-4924","page","type-page","status-publish","has-post-thumbnail","hentry","nodate","item-wrap"],"_links":{"self":[{"href":"https:\/\/www.mairie-poncey-les-athee.fr\/index.php?rest_route=\/wp\/v2\/pages\/4924","targetHints":{"allow":["GET"]}}],"collection":[{"href":"https:\/\/www.mairie-poncey-les-athee.fr\/index.php?rest_route=\/wp\/v2\/pages"}],"about":[{"href":"https:\/\/www.mairie-poncey-les-athee.fr\/index.php?rest_route=\/wp\/v2\/types\/page"}],"author":[{"embeddable":true,"href":"https:\/\/www.mairie-poncey-les-athee.fr\/index.php?rest_route=\/wp\/v2\/users\/2"}],"replies":[{"embeddable":true,"href":"https:\/\/www.mairie-poncey-les-athee.fr\/index.php?rest_route=%2Fwp%2Fv2%2Fcomments&post=4924"}],"version-history":[{"count":33,"href":"https:\/\/www.mairie-poncey-les-athee.fr\/index.php?rest_route=\/wp\/v2\/pages\/4924\/revisions"}],"predecessor-version":[{"id":20544,"href":"https:\/\/www.mairie-poncey-les-athee.fr\/index.php?rest_route=\/wp\/v2\/pages\/4924\/revisions\/20544"}],"up":[{"embeddable":true,"href":"https:\/\/www.mairie-poncey-les-athee.fr\/index.php?rest_route=\/wp\/v2\/pages\/2323"}],"wp:featuredmedia":[{"embeddable":true,"href":"https:\/\/www.mairie-poncey-les-athee.fr\/index.php?rest_route=\/wp\/v2\/media\/4920"}],"wp:attachment":[{"href":"https:\/\/www.mairie-poncey-les-athee.fr\/index.php?rest_route=%2Fwp%2Fv2%2Fmedia&parent=4924"}],"curies":[{"name":"wp","href":"https:\/\/api.w.org\/{rel}","templated":true}]}}