{"id":48,"date":"2010-11-26T17:05:13","date_gmt":"2010-11-26T17:05:13","guid":{"rendered":"http:\/\/www.mairie-poncey-les-athee.fr\/?page_id=48"},"modified":"2024-04-27T18:44:39","modified_gmt":"2024-04-27T18:44:39","slug":"histoire","status":"publish","type":"page","link":"https:\/\/www.mairie-poncey-les-athee.fr\/?page_id=48","title":{"rendered":"Histoires du Village"},"content":{"rendered":"<p>Petites histoires Ponc\u00e9ennes!<\/p>\n<p>&nbsp;<\/p>\n<p><!--more--><\/p>\n<p>Dans notre commune, une station d&rsquo;\u00e9l\u00e9vation des eaux surmont\u00e9e d&rsquo;une tour, alimente en eau potable une quarantaine de communes et notamment Dijon. Elle peut produire 80 000 m3 par jour et effectue un traitement qui consiste \u00e0 filtrer le fer et le mangan\u00e8se. Plus de cent puits ont \u00e9t\u00e9 am\u00e9nag\u00e9s en bord de Sa\u00f4ne dans les ann\u00e9es 1930, 1950, 1970 et 1980. Une \u00e9norme vanne install\u00e9e sur une place du village rappelle cette activit\u00e9.<\/p>\n<p><a href=\"https:\/\/www.mairie-poncey-les-athee.fr\/wp-content\/uploads\/Panneau-Poncey.jpg\" target=\"_blank\" rel=\"noopener\"><img loading=\"lazy\" decoding=\"async\" class=\"wp-image-5746 alignnone\" src=\"https:\/\/www.mairie-poncey-les-athee.fr\/wp-content\/uploads\/Panneau-Poncey-300x200.jpg\" alt=\"\" width=\"329\" height=\"219\" \/> \u00a0 \u00a0 \u00a0 \u00a0 \u00a0 <\/a><a style=\"color: #9538c5; outline: 0px;\" href=\"https:\/\/www.mairie-poncey-les-athee.fr\/wp-content\/uploads\/Balance.jpg\" target=\"_blank\" rel=\"noopener\"><img loading=\"lazy\" decoding=\"async\" class=\"wp-image-5738 alignnone\" src=\"https:\/\/www.mairie-poncey-les-athee.fr\/wp-content\/uploads\/Balance-300x225.jpg\" alt=\"\" width=\"293\" height=\"220\" srcset=\"https:\/\/www.mairie-poncey-les-athee.fr\/wp-content\/uploads\/Balance-300x225.jpg 300w, https:\/\/www.mairie-poncey-les-athee.fr\/wp-content\/uploads\/Balance-560x419.jpg 560w, https:\/\/www.mairie-poncey-les-athee.fr\/wp-content\/uploads\/Balance.jpg 700w\" sizes=\"auto, (max-width: 293px) 100vw, 293px\" \/><\/a><a href=\"https:\/\/www.mairie-poncey-les-athee.fr\/wp-content\/uploads\/Balance.jpg\" target=\"_blank\" rel=\"noopener\">\u00a0 <\/a><a href=\"https:\/\/www.mairie-poncey-les-athee.fr\/wp-content\/uploads\/Balance.jpg\" target=\"_blank\" rel=\"noopener\">\u00a0 \u00a0<\/a><\/p>\n<p>C\u00f4t\u00e9 patrimoine, une petite cloche accroch\u00e9e au pignon et une croix en bois moderne accol\u00e9e sur le flanc, permettent d&rsquo;identifier la chapelle am\u00e9nag\u00e9e au XXe si\u00e8cle. Une croix en fer, situ\u00e9e jadis plus bas, pr\u00e8s de la bascule locale disparue, a \u00e9t\u00e9 install\u00e9e devant le lieu de culte.<a href=\"https:\/\/www.mairie-poncey-les-athee.fr\/wp-content\/uploads\/Chapelle.jpg\" target=\"_blank\" rel=\"noopener\"><img loading=\"lazy\" decoding=\"async\" class=\"wp-image-5739 aligncenter\" src=\"https:\/\/www.mairie-poncey-les-athee.fr\/wp-content\/uploads\/Chapelle-300x224.jpg\" alt=\"\" width=\"348\" height=\"260\" srcset=\"https:\/\/www.mairie-poncey-les-athee.fr\/wp-content\/uploads\/Chapelle-300x224.jpg 300w, https:\/\/www.mairie-poncey-les-athee.fr\/wp-content\/uploads\/Chapelle-560x418.jpg 560w, https:\/\/www.mairie-poncey-les-athee.fr\/wp-content\/uploads\/Chapelle.jpg 700w\" sizes=\"auto, (max-width: 348px) 100vw, 348px\" \/><\/a><\/p>\n<p>La mairie-\u00e9cole \u00e9galement du XIXe si\u00e8cle, se distingue avec un joli fronton et son ancien magasin \u00e0 pompes \u00e0 incendie cach\u00e9 sur l&rsquo;arri\u00e8re. Elle voisine l&rsquo;\u00e9cole de filles qui profite aussi de fen\u00eatre ornement\u00e9es.<\/p>\n<p><a href=\"https:\/\/www.mairie-poncey-les-athee.fr\/wp-content\/uploads\/Mairie-ecole.jpg\" target=\"_blank\" rel=\"noopener\"><img loading=\"lazy\" decoding=\"async\" class=\"alignnone wp-image-5740\" src=\"https:\/\/www.mairie-poncey-les-athee.fr\/wp-content\/uploads\/Mairie-ecole-300x211.jpg\" alt=\"\" width=\"244\" height=\"171\" srcset=\"https:\/\/www.mairie-poncey-les-athee.fr\/wp-content\/uploads\/Mairie-ecole-300x211.jpg 300w, https:\/\/www.mairie-poncey-les-athee.fr\/wp-content\/uploads\/Mairie-ecole-560x394.jpg 560w, https:\/\/www.mairie-poncey-les-athee.fr\/wp-content\/uploads\/Mairie-ecole.jpg 700w\" sizes=\"auto, (max-width: 244px) 100vw, 244px\" \/><\/a>\u00a0 \u00a0 <a href=\"https:\/\/www.mairie-poncey-les-athee.fr\/wp-content\/uploads\/Ecole.jpg\" target=\"_blank\" rel=\"noopener\"><img loading=\"lazy\" decoding=\"async\" class=\"alignnone wp-image-5742\" src=\"https:\/\/www.mairie-poncey-les-athee.fr\/wp-content\/uploads\/Ecole-300x229.jpg\" alt=\"\" width=\"225\" height=\"172\" srcset=\"https:\/\/www.mairie-poncey-les-athee.fr\/wp-content\/uploads\/Ecole-300x229.jpg 300w, https:\/\/www.mairie-poncey-les-athee.fr\/wp-content\/uploads\/Ecole-560x427.jpg 560w, https:\/\/www.mairie-poncey-les-athee.fr\/wp-content\/uploads\/Ecole.jpg 700w\" sizes=\"auto, (max-width: 225px) 100vw, 225px\" \/><\/a>\u00a0 <a href=\"https:\/\/www.mairie-poncey-les-athee.fr\/wp-content\/uploads\/Salle-des-Pompes.jpg\" target=\"_blank\" rel=\"noopener\"><img loading=\"lazy\" decoding=\"async\" class=\"alignnone wp-image-5741\" src=\"https:\/\/www.mairie-poncey-les-athee.fr\/wp-content\/uploads\/Salle-des-Pompes-300x225.jpg\" alt=\"\" width=\"229\" height=\"172\" srcset=\"https:\/\/www.mairie-poncey-les-athee.fr\/wp-content\/uploads\/Salle-des-Pompes-300x225.jpg 300w, https:\/\/www.mairie-poncey-les-athee.fr\/wp-content\/uploads\/Salle-des-Pompes-560x419.jpg 560w, https:\/\/www.mairie-poncey-les-athee.fr\/wp-content\/uploads\/Salle-des-Pompes.jpg 700w\" sizes=\"auto, (max-width: 229px) 100vw, 229px\" \/><\/a><\/p>\n<p>C&rsquo;est aussi au XIXe si\u00e8cle qu&rsquo;un barrage \u00e0 aiguilles fut construit sur la Sa\u00f4ne, remplac\u00e9 en 1995 par un ensemble plus moderne implant\u00e9 une dizaine de m\u00e8tres en aval. La rue du Bac elle, rappelle que l&rsquo;on pouvait traverser ici autrefois et jusqu&rsquo;en 1950 \u00e0 l&rsquo;aide de la \u00ab\u00a0plate\u00a0\u00bb, un bac actionn\u00e9 \u00e0 main d&rsquo;hommes. En 1944, les Allemands ayant d\u00e9truit les ponts lors de leur retraite, une partie des troupes du Mar\u00e9chal de Lattre de Tassigny franchit le fleuve gr\u00e2ce \u00e0 lui. Une centaine de m\u00e8tres en aval, on remarque d&rsquo;\u00e9normes anneaux scell\u00e9s dans un mur.<\/p>\n<p><a href=\"https:\/\/www.mairie-poncey-les-athee.fr\/wp-content\/uploads\/Barrage.jpg\" target=\"_blank\" rel=\"noopener\"><img loading=\"lazy\" decoding=\"async\" class=\"alignnone wp-image-5743 \" src=\"https:\/\/www.mairie-poncey-les-athee.fr\/wp-content\/uploads\/Barrage-300x225.jpg\" alt=\"\" width=\"299\" height=\"224\" srcset=\"https:\/\/www.mairie-poncey-les-athee.fr\/wp-content\/uploads\/Barrage-300x225.jpg 300w, https:\/\/www.mairie-poncey-les-athee.fr\/wp-content\/uploads\/Barrage-560x420.jpg 560w, https:\/\/www.mairie-poncey-les-athee.fr\/wp-content\/uploads\/Barrage.jpg 700w\" sizes=\"auto, (max-width: 299px) 100vw, 299px\" \/><\/a>\u00a0 \u00a0 \u00a0 \u00a0 \u00a0 \u00a0 \u00a0 \u00a0 \u00a0 \u00a0 <a href=\"https:\/\/www.mairie-poncey-les-athee.fr\/wp-content\/uploads\/Anneau-saone.jpg\" target=\"_blank\" rel=\"noopener\"><img loading=\"lazy\" decoding=\"async\" class=\"alignnone wp-image-5744 \" src=\"https:\/\/www.mairie-poncey-les-athee.fr\/wp-content\/uploads\/Anneau-saone-300x225.jpg\" alt=\"\" width=\"295\" height=\"221\" srcset=\"https:\/\/www.mairie-poncey-les-athee.fr\/wp-content\/uploads\/Anneau-saone-300x225.jpg 300w, https:\/\/www.mairie-poncey-les-athee.fr\/wp-content\/uploads\/Anneau-saone-560x419.jpg 560w, https:\/\/www.mairie-poncey-les-athee.fr\/wp-content\/uploads\/Anneau-saone.jpg 700w\" sizes=\"auto, (max-width: 295px) 100vw, 295px\" \/><\/a><\/p>\n<p>Cach\u00e9 dans son parc, le ch\u00e2teau, n&rsquo;est qu&rsquo;une maison de ma\u00eetre \u00ab\u00a0Belle \u00c9poque\u00a0\u00bb cal\u00e9e en bord de Sa\u00f4ne. Sur le petit pont voisin, un m\u00e9daillon rappelle la hauteur d&rsquo;eau de la crue de 1982.<br \/>\n\u00c0 l&rsquo;ouest, on trouve toujours une maison de passage \u00e0 niveau de la ligne de Gray \u00e0 Chalon-sur-Sa\u00f4ne.<a href=\"https:\/\/www.mairie-poncey-les-athee.fr\/wp-content\/uploads\/Crue-1982.jpg\" target=\"_blank\" rel=\"noopener\"><img loading=\"lazy\" decoding=\"async\" class=\"aligncenter wp-image-5745\" src=\"https:\/\/www.mairie-poncey-les-athee.fr\/wp-content\/uploads\/Crue-1982-300x225.jpg\" alt=\"\" width=\"290\" height=\"218\" srcset=\"https:\/\/www.mairie-poncey-les-athee.fr\/wp-content\/uploads\/Crue-1982-300x225.jpg 300w, https:\/\/www.mairie-poncey-les-athee.fr\/wp-content\/uploads\/Crue-1982-560x419.jpg 560w, https:\/\/www.mairie-poncey-les-athee.fr\/wp-content\/uploads\/Crue-1982.jpg 700w\" sizes=\"auto, (max-width: 290px) 100vw, 290px\" \/><\/a><\/p>\n<p>Deux moulins s&rsquo;activaient jadis sur le territoire de la commune ainsi que la laiterie Rabier qui produisait cr\u00e8me, beurre et fromage, dont la c\u00e9l\u00e8bre cancoillotte et le \u00ab\u00a0Petit Poncey\u00a0\u00bb.<br \/>\nDu c\u00f4t\u00e9 des traditions, les enfants se \u00ab\u00a0faisaient beaux\u00a0\u00bb pour Mardi Gras, puis le lendemain, se recouvraient de paille. Appel\u00e9s les \u00ab\u00a0Peuts\u00a0\u00bb, ils partaient noyer monsieur Carnaval dans la Sa\u00f4ne.<br \/>\n<strong>Andr\u00e9 Beuchot<\/strong><\/p>\n<hr \/>\n<p>&nbsp;<\/p>\n<p><a href=\"https:\/\/www.mairie-poncey-les-athee.fr\/wp-content\/uploads\/autrefois-Poncey.png\" target=\"_blank\" rel=\"noopener\"><img loading=\"lazy\" decoding=\"async\" class=\"wp-image-13694 aligncenter\" src=\"https:\/\/www.mairie-poncey-les-athee.fr\/wp-content\/uploads\/autrefois-Poncey-205x300.png\" alt=\"\" width=\"684\" height=\"1001\" srcset=\"https:\/\/www.mairie-poncey-les-athee.fr\/wp-content\/uploads\/autrefois-Poncey-205x300.png 205w, https:\/\/www.mairie-poncey-les-athee.fr\/wp-content\/uploads\/autrefois-Poncey-382x560.png 382w, https:\/\/www.mairie-poncey-les-athee.fr\/wp-content\/uploads\/autrefois-Poncey.png 516w\" sizes=\"auto, (max-width: 684px) 100vw, 684px\" \/><\/a><\/p>\n<p>&nbsp;<\/p>\n<hr \/>\n<p><a href=\"https:\/\/www.mairie-poncey-les-athee.fr\/wp-content\/uploads\/Maires-Poncey.png\" target=\"_blank\" rel=\"noopener\"><img loading=\"lazy\" decoding=\"async\" class=\"wp-image-13693 aligncenter\" src=\"https:\/\/www.mairie-poncey-les-athee.fr\/wp-content\/uploads\/Maires-Poncey-208x300.png\" alt=\"\" width=\"613\" height=\"884\" srcset=\"https:\/\/www.mairie-poncey-les-athee.fr\/wp-content\/uploads\/Maires-Poncey-208x300.png 208w, https:\/\/www.mairie-poncey-les-athee.fr\/wp-content\/uploads\/Maires-Poncey-388x560.png 388w\" sizes=\"auto, (max-width: 613px) 100vw, 613px\" \/><\/a><\/p>\n<hr \/>\n<h3>Eug\u00e8ne Guillemotte<\/h3>\n<p style=\"text-align: left;\"><a href=\"https:\/\/www.mairie-poncey-les-athee.fr\/wp-content\/uploads\/Guillemotte.png\" target=\"_blank\" rel=\"noopener\"><img loading=\"lazy\" decoding=\"async\" class=\"alignleft wp-image-5002\" src=\"https:\/\/www.mairie-poncey-les-athee.fr\/wp-content\/uploads\/Guillemotte-208x300.png\" alt=\"Guillemotte\" width=\"576\" height=\"830\" srcset=\"https:\/\/www.mairie-poncey-les-athee.fr\/wp-content\/uploads\/Guillemotte-208x300.png 208w, https:\/\/www.mairie-poncey-les-athee.fr\/wp-content\/uploads\/Guillemotte-388x560.png 388w\" sizes=\"auto, (max-width: 576px) 100vw, 576px\" \/><\/a><a href=\"https:\/\/www.mairie-poncey-les-athee.fr\/wp-content\/uploads\/Guillemotte2.png\" target=\"_blank\" rel=\"noopener\"><img loading=\"lazy\" decoding=\"async\" class=\"alignleft wp-image-5003\" src=\"https:\/\/www.mairie-poncey-les-athee.fr\/wp-content\/uploads\/Guillemotte2-219x300.png\" alt=\"Guillemotte2\" width=\"578\" height=\"792\" srcset=\"https:\/\/www.mairie-poncey-les-athee.fr\/wp-content\/uploads\/Guillemotte2-219x300.png 219w, https:\/\/www.mairie-poncey-les-athee.fr\/wp-content\/uploads\/Guillemotte2-409x560.png 409w, https:\/\/www.mairie-poncey-les-athee.fr\/wp-content\/uploads\/Guillemotte2.png 549w\" sizes=\"auto, (max-width: 578px) 100vw, 578px\" \/><\/a><\/p>\n","protected":false},"excerpt":{"rendered":"<p>Petites histoires Ponc\u00e9ennes! &nbsp;<\/p><p><a class=\"more-link btn\" href=\"https:\/\/www.mairie-poncey-les-athee.fr\/?page_id=48\">Lire la suite<\/a><\/p>\n","protected":false},"author":2,"featured_media":5746,"parent":18,"menu_order":2,"comment_status":"closed","ping_status":"closed","template":"","meta":{"footnotes":""},"class_list":["post-48","page","type-page","status-publish","has-post-thumbnail","hentry","nodate","item-wrap"],"_links":{"self":[{"href":"https:\/\/www.mairie-poncey-les-athee.fr\/index.php?rest_route=\/wp\/v2\/pages\/48","targetHints":{"allow":["GET"]}}],"collection":[{"href":"https:\/\/www.mairie-poncey-les-athee.fr\/index.php?rest_route=\/wp\/v2\/pages"}],"about":[{"href":"https:\/\/www.mairie-poncey-les-athee.fr\/index.php?rest_route=\/wp\/v2\/types\/page"}],"author":[{"embeddable":true,"href":"https:\/\/www.mairie-poncey-les-athee.fr\/index.php?rest_route=\/wp\/v2\/users\/2"}],"replies":[{"embeddable":true,"href":"https:\/\/www.mairie-poncey-les-athee.fr\/index.php?rest_route=%2Fwp%2Fv2%2Fcomments&post=48"}],"version-history":[{"count":19,"href":"https:\/\/www.mairie-poncey-les-athee.fr\/index.php?rest_route=\/wp\/v2\/pages\/48\/revisions"}],"predecessor-version":[{"id":13699,"href":"https:\/\/www.mairie-poncey-les-athee.fr\/index.php?rest_route=\/wp\/v2\/pages\/48\/revisions\/13699"}],"up":[{"embeddable":true,"href":"https:\/\/www.mairie-poncey-les-athee.fr\/index.php?rest_route=\/wp\/v2\/pages\/18"}],"wp:featuredmedia":[{"embeddable":true,"href":"https:\/\/www.mairie-poncey-les-athee.fr\/index.php?rest_route=\/wp\/v2\/media\/5746"}],"wp:attachment":[{"href":"https:\/\/www.mairie-poncey-les-athee.fr\/index.php?rest_route=%2Fwp%2Fv2%2Fmedia&parent=48"}],"curies":[{"name":"wp","href":"https:\/\/api.w.org\/{rel}","templated":true}]}}