{"id":46,"date":"2010-11-26T17:04:30","date_gmt":"2010-11-26T17:04:30","guid":{"rendered":"http:\/\/www.mairie-poncey-les-athee.fr\/?page_id=46"},"modified":"2026-03-22T16:43:45","modified_gmt":"2026-03-22T16:43:45","slug":"deces","status":"publish","type":"page","link":"https:\/\/www.mairie-poncey-les-athee.fr\/?page_id=46","title":{"rendered":"D\u00e9c\u00e8s"},"content":{"rendered":"<p>2018, 2019, 2020, 2021, 2022, 2023, 2024, 2025 et 2026<\/p>\n<p><!--more--><\/p>\n<h3><a href=\"https:\/\/www.mairie-poncey-les-athee.fr\/wp-content\/uploads\/kisspng-nadeath-condolences.png\"><img loading=\"lazy\" decoding=\"async\" class=\"wp-image-4476 alignnone\" src=\"https:\/\/www.mairie-poncey-les-athee.fr\/wp-content\/uploads\/kisspng-nadeath-condolences-497x560.png\" alt=\"Logo D\u00e9c\u00e8s\" width=\"83\" height=\"94\" srcset=\"https:\/\/www.mairie-poncey-les-athee.fr\/wp-content\/uploads\/kisspng-nadeath-condolences-497x560.png 497w, https:\/\/www.mairie-poncey-les-athee.fr\/wp-content\/uploads\/kisspng-nadeath-condolences-266x300.png 266w, https:\/\/www.mairie-poncey-les-athee.fr\/wp-content\/uploads\/kisspng-nadeath-condolences.png 692w\" sizes=\"auto, (max-width: 83px) 100vw, 83px\" \/><\/a><\/h3>\n<p>&nbsp;<\/p>\n<h3><span style=\"color: #808080;\">2026<\/span><\/h3>\n<h3><span style=\"color: #808080;\">2025<\/span><\/h3>\n<ol>\n<li>LEMOINE Serge, Henri, Roger (67 ans), d\u00e9c\u00e9d\u00e9 le 17 janvier \u00e0 Poncey<\/li>\n<li>LE NOIR Eric, G\u00e9rard, Eug\u00e8ne (57 ans), d\u00e9c\u00e9d\u00e9 le 20 janvier \u00e0 Poncey<\/li>\n<li>PERRON Marie-Rose, Marguerite (n\u00e9e Kergoat) (92 ans), d\u00e9c\u00e9d\u00e9e le 01 ao\u00fbt<\/li>\n<li>LOSSINGER Simone, Marcelle, Georgette (n\u00e9e Cl\u00e9ment) (88 ans), d\u00e9c\u00e9d\u00e9e le 26 novembre<\/li>\n<\/ol>\n<h3><span style=\"color: #808080;\">\u00a02024<\/span><\/h3>\n<ol>\n<li>TANNIERE Yves, Georges, Jean, Louis, d\u00e9c\u00e9d\u00e9 le 04 avril \u00e0 Poncey<\/li>\n<li>LANAUD Gilberte, Suzanne (n\u00e9e Dullier), d\u00e9c\u00e9d\u00e9e le 11 avril \u00e0 Ath\u00e9e<\/li>\n<li>JANVIER Alexandre d\u00e9c\u00e9d\u00e9 le 23 juillet \u00e0 Dijon<\/li>\n<\/ol>\n<h3><span style=\"color: #808080;\">\u00a02023<\/span><\/h3>\n<ol>\n<li>BOUTEILLEY Monique, d\u00e9c\u00e9d\u00e9e le 18 janvier<\/li>\n<li>GODIN Maxime, d\u00e9c\u00e9d\u00e9 le 31 janvier<\/li>\n<li>PERRON Christian, d\u00e9c\u00e9d\u00e9 le 18 f\u00e9vrier \u00e0 Dijon<\/li>\n<li>CAPLET Florent, d\u00e9c\u00e9d\u00e9 le 29 novembre<\/li>\n<\/ol>\n<h3><span style=\"color: #808080;\">\u00a02022<\/span><\/h3>\n<ol>\n<li>AVARRE No\u00ebl, Marcel, d\u00e9c\u00e9d\u00e9 le 02 f\u00e9vrier \u00e0 Dijon<\/li>\n<li>URBAIN Dominique, Jos\u00e9e, d\u00e9c\u00e9d\u00e9e le 26 ao\u00fbt<\/li>\n<li>GENUER Marie, Emma, Armande (n\u00e9e Devillard), d\u00e9c\u00e9d\u00e9e le 02 octobre<\/li>\n<li>ANTOINE Yvonne (n\u00e9e Van\u00e7on), d\u00e9c\u00e9d\u00e9e le 13 d\u00e9cembre<\/li>\n<li>LAGGOUN Christian, Ren\u00e9, d\u00e9c\u00e9d\u00e9 le 28 d\u00e9cembre \u00e0 Auxonne<\/li>\n<\/ol>\n<h3><span style=\"color: #808080;\">\u00a02021<\/span><\/h3>\n<ol>\n<li>LEBAULT Daniel, Louis, Aristide, d\u00e9c\u00e9d\u00e9 le 02 f\u00e9vrier \u00e0 Dijon<\/li>\n<li>\u00a0LUCOT Gilles, d\u00e9c\u00e9d\u00e9 le 29 mai<\/li>\n<li>CLABAULT C\u00e9dric, J\u00e9r\u00f4me, Alfred, d\u00e9c\u00e9d\u00e9 le 02 juin<\/li>\n<li>COLLIN Lucette, Alice, d\u00e9c\u00e9d\u00e9e le 24 septembre<\/li>\n<li>FAIVRE Herv\u00e9, Jacques, Camille, d\u00e9c\u00e9d\u00e9 le 31 d\u00e9cembre<\/li>\n<\/ol>\n<h3><span style=\"color: #808080;\">\u00a02020<\/span><\/h3>\n<ol>\n<li>\u00a0LOSSINGER Michel, Pierre, Louis, d\u00e9c\u00e9d\u00e9 le 25 janvier<\/li>\n<li>\u00a0COLLIN Suzanne, d\u00e9c\u00e9d\u00e9e le 29 janvier<\/li>\n<li>\u00a0COLLIN Denis, Jean, d\u00e9c\u00e9d\u00e9 le 05 f\u00e9vrier<\/li>\n<li>\u00a0XERRI Micheline (veuve NAULIER), d\u00e9c\u00e9d\u00e9e le 11 avril<\/li>\n<li>\u00a0LUTZ Jean, Robert, Bernard, d\u00e9c\u00e9d\u00e9 le 13 mai<\/li>\n<li>\u00a0LANCHON Christophe, Robert, d\u00e9c\u00e9d\u00e9 le 18 mai<\/li>\n<li>\u00a0BLESSING Marie, Th\u00e9r\u00e8se, Germaine, d\u00e9c\u00e9d\u00e9e le 13 juillet<\/li>\n<li>\u00a0BAUDRY Roger, Germain d\u00e9c\u00e9d\u00e9 le 23 octobre<\/li>\n<li>\u00a0GUELDRY Pierre, Bernard, d\u00e9c\u00e9d\u00e9 le 26 d\u00e9cembre \u00e0 Dole<\/li>\n<\/ol>\n<h3><span style=\"color: #808080;\">\u00a02019<\/span><\/h3>\n<ol>\n<li>VITRY Raymond, Arthur, d\u00e9c\u00e9d\u00e9 le 09 novembre<\/li>\n<\/ol>\n<h3><span style=\"color: #808080;\">\u00a02018<\/span><\/h3>\n<ol>\n<li>GUEDENET Odette, Andr\u00e9e, d\u00e9c\u00e9d\u00e9e le 02 janvier<\/li>\n<li>DULLIER Madeleine, Marcelle, d\u00e9c\u00e9d\u00e9e le 07 mars<\/li>\n<li>PERRON Roger, d\u00e9c\u00e9d\u00e9 le 23 juin<\/li>\n<li>MARTINIEN Maurice, Henri, Louis d\u00e9c\u00e9d\u00e9 le 13 juillet<\/li>\n<\/ol>\n","protected":false},"excerpt":{"rendered":"<p>2018, 2019, 2020, 2021, 2022, 2023, 2024, 2025 et 2026<\/p><p><a class=\"more-link btn\" href=\"https:\/\/www.mairie-poncey-les-athee.fr\/?page_id=46\">Lire la suite<\/a><\/p>\n","protected":false},"author":2,"featured_media":0,"parent":38,"menu_order":2,"comment_status":"closed","ping_status":"closed","template":"","meta":{"footnotes":""},"class_list":["post-46","page","type-page","status-publish","hentry","nodate","item-wrap"],"_links":{"self":[{"href":"https:\/\/www.mairie-poncey-les-athee.fr\/index.php?rest_route=\/wp\/v2\/pages\/46","targetHints":{"allow":["GET"]}}],"collection":[{"href":"https:\/\/www.mairie-poncey-les-athee.fr\/index.php?rest_route=\/wp\/v2\/pages"}],"about":[{"href":"https:\/\/www.mairie-poncey-les-athee.fr\/index.php?rest_route=\/wp\/v2\/types\/page"}],"author":[{"embeddable":true,"href":"https:\/\/www.mairie-poncey-les-athee.fr\/index.php?rest_route=\/wp\/v2\/users\/2"}],"replies":[{"embeddable":true,"href":"https:\/\/www.mairie-poncey-les-athee.fr\/index.php?rest_route=%2Fwp%2Fv2%2Fcomments&post=46"}],"version-history":[{"count":90,"href":"https:\/\/www.mairie-poncey-les-athee.fr\/index.php?rest_route=\/wp\/v2\/pages\/46\/revisions"}],"predecessor-version":[{"id":21093,"href":"https:\/\/www.mairie-poncey-les-athee.fr\/index.php?rest_route=\/wp\/v2\/pages\/46\/revisions\/21093"}],"up":[{"embeddable":true,"href":"https:\/\/www.mairie-poncey-les-athee.fr\/index.php?rest_route=\/wp\/v2\/pages\/38"}],"wp:attachment":[{"href":"https:\/\/www.mairie-poncey-les-athee.fr\/index.php?rest_route=%2Fwp%2Fv2%2Fmedia&parent=46"}],"curies":[{"name":"wp","href":"https:\/\/api.w.org\/{rel}","templated":true}]}}