{"id":4564,"date":"2022-08-03T12:23:01","date_gmt":"2022-08-03T12:23:01","guid":{"rendered":"http:\/\/www.mairie-poncey-les-athee.fr\/?page_id=4564"},"modified":"2026-03-09T19:49:44","modified_gmt":"2026-03-09T19:49:44","slug":"cimetiere","status":"publish","type":"page","link":"https:\/\/www.mairie-poncey-les-athee.fr\/?page_id=4564","title":{"rendered":"Cimeti\u00e8re"},"content":{"rendered":"<h3><span style=\"color: #0000ff;\">\u00a0 \u00a0 \u00a0 \u00a0 \u00a0 \u00a0 \u00a0 \u00a0 \u00a0 \u00a0Tarifs 2024 des Concessions, Columbarium et Cavurne<\/span><\/h3>\n<h4><a href=\"https:\/\/www.mairie-poncey-les-athee.fr\/wp-content\/uploads\/IMG_1582.jpg\" target=\"_blank\" rel=\"noopener\"><img loading=\"lazy\" decoding=\"async\" class=\"wp-image-4585 aligncenter\" src=\"https:\/\/www.mairie-poncey-les-athee.fr\/wp-content\/uploads\/IMG_1582-560x420.jpg\" alt=\"Cimeti\u00e8re Poncey\" width=\"454\" height=\"341\" srcset=\"https:\/\/www.mairie-poncey-les-athee.fr\/wp-content\/uploads\/IMG_1582-560x420.jpg 560w, https:\/\/www.mairie-poncey-les-athee.fr\/wp-content\/uploads\/IMG_1582-300x225.jpg 300w, https:\/\/www.mairie-poncey-les-athee.fr\/wp-content\/uploads\/IMG_1582-768x576.jpg 768w, https:\/\/www.mairie-poncey-les-athee.fr\/wp-content\/uploads\/IMG_1582-1536x1152.jpg 1536w, https:\/\/www.mairie-poncey-les-athee.fr\/wp-content\/uploads\/IMG_1582-750x563.jpg 750w, https:\/\/www.mairie-poncey-les-athee.fr\/wp-content\/uploads\/IMG_1582.jpg 2016w\" sizes=\"auto, (max-width: 454px) 100vw, 454px\" \/><\/a><\/h4>\n<h4><span style=\"color: #0000ff;\">Concessions:<\/span><\/h4>\n<h4>200\u20ac\u00a0 pour 15 ans\u00a0 \u00a0 \u00a0 \u00a0 \u00a0 \u00a0 \u00a0 \u00a0 \u00a0 \u00a0 \u00a0 \u00a0 \u00a0 \u00a0 \u00a0 \u00a0 \u00a0 \u00a0 \u00a0 \u00a0 \u00a0 \u00a0 \u00a0 \u00a0 \u00a0 \u00a0 \u00a0 \u00a0 \u00a0 \u00a0 \u00a0 \u00a0 \u00a0 \u00a0 \u00a0 \u00a0 \u00a0 \u00a0 \u00a0 \u00a0 \u00a0 \u00a0 \u00a0 \u00a0 \u00a0 \u00a0 \u00a0 \u00a0 \u00a0 \u00a0 \u00a0 \u00a0 \u00a0 \u00a0 \u00a0 \u00a0 \u00a0 \u00a0 \u00a0 \u00a0 \u00a0 \u00a0 \u00a0 \u00a0 \u00a0 \u00a0 \u00a0 \u00a0 \u00a0 \u00a0 \u00a0 \u00a0 \u00a0 \u00a0 \u00a0 \u00a0 \u00a0 \u00a0 \u00a0 \u00a0 \u00a0 \u00a0 \u00a0 \u00a0 \u00a0 \u00a0 \u00a0 \u00a0 400\u20ac\u00a0 pour 30 ans\u00a0 \u00a0 \u00a0 \u00a0 \u00a0 \u00a0 \u00a0 \u00a0 \u00a0 \u00a0 \u00a0 \u00a0 \u00a0 \u00a0 \u00a0 \u00a0 \u00a0 \u00a0 \u00a0 \u00a0 \u00a0 \u00a0 \u00a0 \u00a0 \u00a0 \u00a0 \u00a0 \u00a0 \u00a0 \u00a0 \u00a0 \u00a0 \u00a0 \u00a0 \u00a0 \u00a0 \u00a0 \u00a0 \u00a0 \u00a0 \u00a0 \u00a0 \u00a0 \u00a0 \u00a0 \u00a0 \u00a0 \u00a0 \u00a0 \u00a0 \u00a0 \u00a0 \u00a0 \u00a0 \u00a0 \u00a0 \u00a0 \u00a0 \u00a0 \u00a0 \u00a0 \u00a0 \u00a0 \u00a0 \u00a0 \u00a0 \u00a0 \u00a0 \u00a0 \u00a0 \u00a0 \u00a0 \u00a0 \u00a0 \u00a0 \u00a0 \u00a0 \u00a0 \u00a0 \u00a0 \u00a0 \u00a0 \u00a0 \u00a0 \u00a0 \u00a0 666\u20ac\u00a0 pour 50 ans<\/h4>\n<h4><span style=\"color: #0000ff;\">Columbarium, Cavurne:<\/span><\/h4>\n<h4>100\u20ac +100\u20ac de droit d&rsquo;entr\u00e9e pour 15 ans\u00a0 \u00a0 \u00a0 \u00a0 \u00a0 \u00a0 \u00a0 \u00a0 \u00a0 \u00a0 \u00a0 \u00a0 \u00a0 \u00a0 \u00a0 \u00a0 \u00a0 \u00a0 \u00a0 \u00a0 \u00a0 \u00a0 \u00a0 \u00a0 \u00a0 \u00a0 \u00a0 \u00a0 \u00a0 \u00a0 \u00a0 \u00a0 \u00a0 \u00a0 \u00a0 \u00a0 \u00a0 \u00a0 \u00a0 \u00a0 \u00a0 \u00a0 \u00a0 \u00a0 \u00a0 \u00a0 \u00a0 \u00a0 \u00a0 \u00a0 \u00a0 \u00a0 \u00a0 \u00a0 \u00a0 \u00a0 \u00a0 \u00a0 \u00a0 \u00a0 200\u20ac +100\u20ac de droit d&rsquo;entr\u00e9e pour 30 ans\u00a0 \u00a0 \u00a0 \u00a0 \u00a0 \u00a0 \u00a0 \u00a0 \u00a0 \u00a0 \u00a0 \u00a0 \u00a0 \u00a0 \u00a0 \u00a0 \u00a0 \u00a0 \u00a0 \u00a0 \u00a0 \u00a0 \u00a0 \u00a0 \u00a0 \u00a0 \u00a0 \u00a0 \u00a0 \u00a0 \u00a0 \u00a0 \u00a0 \u00a0 \u00a0 \u00a0 \u00a0 \u00a0 \u00a0 \u00a0 \u00a0 \u00a0 \u00a0 \u00a0 \u00a0 \u00a0 \u00a0 \u00a0 \u00a0 \u00a0 \u00a0 \u00a0 \u00a0 \u00a0 \u00a0 \u00a0 \u00a0 \u00a0 \u00a0 \u00a0 333\u20ac +100\u20ac de droit d&rsquo;entr\u00e9e pour 50 ans<\/h4>\n<h4><strong>Pour toutes informations compl\u00e9mentaires, contacter le secr\u00e9tariat de Mairie:\u00a0 \u00a0 \u00a0 \u00a0 \u00a0 \u00a0 \u00a0 \u00a0 \u00a0 \u00a0 \u00a0 03 80 47 16 79<\/strong><\/h4>\n<p>&nbsp;<\/p>\n<hr \/>\n<h3><span style=\"color: #0000ff;\">Proc\u00e9dure de reprise des Concessions \u00e0 l&rsquo;\u00e9tat d&rsquo;abandon<\/span><\/h3>\n<p><a href=\"https:\/\/www.mairie-poncey-les-athee.fr\/wp-content\/uploads\/PONCEY-LES-ATHEE-L3_page-0001.jpg\" target=\"_blank\" rel=\"noopener\"><img loading=\"lazy\" decoding=\"async\" class=\"alignnone wp-image-20906\" src=\"https:\/\/www.mairie-poncey-les-athee.fr\/wp-content\/uploads\/PONCEY-LES-ATHEE-L3_page-0001-212x300.jpg\" alt=\"\" width=\"345\" height=\"488\" srcset=\"https:\/\/www.mairie-poncey-les-athee.fr\/wp-content\/uploads\/PONCEY-LES-ATHEE-L3_page-0001-212x300.jpg 212w, https:\/\/www.mairie-poncey-les-athee.fr\/wp-content\/uploads\/PONCEY-LES-ATHEE-L3_page-0001-543x768.jpg 543w, https:\/\/www.mairie-poncey-les-athee.fr\/wp-content\/uploads\/PONCEY-LES-ATHEE-L3_page-0001-768x1085.jpg 768w, https:\/\/www.mairie-poncey-les-athee.fr\/wp-content\/uploads\/PONCEY-LES-ATHEE-L3_page-0001-1087x1536.jpg 1087w, https:\/\/www.mairie-poncey-les-athee.fr\/wp-content\/uploads\/PONCEY-LES-ATHEE-L3_page-0001-750x1060.jpg 750w, https:\/\/www.mairie-poncey-les-athee.fr\/wp-content\/uploads\/PONCEY-LES-ATHEE-L3_page-0001.jpg 1241w\" sizes=\"auto, (max-width: 345px) 100vw, 345px\" \/>\u00a0\u00a0\u00a0\u00a0\u00a0\u00a0\u00a0 <\/a><a href=\"https:\/\/www.mairie-poncey-les-athee.fr\/wp-content\/uploads\/PONCEY-LES-ATHEE-L3_page-0002.jpg\" target=\"_blank\" rel=\"noopener\"><img loading=\"lazy\" decoding=\"async\" class=\"alignnone wp-image-20907\" src=\"https:\/\/www.mairie-poncey-les-athee.fr\/wp-content\/uploads\/PONCEY-LES-ATHEE-L3_page-0002-212x300.jpg\" alt=\"\" width=\"344\" height=\"487\" srcset=\"https:\/\/www.mairie-poncey-les-athee.fr\/wp-content\/uploads\/PONCEY-LES-ATHEE-L3_page-0002-212x300.jpg 212w, https:\/\/www.mairie-poncey-les-athee.fr\/wp-content\/uploads\/PONCEY-LES-ATHEE-L3_page-0002-543x768.jpg 543w, https:\/\/www.mairie-poncey-les-athee.fr\/wp-content\/uploads\/PONCEY-LES-ATHEE-L3_page-0002-768x1085.jpg 768w, https:\/\/www.mairie-poncey-les-athee.fr\/wp-content\/uploads\/PONCEY-LES-ATHEE-L3_page-0002-1087x1536.jpg 1087w, https:\/\/www.mairie-poncey-les-athee.fr\/wp-content\/uploads\/PONCEY-LES-ATHEE-L3_page-0002-750x1060.jpg 750w, https:\/\/www.mairie-poncey-les-athee.fr\/wp-content\/uploads\/PONCEY-LES-ATHEE-L3_page-0002.jpg 1241w\" sizes=\"auto, (max-width: 344px) 100vw, 344px\" \/><\/a><\/p>\n<p><a href=\"https:\/\/www.mairie-poncey-les-athee.fr\/wp-content\/uploads\/PONCEY-LES-ATHEE-PLAN-ADPDR3_page-0001-rotated-e1773085756834.jpg\" target=\"_blank\" rel=\"noopener\"><img loading=\"lazy\" decoding=\"async\" class=\"alignnone wp-image-20908 \" src=\"https:\/\/www.mairie-poncey-les-athee.fr\/wp-content\/uploads\/PONCEY-LES-ATHEE-PLAN-ADPDR3_page-0001-rotated-e1773085756834-300x276.jpg\" alt=\"\" width=\"698\" height=\"642\" srcset=\"https:\/\/www.mairie-poncey-les-athee.fr\/wp-content\/uploads\/PONCEY-LES-ATHEE-PLAN-ADPDR3_page-0001-rotated-e1773085756834-300x276.jpg 300w, https:\/\/www.mairie-poncey-les-athee.fr\/wp-content\/uploads\/PONCEY-LES-ATHEE-PLAN-ADPDR3_page-0001-rotated-e1773085756834-835x768.jpg 835w, https:\/\/www.mairie-poncey-les-athee.fr\/wp-content\/uploads\/PONCEY-LES-ATHEE-PLAN-ADPDR3_page-0001-rotated-e1773085756834-768x706.jpg 768w, https:\/\/www.mairie-poncey-les-athee.fr\/wp-content\/uploads\/PONCEY-LES-ATHEE-PLAN-ADPDR3_page-0001-rotated-e1773085756834-1536x1413.jpg 1536w, https:\/\/www.mairie-poncey-les-athee.fr\/wp-content\/uploads\/PONCEY-LES-ATHEE-PLAN-ADPDR3_page-0001-rotated-e1773085756834-750x690.jpg 750w, https:\/\/www.mairie-poncey-les-athee.fr\/wp-content\/uploads\/PONCEY-LES-ATHEE-PLAN-ADPDR3_page-0001-rotated-e1773085756834.jpg 1903w\" sizes=\"auto, (max-width: 698px) 100vw, 698px\" \/><\/a><\/p>\n<p>&nbsp;<\/p>\n<p><a href=\"https:\/\/www.mairie-poncey-les-athee.fr\/wp-content\/uploads\/PONCEY-cimetiere_page-0001.jpg\" target=\"_blank\" rel=\"noopener\"><img loading=\"lazy\" decoding=\"async\" class=\"alignnone wp-image-13717 \" src=\"https:\/\/www.mairie-poncey-les-athee.fr\/wp-content\/uploads\/PONCEY-cimetiere_page-0001-212x300.jpg\" sizes=\"auto, (max-width: 212px) 100vw, 212px\" srcset=\"https:\/\/www.mairie-poncey-les-athee.fr\/wp-content\/uploads\/PONCEY-cimetiere_page-0001-212x300.jpg 212w, https:\/\/www.mairie-poncey-les-athee.fr\/wp-content\/uploads\/PONCEY-cimetiere_page-0001-396x560.jpg 396w, https:\/\/www.mairie-poncey-les-athee.fr\/wp-content\/uploads\/PONCEY-cimetiere_page-0001-768x1086.jpg 768w, https:\/\/www.mairie-poncey-les-athee.fr\/wp-content\/uploads\/PONCEY-cimetiere_page-0001-1086x1536.jpg 1086w, https:\/\/www.mairie-poncey-les-athee.fr\/wp-content\/uploads\/PONCEY-cimetiere_page-0001-750x1061.jpg 750w, https:\/\/www.mairie-poncey-les-athee.fr\/wp-content\/uploads\/PONCEY-cimetiere_page-0001.jpg 1241w\" alt=\"\" width=\"268\" height=\"379\" \/> \u00a0 \u00a0 \u00a0 \u00a0 \u00a0<\/a><a href=\"https:\/\/www.mairie-poncey-les-athee.fr\/wp-content\/uploads\/PONCEY-cimetiere_page-0001.jpg\" target=\"_blank\" rel=\"noopener\">\u00a0\u00a0<\/a><a href=\"https:\/\/www.mairie-poncey-les-athee.fr\/wp-content\/uploads\/PONCEY-cimetiere_page-0002.jpg\" target=\"_blank\" rel=\"noopener\"><img loading=\"lazy\" decoding=\"async\" class=\"alignnone wp-image-13718 \" src=\"https:\/\/www.mairie-poncey-les-athee.fr\/wp-content\/uploads\/PONCEY-cimetiere_page-0002-212x300.jpg\" sizes=\"auto, (max-width: 212px) 100vw, 212px\" srcset=\"https:\/\/www.mairie-poncey-les-athee.fr\/wp-content\/uploads\/PONCEY-cimetiere_page-0002-212x300.jpg 212w, https:\/\/www.mairie-poncey-les-athee.fr\/wp-content\/uploads\/PONCEY-cimetiere_page-0002-396x560.jpg 396w, https:\/\/www.mairie-poncey-les-athee.fr\/wp-content\/uploads\/PONCEY-cimetiere_page-0002-768x1086.jpg 768w, https:\/\/www.mairie-poncey-les-athee.fr\/wp-content\/uploads\/PONCEY-cimetiere_page-0002-1086x1536.jpg 1086w, https:\/\/www.mairie-poncey-les-athee.fr\/wp-content\/uploads\/PONCEY-cimetiere_page-0002-750x1061.jpg 750w, https:\/\/www.mairie-poncey-les-athee.fr\/wp-content\/uploads\/PONCEY-cimetiere_page-0002.jpg 1241w\" alt=\"\" width=\"275\" height=\"389\" \/>\u00a0 \u00a0<\/a><\/p>\n<p><a href=\"https:\/\/www.mairie-poncey-les-athee.fr\/wp-content\/uploads\/cimetiere-1.png\" target=\"_blank\" rel=\"noopener\"><img loading=\"lazy\" decoding=\"async\" class=\"alignnone wp-image-13763 size-medium\" src=\"https:\/\/www.mairie-poncey-les-athee.fr\/wp-content\/uploads\/cimetiere-1-225x300.png\" alt=\"\" width=\"225\" height=\"300\" srcset=\"https:\/\/www.mairie-poncey-les-athee.fr\/wp-content\/uploads\/cimetiere-1-225x300.png 225w, https:\/\/www.mairie-poncey-les-athee.fr\/wp-content\/uploads\/cimetiere-1-421x560.png 421w, https:\/\/www.mairie-poncey-les-athee.fr\/wp-content\/uploads\/cimetiere-1-768x1022.png 768w, https:\/\/www.mairie-poncey-les-athee.fr\/wp-content\/uploads\/cimetiere-1-1154x1536.png 1154w, https:\/\/www.mairie-poncey-les-athee.fr\/wp-content\/uploads\/cimetiere-1-1539x2048.png 1539w, https:\/\/www.mairie-poncey-les-athee.fr\/wp-content\/uploads\/cimetiere-1-750x998.png 750w, https:\/\/www.mairie-poncey-les-athee.fr\/wp-content\/uploads\/cimetiere-1.png 1737w\" sizes=\"auto, (max-width: 225px) 100vw, 225px\" \/><\/a>\u00a0 \u00a0 \u00a0 <a href=\"https:\/\/www.mairie-poncey-les-athee.fr\/wp-content\/uploads\/cimetiere2.png\" target=\"_blank\" rel=\"noopener\"><img loading=\"lazy\" decoding=\"async\" class=\"alignnone wp-image-13764 size-medium\" src=\"https:\/\/www.mairie-poncey-les-athee.fr\/wp-content\/uploads\/cimetiere2-223x300.png\" alt=\"\" width=\"223\" height=\"300\" srcset=\"https:\/\/www.mairie-poncey-les-athee.fr\/wp-content\/uploads\/cimetiere2-223x300.png 223w, https:\/\/www.mairie-poncey-les-athee.fr\/wp-content\/uploads\/cimetiere2-415x560.png 415w, https:\/\/www.mairie-poncey-les-athee.fr\/wp-content\/uploads\/cimetiere2-768x1035.png 768w, https:\/\/www.mairie-poncey-les-athee.fr\/wp-content\/uploads\/cimetiere2-1139x1536.png 1139w, https:\/\/www.mairie-poncey-les-athee.fr\/wp-content\/uploads\/cimetiere2-1519x2048.png 1519w, https:\/\/www.mairie-poncey-les-athee.fr\/wp-content\/uploads\/cimetiere2-750x1011.png 750w, https:\/\/www.mairie-poncey-les-athee.fr\/wp-content\/uploads\/cimetiere2.png 1663w\" sizes=\"auto, (max-width: 223px) 100vw, 223px\" \/><\/a><\/p>\n<p>&nbsp;<\/p>\n<hr \/>\n<h3><span style=\"color: #0000ff;\">Travaux de Mise aux Normes<\/span><\/h3>\n<h4><a href=\"https:\/\/www.mairie-poncey-les-athee.fr\/wp-content\/uploads\/cimetiere4-scaled.jpg\" target=\"_blank\" rel=\"noopener\"><img loading=\"lazy\" decoding=\"async\" class=\"alignleft wp-image-13344\" src=\"https:\/\/www.mairie-poncey-les-athee.fr\/wp-content\/uploads\/cimetiere4-300x300.jpg\" sizes=\"auto, (max-width: 215px) 100vw, 215px\" srcset=\"https:\/\/www.mairie-poncey-les-athee.fr\/wp-content\/uploads\/cimetiere4-300x300.jpg 300w, https:\/\/www.mairie-poncey-les-athee.fr\/wp-content\/uploads\/cimetiere4-560x560.jpg 560w, https:\/\/www.mairie-poncey-les-athee.fr\/wp-content\/uploads\/cimetiere4-150x150.jpg 150w, https:\/\/www.mairie-poncey-les-athee.fr\/wp-content\/uploads\/cimetiere4-768x768.jpg 768w, https:\/\/www.mairie-poncey-les-athee.fr\/wp-content\/uploads\/cimetiere4-1536x1536.jpg 1536w, https:\/\/www.mairie-poncey-les-athee.fr\/wp-content\/uploads\/cimetiere4-2048x2048.jpg 2048w, https:\/\/www.mairie-poncey-les-athee.fr\/wp-content\/uploads\/cimetiere4-750x750.jpg 750w\" alt=\"\" width=\"215\" height=\"215\" \/><\/a><\/h4>\n<p><strong>Une premi\u00e8re phase de travaux, en vue de la mise aux normes du cimeti\u00e8re municipal a eu lieu du 3 au 5 avril 2024 et a vu la construction d\u2019un nouvel ossuaire et de cases cavurnes.\u00a0 \u00a0 \u00a0 \u00a0 \u00a0 \u00a0 \u00a0 \u00a0 \u00a0 \u00a0 \u00a0 \u00a0 \u00a0 \u00a0 \u00a0 \u00a0 \u00a0<\/strong><strong>La prochaine phase: relevage et traitement de s\u00e9pultures pour la cr\u00e9ation de 30 emplacements de tombes pleine terre.\u00a0 \u00a0 \u00a0 \u00a0 \u00a0 \u00a0 \u00a0 \u00a0 \u00a0 \u00a0 \u00a0 \u00a0 \u00a0 \u00a0 \u00a0 \u00a0 \u00a0 \u00a0 Les travaux sont effectu\u00e9s par la soci\u00e9t\u00e9 AGEP sous l\u2019autorit\u00e9 du groupe ELABOR (gestionnaire du cimeti\u00e8re) pour un montant total de 21 250\u20ac HT.\u00a0 \u00a0 \u00a0 \u00a0 \u00a0 \u00a0 \u00a0 \u00a0 \u00a0 \u00a0 \u00a0 \u00a0 \u00a0 \u00a0 \u00a0 \u00a0 \u00a0 \u00a0 \u00a0 \u00a0 \u00a0 \u00a0 \u00a0 \u00a0 \u00a0 \u00a0 \u00a0 \u00a0 \u00a0 \u00a0 \u00a0 \u00a0 \u00a0 \u00a0 \u00a0 \u00a0 \u00a0 \u00a0 \u00a0 \u00a0 \u00a0 \u00a0 \u00a0 \u00a0 \u00a0 \u00a0 \u00a0 \u00a0 \u00a0 \u00a0 \u00a0 \u00a0 \u00a0 \u00a0 \u00a0 \u00a0 \u00a0 \u00a0 \u00a0 \u00a0 \u00a0 Une demande de subvention a \u00e9t\u00e9 faite par la municipalit\u00e9.\u00a0 \u00a0\u00a0<\/strong><\/p>\n","protected":false},"excerpt":{"rendered":"<p>\u00a0 \u00a0 \u00a0 \u00a0 \u00a0 \u00a0 \u00a0 \u00a0 \u00a0 \u00a0Tarifs 2024 des Concessions, Columbarium et Cavurne Concessions: 200\u20ac\u00a0 pour 15 ans\u00a0 \u00a0 \u00a0 \u00a0 \u00a0 \u00a0 \u00a0 \u00a0 \u00a0 \u00a0 \u00a0 \u00a0 \u00a0 \u00a0 \u00a0 \u00a0 \u00a0 \u00a0 \u00a0 \u00a0 \u00a0 \u00a0 \u00a0 \u00a0 \u00a0 \u00a0 \u00a0 \u00a0 \u00a0 \u00a0 \u00a0 \u00a0 \u00a0 \u00a0 \u00a0 &hellip; <\/p>\n<p><a class=\"more-link btn\" href=\"https:\/\/www.mairie-poncey-les-athee.fr\/?page_id=4564\">Lire la suite<\/a><\/p>\n","protected":false},"author":2,"featured_media":0,"parent":12,"menu_order":6,"comment_status":"closed","ping_status":"closed","template":"","meta":{"footnotes":""},"class_list":["post-4564","page","type-page","status-publish","hentry","nodate","item-wrap"],"_links":{"self":[{"href":"https:\/\/www.mairie-poncey-les-athee.fr\/index.php?rest_route=\/wp\/v2\/pages\/4564","targetHints":{"allow":["GET"]}}],"collection":[{"href":"https:\/\/www.mairie-poncey-les-athee.fr\/index.php?rest_route=\/wp\/v2\/pages"}],"about":[{"href":"https:\/\/www.mairie-poncey-les-athee.fr\/index.php?rest_route=\/wp\/v2\/types\/page"}],"author":[{"embeddable":true,"href":"https:\/\/www.mairie-poncey-les-athee.fr\/index.php?rest_route=\/wp\/v2\/users\/2"}],"replies":[{"embeddable":true,"href":"https:\/\/www.mairie-poncey-les-athee.fr\/index.php?rest_route=%2Fwp%2Fv2%2Fcomments&post=4564"}],"version-history":[{"count":25,"href":"https:\/\/www.mairie-poncey-les-athee.fr\/index.php?rest_route=\/wp\/v2\/pages\/4564\/revisions"}],"predecessor-version":[{"id":20909,"href":"https:\/\/www.mairie-poncey-les-athee.fr\/index.php?rest_route=\/wp\/v2\/pages\/4564\/revisions\/20909"}],"up":[{"embeddable":true,"href":"https:\/\/www.mairie-poncey-les-athee.fr\/index.php?rest_route=\/wp\/v2\/pages\/12"}],"wp:attachment":[{"href":"https:\/\/www.mairie-poncey-les-athee.fr\/index.php?rest_route=%2Fwp%2Fv2%2Fmedia&parent=4564"}],"curies":[{"name":"wp","href":"https:\/\/api.w.org\/{rel}","templated":true}]}}