{"id":4559,"date":"2022-08-03T09:38:21","date_gmt":"2022-08-03T09:38:21","guid":{"rendered":"http:\/\/www.mairie-poncey-les-athee.fr\/?page_id=4559"},"modified":"2025-05-08T15:39:20","modified_gmt":"2025-05-08T15:39:20","slug":"tarifs-de-l-erl-jean-pierre-morin","status":"publish","type":"page","link":"https:\/\/www.mairie-poncey-les-athee.fr\/?page_id=4559","title":{"rendered":"Salles des F\u00eates E.R.L. Jean-Pierre Morin"},"content":{"rendered":"<h3><span style=\"color: #0000ff;\">\u00a0 \u00a0 \u00a0 \u00a0 \u00a0 \u00a0 \u00a0 \u00a0 \u00a0 \u00a0 \u00a0 \u00a0 \u00a0 \u00a0 \u00a0 \u00a0 \u00a0 \u00a0 \u00a0 \u00a0 \u00a0 Tarifs et R\u00e8glement 2023 &#8211; 2024<\/span><\/h3>\n<h4><a href=\"https:\/\/www.mairie-poncey-les-athee.fr\/wp-content\/uploads\/IMG_1588.jpg\" target=\"_blank\" rel=\"noopener\"><img loading=\"lazy\" decoding=\"async\" class=\"aligncenter wp-image-4577\" src=\"https:\/\/www.mairie-poncey-les-athee.fr\/wp-content\/uploads\/IMG_1588-560x420.jpg\" alt=\"ERL JP Morin\" width=\"370\" height=\"277\" srcset=\"https:\/\/www.mairie-poncey-les-athee.fr\/wp-content\/uploads\/IMG_1588-560x420.jpg 560w, https:\/\/www.mairie-poncey-les-athee.fr\/wp-content\/uploads\/IMG_1588-300x225.jpg 300w, https:\/\/www.mairie-poncey-les-athee.fr\/wp-content\/uploads\/IMG_1588-768x576.jpg 768w, https:\/\/www.mairie-poncey-les-athee.fr\/wp-content\/uploads\/IMG_1588-1536x1152.jpg 1536w, https:\/\/www.mairie-poncey-les-athee.fr\/wp-content\/uploads\/IMG_1588-750x563.jpg 750w, https:\/\/www.mairie-poncey-les-athee.fr\/wp-content\/uploads\/IMG_1588.jpg 2016w\" sizes=\"auto, (max-width: 370px) 100vw, 370px\" \/><\/a><\/h4>\n<h4>La capacit\u00e9 d&rsquo;accueil est limit\u00e9e \u00e0 <span style=\"color: #0000ff;\">150<\/span> personnes pour une r\u00e9union publique, \u00e0 <span style=\"color: #0000ff;\">120<\/span> personnes pour un spectacle ou activit\u00e9 ludique, \u00e0 <span style=\"color: #0000ff;\">100<\/span> personnes pour une rencontre avec repas.<\/h4>\n<h4><!--more--><\/h4>\n<h3><a href=\"https:\/\/www.mairie-poncey-les-athee.fr\/wp-content\/uploads\/Reglement-salle-des-fetes.pdf\" target=\"_blank\" rel=\"noopener\">\u00a0Lien:\u00a0 R\u00e8glement de la salle des f\u00eates<\/a><\/h3>\n<p>&nbsp;<\/p>\n<p>Le tarif pour les<span style=\"color: #0000ff;\"> habitants de Poncey et d&rsquo; Ath\u00e9e<\/span> est de <span style=\"color: #0000ff;\">250 \u20ac<\/span> pour la location d\u2019un week-end et de <span style=\"color: #0000ff;\">150 \u20ac<\/span> pour le jour f\u00e9ri\u00e9 en semaine.\u00a0 Mise \u00e0 disposition de la vaisselle offerte.<\/p>\n<p>Le tarif pour<span style=\"color: #0000ff;\"> les ext\u00e9rieurs<\/span> est de <span style=\"color: #0000ff;\">400 \u20ac<\/span> pour la location d\u2019un week-end et de <span style=\"color: #0000ff;\">250 \u20ac<\/span> pour le jour f\u00e9ri\u00e9 en semaine.\u00a0 Mise \u00e0 disposition de la vaisselle <span style=\"color: #0000ff;\">50 \u20ac<\/span>.<\/p>\n<p>Le tarif du c<span style=\"color: #0000ff;\">h\u00e8que de caution est de 500 \u20ac<\/span> pour toutes les locations et si le nettoyage de la salle n\u2019est pas fait correctement, la somme de <span style=\"color: #0000ff;\">250 \u20ac<\/span> sera retenu<span style=\"color: #333333;\">e.<\/span><\/p>\n<p>La location de la salle pour <span style=\"color: #0000ff;\">les associations ext\u00e9rieures au village<\/span>, le tarif appliqu\u00e9 sera le m\u00eame que pour les habitants \u00e0 savoir : <span style=\"color: #0000ff;\">250 \u20ac<\/span> pour la location d\u2019un week-end et <span style=\"color: #0000ff;\">150 \u20ac<\/span> pour le jour f\u00e9ri\u00e9 en semaine.<\/p>\n<p>Le forfait <span style=\"color: #0000ff;\">chauffage<\/span> est de<span style=\"color: #0000ff;\"> 50 \u20ac<\/span> par location<span style=\"color: #333333;\">.<\/span><\/p>\n<p>Le tarif de l\u2019\u00e9lectricit\u00e9 est de<span style=\"color: #0000ff;\"> 0,30 \u20ac le KWh<\/span>.<\/p>\n<p>Modalit\u00e9s de r\u00e9servation:\u00a0 le locataire fera directement le ch\u00e8que du montant de la location et de la caution,\u00a0 d\u00e8s le d\u00e9p\u00f4t de la demande de r\u00e9servation.<\/p>\n<p>Le d\u00e9lai de r\u00e9tractation est fix\u00e9 \u00e0 1 mois avant la date de la location.\u00a0 En cas d\u2019annulation dans ce d\u00e9lai d\u2019un mois, le ch\u00e8que de location sera encaiss\u00e9.<\/p>\n<p>En cas de bris de mat\u00e9riel non rembours\u00e9 par l&rsquo;assurance du loueur, il sera factur\u00e9 \u00e0 ce dernier le montant du remplacement de ce mat\u00e9riel.<\/p>\n<p>En ce qui concerne les poubelles, les locataires doivent les ramener chez eux.<\/p>\n<p>&nbsp;<\/p>\n<hr \/>\n<h2>\u00a0 \u00a0 \u00a0 \u00a0 \u00a0 \u00a0 \u00a0 \u00a0 \u00a0 \u00a0 \u00a0 \u00a0 \u00a0 \u00a0 \u00a0 \u00a0 \u00a0 \u00a0 \u00a0 \u00a0 \u00a0 \u00a0 \u00a0 \u00a0 \u00a0 \u00a0 \u00a0 \u00a0 \u00a0 \u00a02021<\/h2>\n<h3><span style=\"color: #0000ff;\">La Salle des F\u00eate a 10 ans<\/span><\/h3>\n<p><!--more--><\/p>\n<p align=\"JUSTIFY\">Sur l\u2019initiative du maire et du Conseil Municipal de Poncey, la d\u00e9cision a \u00e9t\u00e9 prise de f\u00eater les 10 ans de la construction de la salle des f\u00eates tout en faisant une surprise de taille en l\u2019honneur de l\u2019ancien maire Jean-Pierre Morin, sous le mandat duquel la salle fut construite.<\/p>\n<p align=\"JUSTIFY\">La population qui \u00e9tait invit\u00e9e ce samedi 24 juillet s\u2019est d\u00e9plac\u00e9e en nombre, ainsi que le s\u00e9nateur Fran\u00e7ois Patriat, le d\u00e9put\u00e9 R\u00e9mi Delatte, la pr\u00e9sidente de la Communaut\u00e9 de Communes Auxonne-Pontailler et conseill\u00e8re d\u00e9partementale et S\u00e9bastien Sordel, maire de Tr\u00e9clun, son suppl\u00e9ant.<\/p>\n<p><a href=\"https:\/\/www.mairie-poncey-les-athee.fr\/wp-content\/uploads\/JPMorin-1.jpg\" target=\"_blank\" rel=\"noopener\"><img loading=\"lazy\" decoding=\"async\" class=\"alignleft wp-image-4332\" src=\"https:\/\/www.mairie-poncey-les-athee.fr\/wp-content\/uploads\/JPMorin-1.jpg\" alt=\"JP Morin\" width=\"209\" height=\"157\" \/><\/a>Jean-Pierre Morin a re\u00e7u trois m\u00e9dailles pour r\u00e9compenser son engagement : la m\u00e9daille d\u2019honneur du S\u00e9nat remise par Fran\u00e7ois Patriat, la m\u00e9daille de l\u2019Assembl\u00e9e Nationale remise per R\u00e9mi Delatte, et la m\u00e9daille r\u00e9gionale, d\u00e9partementale et communale remise par tous les \u00e9lus.\u00a0 \u00a0 \u00a0 \u00a0 \u00a0 \u00a0 \u00a0 \u00a0 Eric Collin, Maire de Poncey, devait remercier chaleureusement l\u2019ancien maire de Poncey qui restait tr\u00e8s \u00e9mu de la gratitude et de la reconnaissance port\u00e9e par ses concitoyens.<\/p>\n<p style=\"text-align: left;\" align=\"JUSTIFY\">D\u00e9sormais, la salle des f\u00eates qui n\u2019avait pas \u00e9t\u00e9 baptis\u00e9e, porte le nom de l\u2019ancien maire Jean-Pierre Morin partant du principe pour le maire actuel, qu\u2019il vaut mieux honorer les personnes m\u00e9ritantes de leur vivant. Jean-Pierre Morin remerciait sinc\u00e8rement toutes les personnes pr\u00e9sentes pour cette belle f\u00eate.<\/p>\n<p style=\"text-align: left;\" align=\"JUSTIFY\"><a href=\"https:\/\/www.mairie-poncey-les-athee.fr\/wp-content\/uploads\/Gratin.jpg\" target=\"_blank\" rel=\"noopener\"><img loading=\"lazy\" decoding=\"async\" class=\"alignleft wp-image-4333 size-large\" src=\"https:\/\/www.mairie-poncey-les-athee.fr\/wp-content\/uploads\/Gratin-560x305.jpg\" alt=\"10 ans salle des f\u00eate\" width=\"560\" height=\"305\" srcset=\"https:\/\/www.mairie-poncey-les-athee.fr\/wp-content\/uploads\/Gratin-560x305.jpg 560w, https:\/\/www.mairie-poncey-les-athee.fr\/wp-content\/uploads\/Gratin-300x163.jpg 300w, https:\/\/www.mairie-poncey-les-athee.fr\/wp-content\/uploads\/Gratin-768x418.jpg 768w, https:\/\/www.mairie-poncey-les-athee.fr\/wp-content\/uploads\/Gratin-750x408.jpg 750w, https:\/\/www.mairie-poncey-les-athee.fr\/wp-content\/uploads\/Gratin.jpg 1257w\" sizes=\"auto, (max-width: 560px) 100vw, 560px\" \/><\/a><\/p>\n<h5 style=\"text-align: left;\" align=\"JUSTIFY\"><span style=\"font-size: small;\">De gauche \u00e0 droite: Eric Collin, puis Fran\u00e7ois Patriat, R\u00e9mi Delatte, Marie-Claire Bonnet-<\/span><span style=\"font-size: small;\">Vallet et S\u00e9bastien Sordel\u00a0<\/span><\/h5>\n<p>&nbsp;<\/p>\n<p>&nbsp;<\/p>\n<p>&nbsp;<\/p>\n<p>&nbsp;<\/p>\n<p>&nbsp;<\/p>\n<p>&nbsp;<\/p>\n<hr \/>\n<h2>\u00a0 \u00a0 \u00a0 \u00a0 \u00a0 \u00a0 \u00a0 \u00a0 \u00a0 \u00a0 \u00a0 \u00a0 \u00a0 \u00a0 \u00a0 \u00a0 \u00a0 \u00a0 \u00a0 \u00a0 \u00a0 \u00a0 \u00a0 \u00a0<span style=\"color: #0000ff;\">\u00a0 \u00a0 \u00a0<\/span><\/h2>\n<h2><span style=\"color: #0000ff;\">\u00a0 \u00a0 \u00a0 \u00a0 \u00a0 \u00a0 \u00a0 \u00a0 \u00a0 \u00a0 \u00a0 \u00a0 \u00a0 \u00a0 \u00a0 \u00a0 \u00a0 \u00a0 \u00a0 \u00a0 \u00a0 \u00a0 \u00a0 \u00a0 \u00a0 \u00a0 \u00a0 \u00a02011\u00a0\u00a0<\/span><\/h2>\n<h3>Vous pouvez, \u00e0 partir de ces photos, suivre la construction de la Salle des F\u00eates.<\/h3>\n<p>&nbsp;<\/p>\n<p>&nbsp;<\/p>\n<p><a href=\"https:\/\/www.mairie-poncey-les-athee.fr\/wp-content\/uploads\/DSCN0834.jpg\" target=\"_blank\" rel=\"attachment noopener wp-att-335\"><img loading=\"lazy\" decoding=\"async\" class=\"alignleft wp-image-335\" title=\"Terrassement\" src=\"https:\/\/www.mairie-poncey-les-athee.fr\/wp-content\/uploads\/DSCN0834-150x150.jpg\" alt=\"\" width=\"137\" height=\"137\" \/><\/a>\u00a0 \u00a0\u00a0\u00a0 \u00a0\u00a0 \u00a0 \u00a0\u00a0<a href=\"https:\/\/www.mairie-poncey-les-athee.fr\/wp-content\/uploads\/DSCN0917.jpg\" target=\"_blank\" rel=\"attachment noopener wp-att-348\"><img loading=\"lazy\" decoding=\"async\" class=\"alignnone wp-image-348 size-thumbnail\" title=\"Salle des f\u00eates : \u00e9l\u00e9vation des murs\" src=\"https:\/\/www.mairie-poncey-les-athee.fr\/wp-content\/uploads\/DSCN0917-150x150.jpg\" alt=\"\" width=\"150\" height=\"150\" \/><\/a><a href=\"https:\/\/www.mairie-poncey-les-athee.fr\/?attachment_id=1203\" rel=\"attachment wp-att-1203\">\u00a0\u00a0\u00a0\u00a0\u00a0\u00a0\u00a0\u00a0\u00a0\u00a0\u00a0\u00a0\u00a0\u00a0\u00a0\u00a0\u00a0<\/a><a href=\"https:\/\/www.mairie-poncey-les-athee.fr\/wp-content\/uploads\/DSCN09441.jpg\" target=\"_blank\" rel=\"attachment noopener wp-att-1203\"><img loading=\"lazy\" decoding=\"async\" class=\"alignnone wp-image-1203 size-thumbnail\" title=\"Pose de la charpente\" src=\"https:\/\/www.mairie-poncey-les-athee.fr\/wp-content\/uploads\/DSCN09441-150x150.jpg\" alt=\"\" width=\"150\" height=\"150\" \/><\/a><\/p>\n<p><strong>Terrassement \u2013 Fondations\u00a0 \u00a0 Construction des murs\u00a0 \u00a0 \u00a0 \u00a0 \u00a0 \u00a0 \u00a0 \u00a0Pose de la Charpente<\/strong><\/p>\n<p>&nbsp;<\/p>\n<p><a href=\"https:\/\/www.mairie-poncey-les-athee.fr\/wp-content\/uploads\/DSCN0949.jpg\" target=\"_blank\" rel=\"attachment noopener wp-att-1204\"><img loading=\"lazy\" decoding=\"async\" class=\"alignnone wp-image-1204 size-thumbnail\" title=\"Mise en place de la toiture\" src=\"https:\/\/www.mairie-poncey-les-athee.fr\/wp-content\/uploads\/DSCN0949-150x150.jpg\" alt=\"\" width=\"150\" height=\"150\" \/><\/a>\u00a0\u00a0 \u00a0\u00a0\u00a0 \u00a0 \u00a0 \u00a0 \u00a0\u00a0<a href=\"https:\/\/www.mairie-poncey-les-athee.fr\/wp-content\/uploads\/DSCN0967.jpg\" target=\"_blank\" rel=\"attachment noopener wp-att-1205\"><img loading=\"lazy\" decoding=\"async\" class=\"alignnone wp-image-1205 size-thumbnail\" title=\"Portes et fen\u00eatres\" src=\"https:\/\/www.mairie-poncey-les-athee.fr\/wp-content\/uploads\/DSCN0967-150x150.jpg\" alt=\"\" width=\"150\" height=\"150\" \/><\/a><a href=\"https:\/\/www.mairie-poncey-les-athee.fr\/?attachment_id=348\" rel=\"attachment wp-att-348\">\u00a0\u00a0\u00a0\u00a0\u00a0\u00a0\u00a0\u00a0\u00a0\u00a0 \u00a0 \u00a0 \u00a0 \u00a0\u00a0<\/a><a href=\"https:\/\/www.mairie-poncey-les-athee.fr\/wp-content\/uploads\/DSCN09531.jpg\" target=\"_blank\" rel=\"attachment noopener wp-att-1207\"><img loading=\"lazy\" decoding=\"async\" class=\"alignnone wp-image-1207 size-thumbnail\" title=\"Isolation int\u00e9rieure\" src=\"https:\/\/www.mairie-poncey-les-athee.fr\/wp-content\/uploads\/DSCN09531-150x150.jpg\" alt=\"\" width=\"150\" height=\"150\" \/><\/a><\/p>\n<p><strong>Couverture en bacs acier\u00a0 \u00a0 \u00a0 \u00a0 \u00a0 Portes et Fen\u00eatres\u00a0 \u00a0 \u00a0 \u00a0 \u00a0 \u00a0 \u00a0 \u00a0 \u00a0 \u00a0 \u00a0 \u00a0 \u00a0 \u00a0Isolation int\u00e9rieure<\/strong><\/p>\n<p>&nbsp;<\/p>\n<p><a href=\"https:\/\/www.mairie-poncey-les-athee.fr\/wp-content\/uploads\/DSCN0996.jpg\" target=\"_blank\" rel=\"attachment noopener wp-att-1206\"><img loading=\"lazy\" decoding=\"async\" class=\"alignnone wp-image-1206 size-thumbnail\" title=\"Chauffage par le sol\" src=\"https:\/\/www.mairie-poncey-les-athee.fr\/wp-content\/uploads\/DSCN0996-150x150.jpg\" alt=\"\" width=\"150\" height=\"150\" \/><\/a><a href=\"https:\/\/www.mairie-poncey-les-athee.fr\/?attachment_id=1208\" rel=\"attachment wp-att-1208\">\u00a0\u00a0\u00a0\u00a0\u00a0\u00a0\u00a0\u00a0 \u00a0 \u00a0\u00a0\u00a0\u00a0\u00a0<\/a><a href=\"https:\/\/www.mairie-poncey-les-athee.fr\/wp-content\/uploads\/DSCN1026-150x150.jpg\" target=\"_blank\" rel=\"attachment noopener wp-att-1208\"><img loading=\"lazy\" decoding=\"async\" class=\"alignnone\" title=\"Pose du carrelage\" src=\"https:\/\/www.mairie-poncey-les-athee.fr\/wp-content\/uploads\/DSCN1026-150x150.jpg\" alt=\"\" width=\"150\" height=\"150\" \/><\/a><\/p>\n<p><strong>Chauffage par le sol\u00a0 \u00a0 \u00a0 \u00a0 \u00a0 \u00a0 \u00a0 \u00a0 \u00a0 \u00a0 \u00a0 \u00a0 \u00a0 \u00a0 \u00a0 Carrelage<\/strong><\/p>\n<p><a href=\"https:\/\/www.mairie-poncey-les-athee.fr\/wp-content\/uploads\/IMG_1588.jpg\" target=\"_blank\" rel=\"noopener\"><img loading=\"lazy\" decoding=\"async\" class=\"alignnone wp-image-4577\" src=\"https:\/\/www.mairie-poncey-les-athee.fr\/wp-content\/uploads\/IMG_1588-300x225.jpg\" sizes=\"auto, (max-width: 631px) 100vw, 631px\" srcset=\"https:\/\/www.mairie-poncey-les-athee.fr\/wp-content\/uploads\/IMG_1588-300x225.jpg 300w, https:\/\/www.mairie-poncey-les-athee.fr\/wp-content\/uploads\/IMG_1588-560x420.jpg 560w, https:\/\/www.mairie-poncey-les-athee.fr\/wp-content\/uploads\/IMG_1588-768x576.jpg 768w, https:\/\/www.mairie-poncey-les-athee.fr\/wp-content\/uploads\/IMG_1588-1536x1152.jpg 1536w, https:\/\/www.mairie-poncey-les-athee.fr\/wp-content\/uploads\/IMG_1588-750x563.jpg 750w, https:\/\/www.mairie-poncey-les-athee.fr\/wp-content\/uploads\/IMG_1588.jpg 2016w\" alt=\"ERL JP Morin\" width=\"631\" height=\"473\" \/><\/a><\/p>\n<h3><\/h3>\n<h3>\u00a0 \u00a0 \u00a0 \u00a0 \u00a0 \u00a0 Co\u00fbt de la\u00a0 Salle des F\u00eates<\/h3>\n<p>&nbsp;<\/p>\n<p>1. CONSTRUCTION TOUT CORPS D\u2019ETAT :\u00a0 \u00a0 \u00a0 \u00a0 \u00a0 \u00a0 \u00a0 \u00a0 \u00a0 \u00a0 \u00a0353 028,86 \u20ac T.T.C<\/p>\n<p>2. MAITRISE D\u2019OEUVRE (ARCHITECTE) :\u00a0 \u00a0 \u00a0 \u00a0 \u00a0 \u00a0 \u00a0 \u00a0 \u00a0 \u00a0 \u00a0 \u00a0 \u00a0 \u00a0 \u00a046 302,12 \u20ac T.T.C<\/p>\n<p>3. ETUDES (SOL, BORNAGE) :\u00a0 \u00a0 \u00a0 \u00a0 \u00a0 \u00a0 \u00a0 \u00a0 \u00a0 \u00a0 \u00a0 \u00a0 \u00a0 \u00a0 \u00a0 \u00a0 \u00a0 \u00a0 \u00a0 \u00a0 \u00a0 \u00a0 \u00a0 \u00a0 \u00a0 \u00a0 \u00a0 \u00a0 \u00a03 822, 42 \u20ac T.T.C<\/p>\n<p>4. FRAIS LIES AU MARCHE :\u00a0 \u00a0 \u00a0 \u00a0 \u00a0 \u00a0 \u00a0 \u00a0 \u00a0 \u00a0 \u00a0 \u00a0 \u00a0 \u00a0 \u00a0 \u00a0 \u00a0 \u00a0 \u00a0 \u00a0 \u00a0 \u00a0 \u00a0 \u00a0 \u00a0 \u00a0 \u00a0 \u00a0 \u00a0 \u00a0 \u00a02 371,92 \u20ac T.T.C<\/p>\n<p>5. SECURITE, CONTR\u00d4LE, ASSURANCES\u2026 :\u00a0 \u00a0 \u00a0 \u00a0 \u00a0 \u00a0 \u00a0 \u00a0 \u00a0 \u00a0 \u00a019 387, 86 \u20ac T.T.C<\/p>\n<h4>6.\u00a0 RECAPITULATIF :\u00a0 \u00a0 \u00a0 \u00a0 \u00a0 \u00a0 \u00a0 \u00a0 \u00a0 \u00a0 \u00a0 \u00a0 \u00a0 \u00a0 \u00a0 \u00a0 \u00a0 \u00a0 \u00a0 \u00a0 \u00a0 \u00a0 \u00a0 \u00a0 \u00a0 \u00a0 \u00a0 425 363,18 \u20ac T.T.C<\/h4>\n<p>7. AMENAGEMENT OFFICE :\u00a0\u00a0\u00a0\u00a0\u00a0\u00a0\u00a0\u00a0\u00a0\u00a0\u00a0\u00a0\u00a0\u00a0\u00a0\u00a0\u00a0\u00a0\u00a0\u00a0\u00a0\u00a0\u00a0\u00a0\u00a0\u00a0\u00a0\u00a0\u00a0\u00a0\u00a0\u00a0\u00a0\u00a0 \u00a0 \u00a0 \u00a0 \u00a0 \u00a0 \u00a0 \u00a0 \u00a0 \u00a0\u00a0 15 112, 57 \u20ac T.T.C<\/p>\n<p>8. EQUIPEMENT MOBILIER :\u00a0\u00a0\u00a0\u00a0\u00a0\u00a0\u00a0\u00a0\u00a0\u00a0\u00a0\u00a0\u00a0\u00a0\u00a0\u00a0\u00a0\u00a0\u00a0\u00a0\u00a0\u00a0\u00a0\u00a0\u00a0\u00a0\u00a0\u00a0\u00a0\u00a0\u00a0\u00a0\u00a0\u00a0\u00a0 \u00a0 \u00a0 \u00a0 \u00a0 \u00a0 \u00a0 \u00a0 \u00a0 \u00a0 \u00a0\u00a0 8 702, 01 \u20ac T.T.C<\/p>\n<h4>9. RECAPITULATIF CONSTRUCTION\u00a0 &amp; EQUIPEMENT :\u00a0 \u00a0453 845,42 \u20ac T.T.C<\/h4>\n<p>&nbsp;<\/p>\n<h2><\/h2>\n<h3>\u00a0 \u00a0 \u00a0 \u00a0 \u00a0 \u00a0Financement du Co\u00fbt Global<\/h3>\n<p>&nbsp;<\/p>\n<p>SUBVENTIONS :\u00a0 \u00a0 \u00a0 \u00a0 \u00a0 \u00a0 \u00a0 \u00a0 \u00a0 \u00a0 \u00a0 \u00a0 \u00a0 \u00a0 \u00a0 \u00a0 \u00a0 \u00a0 \u00a0 \u00a0 \u00a0 \u00a0 \u00a0 \u00a0 \u00a0 \u00a0 \u00a0 \u00a0 \u00a0 \u00a0 \u00a0 \u00a0 \u00a0 \u00a0 \u00a0 \u00a0147 350, 00 \u20ac\u00a0 HT<\/p>\n<p>EMPRUNT :\u00a0 \u00a0 \u00a0 \u00a0 \u00a0 \u00a0 \u00a0 \u00a0 \u00a0 \u00a0 \u00a0 \u00a0 \u00a0 \u00a0 \u00a0 \u00a0 \u00a0 \u00a0 \u00a0 \u00a0 \u00a0 \u00a0 \u00a0 \u00a0 \u00a0 \u00a0 \u00a0 \u00a0 \u00a0 \u00a0 \u00a0 \u00a0 \u00a0 \u00a0 \u00a0 \u00a0 \u00a0 \u00a0 \u00a0 \u00a0 \u00a0 206 000, 00 \u20ac\u00a0 HT<\/p>\n<p>APPORT COMMUNAL\u00a0 \u00a0 \u00a0 \u00a0 \u00a0 \u00a0 \u00a0 \u00a0 \u00a0 \u00a0 \u00a0 \u00a0 \u00a0 \u00a0 \u00a0 \u00a0 \u00a0 \u00a0 \u00a0 \u00a0 \u00a0 \u00a0 \u00a0 \u00a0 \u00a0 \u00a0 \u00a0 \u00a0 \u00a0 \u00a026 617, 97 \u20ac\u00a0 HT<\/p>\n<h4>TOTAL\u00a0 :\u00a0 \u00a0 \u00a0 \u00a0 \u00a0 \u00a0 \u00a0 \u00a0 \u00a0 \u00a0 \u00a0 \u00a0 \u00a0 \u00a0 \u00a0 \u00a0 \u00a0 \u00a0 \u00a0 \u00a0 \u00a0 \u00a0 \u00a0 \u00a0 \u00a0 \u00a0 \u00a0 \u00a0 \u00a0 \u00a0 \u00a0 \u00a0 \u00a0 \u00a0 \u00a0 \u00a0 \u00a0379 967, 97 \u20ac\u00a0 HT<\/h4>\n<p>&nbsp;<\/p>\n<hr \/>\n<h3><\/h3>\n<h3>L\u2019am\u00e9nagement de la place et le volet paysager et le volet paysager de la Salle des F\u00eates<\/h3>\n<p>&nbsp;<\/p>\n<p><strong>7 arbres de vari\u00e9t\u00e9s \u201ccharme pyramidal\u201d\u00a0 sont plant\u00e9s en milieu de place, parall\u00e8lement \u00e0 la rang\u00e9e de tilleuls existants en lisi\u00e8re sud de la place.<\/strong><\/p>\n<p><strong>Ces arbres , bien s\u00fbr fourniront de l\u2019ombre et embelliront l\u2019espace qui \u00e9tait trop min\u00e9ral.<\/strong><\/p>\n<h4>\u00a0\u00a0\u00a0<a href=\"https:\/\/www.mairie-poncey-les-athee.fr\/wp-content\/uploads\/DSCN1238.jpg\" target=\"_blank\" rel=\"attachment noopener wp-att-1258\"><img loading=\"lazy\" decoding=\"async\" class=\"wp-image-1258 aligncenter\" title=\"7 charmes sont plant\u00e9s sur la place\" src=\"https:\/\/www.mairie-poncey-les-athee.fr\/wp-content\/uploads\/DSCN1238-150x150.jpg\" alt=\"\" width=\"363\" height=\"363\" \/><\/a><\/h4>\n<p><strong>Le merlon de terre, en limite nord de la place, mis en forme lors de la construction de l\u2019Espace de Rencontres et de Loisirs a \u00e9t\u00e9 recouvert de plantes couvre-sol sur la partie basse, tandis que des tiges plus hautes occupent le merlon en partie sup\u00e9rieure.<\/strong><\/p>\n<p><strong>C\u2019est l\u2019entreprise V.D.S paysage de Soirans qui a r\u00e9alis\u00e9 ces plantations, pour un montant de\u00a0 \u00a0 \u00a0 \u00a0 \u00a0 \u00a0 \u00a0 \u00a0 \u00a0 \u00a0 \u00a0 \u00a0 \u00a0 \u00a0 \u00a0 \u00a0 \u00a0 9 854, 60 \u20ac H.T.<\/strong><\/p>\n<p><strong>Pour ce projet, la collectivit\u00e9 a b\u00e9n\u00e9fici\u00e9 d\u2019une subvention de l\u2019Etat d\u2019un montant de 3 191 \u20ac au titre de la Dotation d\u2019 Equipement des Territoires Ruraux.<\/strong><\/p>\n<p>&nbsp;<\/p>\n<p>&nbsp;<\/p>\n","protected":false},"excerpt":{"rendered":"<p>\u00a0 \u00a0 \u00a0 \u00a0 \u00a0 \u00a0 \u00a0 \u00a0 \u00a0 \u00a0 \u00a0 \u00a0 \u00a0 \u00a0 \u00a0 \u00a0 \u00a0 \u00a0 \u00a0 \u00a0 \u00a0 Tarifs et R\u00e8glement 2023 &#8211; 2024 La capacit\u00e9 d&rsquo;accueil est limit\u00e9e \u00e0 150 personnes pour une r\u00e9union publique, \u00e0 120 personnes pour un spectacle ou activit\u00e9 ludique, \u00e0 100 personnes pour une rencontre avec &hellip; <\/p>\n<p><a class=\"more-link btn\" href=\"https:\/\/www.mairie-poncey-les-athee.fr\/?page_id=4559\">Lire la suite<\/a><\/p>\n","protected":false},"author":2,"featured_media":0,"parent":12,"menu_order":5,"comment_status":"closed","ping_status":"closed","template":"","meta":{"footnotes":""},"class_list":["post-4559","page","type-page","status-publish","hentry","nodate","item-wrap"],"_links":{"self":[{"href":"https:\/\/www.mairie-poncey-les-athee.fr\/index.php?rest_route=\/wp\/v2\/pages\/4559","targetHints":{"allow":["GET"]}}],"collection":[{"href":"https:\/\/www.mairie-poncey-les-athee.fr\/index.php?rest_route=\/wp\/v2\/pages"}],"about":[{"href":"https:\/\/www.mairie-poncey-les-athee.fr\/index.php?rest_route=\/wp\/v2\/types\/page"}],"author":[{"embeddable":true,"href":"https:\/\/www.mairie-poncey-les-athee.fr\/index.php?rest_route=\/wp\/v2\/users\/2"}],"replies":[{"embeddable":true,"href":"https:\/\/www.mairie-poncey-les-athee.fr\/index.php?rest_route=%2Fwp%2Fv2%2Fcomments&post=4559"}],"version-history":[{"count":35,"href":"https:\/\/www.mairie-poncey-les-athee.fr\/index.php?rest_route=\/wp\/v2\/pages\/4559\/revisions"}],"predecessor-version":[{"id":17903,"href":"https:\/\/www.mairie-poncey-les-athee.fr\/index.php?rest_route=\/wp\/v2\/pages\/4559\/revisions\/17903"}],"up":[{"embeddable":true,"href":"https:\/\/www.mairie-poncey-les-athee.fr\/index.php?rest_route=\/wp\/v2\/pages\/12"}],"wp:attachment":[{"href":"https:\/\/www.mairie-poncey-les-athee.fr\/index.php?rest_route=%2Fwp%2Fv2%2Fmedia&parent=4559"}],"curies":[{"name":"wp","href":"https:\/\/api.w.org\/{rel}","templated":true}]}}