{"id":4549,"date":"2022-08-03T08:50:36","date_gmt":"2022-08-03T08:50:36","guid":{"rendered":"http:\/\/www.mairie-poncey-les-athee.fr\/?page_id=4549"},"modified":"2023-07-09T07:37:30","modified_gmt":"2023-07-09T07:37:30","slug":"tresorerie-d-auxonne","status":"publish","type":"page","link":"https:\/\/www.mairie-poncey-les-athee.fr\/?page_id=4549","title":{"rendered":"Tr\u00e9sor Public"},"content":{"rendered":"<p><a href=\"https:\/\/www.impots.gouv.fr\/accueil\" target=\"_blank\" rel=\"noopener\"><img loading=\"lazy\" decoding=\"async\" class=\"aligncenter wp-image-5075\" src=\"https:\/\/www.mairie-poncey-les-athee.fr\/wp-content\/uploads\/logo-du-tresor-public-300x218.jpg\" alt=\"Logo Tr\u00e9sor Public\" width=\"263\" height=\"191\" srcset=\"https:\/\/www.mairie-poncey-les-athee.fr\/wp-content\/uploads\/logo-du-tresor-public-300x218.jpg 300w, https:\/\/www.mairie-poncey-les-athee.fr\/wp-content\/uploads\/logo-du-tresor-public.jpg 500w\" sizes=\"auto, (max-width: 263px) 100vw, 263px\" \/><\/a><\/p>\n<p>&nbsp;<\/p>\n<p><!--more--><\/p>\n<div class=\"title\">\n<h3>Tr\u00e9sorerie d&rsquo; Auxonne<\/h3>\n<p>A partir de Janvier 2022 la tr\u00e9sorerie d&rsquo;Auxonne ne g\u00e8re plus l&rsquo;imp\u00f4t.<\/p>\n<\/div>\n<div class=\"content\">\n<p>Elle ne pourra plus donner de renseignements ou de d\u00e9lais sur l&rsquo;imp\u00f4t sur le revenu, taxes fonci\u00e8res et d&rsquo;habitations.<\/p>\n<p>Elle ne prendra plus les r\u00e8glements par ch\u00e8ques qui devront \u00eatre adress\u00e9s soit au centre d&rsquo;encaissement de Lille avec le TIP,\u00a0 soit au Service des Imp\u00f4ts des Particuliers (SIP) 25 rue de la Boudronn\u00e9e \u00e0 Dijon.<\/p>\n<p>Il sera, \u00ab\u00a0peut-\u00eatre\u00a0\u00bb, possible de prendre les paiements par CB pour les transf\u00e9rer ensuite sur Dijon.<\/p>\n<p>La tr\u00e9sorerie d&rsquo; Auxonne.<\/p>\n<hr \/>\n<h3>Campagne de d\u00e9claration des revenus 2022<\/h3>\n<h3><a href=\"https:\/\/www.impots.gouv.fr\/accueil\" target=\"_blank\" rel=\"noopener\"><img loading=\"lazy\" decoding=\"async\" class=\"aligncenter wp-image-8457\" src=\"https:\/\/www.mairie-poncey-les-athee.fr\/wp-content\/uploads\/impots_page-0001-212x300.jpg\" alt=\"\" width=\"390\" height=\"551\" srcset=\"https:\/\/www.mairie-poncey-les-athee.fr\/wp-content\/uploads\/impots_page-0001-212x300.jpg 212w, https:\/\/www.mairie-poncey-les-athee.fr\/wp-content\/uploads\/impots_page-0001-396x560.jpg 396w, https:\/\/www.mairie-poncey-les-athee.fr\/wp-content\/uploads\/impots_page-0001-768x1086.jpg 768w, https:\/\/www.mairie-poncey-les-athee.fr\/wp-content\/uploads\/impots_page-0001-1086x1536.jpg 1086w, https:\/\/www.mairie-poncey-les-athee.fr\/wp-content\/uploads\/impots_page-0001-1448x2048.jpg 1448w, https:\/\/www.mairie-poncey-les-athee.fr\/wp-content\/uploads\/impots_page-0001-750x1061.jpg 750w, https:\/\/www.mairie-poncey-les-athee.fr\/wp-content\/uploads\/impots_page-0001.jpg 1754w\" sizes=\"auto, (max-width: 390px) 100vw, 390px\" \/><\/a><\/h3>\n<p>&nbsp;<\/p>\n<h3 class=\"post-title entry-title\">D\u00e9claration obligatoire pour les propri\u00e9taires d\u2019un bien immobilier en 2023<\/h3>\n<div class=\"entry-content clearfix\">\n<p><a href=\"https:\/\/www.impots.gouv.fr\/actualite\/gerer-mes-biens-immobiliers-un-nouveau-service-en-ligne-pour-les-usagers-proprietaires-1\" target=\"_blank\" rel=\"noopener\"><img loading=\"lazy\" decoding=\"async\" class=\"wp-image-7300 aligncenter\" src=\"https:\/\/www.mairie-poncey-les-athee.fr\/wp-content\/uploads\/banniere-gmbimmo-300x40.png\" sizes=\"auto, (max-width: 721px) 100vw, 721px\" srcset=\"https:\/\/www.mairie-poncey-les-athee.fr\/wp-content\/uploads\/banniere-gmbimmo-300x40.png 300w, https:\/\/www.mairie-poncey-les-athee.fr\/wp-content\/uploads\/banniere-gmbimmo-560x74.png 560w, https:\/\/www.mairie-poncey-les-athee.fr\/wp-content\/uploads\/banniere-gmbimmo-768x101.png 768w, https:\/\/www.mairie-poncey-les-athee.fr\/wp-content\/uploads\/banniere-gmbimmo-750x99.png 750w, https:\/\/www.mairie-poncey-les-athee.fr\/wp-content\/uploads\/banniere-gmbimmo.png 1139w\" alt=\"\" width=\"653\" height=\"86\" \/><\/a><\/p>\n<p>Tous les propri\u00e9taires sont soumis \u00e0 une nouvelle obligation d\u00e9clarative en 2023.\u00a0 \u00a0 \u00a0 \u00a0 \u00a0 \u00a0 \u00a0 \u00a0 \u00a0 \u00a0 \u00a0 \u00a0 \u00a0 \u00a0 \u00a0 \u00a0 \u00a0 \u00a0 \u00a0 \u00a0 \u00a0 \u00a0 \u00a0 \u00a0 \u00a0 \u00a0 \u00a0 \u00a0\u00c0 partir du 1<sup>er<\/sup>\u00a0janvier et jusqu\u2019au 30 juin 2023 inclus, tous les propri\u00e9taires de biens immobiliers \u00e0 usage d\u2019habitation, particuliers et entreprises, doivent d\u00e9clarer l\u2019occupation de leurs logements sur l\u2019espace\u00a0\u00a0<a href=\"https:\/\/www.impots.gouv.fr\/actualite\/gerer-mes-biens-immobiliers-un-nouveau-service-en-ligne-pour-les-usagers-proprietaires-1\" target=\"_blank\" rel=\"noopener\">\u00ab G\u00e9rer mes biens immobiliers \u00bb<\/a>\u00a0 \u00a0du site\u00a0impots.gouv.fr. Les explications avec le\u00a0<a href=\"https:\/\/www.mairie-poncey-les-athee.fr\/wp-content\/uploads\/Livret-GMBI-Occupation-DDFiP-26.pdf\" target=\"_blank\" rel=\"noopener\">\u00a0livret GMBI<\/a>\u00a0\u00a0et sur\u00a0\u00a0<a href=\"https:\/\/www.service-public.fr\/particuliers\/actualites\/A16336#:~:text=%C3%80%20partir%20du%201er,site%20impots.gouv.fr.\" target=\"_blank\" rel=\"noopener\">service-public.fr<\/a><\/p>\n<\/div>\n<div class=\"entry-content clearfix\">\n<h4><\/h4>\n<\/div>\n<p>&nbsp;<\/p>\n<\/div>\n","protected":false},"excerpt":{"rendered":"<p>&nbsp;<\/p><p><a class=\"more-link btn\" href=\"https:\/\/www.mairie-poncey-les-athee.fr\/?page_id=4549\">Lire la suite<\/a><\/p>\n","protected":false},"author":2,"featured_media":0,"parent":22,"menu_order":9,"comment_status":"closed","ping_status":"closed","template":"","meta":{"footnotes":""},"class_list":["post-4549","page","type-page","status-publish","hentry","nodate","item-wrap"],"_links":{"self":[{"href":"https:\/\/www.mairie-poncey-les-athee.fr\/index.php?rest_route=\/wp\/v2\/pages\/4549","targetHints":{"allow":["GET"]}}],"collection":[{"href":"https:\/\/www.mairie-poncey-les-athee.fr\/index.php?rest_route=\/wp\/v2\/pages"}],"about":[{"href":"https:\/\/www.mairie-poncey-les-athee.fr\/index.php?rest_route=\/wp\/v2\/types\/page"}],"author":[{"embeddable":true,"href":"https:\/\/www.mairie-poncey-les-athee.fr\/index.php?rest_route=\/wp\/v2\/users\/2"}],"replies":[{"embeddable":true,"href":"https:\/\/www.mairie-poncey-les-athee.fr\/index.php?rest_route=%2Fwp%2Fv2%2Fcomments&post=4549"}],"version-history":[{"count":12,"href":"https:\/\/www.mairie-poncey-les-athee.fr\/index.php?rest_route=\/wp\/v2\/pages\/4549\/revisions"}],"predecessor-version":[{"id":8458,"href":"https:\/\/www.mairie-poncey-les-athee.fr\/index.php?rest_route=\/wp\/v2\/pages\/4549\/revisions\/8458"}],"up":[{"embeddable":true,"href":"https:\/\/www.mairie-poncey-les-athee.fr\/index.php?rest_route=\/wp\/v2\/pages\/22"}],"wp:attachment":[{"href":"https:\/\/www.mairie-poncey-les-athee.fr\/index.php?rest_route=%2Fwp%2Fv2%2Fmedia&parent=4549"}],"curies":[{"name":"wp","href":"https:\/\/api.w.org\/{rel}","templated":true}]}}