{"id":44,"date":"2010-11-26T17:04:04","date_gmt":"2010-11-26T17:04:04","guid":{"rendered":"http:\/\/www.mairie-poncey-les-athee.fr\/?page_id=44"},"modified":"2026-03-22T16:42:58","modified_gmt":"2026-03-22T16:42:58","slug":"mariages","status":"publish","type":"page","link":"https:\/\/www.mairie-poncey-les-athee.fr\/?page_id=44","title":{"rendered":"Mariages et Pacs"},"content":{"rendered":"<p>2017, 2018, 2019, 2020, 2021, 2022, 2023, 2024, 2025 et 2026<\/p>\n<p><!--more--><\/p>\n<p><a href=\"https:\/\/www.mairie-poncey-les-athee.fr\/wp-content\/uploads\/53413959-couple-mariage-silhouettes.webp\"><img loading=\"lazy\" decoding=\"async\" class=\"wp-image-4479 alignnone\" src=\"https:\/\/www.mairie-poncey-les-athee.fr\/wp-content\/uploads\/53413959-couple-mariage-silhouettes.webp\" alt=\"Logo Mariages\" width=\"161\" height=\"141\" srcset=\"https:\/\/www.mairie-poncey-les-athee.fr\/wp-content\/uploads\/53413959-couple-mariage-silhouettes.webp 450w, https:\/\/www.mairie-poncey-les-athee.fr\/wp-content\/uploads\/53413959-couple-mariage-silhouettes-300x262.webp 300w\" sizes=\"auto, (max-width: 161px) 100vw, 161px\" \/><\/a><\/p>\n<p>&nbsp;<\/p>\n<h3><span style=\"color: #0000ff;\">2026<\/span><\/h3>\n<h3><span style=\"color: #000080;\"><span style=\"color: #0000ff;\">2025<\/span><\/span><\/h3>\n<ol>\n<li>BERGERET Cibyl et GARNIER Guillaume, le 10 mai<\/li>\n<li>POURREAUX S\u00e9bastien et FONTAINE Vanessa, Claude, Denise le 12 juillet<\/li>\n<\/ol>\n<h3><span style=\"color: #0000ff;\">2024<\/span><\/h3>\n<ol>\n<li>COGNOT Cyril et FAGE Corine, le 03 f\u00e9vrier<\/li>\n<li>HAMSAS Christelle et\u00a0 SAUVAGEOT Nicolas, Louis, Paul le 13 f\u00e9vrier (Pacs)<\/li>\n<li>RAIMUNDO Erika, Camille, Marie-Th\u00e9r\u00e8se et FONTAINE Baptiste, Claude, Henri le 15 juin<\/li>\n<li>DELION Laura et BERNY Flavien le 27 juillet (Pacs)<\/li>\n<li>POURCELOT L\u00e9a et CHIGNARD Christopher le 10 ao\u00fbt<\/li>\n<li>GRESSIER Oc\u00e9ane, Christine, Christel et TREFFOT Florian, Jacques, Yves le 20 septembre (Pacs)<\/li>\n<li>SCHEUBL\u00c9 Fanny\u00a0 et\u00a0 BOILLAUD Jessy, Marcellin, Marc\u00a0 le 21 septembre (Pacs).<\/li>\n<\/ol>\n<h3><span style=\"color: #0000ff;\"> 2023<\/span><\/h3>\n<ol>\n<li>BAZENET Anthony, Georges et\u00a0 VAL Audrey \u00e0 Tillenay le 16 septembre<\/li>\n<\/ol>\n<h3><span style=\"color: #0000ff;\"><strong>\u00a02022<\/strong><\/span><\/h3>\n<ol>\n<li>KANDIN Alexis, Jean et NETO Sophie, Corinne, le 09 avril<\/li>\n<li>MINI Ren\u00e9 et BARBELENET Brigitte, le 20 juin<\/li>\n<li>TRIVIER J\u00e9r\u00e9my et BERNOT Sandy, le 01 octobre<\/li>\n<\/ol>\n<h3><span style=\"color: #0000ff;\"><strong>2021<\/strong><\/span><\/h3>\n<ol>\n<li>BATTU Tony Alexis et SARRE Adeline, Isabelle, La\u00ebticia, le 04 septembre<\/li>\n<\/ol>\n<h3><span style=\"color: #0000ff;\"><strong>\u00a02020<\/strong><\/span><\/h3>\n<ol>\n<li>DULLIER David\u00a0 et CREUILLENET Edith, le 29 f\u00e9vrier<\/li>\n<li>RAYMOND Bastien et LATHELIER Gwenna\u00ebl, le 18 juillet<\/li>\n<li>REBOUL Gwendoline, Erna, Nathalie et BERTAUT Justine, C\u00e9line, Laurence, le 22 ao\u00fbt<\/li>\n<\/ol>\n<h3><span style=\"color: #0000ff;\"><strong>\u00a02019<\/strong><\/span><\/h3>\n<ol>\n<li>PANEL Lo\u00efc et HAUTBOUT St\u00e9phanie, le 20 juillet<\/li>\n<li>CHARRIER Jordan et ROCOPLAN Ma\u00eft\u00e9, le 24 ao\u00fbt<\/li>\n<li>MISSET Alexandre et MITTAINE Ga\u00eblle, le 14 septembre<\/li>\n<li>GONDARD Charles et LEJAULT Pauline, le 14 septembre<\/li>\n<\/ol>\n<h3><span style=\"color: #0000ff;\"><strong>\u00a02018<\/strong><\/span><\/h3>\n<ol>\n<li>FOURCAULT Beno\u00eet\u00a0 et COMBEAU Gwena\u00eblle, le 07 juillet<\/li>\n<li>LOISON \u00c9lodie et MAUGEAIS Isabelle, le 18 ao\u00fbt<\/li>\n<\/ol>\n<h3><span style=\"color: #0000ff;\"><strong>\u00a02017<\/strong><\/span><\/h3>\n<p>1. COLLIN Laurent et MAGDELAINE Marie-Christine, le 05 ao\u00fbt<\/p>\n","protected":false},"excerpt":{"rendered":"<p>2017, 2018, 2019, 2020, 2021, 2022, 2023, 2024, 2025 et 2026<\/p><p><a class=\"more-link btn\" href=\"https:\/\/www.mairie-poncey-les-athee.fr\/?page_id=44\">Lire la suite<\/a><\/p>\n","protected":false},"author":2,"featured_media":0,"parent":38,"menu_order":1,"comment_status":"closed","ping_status":"closed","template":"","meta":{"footnotes":""},"class_list":["post-44","page","type-page","status-publish","hentry","nodate","item-wrap"],"_links":{"self":[{"href":"https:\/\/www.mairie-poncey-les-athee.fr\/index.php?rest_route=\/wp\/v2\/pages\/44","targetHints":{"allow":["GET"]}}],"collection":[{"href":"https:\/\/www.mairie-poncey-les-athee.fr\/index.php?rest_route=\/wp\/v2\/pages"}],"about":[{"href":"https:\/\/www.mairie-poncey-les-athee.fr\/index.php?rest_route=\/wp\/v2\/types\/page"}],"author":[{"embeddable":true,"href":"https:\/\/www.mairie-poncey-les-athee.fr\/index.php?rest_route=\/wp\/v2\/users\/2"}],"replies":[{"embeddable":true,"href":"https:\/\/www.mairie-poncey-les-athee.fr\/index.php?rest_route=%2Fwp%2Fv2%2Fcomments&post=44"}],"version-history":[{"count":56,"href":"https:\/\/www.mairie-poncey-les-athee.fr\/index.php?rest_route=\/wp\/v2\/pages\/44\/revisions"}],"predecessor-version":[{"id":21092,"href":"https:\/\/www.mairie-poncey-les-athee.fr\/index.php?rest_route=\/wp\/v2\/pages\/44\/revisions\/21092"}],"up":[{"embeddable":true,"href":"https:\/\/www.mairie-poncey-les-athee.fr\/index.php?rest_route=\/wp\/v2\/pages\/38"}],"wp:attachment":[{"href":"https:\/\/www.mairie-poncey-les-athee.fr\/index.php?rest_route=%2Fwp%2Fv2%2Fmedia&parent=44"}],"curies":[{"name":"wp","href":"https:\/\/api.w.org\/{rel}","templated":true}]}}