{"id":3466,"date":"2016-12-17T07:22:30","date_gmt":"2016-12-17T07:22:30","guid":{"rendered":"http:\/\/www.mairie-poncey-les-athee.fr\/?page_id=3466"},"modified":"2023-07-09T07:37:07","modified_gmt":"2023-07-09T07:37:07","slug":"parcours-de-citoyennete","status":"publish","type":"page","link":"https:\/\/www.mairie-poncey-les-athee.fr\/?page_id=3466","title":{"rendered":"Parcours de citoyennet\u00e9"},"content":{"rendered":"<p><span style=\"text-decoration: underline;\"><strong>Recensement citoyen obligatoire<\/strong><\/span><\/p>\n<p><a href=\"https:\/\/www.mairie-poncey-les-athee.fr\/wp-content\/uploads\/siteon0.jpg\"><img loading=\"lazy\" decoding=\"async\" class=\"size-full wp-image-4437 alignleft\" src=\"https:\/\/www.mairie-poncey-les-athee.fr\/wp-content\/uploads\/siteon0.jpg\" alt=\"\" width=\"171\" height=\"141\" \/><\/a><\/p>\n<p>&nbsp;<\/p>\n<p>&nbsp;<\/p>\n<p><!--more--><\/p>\n<p>&nbsp;<\/p>\n<p><strong>Tout jeune de nationalit\u00e9 fran\u00e7aise, gar\u00e7on ou fille, doit se faire recenser entre la date de ses 16 ans et la fin du troisi\u00e8me mois suivant. Le recensement citoyen est, en effet, une d\u00e9marche obligatoire et indispensable pour pouvoir participer \u00e0 la Journ\u00e9e d\u00e9fense et citoyennet\u00e9 (JDC).<\/strong><\/p>\n<p><strong>L\u2019attestation de participation \u00e0 la JDC est r\u00e9clam\u00e9e pour toute inscription aux examens et concours soumis \u00e0 l\u2019autorit\u00e9 publique (CAP, baccalaur\u00e9at, permis de conduire\u2026). De plus, le recensement permet l\u2019inscription automatique sur les listes \u00e9lectorales \u00e0 18 ans.<\/strong><\/p>\n<p><strong>Les Fran\u00e7ais non recens\u00e9s dans les d\u00e9lais l\u00e9gaux (entre leurs seize ans et les trois mois qui suivent) pourront r\u00e9gulariser leur situation jusqu\u2019\u00e0 l\u2019\u00e2ge de 25 ans, en effectuant volontairement la d\u00e9marche du recensement.<\/strong><\/p>\n<p><strong>La d\u00e9marche \u00e0 suivre est tr\u00e8s simple\u00a0: il suffit de se rendre \u00e0 la mairie de son domicile, muni de sa pi\u00e8ce d\u2019identit\u00e9 et de son livret de famille.<\/strong><\/p>\n<p><strong>Plus d\u2019information sur <a href=\"https:\/\/www.jeunes.gouv.fr\/Parcours-citoyennete?recommander=oui\" target=\"_blank\" rel=\"noopener\">https:\/\/www.jeunes.gouv.fr\/Parcours-citoyennete?recommander=oui<\/a>\u00a0 et sur l\u2019application mobile \u00ab Ma JDC \u00bb t\u00e9l\u00e9chargeable gratuitement sur smartphone.<\/strong><\/p>\n<p>&nbsp;<\/p>\n<p>&nbsp;<\/p>\n","protected":false},"excerpt":{"rendered":"<p>Recensement citoyen obligatoire &nbsp; &nbsp;<\/p><p><a class=\"more-link btn\" href=\"https:\/\/www.mairie-poncey-les-athee.fr\/?page_id=3466\">Lire la suite<\/a><\/p>\n","protected":false},"author":2,"featured_media":0,"parent":22,"menu_order":8,"comment_status":"closed","ping_status":"closed","template":"","meta":{"footnotes":""},"class_list":["post-3466","page","type-page","status-publish","hentry","nodate","item-wrap"],"_links":{"self":[{"href":"https:\/\/www.mairie-poncey-les-athee.fr\/index.php?rest_route=\/wp\/v2\/pages\/3466","targetHints":{"allow":["GET"]}}],"collection":[{"href":"https:\/\/www.mairie-poncey-les-athee.fr\/index.php?rest_route=\/wp\/v2\/pages"}],"about":[{"href":"https:\/\/www.mairie-poncey-les-athee.fr\/index.php?rest_route=\/wp\/v2\/types\/page"}],"author":[{"embeddable":true,"href":"https:\/\/www.mairie-poncey-les-athee.fr\/index.php?rest_route=\/wp\/v2\/users\/2"}],"replies":[{"embeddable":true,"href":"https:\/\/www.mairie-poncey-les-athee.fr\/index.php?rest_route=%2Fwp%2Fv2%2Fcomments&post=3466"}],"version-history":[{"count":7,"href":"https:\/\/www.mairie-poncey-les-athee.fr\/index.php?rest_route=\/wp\/v2\/pages\/3466\/revisions"}],"predecessor-version":[{"id":6625,"href":"https:\/\/www.mairie-poncey-les-athee.fr\/index.php?rest_route=\/wp\/v2\/pages\/3466\/revisions\/6625"}],"up":[{"embeddable":true,"href":"https:\/\/www.mairie-poncey-les-athee.fr\/index.php?rest_route=\/wp\/v2\/pages\/22"}],"wp:attachment":[{"href":"https:\/\/www.mairie-poncey-les-athee.fr\/index.php?rest_route=%2Fwp%2Fv2%2Fmedia&parent=3466"}],"curies":[{"name":"wp","href":"https:\/\/api.w.org\/{rel}","templated":true}]}}