{"id":3174,"date":"2016-04-16T06:13:44","date_gmt":"2016-04-16T06:13:44","guid":{"rendered":"http:\/\/www.mairie-poncey-les-athee.fr\/?page_id=3174"},"modified":"2022-12-05T18:37:44","modified_gmt":"2022-12-05T18:37:44","slug":"travaux-sur-la-conduite-dadduction-deau-de-800mm","status":"publish","type":"page","link":"https:\/\/www.mairie-poncey-les-athee.fr\/?page_id=3174","title":{"rendered":"Travaux sur la conduite d&rsquo;adduction d&rsquo;Eau de 800mm"},"content":{"rendered":"<p><strong>2016<\/strong><\/p>\n<p><!--more--><\/p>\n<p><strong>La Lyonnaise des eaux nous a pr\u00e9sent\u00e9 lors de la r\u00e9union publique du 1er Avril 2016 ,\u00a0 les travaux de remplacement de la conduite d&rsquo;adduction de 800mm,\u00a0 qui avait \u00e9t\u00e9 install\u00e9e en 1936.\u00a0 ( la conduite de 1000 mm a \u00e9t\u00e9 install\u00e9e dans les ann\u00e9e 1970).<\/strong><\/p>\n<p><strong>Cette conduite d&rsquo;eau permet d&rsquo;alimenter en eau potable le Grand DIJON.<\/strong><\/p>\n<p><strong>La production d&rsquo;eau de l&rsquo;usine de Poncey-les-Ath\u00e9e est de 60 000 m3\/jours.<\/strong><\/p>\n<p><strong>En moyenne, l&rsquo;usine de\u00a0Poncey-les-Ath\u00e9e repr\u00e9sente 30% des besoin en eau du Grand DIJON, sauf en Septembre et Octobre ou elle repr\u00e9sente 70%, donc le site de Poncey-les-Ath\u00e9e est strat\u00e9gique.<\/strong><\/p>\n<p><strong>La nouvelle conduite sera mise en lieu et place de l&rsquo;ancienne, ces travaux repr\u00e9sente un budget de 3.8 millions d&rsquo;Euros.<\/strong><\/p>\n<p><strong>Durant la p\u00e9riode des travaux, la route menant \u00e0 Magny-Montarlot sera coup\u00e9e et une d\u00e9viation par Ath\u00e9e sera mise en place.<\/strong><\/p>\n<p>&nbsp;<\/p>\n<p><a href=\"https:\/\/www.mairie-poncey-les-athee.fr\/wp-content\/uploads\/Travaux-Conduite-Eau-800_001.png\" target=\"_blank\" rel=\"noopener\"><img loading=\"lazy\" decoding=\"async\" class=\"aligncenter wp-image-3167 size-full\" src=\"https:\/\/www.mairie-poncey-les-athee.fr\/wp-content\/uploads\/Travaux-Conduite-Eau-800_001.png\" alt=\"Travaux Conduite Eau 800_001\" width=\"1191\" height=\"842\" srcset=\"https:\/\/www.mairie-poncey-les-athee.fr\/wp-content\/uploads\/Travaux-Conduite-Eau-800_001.png 1191w, https:\/\/www.mairie-poncey-les-athee.fr\/wp-content\/uploads\/Travaux-Conduite-Eau-800_001-300x212.png 300w, https:\/\/www.mairie-poncey-les-athee.fr\/wp-content\/uploads\/Travaux-Conduite-Eau-800_001-768x543.png 768w, https:\/\/www.mairie-poncey-les-athee.fr\/wp-content\/uploads\/Travaux-Conduite-Eau-800_001-560x396.png 560w\" sizes=\"auto, (max-width: 1191px) 100vw, 1191px\" \/><\/a><\/p>\n<h3><\/h3>\n<p>&nbsp;<\/p>\n<h3>Voici quelques photos des travaux lors de la pose de la premi\u00e8re conduite.<\/h3>\n<p>&nbsp;<\/p>\n<p><a href=\"https:\/\/www.mairie-poncey-les-athee.fr\/wp-content\/uploads\/800_002.png\" target=\"_blank\" rel=\"noopener\"><img loading=\"lazy\" decoding=\"async\" class=\"aligncenter wp-image-3169 size-large\" src=\"https:\/\/www.mairie-poncey-les-athee.fr\/wp-content\/uploads\/800_002-560x396.png\" alt=\"800_002\" width=\"560\" height=\"396\" srcset=\"https:\/\/www.mairie-poncey-les-athee.fr\/wp-content\/uploads\/800_002-560x396.png 560w, https:\/\/www.mairie-poncey-les-athee.fr\/wp-content\/uploads\/800_002-300x212.png 300w, https:\/\/www.mairie-poncey-les-athee.fr\/wp-content\/uploads\/800_002-768x543.png 768w, https:\/\/www.mairie-poncey-les-athee.fr\/wp-content\/uploads\/800_002.png 842w\" sizes=\"auto, (max-width: 560px) 100vw, 560px\" \/><\/a><a href=\"https:\/\/www.mairie-poncey-les-athee.fr\/wp-content\/uploads\/800_003.png\" target=\"_blank\" rel=\"noopener\"><img loading=\"lazy\" decoding=\"async\" class=\"aligncenter wp-image-3170 size-large\" src=\"https:\/\/www.mairie-poncey-les-athee.fr\/wp-content\/uploads\/800_003-560x396.png\" alt=\"800_003\" width=\"560\" height=\"396\" srcset=\"https:\/\/www.mairie-poncey-les-athee.fr\/wp-content\/uploads\/800_003-560x396.png 560w, https:\/\/www.mairie-poncey-les-athee.fr\/wp-content\/uploads\/800_003-300x212.png 300w, https:\/\/www.mairie-poncey-les-athee.fr\/wp-content\/uploads\/800_003-768x543.png 768w, https:\/\/www.mairie-poncey-les-athee.fr\/wp-content\/uploads\/800_003.png 842w\" sizes=\"auto, (max-width: 560px) 100vw, 560px\" \/><\/a><a href=\"https:\/\/www.mairie-poncey-les-athee.fr\/wp-content\/uploads\/800_004.png\" target=\"_blank\" rel=\"noopener\"><img loading=\"lazy\" decoding=\"async\" class=\"aligncenter wp-image-3171 size-large\" src=\"https:\/\/www.mairie-poncey-les-athee.fr\/wp-content\/uploads\/800_004-560x396.png\" alt=\"800_004\" width=\"560\" height=\"396\" srcset=\"https:\/\/www.mairie-poncey-les-athee.fr\/wp-content\/uploads\/800_004-560x396.png 560w, https:\/\/www.mairie-poncey-les-athee.fr\/wp-content\/uploads\/800_004-300x212.png 300w, https:\/\/www.mairie-poncey-les-athee.fr\/wp-content\/uploads\/800_004-768x543.png 768w, https:\/\/www.mairie-poncey-les-athee.fr\/wp-content\/uploads\/800_004.png 842w\" sizes=\"auto, (max-width: 560px) 100vw, 560px\" \/><\/a><a href=\"https:\/\/www.mairie-poncey-les-athee.fr\/wp-content\/uploads\/800_005.png\" target=\"_blank\" rel=\"noopener\"><img loading=\"lazy\" decoding=\"async\" class=\"aligncenter wp-image-3172 size-large\" src=\"https:\/\/www.mairie-poncey-les-athee.fr\/wp-content\/uploads\/800_005-560x396.png\" alt=\"800_005\" width=\"560\" height=\"396\" srcset=\"https:\/\/www.mairie-poncey-les-athee.fr\/wp-content\/uploads\/800_005-560x396.png 560w, https:\/\/www.mairie-poncey-les-athee.fr\/wp-content\/uploads\/800_005-300x212.png 300w, https:\/\/www.mairie-poncey-les-athee.fr\/wp-content\/uploads\/800_005-768x543.png 768w, https:\/\/www.mairie-poncey-les-athee.fr\/wp-content\/uploads\/800_005.png 842w\" sizes=\"auto, (max-width: 560px) 100vw, 560px\" \/><\/a><a href=\"https:\/\/www.mairie-poncey-les-athee.fr\/wp-content\/uploads\/800_001.png\" target=\"_blank\" rel=\"noopener\"><img loading=\"lazy\" decoding=\"async\" class=\"aligncenter wp-image-3168 size-large\" src=\"https:\/\/www.mairie-poncey-les-athee.fr\/wp-content\/uploads\/800_001-560x396.png\" alt=\"800_001\" width=\"560\" height=\"396\" srcset=\"https:\/\/www.mairie-poncey-les-athee.fr\/wp-content\/uploads\/800_001-560x396.png 560w, https:\/\/www.mairie-poncey-les-athee.fr\/wp-content\/uploads\/800_001-300x212.png 300w, https:\/\/www.mairie-poncey-les-athee.fr\/wp-content\/uploads\/800_001-768x543.png 768w, https:\/\/www.mairie-poncey-les-athee.fr\/wp-content\/uploads\/800_001.png 842w\" sizes=\"auto, (max-width: 560px) 100vw, 560px\" \/><\/a><\/p>\n","protected":false},"excerpt":{"rendered":"<p>2016<\/p><p><a class=\"more-link btn\" href=\"https:\/\/www.mairie-poncey-les-athee.fr\/?page_id=3174\">Lire la suite<\/a><\/p>\n","protected":false},"author":2,"featured_media":0,"parent":1222,"menu_order":5,"comment_status":"closed","ping_status":"closed","template":"","meta":{"footnotes":""},"class_list":["post-3174","page","type-page","status-publish","hentry","nodate","item-wrap"],"_links":{"self":[{"href":"https:\/\/www.mairie-poncey-les-athee.fr\/index.php?rest_route=\/wp\/v2\/pages\/3174","targetHints":{"allow":["GET"]}}],"collection":[{"href":"https:\/\/www.mairie-poncey-les-athee.fr\/index.php?rest_route=\/wp\/v2\/pages"}],"about":[{"href":"https:\/\/www.mairie-poncey-les-athee.fr\/index.php?rest_route=\/wp\/v2\/types\/page"}],"author":[{"embeddable":true,"href":"https:\/\/www.mairie-poncey-les-athee.fr\/index.php?rest_route=\/wp\/v2\/users\/2"}],"replies":[{"embeddable":true,"href":"https:\/\/www.mairie-poncey-les-athee.fr\/index.php?rest_route=%2Fwp%2Fv2%2Fcomments&post=3174"}],"version-history":[{"count":7,"href":"https:\/\/www.mairie-poncey-les-athee.fr\/index.php?rest_route=\/wp\/v2\/pages\/3174\/revisions"}],"predecessor-version":[{"id":6603,"href":"https:\/\/www.mairie-poncey-les-athee.fr\/index.php?rest_route=\/wp\/v2\/pages\/3174\/revisions\/6603"}],"up":[{"embeddable":true,"href":"https:\/\/www.mairie-poncey-les-athee.fr\/index.php?rest_route=\/wp\/v2\/pages\/1222"}],"wp:attachment":[{"href":"https:\/\/www.mairie-poncey-les-athee.fr\/index.php?rest_route=%2Fwp%2Fv2%2Fmedia&parent=3174"}],"curies":[{"name":"wp","href":"https:\/\/api.w.org\/{rel}","templated":true}]}}