{"id":3163,"date":"2016-04-16T05:45:55","date_gmt":"2016-04-16T05:45:55","guid":{"rendered":"http:\/\/www.mairie-poncey-les-athee.fr\/?page_id=3163"},"modified":"2025-10-26T07:41:36","modified_gmt":"2025-10-26T07:41:36","slug":"foret-communale","status":"publish","type":"page","link":"https:\/\/www.mairie-poncey-les-athee.fr\/?page_id=3163","title":{"rendered":"For\u00eat Communale"},"content":{"rendered":"<h3 class=\"post-title entry-title\"><span style=\"color: #0000ff;\">Tirage au sort des Affouages 2025<\/span><\/h3>\n<p><a href=\"https:\/\/www.mairie-poncey-les-athee.fr\/wp-content\/uploads\/Affouages-2025-plan.png\" target=\"_blank\" rel=\"noopener\"><img loading=\"lazy\" decoding=\"async\" class=\"alignleft wp-image-19622 size-medium\" src=\"https:\/\/www.mairie-poncey-les-athee.fr\/wp-content\/uploads\/Affouages-2025-plan-300x211.png\" sizes=\"auto, (max-width: 300px) 100vw, 300px\" srcset=\"https:\/\/www.mairie-poncey-les-athee.fr\/wp-content\/uploads\/Affouages-2025-plan-300x211.png 300w, https:\/\/www.mairie-poncey-les-athee.fr\/wp-content\/uploads\/Affouages-2025-plan-768x539.png 768w, https:\/\/www.mairie-poncey-les-athee.fr\/wp-content\/uploads\/Affouages-2025-plan-750x527.png 750w, https:\/\/www.mairie-poncey-les-athee.fr\/wp-content\/uploads\/Affouages-2025-plan.png 896w\" alt=\"\" width=\"300\" height=\"211\" \/><\/a>L\u2019<strong>affouage<\/strong>\u00a0est la possibilit\u00e9 donn\u00e9e par le\u00a0Code forestier\u00a0\u00e0 un\u00a0conseil municipal de r\u00e9server une partie des bois de la\u00a0for\u00eat communale\u00a0pour l\u2019usage domestique des habitants. Le mot \u00ab\u00a0affouage\u00a0\u00bb date du XIIIe\u00a0si\u00e8cle. Il vient du verbe, en ancien fran\u00e7ais, \u00ab\u00a0affouer\u00a0\u00bb qui signifie chauffer. Bien que le mot affouage soit souvent utilis\u00e9 comme synonyme de\u00a0<em>bois de chauffage<\/em>, il fait r\u00e9f\u00e9rence \u00e0 un mode bien particulier de mobilisation des bois propre aux for\u00eats communales. Aujourd\u2019hui, l\u2019affouage est toujours pratiqu\u00e9 par les communes foresti\u00e8res.<\/p>\n<p>Les affouages concernent cette ann\u00e9e la parcelle 15\u00a0 (3 hectares 30) estim\u00e9e \u00e0 560 st\u00e8res de bois \u00e0 couper (dont plusieurs t\u00eates de ch\u00eane)\u00a0 que se partageront les\u00a0<a href=\"https:\/\/www.onf.fr\/onf\/%2B\/130e::laffouage-une-technique-ancestrale-toujours-actuelle.html\" target=\"_blank\" rel=\"noopener\">17 affouagistes inscrits<\/a>.\u00a0 \u00a0 \u00a0 \u00a0 \u00a0 \u00a0 \u00a0 \u00a0 \u00a0 \u00a0 \u00a0 \u00a0 \u00a0 \u00a0 \u00a0 \u00a0 \u00a0 \u00a0 \u00a0 \u00a0 \u00a0 Ce samedi 25 octobre tous se sont retrouv\u00e9s sur la parcelle 15 pour le tirage au sort de leur lot,\u00a0 encadr\u00e9 par Jean-Paul Garrien adjoint \u00e0 la commune et d\u00e9l\u00e9gu\u00e9 \u00e0 la for\u00eat. Puis tous se sont quitt\u00e9s satisfaits apr\u00e8s cette matin\u00e9e fructueuse.<\/p>\n<p><a href=\"https:\/\/www.mairie-poncey-les-athee.fr\/wp-content\/uploads\/Affouages-2025.jpeg\" target=\"_blank\" rel=\"noopener\"><img loading=\"lazy\" decoding=\"async\" class=\"wp-image-19624  alignnone\" src=\"https:\/\/www.mairie-poncey-les-athee.fr\/wp-content\/uploads\/Affouages-2025-300x225.jpeg\" sizes=\"auto, (max-width: 304px) 100vw, 304px\" srcset=\"https:\/\/www.mairie-poncey-les-athee.fr\/wp-content\/uploads\/Affouages-2025-300x225.jpeg 300w, https:\/\/www.mairie-poncey-les-athee.fr\/wp-content\/uploads\/Affouages-2025-1024x768.jpeg 1024w, https:\/\/www.mairie-poncey-les-athee.fr\/wp-content\/uploads\/Affouages-2025-768x576.jpeg 768w, https:\/\/www.mairie-poncey-les-athee.fr\/wp-content\/uploads\/Affouages-2025-1536x1152.jpeg 1536w, https:\/\/www.mairie-poncey-les-athee.fr\/wp-content\/uploads\/Affouages-2025-750x563.jpeg 750w, https:\/\/www.mairie-poncey-les-athee.fr\/wp-content\/uploads\/Affouages-2025.jpeg 2016w\" alt=\"\" width=\"304\" height=\"228\" \/><\/a>\u00a0 \u00a0 \u00a0 \u00a0 \u00a0 \u00a0 \u00a0 \u00a0<a href=\"https:\/\/www.mairie-poncey-les-athee.fr\/wp-content\/uploads\/Affouages-2025b.jpeg\" target=\"_blank\" rel=\"noopener\"><img loading=\"lazy\" decoding=\"async\" class=\"alignnone wp-image-19623\" src=\"https:\/\/www.mairie-poncey-les-athee.fr\/wp-content\/uploads\/Affouages-2025b-300x210.jpeg\" sizes=\"auto, (max-width: 324px) 100vw, 324px\" srcset=\"https:\/\/www.mairie-poncey-les-athee.fr\/wp-content\/uploads\/Affouages-2025b-300x210.jpeg 300w, https:\/\/www.mairie-poncey-les-athee.fr\/wp-content\/uploads\/Affouages-2025b-1024x717.jpeg 1024w, https:\/\/www.mairie-poncey-les-athee.fr\/wp-content\/uploads\/Affouages-2025b-768x538.jpeg 768w, https:\/\/www.mairie-poncey-les-athee.fr\/wp-content\/uploads\/Affouages-2025b-1536x1076.jpeg 1536w, https:\/\/www.mairie-poncey-les-athee.fr\/wp-content\/uploads\/Affouages-2025b-750x525.jpeg 750w, https:\/\/www.mairie-poncey-les-athee.fr\/wp-content\/uploads\/Affouages-2025b.jpeg 1790w\" alt=\"\" width=\"324\" height=\"227\" \/><\/a><\/p>\n<p>&nbsp;<\/p>\n<p>&nbsp;<\/p>\n<hr \/>\n<h3 class=\"post-title entry-title\"><span style=\"color: #0000ff;\">Tirage au sort des Affouages 2024<\/span><\/h3>\n<p><strong><a href=\"https:\/\/www.mairie-poncey-les-athee.fr\/wp-content\/uploads\/Affouage-1.jpg\" target=\"_blank\" rel=\"noopener\"><img loading=\"lazy\" decoding=\"async\" class=\"alignleft wp-image-12032 size-medium\" src=\"https:\/\/www.mairie-poncey-les-athee.fr\/wp-content\/uploads\/Affouage-1-300x225.jpg\" sizes=\"auto, (max-width: 300px) 100vw, 300px\" srcset=\"https:\/\/www.mairie-poncey-les-athee.fr\/wp-content\/uploads\/Affouage-1-300x225.jpg 300w, https:\/\/www.mairie-poncey-les-athee.fr\/wp-content\/uploads\/Affouage-1-560x420.jpg 560w, https:\/\/www.mairie-poncey-les-athee.fr\/wp-content\/uploads\/Affouage-1-768x576.jpg 768w, https:\/\/www.mairie-poncey-les-athee.fr\/wp-content\/uploads\/Affouage-1-1536x1152.jpg 1536w, https:\/\/www.mairie-poncey-les-athee.fr\/wp-content\/uploads\/Affouage-1-750x563.jpg 750w, https:\/\/www.mairie-poncey-les-athee.fr\/wp-content\/uploads\/Affouage-1.jpg 2016w\" alt=\"\" width=\"300\" height=\"225\" \/><\/a><\/strong><strong>Le tirage au sort pour les affouages s\u2019est d\u00e9roul\u00e9 ce samedi 02 d\u00e9cembre 2023 \u00e0 la salle des Pompes.\u00a0 \u00a0 \u00a0 \u00a0 \u00a0 \u00a0 \u00a0 \u00a0 \u00a0 \u00a0 \u00a0 \u00a0 \u00a0 \u00a0 \u00a0Les 12 affouagistes inscrits \u00e9taient pr\u00e9sents, et se partageront environ 200 st\u00e8res de bois dans les parcelles 5, 20 et 24 des bois de Poncey.\u00a0 \u00a0 \u00a0 \u00a0 \u00a0 \u00a0 \u00a0 \u00a0 \u00a0 \u00a0 \u00a0 \u00a0 \u00a0 \u00a0 \u00a0 \u00a0 \u00a0 \u00a0 \u00a0 \u00a0 \u00a0 \u00a0 \u00a0 \u00a0 \u00a0 \u00a0 \u00a0 \u00a0 \u00a0 \u00a0 \u00a0 \u00a0 \u00a0 \u00a0 \u00a0 \u00a0Le tirage a \u00e9t\u00e9 dirig\u00e9 par Jean-Paul Garrien (adjoint) et Mathieu Matrat (Garant des bois)\u00a0 \u00a0 \u00a0 \u00a0 \u00a0 \u00a0 \u00a0 \u00a0 \u00a0 \u00a0 \u00a0 \u00a0 \u00a0 \u00a0 \u00a0 \u00a0 \u00a0 \u00a0 \u00a0 \u00a0 \u00a0 \u00a0 \u00a0 \u00a0 \u00a0 \u00a0 \u00a0 \u00a0 \u00a0Les EPI (Chaussures, pantalon, veste, gants et casque) et Assurance sont obligatoires.\u00a0 \u00a0 \u00a0 \u00a0 \u00a0 \u00a0 \u00a0 \u00a0 \u00a0 \u00a0 \u00a0 \u00a0 \u00a0 \u00a0 \u00a0 \u00a0 \u00a0 \u00a0 \u00a0 \u00a0 \u00a0Nous souhaitons une bonne saison \u00e0 nos affouagistes.<\/strong><\/p>\n<div class=\"entry-content clearfix\">\n<p>&nbsp;<\/p>\n<\/div>\n<hr \/>\n<h4>Cartes et plans t\u00e9l\u00e9chargeables<\/h4>\n<h4><a href=\"https:\/\/www.mairie-poncey-les-athee.fr\/wp-content\/uploads\/For\u00eat-Communale-PONCEY-Carte-dam\u00e9nagement.pdf\" target=\"_blank\" rel=\"noopener\"><img loading=\"lazy\" decoding=\"async\" class=\"aligncenter wp-image-3162 size-full\" src=\"https:\/\/www.mairie-poncey-les-athee.fr\/wp-content\/uploads\/For\u00eat-Communale-PONCEY-Carte-dam\u00e9nagement_001.png\" alt=\"For\u00eat Communale PONCEY-Carte d'am\u00e9nagement_001\" width=\"1191\" height=\"842\" srcset=\"https:\/\/www.mairie-poncey-les-athee.fr\/wp-content\/uploads\/For\u00eat-Communale-PONCEY-Carte-dam\u00e9nagement_001.png 1191w, https:\/\/www.mairie-poncey-les-athee.fr\/wp-content\/uploads\/For\u00eat-Communale-PONCEY-Carte-dam\u00e9nagement_001-300x212.png 300w, https:\/\/www.mairie-poncey-les-athee.fr\/wp-content\/uploads\/For\u00eat-Communale-PONCEY-Carte-dam\u00e9nagement_001-768x543.png 768w, https:\/\/www.mairie-poncey-les-athee.fr\/wp-content\/uploads\/For\u00eat-Communale-PONCEY-Carte-dam\u00e9nagement_001-560x396.png 560w\" sizes=\"auto, (max-width: 1191px) 100vw, 1191px\" \/><\/a><\/h4>\n<p><!--more--><\/p>\n<h4><\/h4>\n<p>Ces cartes (qui repr\u00e9sentent l&rsquo;\u00e9tat de notre for\u00eat communale \u00e0 fin 2015) nous ont \u00e9t\u00e9 pr\u00e9sent\u00e9 le 18 Mars 2016 par les agents de l&rsquo;ONF( Mr VAUTIER et Mr BINETRUY) lors d&rsquo;une r\u00e9union pour pr\u00e9senter le projet d&rsquo;am\u00e9nagement de la for\u00eat communale pour les 20 prochaines ann\u00e9es.<\/p>\n<p>Pour les nouvelles plantation \u00e0 venir, les Ch\u00eanes sessiles seront pr\u00e9f\u00e9r\u00e9s par rapport au Ch\u00eanes p\u00e9doncul\u00e9 car ils ont un besoin en eau moindre.<\/p>\n<p>Le plantation de Peuplier et de Fr\u00eane est \u00e0 \u00e9viter \u00e0 cause des maladies.<\/p>\n<p>De nouvelles m\u00e9thodes de coupe des affouages seront \u00e0 mettre en place, il faut laisser le taillis afin qu&rsquo;il puisse \u00e9duquer les ch\u00eanes et \u00e9viter l&rsquo;envahissement de nos for\u00eat par les robiniers (acacia).<\/p>\n<p>Un bilan des 20 derni\u00e8res ann\u00e9es d&rsquo;exploitation de notre for\u00eat nous sera pr\u00e9sent\u00e9 lors d&rsquo;une prochaine r\u00e9union.<\/p>\n<p>&nbsp;<\/p>\n<h4><a href=\"https:\/\/www.mairie-poncey-les-athee.fr\/wp-content\/uploads\/For\u00eat-Communale-PONCEY-Carte-dam\u00e9nagement.pdf\" target=\"_blank\" rel=\"noopener\">For\u00eat Communale PONCEY &#8211; Carte d&rsquo;am\u00e9nagement<\/a><\/h4>\n<h4><a href=\"https:\/\/www.mairie-poncey-les-athee.fr\/wp-content\/uploads\/For\u00eat-Communale-PONCEY-Capital.pdf\" target=\"_blank\" rel=\"noopener\">For\u00eat Communale PONCEY &#8211; Capital<\/a><\/h4>\n<h4><a href=\"https:\/\/www.mairie-poncey-les-athee.fr\/wp-content\/uploads\/For\u00eat-Communale-PONCEY-Carte-des-Unites-stationnelles.pdf\" target=\"_blank\" rel=\"noopener\">For\u00eat Communale PONCEY &#8211; Carte des Unites stationnelles<\/a><\/h4>\n<h4><a href=\"https:\/\/www.mairie-poncey-les-athee.fr\/wp-content\/uploads\/For\u00eat-Communale-PONCEY-Origines-et-compositions.pdf\" target=\"_blank\" rel=\"noopener\">For\u00eat Communale PONCEY &#8211; Origines et compositions<\/a><\/h4>\n<h4><a href=\"https:\/\/www.mairie-poncey-les-athee.fr\/wp-content\/uploads\/For\u00eat-Communale-PONCEY-Structure-et-taillis-et-robinier.pdf\" target=\"_blank\" rel=\"noopener\">For\u00eat Communale PONCEY &#8211; Structure et taillis et robinier<\/a><\/h4>\n<p>&nbsp;<\/p>\n<p><a href=\"https:\/\/www.mairie-poncey-les-athee.fr\/wp-content\/uploads\/promeneur.png\" target=\"_blank\" rel=\"noopener\"><img loading=\"lazy\" decoding=\"async\" class=\"aligncenter wp-image-9478\" src=\"https:\/\/www.mairie-poncey-les-athee.fr\/wp-content\/uploads\/promeneur-300x210.png\" alt=\"\" width=\"646\" height=\"452\" srcset=\"https:\/\/www.mairie-poncey-les-athee.fr\/wp-content\/uploads\/promeneur-300x210.png 300w, https:\/\/www.mairie-poncey-les-athee.fr\/wp-content\/uploads\/promeneur.png 523w\" sizes=\"auto, (max-width: 646px) 100vw, 646px\" \/><\/a><\/p>\n<p>&nbsp;<\/p>\n","protected":false},"excerpt":{"rendered":"<p>Tirage au sort des Affouages 2025 L\u2019affouage\u00a0est la possibilit\u00e9 donn\u00e9e par le\u00a0Code forestier\u00a0\u00e0 un\u00a0conseil municipal de r\u00e9server une partie des bois de la\u00a0for\u00eat communale\u00a0pour l\u2019usage domestique des habitants. Le mot \u00ab\u00a0affouage\u00a0\u00bb date du XIIIe\u00a0si\u00e8cle. Il vient du verbe, en ancien fran\u00e7ais, \u00ab\u00a0affouer\u00a0\u00bb qui signifie chauffer. Bien que le mot affouage soit souvent utilis\u00e9 comme synonyme &hellip; <\/p>\n<p><a class=\"more-link btn\" href=\"https:\/\/www.mairie-poncey-les-athee.fr\/?page_id=3163\">Lire la suite<\/a><\/p>\n","protected":false},"author":2,"featured_media":0,"parent":2323,"menu_order":0,"comment_status":"closed","ping_status":"closed","template":"","meta":{"footnotes":""},"class_list":["post-3163","page","type-page","status-publish","hentry","nodate","item-wrap"],"_links":{"self":[{"href":"https:\/\/www.mairie-poncey-les-athee.fr\/index.php?rest_route=\/wp\/v2\/pages\/3163","targetHints":{"allow":["GET"]}}],"collection":[{"href":"https:\/\/www.mairie-poncey-les-athee.fr\/index.php?rest_route=\/wp\/v2\/pages"}],"about":[{"href":"https:\/\/www.mairie-poncey-les-athee.fr\/index.php?rest_route=\/wp\/v2\/types\/page"}],"author":[{"embeddable":true,"href":"https:\/\/www.mairie-poncey-les-athee.fr\/index.php?rest_route=\/wp\/v2\/users\/2"}],"replies":[{"embeddable":true,"href":"https:\/\/www.mairie-poncey-les-athee.fr\/index.php?rest_route=%2Fwp%2Fv2%2Fcomments&post=3163"}],"version-history":[{"count":17,"href":"https:\/\/www.mairie-poncey-les-athee.fr\/index.php?rest_route=\/wp\/v2\/pages\/3163\/revisions"}],"predecessor-version":[{"id":19630,"href":"https:\/\/www.mairie-poncey-les-athee.fr\/index.php?rest_route=\/wp\/v2\/pages\/3163\/revisions\/19630"}],"up":[{"embeddable":true,"href":"https:\/\/www.mairie-poncey-les-athee.fr\/index.php?rest_route=\/wp\/v2\/pages\/2323"}],"wp:attachment":[{"href":"https:\/\/www.mairie-poncey-les-athee.fr\/index.php?rest_route=%2Fwp%2Fv2%2Fmedia&parent=3163"}],"curies":[{"name":"wp","href":"https:\/\/api.w.org\/{rel}","templated":true}]}}