{"id":2697,"date":"2014-11-08T06:56:00","date_gmt":"2014-11-08T06:56:00","guid":{"rendered":"http:\/\/www.mairie-poncey-les-athee.fr\/?page_id=2697"},"modified":"2026-03-18T19:09:15","modified_gmt":"2026-03-18T19:09:15","slug":"les-decheteries","status":"publish","type":"page","link":"https:\/\/www.mairie-poncey-les-athee.fr\/?page_id=2697","title":{"rendered":"D\u00e9ch\u00e8teries"},"content":{"rendered":"<h3 class=\"post-title entry-title\"><\/h3>\n<p><span style=\"color: #0000ff; font-family: inherit; font-size: 30px; font-weight: bold;\">\u00a0 \u00a0 \u00a0 \u00a0 \u00a0 \u00a0 \u00a0 \u00a0 \u00a0 \u00a0 \u00a0 \u00a0 \u00a0 \u00a0 \u00a0 \u00a0 \u00a0 <\/span><span style=\"color: #0000ff; font-family: inherit; font-size: 30px; font-weight: bold;\">Horaires\u00a0 2025 &#8211; 2026<\/span><\/p>\n<p>&nbsp;<\/p>\n<p>&nbsp;<\/p>\n<hr \/>\n<h3>D\u00e9ch\u00e8teries de Auxonne, Ath\u00e9e, Pont, Pontailler-sur-Sa\u00f4ne et Maxilly-sur-Sa\u00f4ne<\/h3>\n<p><a href=\"https:\/\/www.mairie-poncey-les-athee.fr\/wp-content\/uploads\/horaires-decheterie2025-scaled.jpg\" target=\"_blank\" rel=\"noopener\"><img loading=\"lazy\" decoding=\"async\" class=\"alignnone wp-image-16857\" src=\"https:\/\/www.mairie-poncey-les-athee.fr\/wp-content\/uploads\/horaires-decheterie2025-300x130.jpg\" alt=\"\" width=\"727\" height=\"315\" srcset=\"https:\/\/www.mairie-poncey-les-athee.fr\/wp-content\/uploads\/horaires-decheterie2025-300x130.jpg 300w, https:\/\/www.mairie-poncey-les-athee.fr\/wp-content\/uploads\/horaires-decheterie2025-560x242.jpg 560w, https:\/\/www.mairie-poncey-les-athee.fr\/wp-content\/uploads\/horaires-decheterie2025-768x332.jpg 768w, https:\/\/www.mairie-poncey-les-athee.fr\/wp-content\/uploads\/horaires-decheterie2025-1536x665.jpg 1536w, https:\/\/www.mairie-poncey-les-athee.fr\/wp-content\/uploads\/horaires-decheterie2025-2048x886.jpg 2048w, https:\/\/www.mairie-poncey-les-athee.fr\/wp-content\/uploads\/horaires-decheterie2025-750x325.jpg 750w\" sizes=\"auto, (max-width: 727px) 100vw, 727px\" \/><\/a><\/p>\n<div id=\"content\">\n<div id=\"paragraphe\" class=\"paragraphe\">\n<div class=\"txt_bloc\">\n<h3><\/h3>\n<p><a href=\"https:\/\/www.mairie-poncey-les-athee.fr\/wp-content\/uploads\/decheterie-ponta1_page-0001.jpg\" target=\"_blank\" rel=\"noopener\"><img loading=\"lazy\" decoding=\"async\" class=\"wp-image-9991 aligncenter\" src=\"https:\/\/www.mairie-poncey-les-athee.fr\/wp-content\/uploads\/decheterie-ponta1_page-0001-212x300.jpg\" alt=\"\" width=\"241\" height=\"341\" srcset=\"https:\/\/www.mairie-poncey-les-athee.fr\/wp-content\/uploads\/decheterie-ponta1_page-0001-212x300.jpg 212w, https:\/\/www.mairie-poncey-les-athee.fr\/wp-content\/uploads\/decheterie-ponta1_page-0001-396x560.jpg 396w, https:\/\/www.mairie-poncey-les-athee.fr\/wp-content\/uploads\/decheterie-ponta1_page-0001-768x1085.jpg 768w, https:\/\/www.mairie-poncey-les-athee.fr\/wp-content\/uploads\/decheterie-ponta1_page-0001-1087x1536.jpg 1087w, https:\/\/www.mairie-poncey-les-athee.fr\/wp-content\/uploads\/decheterie-ponta1_page-0001-750x1060.jpg 750w, https:\/\/www.mairie-poncey-les-athee.fr\/wp-content\/uploads\/decheterie-ponta1_page-0001.jpg 1241w\" sizes=\"auto, (max-width: 241px) 100vw, 241px\" \/><\/a><\/p>\n<p>&nbsp;<\/p>\n<p class=\"Sansinterligne\"><strong>La mise en valeur de l\u2019environnement et de sa protection font partie des missions de la CCAVDS.<\/strong><\/p>\n<p><strong>La Communaut\u00e9 de communes poss\u00e8de 3 d\u00e9ch\u00e8teries qui sont situ\u00e9es \u00e0 :<\/strong><\/p>\n<ul>\n<li><strong>Auxonne <\/strong>&#8211;<strong>\u00a0<\/strong><em><a href=\"https:\/\/www.google.fr\/maps\/place\/D%C3%A9chetterie+d%27Auxonne\/@47.194393,5.4070071,14z\/data=%214m12%211m9%214m8%211m0%211m6%211m2%211s0x47f2adb90c8630fd:0xe87483841114f4a7%212sD%C3%A9chetterie+d%27Auxonne,+21130+Auxonne%212m2%211d5.4208702%212d47.1911897%213m1%211s0x0:0xe87483841114f4a7\" target=\"_blank\" rel=\"noopener\">Plan d&rsquo;acc\u00e8s<\/a>\u00a0&#8211; T\u00e9l : 03.80.31.05.05<\/em><\/li>\n<li><strong>Ath\u00e9e <\/strong><em>&#8211; T\u00e9l : 06.70.77.45.63<\/em><\/li>\n<li><strong>Pont\u00a0<\/strong><em>&#8211; T\u00e9l : 06.70.77.45.63<\/em><\/li>\n<\/ul>\n<p><strong>Elles permettent aux usagers particuliers et professionnels d\u2019\u00e9vacuer les d\u00e9chets qui ne rentrent pas dans le circuit de collecte en porte-\u00e0-porte.<\/strong><\/p>\n<p><strong>Diff\u00e9rentes bennes et abris sont dispos\u00e9s pour permettre le tri des d\u00e9chets verts, encombrants, bois, gravats, cartons, placopl\u00e2tre, ferraille, d\u00e9chets dangereux des m\u00e9nages, les huiles, lampes, les d\u00e9chets d\u2019\u00e9quipements \u00e9lectriques et \u00e9lectroniques (rapport \u00e9cosyst\u00e8me 2015).<\/strong><\/p>\n<p><strong>L\u2019acc\u00e8s pour les particuliers est gratuit (inclus dans le forfait de redevance incitative) tandis que pour les professionnels il est payant.<\/strong><\/p>\n<\/div>\n<\/div>\n<\/div>\n<p>&nbsp;<\/p>\n<p>&nbsp;<\/p>\n<p>&nbsp;<\/p>\n<p>&nbsp;<\/p>\n","protected":false},"excerpt":{"rendered":"<p>\u00a0 \u00a0 \u00a0 \u00a0 \u00a0 \u00a0 \u00a0 \u00a0 \u00a0 \u00a0 \u00a0 \u00a0 \u00a0 \u00a0 \u00a0 \u00a0 \u00a0 Horaires\u00a0 2025 &#8211; 2026 &nbsp; &nbsp; D\u00e9ch\u00e8teries de Auxonne, Ath\u00e9e, Pont, Pontailler-sur-Sa\u00f4ne et Maxilly-sur-Sa\u00f4ne &nbsp; La mise en valeur de l\u2019environnement et de sa protection font partie des missions de la CCAVDS. La Communaut\u00e9 de communes poss\u00e8de 3 &hellip; <\/p>\n<p><a class=\"more-link btn\" href=\"https:\/\/www.mairie-poncey-les-athee.fr\/?page_id=2697\">Lire la suite<\/a><\/p>\n","protected":false},"author":2,"featured_media":12354,"parent":644,"menu_order":4,"comment_status":"closed","ping_status":"closed","template":"","meta":{"footnotes":""},"class_list":["post-2697","page","type-page","status-publish","has-post-thumbnail","hentry","nodate","item-wrap"],"_links":{"self":[{"href":"https:\/\/www.mairie-poncey-les-athee.fr\/index.php?rest_route=\/wp\/v2\/pages\/2697","targetHints":{"allow":["GET"]}}],"collection":[{"href":"https:\/\/www.mairie-poncey-les-athee.fr\/index.php?rest_route=\/wp\/v2\/pages"}],"about":[{"href":"https:\/\/www.mairie-poncey-les-athee.fr\/index.php?rest_route=\/wp\/v2\/types\/page"}],"author":[{"embeddable":true,"href":"https:\/\/www.mairie-poncey-les-athee.fr\/index.php?rest_route=\/wp\/v2\/users\/2"}],"replies":[{"embeddable":true,"href":"https:\/\/www.mairie-poncey-les-athee.fr\/index.php?rest_route=%2Fwp%2Fv2%2Fcomments&post=2697"}],"version-history":[{"count":38,"href":"https:\/\/www.mairie-poncey-les-athee.fr\/index.php?rest_route=\/wp\/v2\/pages\/2697\/revisions"}],"predecessor-version":[{"id":20982,"href":"https:\/\/www.mairie-poncey-les-athee.fr\/index.php?rest_route=\/wp\/v2\/pages\/2697\/revisions\/20982"}],"up":[{"embeddable":true,"href":"https:\/\/www.mairie-poncey-les-athee.fr\/index.php?rest_route=\/wp\/v2\/pages\/644"}],"wp:featuredmedia":[{"embeddable":true,"href":"https:\/\/www.mairie-poncey-les-athee.fr\/index.php?rest_route=\/wp\/v2\/media\/12354"}],"wp:attachment":[{"href":"https:\/\/www.mairie-poncey-les-athee.fr\/index.php?rest_route=%2Fwp%2Fv2%2Fmedia&parent=2697"}],"curies":[{"name":"wp","href":"https:\/\/api.w.org\/{rel}","templated":true}]}}