{"id":2387,"date":"2013-01-17T19:48:15","date_gmt":"2013-01-17T19:48:15","guid":{"rendered":"http:\/\/www.mairie-poncey-les-athee.fr\/?page_id=2387"},"modified":"2026-02-04T15:52:12","modified_gmt":"2026-02-04T15:52:12","slug":"le-petit-ponceen","status":"publish","type":"page","link":"https:\/\/www.mairie-poncey-les-athee.fr\/?page_id=2387","title":{"rendered":"Le Petit Ponc\u00e9en"},"content":{"rendered":"<h4>Le bulletin d&rsquo;informations municipales foisonne d&rsquo;informations utiles pour tou(te)s les ponc\u00e9en(nes).<\/h4>\n<h4>Vous pouvez les consulter dans cette page depuis le n\u00b0 30 (2008) en cliquant sur les couvertures des bulletins.<\/h4>\n<h4>Il renseigne sur les r\u00e9alisations municipales dans notre village, vous y trouverez aussi le r\u00e9capitulatif de tous les \u00e9v\u00e8nements qui se sont pass\u00e9s dans la commune durant l\u2019ann\u00e9e.<\/h4>\n<p>&nbsp;<\/p>\n<h3><!--more--><\/h3>\n<h3><span style=\"color: #0000ff;\">Le Petit Ponc\u00e9en n\u00b042\u00a0 (Ann\u00e9e 2025)<\/span>\u00a0 \u00a0 \u00a0 \u00a0 \u00a0 \u00a0 \u00a0 \u00a0 \u00a0 \u00a0 \u00a0 \u00a0 \u00a0 \u00a0 \u00a0 \u00a0 \u00a0 \u00a0 \u00a0 \u00a0 \u00a0 \u00a0 \u00a0 \u00a0 \u00a0 \u00a0 \u00a0 \u00a0 \u00a0 \u00a0 \u00a0 \u00a0\u00a0<span style=\"color: #0000ff;\">\u00a0<\/span><\/h3>\n<p><a href=\"https:\/\/www.mairie-poncey-les-athee.fr\/wp-content\/uploads\/VF-Le-Petit-Ponceen-n\u00b042-Corr20260129-1_compressed.pdf\" target=\"_blank\" rel=\"noopener\"><img loading=\"lazy\" decoding=\"async\" class=\"aligncenter wp-image-20615\" src=\"https:\/\/www.mairie-poncey-les-athee.fr\/wp-content\/uploads\/couv-PP-n\u00b042-205x300.png\" alt=\"\" width=\"359\" height=\"525\" srcset=\"https:\/\/www.mairie-poncey-les-athee.fr\/wp-content\/uploads\/couv-PP-n\u00b042-205x300.png 205w, https:\/\/www.mairie-poncey-les-athee.fr\/wp-content\/uploads\/couv-PP-n\u00b042-525x768.png 525w, https:\/\/www.mairie-poncey-les-athee.fr\/wp-content\/uploads\/couv-PP-n\u00b042.png 623w\" sizes=\"auto, (max-width: 359px) 100vw, 359px\" \/><\/a><\/p>\n<p>&nbsp;<\/p>\n<h3><\/h3>\n<h3><\/h3>\n<h3><span style=\"color: #0000ff;\">Le Petit Ponc\u00e9en n\u00b041\u00a0 (Ann\u00e9e 2024)\u00a0\u00a0<\/span><\/h3>\n<p><a href=\"https:\/\/www.mairie-poncey-les-athee.fr\/wp-content\/uploads\/Le-Petit-Ponceen-n\u00b041-V8.pdf\" target=\"_blank\" rel=\"noopener\"><img loading=\"lazy\" decoding=\"async\" class=\"aligncenter wp-image-16928\" src=\"https:\/\/www.mairie-poncey-les-athee.fr\/wp-content\/uploads\/Le-Petit-Ponceen-n\u00b041-V8_couverture-212x300.jpg\" alt=\"\" width=\"362\" height=\"512\" srcset=\"https:\/\/www.mairie-poncey-les-athee.fr\/wp-content\/uploads\/Le-Petit-Ponceen-n\u00b041-V8_couverture-212x300.jpg 212w, https:\/\/www.mairie-poncey-les-athee.fr\/wp-content\/uploads\/Le-Petit-Ponceen-n\u00b041-V8_couverture-396x560.jpg 396w, https:\/\/www.mairie-poncey-les-athee.fr\/wp-content\/uploads\/Le-Petit-Ponceen-n\u00b041-V8_couverture-768x1085.jpg 768w, https:\/\/www.mairie-poncey-les-athee.fr\/wp-content\/uploads\/Le-Petit-Ponceen-n\u00b041-V8_couverture-1087x1536.jpg 1087w, https:\/\/www.mairie-poncey-les-athee.fr\/wp-content\/uploads\/Le-Petit-Ponceen-n\u00b041-V8_couverture-750x1060.jpg 750w, https:\/\/www.mairie-poncey-les-athee.fr\/wp-content\/uploads\/Le-Petit-Ponceen-n\u00b041-V8_couverture.jpg 1241w\" sizes=\"auto, (max-width: 362px) 100vw, 362px\" \/><\/a><\/p>\n<p>&nbsp;<\/p>\n<h3><span style=\"color: #0000ff;\">Le Petit Ponc\u00e9en n\u00b040\u00a0 (Ann\u00e9e 2023)<\/span><\/h3>\n<h4><a href=\"https:\/\/www.mairie-poncey-les-athee.fr\/wp-content\/uploads\/Le-Petit-Ponceen-n\u00b040-V7.pdf\" target=\"_blank\" rel=\"noopener\"><img loading=\"lazy\" decoding=\"async\" class=\"aligncenter wp-image-12562\" src=\"https:\/\/www.mairie-poncey-les-athee.fr\/wp-content\/uploads\/couverture-PP-n%C2%B040-213x300.png\" alt=\"\" width=\"318\" height=\"448\" \/><\/a><\/h4>\n<h3><\/h3>\n<h3><span style=\"color: #0000ff;\">Le Petit Ponc\u00e9en n\u00b039\u00a0 (Ann\u00e9e 2022)<\/span><\/h3>\n<p><a href=\"https:\/\/www.mairie-poncey-les-athee.fr\/wp-content\/uploads\/Le-Petit-Ponceen-n\u00b039-imprimable_compressed.pdf\" target=\"_blank\" rel=\"noopener\"><img loading=\"lazy\" decoding=\"async\" class=\"aligncenter wp-image-6937\" src=\"https:\/\/www.mairie-poncey-les-athee.fr\/wp-content\/uploads\/couverture-PP-n\u00b039-218x300.png\" alt=\"\" width=\"299\" height=\"411\" srcset=\"https:\/\/www.mairie-poncey-les-athee.fr\/wp-content\/uploads\/couverture-PP-n\u00b039-218x300.png 218w, https:\/\/www.mairie-poncey-les-athee.fr\/wp-content\/uploads\/couverture-PP-n\u00b039-407x560.png 407w, https:\/\/www.mairie-poncey-les-athee.fr\/wp-content\/uploads\/couverture-PP-n\u00b039.png 639w\" sizes=\"auto, (max-width: 299px) 100vw, 299px\" \/><\/a><\/p>\n<p>&nbsp;<\/p>\n<h3><span style=\"color: #0000ff;\">Le Petit Ponc\u00e9en n\u00b038\u00a0 (Ann\u00e9e 2021)<\/span><\/h3>\n<p><a href=\"https:\/\/www.mairie-poncey-les-athee.fr\/wp-content\/uploads\/Le-Petit-Ponceen-n\u00b038-Corr20211229.pdf\" target=\"_blank\" rel=\"noopener\"><img loading=\"lazy\" decoding=\"async\" class=\"aligncenter wp-image-4271 \" title=\"Le petit ponc\u00e9en n\u00b038\" src=\"https:\/\/www.mairie-poncey-les-athee.fr\/wp-content\/uploads\/premiere-page-38-392x560.png\" alt=\"\" width=\"320\" height=\"457\" srcset=\"https:\/\/www.mairie-poncey-les-athee.fr\/wp-content\/uploads\/premiere-page-38-392x560.png 392w, https:\/\/www.mairie-poncey-les-athee.fr\/wp-content\/uploads\/premiere-page-38-210x300.png 210w, https:\/\/www.mairie-poncey-les-athee.fr\/wp-content\/uploads\/premiere-page-38.png 525w\" sizes=\"auto, (max-width: 320px) 100vw, 320px\" \/><\/a><\/p>\n<h3><span style=\"color: #0000ff;\">Le Petit Ponc\u00e9en n\u00b037\u00a0 (Ann\u00e9e 2020)<\/span><\/h3>\n<p><a href=\"https:\/\/www.mairie-poncey-les-athee.fr\/wp-content\/uploads\/Le-Petit-Ponceen-n\u00b037.1-Corr20210308-VersionEcran.pdf\" target=\"_blank\" rel=\"noopener\"><img loading=\"lazy\" decoding=\"async\" class=\"aligncenter wp-image-4270 \" src=\"https:\/\/www.mairie-poncey-les-athee.fr\/wp-content\/uploads\/premiere-page37--400x560.png\" alt=\"\" width=\"282\" height=\"395\" srcset=\"https:\/\/www.mairie-poncey-les-athee.fr\/wp-content\/uploads\/premiere-page37--400x560.png 400w, https:\/\/www.mairie-poncey-les-athee.fr\/wp-content\/uploads\/premiere-page37--214x300.png 214w, https:\/\/www.mairie-poncey-les-athee.fr\/wp-content\/uploads\/premiere-page37-.png 542w\" sizes=\"auto, (max-width: 282px) 100vw, 282px\" \/><\/a><\/p>\n<p>&nbsp;<\/p>\n<h3><span style=\"color: #0000ff;\">Le Petit Ponc\u00e9en n\u00b036\u00a0 (Ann\u00e9e 2015)<\/span><a href=\"https:\/\/www.mairie-poncey-les-athee.fr\/wp-content\/uploads\/Petit-Ponc%C3%A9ens-n%C2%B036.pdf\" target=\"_blank\" rel=\"noopener\"><img loading=\"lazy\" decoding=\"async\" class=\"aligncenter wp-image-3089\" src=\"https:\/\/www.mairie-poncey-les-athee.fr\/wp-content\/uploads\/Petit-Ponc\u00e9ens-n\u00b036_001-396x560.png\" alt=\"Petit Ponc\u00e9ens n\u00b036_001\" width=\"292\" height=\"413\" srcset=\"https:\/\/www.mairie-poncey-les-athee.fr\/wp-content\/uploads\/Petit-Ponc\u00e9ens-n\u00b036_001-396x560.png 396w, https:\/\/www.mairie-poncey-les-athee.fr\/wp-content\/uploads\/Petit-Ponc\u00e9ens-n\u00b036_001-212x300.png 212w, https:\/\/www.mairie-poncey-les-athee.fr\/wp-content\/uploads\/Petit-Ponc\u00e9ens-n\u00b036_001.png 595w\" sizes=\"auto, (max-width: 292px) 100vw, 292px\" \/><\/a><\/h3>\n<p>&nbsp;<\/p>\n<h3><span style=\"color: #0000ff;\">Le Petit Ponc\u00e9en n\u00b0 35\u00a0 (Ann\u00e9e 2014)<\/span><\/h3>\n<p><a href=\"https:\/\/www.mairie-poncey-les-athee.fr\/wp-content\/uploads\/Petit-Ponc%C3%A9en-n%C2%B0-35.pdf\" target=\"_blank\" rel=\"noopener\"><img loading=\"lazy\" decoding=\"async\" class=\"aligncenter wp-image-2502\" src=\"https:\/\/www.mairie-poncey-les-athee.fr\/wp-content\/uploads\/1P-N\u00b035-COUVERTURE_001-211x300.jpg\" alt=\"1P N\u00b035 COUVERTURE_001\" width=\"312\" height=\"444\" \/><\/a><\/p>\n<p>&nbsp;<\/p>\n<h3><span style=\"color: #0000ff;\">Le Petit Ponc\u00e9en n\u00b0 34\u00a0 (Ann\u00e9e2012)<\/span><a href=\"https:\/\/www.mairie-poncey-les-athee.fr\/wp-content\/uploads\/PETITPONCEEN34.pdf\" target=\"_blank\" rel=\"noopener\"><img loading=\"lazy\" decoding=\"async\" class=\"aligncenter wp-image-2501\" src=\"https:\/\/www.mairie-poncey-les-athee.fr\/wp-content\/uploads\/1P-N\u00b034-COUVERTURE_001-211x300.jpg\" alt=\"1P N\u00b034 COUVERTURE_001\" width=\"273\" height=\"388\" srcset=\"https:\/\/www.mairie-poncey-les-athee.fr\/wp-content\/uploads\/1P-N\u00b034-COUVERTURE_001-211x300.jpg 211w, https:\/\/www.mairie-poncey-les-athee.fr\/wp-content\/uploads\/1P-N\u00b034-COUVERTURE_001-395x560.jpg 395w\" sizes=\"auto, (max-width: 273px) 100vw, 273px\" \/><\/a><\/h3>\n<p>&nbsp;<\/p>\n<h3><span style=\"color: #0000ff;\">Le Petit Ponc\u00e9en n\u00b0 33\u00a0 (Ann\u00e9e 2011)<\/span><\/h3>\n<p><a href=\"https:\/\/www.mairie-poncey-les-athee.fr\/wp-content\/uploads\/Petit-Ponc\u00e9en-n\u00b0-33.pdf\" target=\"_blank\" rel=\"noopener\"><img loading=\"lazy\" decoding=\"async\" class=\"aligncenter wp-image-2503\" src=\"https:\/\/www.mairie-poncey-les-athee.fr\/wp-content\/uploads\/1P-N\u00b033-Couverture_001-211x300.jpg\" alt=\"1P N\u00b033 Couverture_001\" width=\"290\" height=\"412\" srcset=\"https:\/\/www.mairie-poncey-les-athee.fr\/wp-content\/uploads\/1P-N\u00b033-Couverture_001-211x300.jpg 211w, https:\/\/www.mairie-poncey-les-athee.fr\/wp-content\/uploads\/1P-N\u00b033-Couverture_001-395x560.jpg 395w\" sizes=\"auto, (max-width: 290px) 100vw, 290px\" \/><\/a><\/p>\n<p>&nbsp;<\/p>\n<h3 style=\"text-align: left;\"><span style=\"color: #0000ff;\">Le Petit Ponc\u00e9en n\u00b0 32\u00a0 (Ann\u00e9e 2010)<\/span><br \/>\n<a href=\"https:\/\/www.mairie-poncey-les-athee.fr\/wp-content\/uploads\/Petit-Ponc%C3%A9en-n%C2%B0-32.pdf\" target=\"_blank\" rel=\"noopener\"><img loading=\"lazy\" decoding=\"async\" class=\"aligncenter wp-image-2504\" src=\"https:\/\/www.mairie-poncey-les-athee.fr\/wp-content\/uploads\/1P-N\u00b032-Couverture_001-211x300.jpg\" alt=\"1P N\u00b032 Couverture_001\" width=\"321\" height=\"456\" srcset=\"https:\/\/www.mairie-poncey-les-athee.fr\/wp-content\/uploads\/1P-N\u00b032-Couverture_001-211x300.jpg 211w, https:\/\/www.mairie-poncey-les-athee.fr\/wp-content\/uploads\/1P-N\u00b032-Couverture_001-395x560.jpg 395w\" sizes=\"auto, (max-width: 321px) 100vw, 321px\" \/><\/a><\/h3>\n<h3><span style=\"color: #0000ff;\">Le Petit Ponc\u00e9en n\u00b0 31\u00a0 (Ann\u00e9e 2009)<\/span><\/h3>\n<p><a href=\"https:\/\/www.mairie-poncey-les-athee.fr\/wp-content\/uploads\/Petit-Ponc\u00e9en-n\u00b0-31.pdf\" target=\"_blank\" rel=\"noopener\"><img loading=\"lazy\" decoding=\"async\" class=\"aligncenter wp-image-2506\" src=\"https:\/\/www.mairie-poncey-les-athee.fr\/wp-content\/uploads\/1P-N\u00b031couverture_001-211x300.jpg\" alt=\"1P N\u00b031couverture_001\" width=\"313\" height=\"445\" srcset=\"https:\/\/www.mairie-poncey-les-athee.fr\/wp-content\/uploads\/1P-N\u00b031couverture_001-211x300.jpg 211w, https:\/\/www.mairie-poncey-les-athee.fr\/wp-content\/uploads\/1P-N\u00b031couverture_001-395x560.jpg 395w\" sizes=\"auto, (max-width: 313px) 100vw, 313px\" \/><\/a><\/p>\n<h3><span style=\"color: #0000ff;\">Le Petit Ponc\u00e9en n\u00b0 30\u00a0 (Ann\u00e9e\u00a0 2008)<\/span><a href=\"https:\/\/www.mairie-poncey-les-athee.fr\/wp-content\/uploads\/Petit-Ponc\u00e9en-n\u00b0-30.pdf\" target=\"_blank\" rel=\"noopener\"><img loading=\"lazy\" decoding=\"async\" class=\"aligncenter wp-image-2512\" src=\"https:\/\/www.mairie-poncey-les-athee.fr\/wp-content\/uploads\/1P-Couverture-N\u00b030_001-211x300.jpg\" alt=\"1P Couverture N\u00b030_001\" width=\"338\" height=\"481\" \/><\/a><\/h3>\n<p>&nbsp;<\/p>\n<p>&nbsp;<\/p>\n<p>&nbsp;<\/p>\n<p>&nbsp;<\/p>\n<p>&nbsp;<\/p>\n<p>&nbsp;<\/p>\n<p>&nbsp;<\/p>\n<p>&nbsp;<\/p>\n","protected":false},"excerpt":{"rendered":"<p>Le bulletin d&rsquo;informations municipales foisonne d&rsquo;informations utiles pour tou(te)s les ponc\u00e9en(nes). Vous pouvez les consulter dans cette page depuis le n\u00b0 30 (2008) en cliquant sur les couvertures des bulletins. Il renseigne sur les r\u00e9alisations municipales dans notre village, vous y trouverez aussi le r\u00e9capitulatif de tous les \u00e9v\u00e8nements qui se sont pass\u00e9s dans la &hellip; <\/p>\n<p><a class=\"more-link btn\" href=\"https:\/\/www.mairie-poncey-les-athee.fr\/?page_id=2387\">Lire la suite<\/a><\/p>\n","protected":false},"author":2,"featured_media":16928,"parent":12,"menu_order":6,"comment_status":"closed","ping_status":"closed","template":"","meta":{"footnotes":""},"class_list":["post-2387","page","type-page","status-publish","has-post-thumbnail","hentry","nodate","item-wrap"],"_links":{"self":[{"href":"https:\/\/www.mairie-poncey-les-athee.fr\/index.php?rest_route=\/wp\/v2\/pages\/2387","targetHints":{"allow":["GET"]}}],"collection":[{"href":"https:\/\/www.mairie-poncey-les-athee.fr\/index.php?rest_route=\/wp\/v2\/pages"}],"about":[{"href":"https:\/\/www.mairie-poncey-les-athee.fr\/index.php?rest_route=\/wp\/v2\/types\/page"}],"author":[{"embeddable":true,"href":"https:\/\/www.mairie-poncey-les-athee.fr\/index.php?rest_route=\/wp\/v2\/users\/2"}],"replies":[{"embeddable":true,"href":"https:\/\/www.mairie-poncey-les-athee.fr\/index.php?rest_route=%2Fwp%2Fv2%2Fcomments&post=2387"}],"version-history":[{"count":46,"href":"https:\/\/www.mairie-poncey-les-athee.fr\/index.php?rest_route=\/wp\/v2\/pages\/2387\/revisions"}],"predecessor-version":[{"id":20665,"href":"https:\/\/www.mairie-poncey-les-athee.fr\/index.php?rest_route=\/wp\/v2\/pages\/2387\/revisions\/20665"}],"up":[{"embeddable":true,"href":"https:\/\/www.mairie-poncey-les-athee.fr\/index.php?rest_route=\/wp\/v2\/pages\/12"}],"wp:featuredmedia":[{"embeddable":true,"href":"https:\/\/www.mairie-poncey-les-athee.fr\/index.php?rest_route=\/wp\/v2\/media\/16928"}],"wp:attachment":[{"href":"https:\/\/www.mairie-poncey-les-athee.fr\/index.php?rest_route=%2Fwp%2Fv2%2Fmedia&parent=2387"}],"curies":[{"name":"wp","href":"https:\/\/api.w.org\/{rel}","templated":true}]}}