{"id":2,"date":"2010-11-26T08:46:15","date_gmt":"2010-11-26T08:46:15","guid":{"rendered":"http:\/\/www.mairie-poncey-les-athee.fr\/?page_id=2"},"modified":"2026-02-21T17:44:04","modified_gmt":"2026-02-21T17:44:04","slug":"a-propos","status":"publish","type":"page","link":"https:\/\/www.mairie-poncey-les-athee.fr\/?page_id=2","title":{"rendered":"MOT du MAIRE"},"content":{"rendered":"<h3>\u00a0 \u00a0 \u00a0 \u00a0 \u00a0 \u00a0 \u00a0 \u00a0 \u00a0 \u00a0 \u00a0 \u00a0 \u00a0 \u00a0 \u00a0 \u00a0 \u00a0 \u00a0 \u00a0 \u00a0 \u00a0 \u00a0 \u00a0 \u00a0 \u00a0 \u00a0 \u00a0 \u00a0 \u00a0 ANNEE 2026<\/h3>\n<p>&nbsp;<\/p>\n<p><a href=\"https:\/\/www.mairie-poncey-les-athee.fr\/wp-content\/uploads\/Mot-du-Maire-2026.png\" target=\"_blank\" rel=\"noopener\"><img loading=\"lazy\" decoding=\"async\" class=\"alignnone wp-image-20799\" src=\"https:\/\/www.mairie-poncey-les-athee.fr\/wp-content\/uploads\/Mot-du-Maire-2026-216x300.png\" alt=\"\" width=\"713\" height=\"990\" srcset=\"https:\/\/www.mairie-poncey-les-athee.fr\/wp-content\/uploads\/Mot-du-Maire-2026-216x300.png 216w, https:\/\/www.mairie-poncey-les-athee.fr\/wp-content\/uploads\/Mot-du-Maire-2026-553x768.png 553w, https:\/\/www.mairie-poncey-les-athee.fr\/wp-content\/uploads\/Mot-du-Maire-2026.png 563w\" sizes=\"auto, (max-width: 713px) 100vw, 713px\" \/><\/a><\/p>\n<p>&nbsp;<\/p>\n<p>Votre Maire : Eric Collin<\/p>\n<hr \/>\n<p>&nbsp;<\/p>\n<h3>\u00a0 \u00a0 \u00a0 \u00a0 \u00a0 \u00a0 \u00a0 \u00a0 \u00a0 \u00a0 \u00a0 \u00a0 \u00a0 \u00a0 \u00a0 \u00a0 \u00a0 \u00a0 \u00a0 \u00a0 \u00a0 \u00a0 \u00a0 \u00a0 \u00a0 \u00a0 \u00a0 \u00a0 \u00a0 \u00a0 ANNEE\u00a0 2025<\/h3>\n<p>&nbsp;<\/p>\n<h3><a href=\"https:\/\/www.mairie-poncey-les-athee.fr\/wp-content\/uploads\/mot-maire-2025-e1739087770644.png\" target=\"_blank\" rel=\"noopener\"><img loading=\"lazy\" decoding=\"async\" class=\"alignnone wp-image-16971\" src=\"https:\/\/www.mairie-poncey-les-athee.fr\/wp-content\/uploads\/mot-maire-2025-e1739087770644-238x300.png\" alt=\"\" width=\"714\" height=\"900\" srcset=\"https:\/\/www.mairie-poncey-les-athee.fr\/wp-content\/uploads\/mot-maire-2025-e1739087770644-238x300.png 238w, https:\/\/www.mairie-poncey-les-athee.fr\/wp-content\/uploads\/mot-maire-2025-e1739087770644-445x560.png 445w, https:\/\/www.mairie-poncey-les-athee.fr\/wp-content\/uploads\/mot-maire-2025-e1739087770644.png 586w\" sizes=\"auto, (max-width: 714px) 100vw, 714px\" \/><\/a><\/h3>\n<p><a href=\"https:\/\/www.mairie-poncey-les-athee.fr\/wp-content\/uploads\/mot-maire2.png\" target=\"_blank\" rel=\"noopener\">\u00a0 \u00a0 \u00a0<img loading=\"lazy\" decoding=\"async\" class=\"alignnone wp-image-16972\" src=\"https:\/\/www.mairie-poncey-les-athee.fr\/wp-content\/uploads\/mot-maire2-300x87.png\" alt=\"\" width=\"704\" height=\"204\" srcset=\"https:\/\/www.mairie-poncey-les-athee.fr\/wp-content\/uploads\/mot-maire2-300x87.png 300w, https:\/\/www.mairie-poncey-les-athee.fr\/wp-content\/uploads\/mot-maire2-560x162.png 560w, https:\/\/www.mairie-poncey-les-athee.fr\/wp-content\/uploads\/mot-maire2.png 577w\" sizes=\"auto, (max-width: 704px) 100vw, 704px\" \/><\/a><\/p>\n<p>&nbsp;<\/p>\n<h3><\/h3>\n<hr \/>\n<h3><\/h3>\n<h3>\u00a0 \u00a0 \u00a0 \u00a0 \u00a0 \u00a0 \u00a0 \u00a0 \u00a0 \u00a0 \u00a0 \u00a0 \u00a0 \u00a0 \u00a0 \u00a0 \u00a0 \u00a0 \u00a0 \u00a0 \u00a0 \u00a0 \u00a0 \u00a0 \u00a0 \u00a0 \u00a0 \u00a0 \u00a0 \u00a0 \u00a0 \u00a0 ANNEE 2024<\/h3>\n<h3><\/h3>\n<p><a href=\"https:\/\/www.mairie-poncey-les-athee.fr\/wp-content\/uploads\/Mot-du-maire-2023-e1708456302196.png\" target=\"_blank\" rel=\"noopener\"><img loading=\"lazy\" decoding=\"async\" class=\"alignnone wp-image-12820\" src=\"https:\/\/www.mairie-poncey-les-athee.fr\/wp-content\/uploads\/Mot-du-maire-2023-e1708456302196-300x300.png\" alt=\"\" width=\"735\" height=\"735\" srcset=\"https:\/\/www.mairie-poncey-les-athee.fr\/wp-content\/uploads\/Mot-du-maire-2023-e1708456302196-300x300.png 300w, https:\/\/www.mairie-poncey-les-athee.fr\/wp-content\/uploads\/Mot-du-maire-2023-e1708456302196-560x560.png 560w, https:\/\/www.mairie-poncey-les-athee.fr\/wp-content\/uploads\/Mot-du-maire-2023-e1708456302196-150x150.png 150w, https:\/\/www.mairie-poncey-les-athee.fr\/wp-content\/uploads\/Mot-du-maire-2023-e1708456302196.png 680w\" sizes=\"auto, (max-width: 735px) 100vw, 735px\" \/><\/a><\/p>\n<p>&nbsp;<\/p>\n<hr \/>\n<h3>\u00a0 \u00a0 \u00a0 \u00a0 \u00a0 \u00a0 \u00a0 \u00a0 \u00a0 \u00a0 \u00a0 \u00a0 \u00a0 \u00a0 \u00a0 \u00a0 \u00a0 \u00a0 \u00a0 \u00a0 \u00a0 \u00a0 \u00a0 \u00a0 \u00a0 \u00a0 \u00a0 \u00a0 \u00a0 \u00a0 \u00a0 \u00a0 ANNEE 2023<\/h3>\n<p>&nbsp;<\/p>\n<p><a href=\"https:\/\/www.mairie-poncey-les-athee.fr\/wp-content\/uploads\/mot-du-maire-2023-2.png\" target=\"_blank\" rel=\"noopener\"><img loading=\"lazy\" decoding=\"async\" class=\"alignnone wp-image-8029\" src=\"https:\/\/www.mairie-poncey-les-athee.fr\/wp-content\/uploads\/mot-du-maire-2023-2-223x300.png\" alt=\"\" width=\"745\" height=\"1002\" srcset=\"https:\/\/www.mairie-poncey-les-athee.fr\/wp-content\/uploads\/mot-du-maire-2023-2-223x300.png 223w, https:\/\/www.mairie-poncey-les-athee.fr\/wp-content\/uploads\/mot-du-maire-2023-2-417x560.png 417w, https:\/\/www.mairie-poncey-les-athee.fr\/wp-content\/uploads\/mot-du-maire-2023-2.png 549w\" sizes=\"auto, (max-width: 745px) 100vw, 745px\" \/><\/a><\/p>\n<hr \/>\n<h3><\/h3>\n<h3><\/h3>\n<h3>\u00a0 \u00a0 \u00a0 \u00a0 \u00a0 \u00a0 \u00a0 \u00a0 \u00a0 \u00a0 \u00a0 \u00a0 \u00a0 \u00a0 \u00a0 \u00a0 \u00a0 \u00a0 \u00a0 \u00a0 \u00a0 \u00a0 \u00a0 \u00a0 \u00a0 \u00a0 \u00a0 \u00a0 \u00a0 \u00a0ANNEE 2022<\/h3>\n<h3><a href=\"https:\/\/www.mairie-poncey-les-athee.fr\/wp-content\/uploads\/Mot-du-Maire-2022.png\" target=\"_blank\" rel=\"noopener\"><img loading=\"lazy\" decoding=\"async\" class=\"alignnone wp-image-20802\" src=\"https:\/\/www.mairie-poncey-les-athee.fr\/wp-content\/uploads\/Mot-du-Maire-2022-220x300.png\" alt=\"\" width=\"752\" height=\"1025\" srcset=\"https:\/\/www.mairie-poncey-les-athee.fr\/wp-content\/uploads\/Mot-du-Maire-2022-220x300.png 220w, https:\/\/www.mairie-poncey-les-athee.fr\/wp-content\/uploads\/Mot-du-Maire-2022-564x768.png 564w, https:\/\/www.mairie-poncey-les-athee.fr\/wp-content\/uploads\/Mot-du-Maire-2022.png 578w\" sizes=\"auto, (max-width: 752px) 100vw, 752px\" \/><\/a><\/h3>\n<hr \/>\n<h3><\/h3>\n<h3>\u00a0 \u00a0 \u00a0 \u00a0 \u00a0 \u00a0 \u00a0 \u00a0 \u00a0 \u00a0 \u00a0 \u00a0 \u00a0 \u00a0 \u00a0 \u00a0 \u00a0 \u00a0 \u00a0 \u00a0 \u00a0 \u00a0 \u00a0 \u00a0 \u00a0 \u00a0 \u00a0 \u00a0 \u00a0 \u00a0 \u00a0 \u00a0 ANNEE 2021<\/h3>\n<p>&nbsp;<\/p>\n<p><a href=\"https:\/\/www.mairie-poncey-les-athee.fr\/wp-content\/uploads\/Mot-du-Maire-2021-e1771695757704.png\" target=\"_blank\" rel=\"noopener\"><img loading=\"lazy\" decoding=\"async\" class=\"wp-image-20801  aligncenter\" src=\"https:\/\/www.mairie-poncey-les-athee.fr\/wp-content\/uploads\/Mot-du-Maire-2021-e1771695757704-138x300.png\" alt=\"\" width=\"451\" height=\"981\" srcset=\"https:\/\/www.mairie-poncey-les-athee.fr\/wp-content\/uploads\/Mot-du-Maire-2021-e1771695757704-138x300.png 138w, https:\/\/www.mairie-poncey-les-athee.fr\/wp-content\/uploads\/Mot-du-Maire-2021-e1771695757704.png 353w\" sizes=\"auto, (max-width: 451px) 100vw, 451px\" \/><\/a><\/p>\n<p>&nbsp;<\/p>\n<p>&nbsp;<\/p>\n<hr \/>\n<h3 align=\"justify\">\u00a0 \u00a0 \u00a0 \u00a0 \u00a0 \u00a0 \u00a0 \u00a0 \u00a0 \u00a0 \u00a0 \u00a0 \u00a0 \u00a0 \u00a0 \u00a0 \u00a0 \u00a0 \u00a0 \u00a0 \u00a0 \u00a0 \u00a0 \u00a0 \u00a0 \u00a0 \u00a0 \u00a0 \u00a0 \u00a0 \u00a0 \u00a0 \u00a0ANNEE 2020<\/h3>\n<p align=\"justify\"><a href=\"https:\/\/www.mairie-poncey-les-athee.fr\/wp-content\/uploads\/maire.jpg\" target=\"_blank\" rel=\"noopener\"><img loading=\"lazy\" decoding=\"async\" class=\"aligncenter wp-image-5391 \" src=\"https:\/\/www.mairie-poncey-les-athee.fr\/wp-content\/uploads\/maire.jpg\" alt=\"\" width=\"177\" height=\"177\" srcset=\"https:\/\/www.mairie-poncey-les-athee.fr\/wp-content\/uploads\/maire.jpg 273w, https:\/\/www.mairie-poncey-les-athee.fr\/wp-content\/uploads\/maire-150x150.jpg 150w\" sizes=\"auto, (max-width: 177px) 100vw, 177px\" \/><\/a><\/p>\n<h3 align=\"justify\"><span style=\"font-size: large;\">Chers ponc\u00e9ennes et ponc\u00e9ens,<\/span><\/h3>\n<p align=\"justify\"><span style=\"font-size: large;\">C\u2019est avec un tr\u00e8s grand honneur et une tr\u00e8s grande \u00e9motion que l\u2019enfant du village que je suis endosse aujourd\u2019hui l\u2019habit de Maire de notre ch\u00e8re commune. <\/span><\/p>\n<p align=\"justify\"><span style=\"font-size: large;\">En mon nom et au nom de toute l\u2019\u00e9quipe qui m\u2019entoure, je souhaite tout d\u2019abord, remercier chaleureusement les \u00e9lectrices et les \u00e9lecteurs, qui, de par leurs votes nous ont choisis pour les accompagner et les repr\u00e9senter durant les 6 prochaines ann\u00e9es. <\/span><\/p>\n<p align=\"justify\"><span style=\"font-size: large;\">Ce r\u00e9sultat t\u00e9moigne de votre confiance, de votre approbation \u00e0 notre programme et \u00e0 notre projet. <\/span><\/p>\n<p align=\"justify\"><span style=\"font-size: large;\"><i>Un grand merci \u00e0 vous<\/i><\/span><span style=\"font-size: large;\">\u00a0<\/span><span style=\"font-size: large;\"><i>!<\/i><\/span><\/p>\n<h5 align=\"justify\"><span style=\"font-size: large;\">Aucun Maire ne peut gagner seul.<\/span><\/h5>\n<p align=\"justify\"><span style=\"font-size: large;\">C\u2019est avant tout une \u00e9quipe qui l\u2019emporte, des hommes et des femmes qui m\u2019ont accompagn\u00e9s et soutenu tout au long de cette campagne, qui se sont mobilis\u00e9s pour faire en sorte que nous soyons au plus pr\u00e8s de vos attentes et de vos pr\u00e9occupations.<\/span><\/p>\n<p align=\"justify\"><span style=\"font-size: large;\">C\u2019est une \u00e9quipe vraie, solidaire et motiv\u00e9e dont je suis fier de faire partie. <\/span><\/p>\n<p align=\"justify\"><span style=\"font-size: large;\">Un grand merci \u00e0 eux et \u00e0 leurs familles. <\/span><\/p>\n<p align=\"justify\"><span style=\"font-size: large;\">Nous sommes les \u00e9lus de toutes et tous, vous nous avez confi\u00e9 la gestion de la commune pour les 6 ans \u00e0 venir et nous ferons tout ce qui est en notre pouvoir pour ne pas vous d\u00e9cevoir. <\/span><\/p>\n<p align=\"justify\"><span style=\"font-size: large;\">Il nous faudra poursuivre et terminer les projets engag\u00e9s par nos pr\u00e9d\u00e9cesseurs, puis mettre en \u0153uvre notre programme, en \u00e9tant au plus pr\u00e8s de vous, nos concitoyens, et de vos attentes.<\/span><\/p>\n<p align=\"justify\"><span style=\"font-size: large;\">\u00c9coute, concertation, explication, information seront le moteur de notre travail. <\/span><\/p>\n<p align=\"justify\"><span style=\"font-size: large;\">Nous aurons \u00e0 c\u0153ur de r\u00e9pondre au mieux aux diff\u00e9rentes sollicitations, je pense notamment \u00e0 la probl\u00e9matique de l\u2019entretien des voiries, de l\u2019\u00e9clairage, de la propret\u00e9 ou de l\u2019accessibilit\u00e9\u2026 tout cela en respectant, bien \u00e9videmment, le cadre de nos comp\u00e9tences et de nos moyens financiers. <\/span><\/p>\n<p align=\"justify\"><span style=\"font-size: large;\">Nous souhaitons \u00e9galement favoriser l\u2019\u00e9mergence de \u00ab bonnes volont\u00e9s \u00bb, notamment par les associations, pour recr\u00e9er un lien social et m\u00eame une \u00e9mulation, pour que Poncey soit \u00ab un village o\u00f9 il fait bon vivre ! \u00bb o\u00f9 chacun trouve sa place et peut, s\u2019il le souhaite, apporter sa pierre \u00e0 l\u2019\u00e9difice. <\/span><\/p>\n<p align=\"justify\"><span style=\"font-size: large;\">Nous avons pleinement conscience que la t\u00e2che qui nous attend risque d\u2019\u00eatre ardue et que vous serez attentifs aux d\u00e9cisions que nous prendrons et aux projets que nous mettrons en place. Cependant soyez assur\u00e9s que notre \u00e9quipe fera de son mieux, en travaillant en bonne intelligence et avec vous, toujours dans l\u2019int\u00e9r\u00eat de tous et de notre village. <\/span><\/p>\n<p align=\"justify\"><span style=\"font-size: large;\">La confiance des Ponc\u00e9ennes et des Ponc\u00e9ens se m\u00e9rite et se respecte. <\/span><\/p>\n<p align=\"justify\"><span style=\"font-size: large;\">Pour finir je souhaiterais juste ajouter : en cette p\u00e9riode tourment\u00e9e de crise sanitaire prenez bien soin de vous et de vos proches. C\u2019est important. <\/span><\/p>\n<p align=\"justify\"><span style=\"font-size: large;\">Merci \u00e0 toutes et \u00e0 tous. <\/span><\/p>\n<h4 align=\"justify\">Eric COLLIN<\/h4>\n<h4 align=\"justify\">Maire de Poncey-l\u00e8s-Ath\u00e9e<\/h4>\n<p>&nbsp;<\/p>\n<p>&nbsp;<\/p>\n","protected":false},"excerpt":{"rendered":"<p>\u00a0 \u00a0 \u00a0 \u00a0 \u00a0 \u00a0 \u00a0 \u00a0 \u00a0 \u00a0 \u00a0 \u00a0 \u00a0 \u00a0 \u00a0 \u00a0 \u00a0 \u00a0 \u00a0 \u00a0 \u00a0 \u00a0 \u00a0 \u00a0 \u00a0 \u00a0 \u00a0 \u00a0 \u00a0 ANNEE 2026 &nbsp; &nbsp; Votre Maire : Eric Collin &nbsp; \u00a0 \u00a0 \u00a0 \u00a0 \u00a0 \u00a0 \u00a0 \u00a0 \u00a0 \u00a0 \u00a0 \u00a0 \u00a0 \u00a0 \u00a0 \u00a0 &hellip; <\/p>\n<p><a class=\"more-link btn\" href=\"https:\/\/www.mairie-poncey-les-athee.fr\/?page_id=2\">Lire la suite<\/a><\/p>\n","protected":false},"author":1,"featured_media":5391,"parent":0,"menu_order":0,"comment_status":"open","ping_status":"closed","template":"","meta":{"footnotes":""},"class_list":["post-2","page","type-page","status-publish","has-post-thumbnail","hentry","nodate","item-wrap"],"_links":{"self":[{"href":"https:\/\/www.mairie-poncey-les-athee.fr\/index.php?rest_route=\/wp\/v2\/pages\/2","targetHints":{"allow":["GET"]}}],"collection":[{"href":"https:\/\/www.mairie-poncey-les-athee.fr\/index.php?rest_route=\/wp\/v2\/pages"}],"about":[{"href":"https:\/\/www.mairie-poncey-les-athee.fr\/index.php?rest_route=\/wp\/v2\/types\/page"}],"author":[{"embeddable":true,"href":"https:\/\/www.mairie-poncey-les-athee.fr\/index.php?rest_route=\/wp\/v2\/users\/1"}],"replies":[{"embeddable":true,"href":"https:\/\/www.mairie-poncey-les-athee.fr\/index.php?rest_route=%2Fwp%2Fv2%2Fcomments&post=2"}],"version-history":[{"count":115,"href":"https:\/\/www.mairie-poncey-les-athee.fr\/index.php?rest_route=\/wp\/v2\/pages\/2\/revisions"}],"predecessor-version":[{"id":20803,"href":"https:\/\/www.mairie-poncey-les-athee.fr\/index.php?rest_route=\/wp\/v2\/pages\/2\/revisions\/20803"}],"wp:featuredmedia":[{"embeddable":true,"href":"https:\/\/www.mairie-poncey-les-athee.fr\/index.php?rest_route=\/wp\/v2\/media\/5391"}],"wp:attachment":[{"href":"https:\/\/www.mairie-poncey-les-athee.fr\/index.php?rest_route=%2Fwp%2Fv2%2Fmedia&parent=2"}],"curies":[{"name":"wp","href":"https:\/\/api.w.org\/{rel}","templated":true}]}}