{"id":1798,"date":"2013-07-11T08:33:24","date_gmt":"2013-07-11T08:33:24","guid":{"rendered":"http:\/\/www.mairie-poncey-les-athee.fr\/?page_id=1798"},"modified":"2022-12-05T18:39:45","modified_gmt":"2022-12-05T18:39:45","slug":"terrain-de-jeux-au-barrage","status":"publish","type":"page","link":"https:\/\/www.mairie-poncey-les-athee.fr\/?page_id=1798","title":{"rendered":"Terrain de jeux au barrage"},"content":{"rendered":"<p><strong>2013<\/strong><\/p>\n<p><!--more--><\/p>\n<h3 style=\"text-align: justify;\"><a href=\"https:\/\/www.mairie-poncey-les-athee.fr\/wp-content\/uploads\/DSCN1288.jpg\" target=\"_blank\" rel=\"attachment noopener wp-att-1802\"><img loading=\"lazy\" decoding=\"async\" class=\"wp-image-1802 aligncenter\" src=\"https:\/\/www.mairie-poncey-les-athee.fr\/wp-content\/uploads\/DSCN1288-300x225.jpg\" alt=\"DSCN1288\" width=\"418\" height=\"314\" srcset=\"https:\/\/www.mairie-poncey-les-athee.fr\/wp-content\/uploads\/DSCN1288-300x225.jpg 300w, https:\/\/www.mairie-poncey-les-athee.fr\/wp-content\/uploads\/DSCN1288-560x420.jpg 560w, https:\/\/www.mairie-poncey-les-athee.fr\/wp-content\/uploads\/DSCN1288.jpg 2048w\" sizes=\"auto, (max-width: 418px) 100vw, 418px\" \/><\/a><\/h3>\n<p style=\"text-align: justify;\"><strong>Depuis la construction de la salle des f\u00eates, les jeunes n&rsquo;ont plus la possibilit\u00e9 de jouer au ballon sur l&rsquo;ancien terrain de jeux sur la place. La proximit\u00e9 des b\u00e2timents avec la r\u00e9fection du pr\u00e9fabriqu\u00e9 scolaire, les baies vitr\u00e9es de la salle des f\u00eates, les arbres, les voitures en stationnement des personnels ou autres personnes de passage, rendaient impossible cette activit\u00e9.<\/strong><\/p>\n<p style=\"text-align: justify;\"><strong>La commune n&rsquo;ayant pas de grandes possibilit\u00e9s en mati\u00e8re de terrain, il ne restait que celui au barrage. Cet endroit a servi de stockage de terres et autres mat\u00e9riaux lorsque la commune a construit la salle des f\u00eates et r\u00e9am\u00e9nager l&rsquo;espace du monument aux morts, sans compter les d\u00e9p\u00f4ts de gravats et autres mat\u00e9riaux inertes provenant de particuliers.<\/strong><\/p>\n<p><strong>Ce terrain a fait l&rsquo;objet d&rsquo;un nettoyage total r\u00e9alis\u00e9 par l&rsquo;entreprise Bredillet de Binges, qui a aussi cur\u00e9 tous les foss\u00e9s entourant ce site. Des gros blocs\u00a0 mis aux entr\u00e9es emp\u00eachent la circulation de v\u00e9hicules.\u00a0 Il sera interdit de d\u00e9poser quoi que ce soit sur ce terrain.<\/strong><\/p>\n<h3><\/h3>\n<p><a href=\"https:\/\/www.mairie-poncey-les-athee.fr\/wp-content\/uploads\/DSCN1289.jpg\" target=\"_blank\" rel=\"noopener\"><img loading=\"lazy\" decoding=\"async\" class=\"alignleft wp-image-1803 \" src=\"https:\/\/www.mairie-poncey-les-athee.fr\/wp-content\/uploads\/DSCN1289-560x420.jpg\" alt=\"\" width=\"419\" height=\"314\" srcset=\"https:\/\/www.mairie-poncey-les-athee.fr\/wp-content\/uploads\/DSCN1289-560x420.jpg 560w, https:\/\/www.mairie-poncey-les-athee.fr\/wp-content\/uploads\/DSCN1289-300x225.jpg 300w, https:\/\/www.mairie-poncey-les-athee.fr\/wp-content\/uploads\/DSCN1289.jpg 2048w\" sizes=\"auto, (max-width: 419px) 100vw, 419px\" \/><\/a><\/p>\n<p><strong>D\u00e9sormais, ce nouveau terrain dit \u00ab\u00a0Au barrage\u00a0\u00bb sera exclusivement r\u00e9serv\u00e9 en tant qu&rsquo; aire\u00a0 de jeux.<\/strong><\/p>\n<p><strong>Des buts seront prochainement install\u00e9s et les jeunes auront d\u00e9sormais un endroit pour s&rsquo;amuser.<\/strong><\/p>\n<p>&nbsp;<\/p>\n<p>&nbsp;<\/p>\n<p>&nbsp;<\/p>\n<p>&nbsp;<\/p>\n<p>&nbsp;<\/p>\n","protected":false},"excerpt":{"rendered":"<p>2013<\/p><p><a class=\"more-link btn\" href=\"https:\/\/www.mairie-poncey-les-athee.fr\/?page_id=1798\">Lire la suite<\/a><\/p>\n","protected":false},"author":2,"featured_media":0,"parent":1222,"menu_order":20,"comment_status":"closed","ping_status":"closed","template":"","meta":{"footnotes":""},"class_list":["post-1798","page","type-page","status-publish","hentry","nodate","item-wrap"],"_links":{"self":[{"href":"https:\/\/www.mairie-poncey-les-athee.fr\/index.php?rest_route=\/wp\/v2\/pages\/1798","targetHints":{"allow":["GET"]}}],"collection":[{"href":"https:\/\/www.mairie-poncey-les-athee.fr\/index.php?rest_route=\/wp\/v2\/pages"}],"about":[{"href":"https:\/\/www.mairie-poncey-les-athee.fr\/index.php?rest_route=\/wp\/v2\/types\/page"}],"author":[{"embeddable":true,"href":"https:\/\/www.mairie-poncey-les-athee.fr\/index.php?rest_route=\/wp\/v2\/users\/2"}],"replies":[{"embeddable":true,"href":"https:\/\/www.mairie-poncey-les-athee.fr\/index.php?rest_route=%2Fwp%2Fv2%2Fcomments&post=1798"}],"version-history":[{"count":13,"href":"https:\/\/www.mairie-poncey-les-athee.fr\/index.php?rest_route=\/wp\/v2\/pages\/1798\/revisions"}],"predecessor-version":[{"id":6604,"href":"https:\/\/www.mairie-poncey-les-athee.fr\/index.php?rest_route=\/wp\/v2\/pages\/1798\/revisions\/6604"}],"up":[{"embeddable":true,"href":"https:\/\/www.mairie-poncey-les-athee.fr\/index.php?rest_route=\/wp\/v2\/pages\/1222"}],"wp:attachment":[{"href":"https:\/\/www.mairie-poncey-les-athee.fr\/index.php?rest_route=%2Fwp%2Fv2%2Fmedia&parent=1798"}],"curies":[{"name":"wp","href":"https:\/\/api.w.org\/{rel}","templated":true}]}}