{"id":161,"date":"2010-11-27T16:36:09","date_gmt":"2010-11-27T16:36:09","guid":{"rendered":"http:\/\/www.mairie-poncey-les-athee.fr\/?page_id=161"},"modified":"2025-02-22T10:05:51","modified_gmt":"2025-02-22T10:05:51","slug":"liens-utiles","status":"publish","type":"page","link":"https:\/\/www.mairie-poncey-les-athee.fr\/?page_id=161","title":{"rendered":"Liens utiles"},"content":{"rendered":"<p><a href=\"https:\/\/www.mairie-poncey-les-athee.fr\/wp-content\/uploads\/lien-bleu.png\" target=\"_blank\" rel=\"noopener\"><img loading=\"lazy\" decoding=\"async\" class=\"aligncenter wp-image-4501\" src=\"https:\/\/www.mairie-poncey-les-athee.fr\/wp-content\/uploads\/lien-bleu-560x543.png\" alt=\"lien bleu\" width=\"140\" height=\"136\" \/><\/a><!--more--><\/p>\n<p><strong><span style=\"color: #0000ff;\">CAISSE D&rsquo;ALLOCATIONS FAMILIALES<\/span><\/strong><br \/>\n<strong><a title=\"Caisse Assurance Maladie\" href=\"http:\/\/www.caf.fr\/\" target=\"_blank\" rel=\"noopener\">CAF<\/a><\/strong><br \/>\n<strong>Suivi des dossier d&rsquo;allocations familiales, paiements, remboursements, attestations.<\/strong><br \/>\n<strong>Calcul de l&rsquo;aide au logement.<\/strong><\/p>\n<p><strong><span style=\"color: #0000ff;\">SECURITE SOCIALE<\/span><\/strong><br \/>\n<strong><a title=\"Securit\u00e9 Sociale\" href=\"http:\/\/www.ameli.fr\/\" target=\"_blank\" rel=\"noopener\">AMELI<\/a><\/strong><br \/>\n<strong>Consultation des remboursements de la s\u00e9curit\u00e9 sociale.<\/strong><\/p>\n<p><strong><span style=\"color: #0000ff;\">CARTE NATIONALE D&rsquo;IDENTITE<\/span><\/strong><br \/>\n<strong>Suivi des demande de cartes nationales d&rsquo;identit\u00e9.\u00a0 \u00a0 \u00a0 \u00a0 \u00a0 \u00a0 \u00a0 \u00a0 \u00a0 \u00a0 \u00a0 \u00a0 \u00a0 \u00a0 \u00a0 \u00a0 \u00a0 \u00a0 \u00a0 \u00a0 \u00a0 \u00a0 \u00a0 \u00a0 \u00a0 \u00a0 \u00a0 \u00a0 \u00a0 \u00a0 \u00a0 \u00a0 \u00a0 \u00a0 \u00a0 \u00a0 \u00a0 \u00a0 \u00a0 \u00a0 \u00a0 \u00a0 <a href=\"https:\/\/www.service-public.fr\/particuliers\/vosdroits\/N358\" target=\"_blank\" rel=\"noopener\">https:\/\/www.service-public.fr\/particuliers\/vosdroits\/N358<\/a><\/strong><\/p>\n<p><strong><span style=\"color: #0000ff;\">CASIER JUDICIAIRE<\/span><\/strong><br \/>\n<strong>Demande d&rsquo;extrait de casier judiciaire &#8211; bulletin n\u00b03.<\/strong><br \/>\n<strong>Les envois de bulletins n\u00b03 sont effectu\u00e9s par lettre recommand\u00e9e avec accus\u00e9 de r\u00e9ception lorsque le bulletin porte mention d&rsquo;une condamnation.\u00a0 \u00a0 \u00a0 \u00a0 \u00a0 \u00a0 \u00a0 \u00a0 \u00a0 \u00a0 \u00a0 \u00a0 \u00a0 \u00a0 \u00a0 \u00a0 \u00a0 \u00a0 \u00a0 \u00a0 \u00a0 \u00a0 \u00a0 \u00a0 \u00a0 \u00a0 \u00a0 \u00a0 \u00a0 \u00a0 \u00a0 \u00a0 \u00a0 \u00a0 \u00a0 \u00a0 \u00a0 \u00a0 \u00a0 \u00a0 \u00a0 \u00a0 \u00a0 \u00a0 \u00a0 \u00a0 \u00a0 \u00a0 \u00a0 \u00a0 \u00a0 \u00a0 \u00a0 \u00a0 \u00a0 <a href=\"https:\/\/casier-judiciaire.justice.gouv.fr\/\" target=\"_blank\" rel=\"noopener\">https:\/\/casier-judiciaire.justice.gouv.fr\/<\/a><\/strong><\/p>\n<p><strong><span style=\"color: #0000ff;\">FRANCE TRAVAIL<\/span><\/strong><br \/>\n<strong><a title=\"ANPE\" href=\"http:\/\/www.pole-emploi.fr\/\" target=\"_blank\" rel=\"noopener\">EX Pole emploi<\/a><\/strong><br \/>\n<strong>Consultation ou abonnement aux offres d&#8217;emploi et candidatures aux annonces de l&rsquo;ANPE.<\/strong><\/p>\n<p><strong><span style=\"color: #0000ff;\">APEC<\/span><\/strong><br \/>\n<strong>Consultation ou abonnement aux offres d&#8217;emploi et candidatures aux annonces de <a href=\"http:\/\/apec.fr\" target=\"_blank\" rel=\"noopener\">l&rsquo;APEC.<\/a><\/strong><\/p>\n<p><strong><span style=\"color: #0000ff;\">IMPOTS<\/span><\/strong><br \/>\n<strong><a title=\"Imp\u00f4ts\" href=\"http:\/\/www.impots.gouv.fr\/\" target=\"_blank\" rel=\"noopener\">GOUV<\/a><\/strong><br \/>\n<strong>Calcul du montant de son imposition, d\u00e9claration en ligne, demande de mensualisation.<\/strong><\/p>\n<p>&nbsp;<\/p>\n<p>&nbsp;<\/p>\n","protected":false},"excerpt":{"rendered":"","protected":false},"author":2,"featured_media":4501,"parent":22,"menu_order":10,"comment_status":"closed","ping_status":"closed","template":"","meta":{"footnotes":""},"class_list":["post-161","page","type-page","status-publish","has-post-thumbnail","hentry","nodate","item-wrap"],"_links":{"self":[{"href":"https:\/\/www.mairie-poncey-les-athee.fr\/index.php?rest_route=\/wp\/v2\/pages\/161","targetHints":{"allow":["GET"]}}],"collection":[{"href":"https:\/\/www.mairie-poncey-les-athee.fr\/index.php?rest_route=\/wp\/v2\/pages"}],"about":[{"href":"https:\/\/www.mairie-poncey-les-athee.fr\/index.php?rest_route=\/wp\/v2\/types\/page"}],"author":[{"embeddable":true,"href":"https:\/\/www.mairie-poncey-les-athee.fr\/index.php?rest_route=\/wp\/v2\/users\/2"}],"replies":[{"embeddable":true,"href":"https:\/\/www.mairie-poncey-les-athee.fr\/index.php?rest_route=%2Fwp%2Fv2%2Fcomments&post=161"}],"version-history":[{"count":16,"href":"https:\/\/www.mairie-poncey-les-athee.fr\/index.php?rest_route=\/wp\/v2\/pages\/161\/revisions"}],"predecessor-version":[{"id":17126,"href":"https:\/\/www.mairie-poncey-les-athee.fr\/index.php?rest_route=\/wp\/v2\/pages\/161\/revisions\/17126"}],"up":[{"embeddable":true,"href":"https:\/\/www.mairie-poncey-les-athee.fr\/index.php?rest_route=\/wp\/v2\/pages\/22"}],"wp:featuredmedia":[{"embeddable":true,"href":"https:\/\/www.mairie-poncey-les-athee.fr\/index.php?rest_route=\/wp\/v2\/media\/4501"}],"wp:attachment":[{"href":"https:\/\/www.mairie-poncey-les-athee.fr\/index.php?rest_route=%2Fwp%2Fv2%2Fmedia&parent=161"}],"curies":[{"name":"wp","href":"https:\/\/api.w.org\/{rel}","templated":true}]}}