{"id":1450,"date":"2013-03-08T15:40:49","date_gmt":"2013-03-08T15:40:49","guid":{"rendered":"http:\/\/www.mairie-poncey-les-athee.fr\/?page_id=1450"},"modified":"2026-04-11T07:27:46","modified_gmt":"2026-04-11T07:27:46","slug":"administration","status":"publish","type":"page","link":"https:\/\/www.mairie-poncey-les-athee.fr\/?page_id=1450","title":{"rendered":"Contact et Maison des services"},"content":{"rendered":"<p><strong>Adresse et Contacts<\/strong><\/p>\n<p><a href=\"https:\/\/www.capvaldesaone.fr\/\" target=\"_blank\" rel=\"noopener\"><img loading=\"lazy\" decoding=\"async\" class=\"alignnone wp-image-4463 size-full\" src=\"https:\/\/www.mairie-poncey-les-athee.fr\/wp-content\/uploads\/logo-capvds.png\" alt=\"Logo Capvds\" width=\"224\" height=\"182\" \/><\/a><\/p>\n<p>&nbsp;<\/p>\n<p><!--more--><\/p>\n<p><strong><a href=\"https:\/\/www.google.com\/maps\/place\/Communaut%C3%A9+de+communes+Auxonne-Pontailler+Val+de+Sa%C3%B4ne\/@47.1712258,5.4457167,12.25z\/data=!4m5!3m4!1s0x0:0x42d62314922b5e9a!8m2!3d47.1914284!4d5.3924699?hl=fr-FR\" target=\"_blank\" rel=\"noopener\">Ancienne route nationale\u00a0<\/a> BP 80055<\/strong><\/p>\n<p><strong>21130 AUXONNE<\/strong><\/p>\n<p><strong>t\u00e9l : 03.80.27.03.20\u00a0\u00a0\u00a0\u00a0\u00a0 fax : 03.80.27.03.21<\/strong><\/p>\n<p><strong>Site :\u00a0<a href=\"http:\/\/www.capvaldesaone.fr\" target=\"_blank\" rel=\"noopener\">http:\/\/www.capvaldesaone.fr<\/a><\/strong><\/p>\n<p><strong>Accueil :<\/strong><\/p>\n<p><strong>Du lundi au vendredi :<\/strong><br \/>\n<strong>de 9h30 \u00e0 12h00<\/strong><br \/>\n<strong>et de 13h30 \u00e0 17h00<\/strong><\/p>\n<hr \/>\n<h3><\/h3>\n<p>&nbsp;<\/p>\n<h3>D\u00e9claration 2026 des revenus 2026<\/h3>\n<p><strong><a href=\"https:\/\/www.mairie-poncey-les-athee.fr\/wp-content\/uploads\/impot-auxonne.jpg\" target=\"_blank\" rel=\"noopener\"><img loading=\"lazy\" decoding=\"async\" class=\"alignleft wp-image-21314 size-medium\" src=\"https:\/\/www.mairie-poncey-les-athee.fr\/wp-content\/uploads\/impot-auxonne-240x300.jpg\" sizes=\"auto, (max-width: 240px) 100vw, 240px\" srcset=\"https:\/\/www.mairie-poncey-les-athee.fr\/wp-content\/uploads\/impot-auxonne-240x300.jpg 240w, https:\/\/www.mairie-poncey-les-athee.fr\/wp-content\/uploads\/impot-auxonne-614x768.jpg 614w, https:\/\/www.mairie-poncey-les-athee.fr\/wp-content\/uploads\/impot-auxonne-768x960.jpg 768w, https:\/\/www.mairie-poncey-les-athee.fr\/wp-content\/uploads\/impot-auxonne-750x938.jpg 750w, https:\/\/www.mairie-poncey-les-athee.fr\/wp-content\/uploads\/impot-auxonne.jpg 1080w\" alt=\"\" width=\"240\" height=\"300\" \/><\/a>Permanence fiscale \u00e0 la Maison France Services C\u00f4te-d\u2019Or \u00e0 Pontailler-sur-Sa\u00f4ne\u00a0 \u00a0 \u00a0 \u00a0 \u00a0 \u00a0 \u00a0 \u00a0 \u00a0 \u00a0 \u00a0 \u00a0 \u00a0 \u00a0 \u00a0 \u00a0 \u00a0 \u00a0 \u00a0 \u00a0 \u00a0 \u00a0 \u00a0 \u00a0 \u00a0 \u00a0 \u00a0 \u00a0 \u00a0 \u00a0 \u00a0 \u00a0 \u00a0 \u00a0 \u00a0 \u00a0 \u00a0 \u00a0 \u00a0 \u00a0 \u00a0 \u00a0 \u00a0 \u00a0 \u00a0 \u00a0 \u00a0\u00a0<\/strong>Permanence fiscale : Les jeudis 16 et 30 avril et 7 mai 2026\u00a0 \u00a0 \u00a0 \u00a0 \u00a0 \u00a0 \u00a0 \u00a0 \u00a0 \u00a0Sur rendez-vous en visioconf\u00e9rence\u00a0 \u00a0 \u00a0 \u00a0 \u00a0 \u00a0 \u00a0 \u00a0 \u00a0 \u00a0 \u00a0 \u00a0 \u00a0 \u00a0 \u00a0 \u00a0 \u00a0 \u00a0 \u00a0 \u00a0 \u00a0 \u00a0 \u00a0 \u00a0 \u00a0 \u00a0 \u00a0 \u00a0 \u00a0 \u00a0 \u00a0 \u00a0 \u00a0Contactez pour prendre rendez-vous :\u00a0<strong>03 80 47 88 93<\/strong><\/p>\n<div class=\"content\">\n<p><strong>Permanence fiscale \u00e0 la Maison France Services C\u00f4te-d\u2019Or \u00e0 Auxonne\u00a0 \u00a0 \u00a0 \u00a0 \u00a0 \u00a0 \u00a0 \u00a0 \u00a0 \u00a0 \u00a0 \u00a0 \u00a0 \u00a0 \u00a0 \u00a0 \u00a0 \u00a0 \u00a0 \u00a0 \u00a0 \u00a0 \u00a0 \u00a0 \u00a0 \u00a0 \u00a0 \u00a0 \u00a0 \u00a0 \u00a0 \u00a0 \u00a0 \u00a0 \u00a0 \u00a0 \u00a0 \u00a0 \u00a0 \u00a0 \u00a0 \u00a0 \u00a0 \u00a0 \u00a0 \u00a0 \u00a0 \u00a0 \u00a0 \u00a0 \u00a0 \u00a0 \u00a0 \u00a0 \u00a0 \u00a0 \u00a0 \u00a0 \u00a0 \u00a0 \u00a0 \u00a0 \u00a0<\/strong>Permanence fiscale : Mercredi 29 avril de 14h \u00e0 16h30\u00a0 \u00a0 \u00a0 \u00a0 \u00a0 \u00a0 \u00a0 \u00a0 \u00a0 \u00a0 \u00a0Mercredi 13 mai de 9h \u00e0 12h30\u00a0 \u00a0 \u00a0 \u00a0 \u00a0 \u00a0 \u00a0 \u00a0 \u00a0 \u00a0 \u00a0 \u00a0 \u00a0 \u00a0 \u00a0 \u00a0 \u00a0 \u00a0 \u00a0 \u00a0 \u00a0 \u00a0 \u00a0 \u00a0 \u00a0 \u00a0 \u00a0 \u00a0 \u00a0 \u00a0 \u00a0 \u00a0 \u00a0 \u00a0 \u00a0 \u00a0 \u00a0 \u00a0 \u00a0 \u00a0Contactez pour prendre rendez-vous :\u00a0<strong>03 80 31 58 32<\/strong><\/p>\n<p>Abonnement \u00e0 la lettre d\u2019information\u00a0<strong>:\u00a0<a href=\"https:\/\/www.service-public.gouv.fr\/actualites\/lettresp\/abonnement?fbclid=IwZXh0bgNhZW0CMTAAYnJpZBEwSHVFcmk2aEh4MmlDQ1ZtenNydGMGYXBwX2lkEDIyMjAzOTE3ODgyMDA4OTIAAR53qESbHVNmCXHVQk4b_PgP_hWukFlN0anT3jPeb7tCNntUq6RkVAdiT9GQyQ_aem_hHRw4QCq3B-je0g0eM-sdA\" target=\"_blank\" rel=\"noopener noreferrer\">service-public.gouv.fr<\/a><\/strong><\/p>\n<p><em>Pour rappel, en C\u00f4te-d\u2019Or :\u00a0\u00a0<\/em><em>Fin de la d\u00e9claration papier :\u00a0<\/em><em>19 mai 2026,\u00a0 \u00a0 \u00a0 \u00a0 \u00a0 \u00a0 \u00a0 \u00a0 \u00a0 \u00a0 \u00a0 \u00a0 \u00a0 \u00a0 \u00a0 \u00a0 \u00a0 \u00a0 \u00a0 \u00a0 \u00a0 \u00a0 \u00a0 \u00a0 \u00a0 \u00a0 \u00a0 \u00a0 \u00a0 \u00a0 \u00a0 \u00a0 \u00a0 \u00a0 \u00a0 \u00a0 \u00a0 \u00a0 \u00a0 \u00a0 \u00a0 \u00a0 \u00a0 \u00a0 \u00a0 \u00a0 \u00a0 \u00a0 \u00a0\u00a0<\/em><em>Fin de la d\u00e9claration num\u00e9rique : 28 mai 202<\/em>6<\/p>\n<\/div>\n<p>&nbsp;<\/p>\n<hr \/>\n<h1>Maison des services\u00a0 \u00a0 \u00a0<img loading=\"lazy\" decoding=\"async\" src=\"https:\/\/www.capvaldesaone.fr\/images\/services\/Logo%20France%20Services.png\" alt=\"Logo France Services\" width=\"150\" height=\"180\" \/><\/h1>\n<p>&nbsp;<\/p>\n<p>&nbsp;<\/p>\n<p><img loading=\"lazy\" decoding=\"async\" class=\"imgLoaded aligncenter\" src=\"https:\/\/www.capvaldesaone.fr\/images\/services\/MDS%20Pontailler.png\" alt=\"MDS Pontailler.png\" width=\"711\" height=\"530\" data-alignment=\"\" data-portrait=\"\" \/>La Maison des Services au Public a \u00e9t\u00e9 cr\u00e9\u00e9e par la Communaut\u00e9 de Communes Auxonne-Pontailler Val de Sa\u00f4ne pour garantir la proximit\u00e9 des services publics aux habitants et faciliter leur acc\u00e8s.<\/p>\n<p>V\u00e9ritable relais de service public labellis\u00e9 par l&rsquo;Etat, elle propose un accompagnement personnalis\u00e9 dans vos d\u00e9marches administratives, des permanences sur\u00a0rendez-vous, un espace num\u00e9rique en libre acc\u00e8s.<\/p>\n<p>Les services rendus concernent des champs divers et \u00e9tendus : prestations sociales et aide \u00e0 l&#8217;emploi, services sociaux et m\u00e9dicaux, etc.<\/p>\n<p><em>La Maison des Services est labellis\u00e9e Espace France Services.<\/em><\/p>\n<h3 class=\"texte-bleu\"><strong>Un accompagnement personnalis\u00e9 en fonction de vos besoins :<\/strong><\/h3>\n<ul>\n<li>Accueil, information et orientation : mise \u00e0 disposition de documentation, information sur les droits et prestations<\/li>\n<li>Aide \u00e0 l\u2019utilisation de services en ligne (ex: suivi dossier personnel P\u00f4le Emploi, CAP, CPAM, pr\u00e9inscription pour demande de carte d&rsquo;identit\u00e9&#8230;) et compr\u00e9hension des courriers administratifs<\/li>\n<li>Aide \u00e0 la recherche d&#8217;emploi : CVth\u00e8que, atelier d&rsquo;\u00e9criture de lettre de motivation et de CV, consultation des offres, documentation<\/li>\n<li>Mise en relation avec les partenaires : prise de rendez-vous, entretiens, etc.<\/li>\n<li>Obtention de photocopies ou num\u00e9risation de documents (syst\u00e8me de carte)<\/li>\n<li>Mise \u00e0 disposition d&rsquo;un acc\u00e8s \u00e0 une ligne t\u00e9l\u00e9phonique<\/li>\n<\/ul>\n<p>&nbsp;<\/p>\n<h3><strong>Un espace num\u00e9rique, la technologie \u00e0 votre service<\/strong><\/h3>\n<p>Pour plus d&rsquo;informations sur l&rsquo;espace num\u00e9rique,\u00a0<a href=\"https:\/\/www.capvaldesaone.fr\/services\/espace-numerique\" target=\"_blank\" rel=\"noopener\">rendez-vous sur la page d\u00e9di\u00e9e en cliquant ici.<\/a><\/p>\n<h3><strong>Un accueil d\u00e9centralis\u00e9 de la Communaut\u00e9 de communes \u00e0 votre service<\/strong><\/h3>\n<p>Le service d\u00e9chets du secteur de Pontailler-sur-Sa\u00f4ne, l&rsquo;espace jeunesse, l&rsquo;\u00e9cole de Musique et d&rsquo;Art, le Relais d&rsquo;Assistantes Maternelles&#8230;<\/p>\n<h3 class=\"texte-bleu\"><strong>Et des services et permanences assur\u00e9s par des organismes partenaires :<\/strong><\/h3>\n<p>L&rsquo;Espace solidarit\u00e9 C\u00f4te d&rsquo;Or du Conseil D\u00e9partemental, la Protection Maternelle et Infantile (PMI), l&rsquo;Adosph\u00e8re, la Mission locale, l&rsquo;Arm\u00e9e de terre, la Caisse Primaire d&rsquo;Assurance Maladie, la m\u00e9decine du travail, Domicile Services 21, Nouvelles voies, le Service P\u00e9nitentiaire d&rsquo;insertion et de probation (SPIP)<\/p>\n<p><em>Une salle de r\u00e9union \u00e9quip\u00e9e d\u2019un appareil de visio-conf\u00e9rence pouvant accueillir 25-30 personnes\u00a0est disponible \u00e0 la location pour les entreprises, les associations ou tout autre structure du territoire.<\/em><\/p>\n<h4><b>CONTACT<\/b><\/h4>\n<p><strong>Maison des Services, rue des Saucis, 21270 Pontailler-sur-Sa\u00f4ne<\/strong><\/p>\n<p><strong>Agent d\u2019accueil : B\u00e9atrice WAGNER &#8211; 03 80 47 89 82 &#8211;\u00a0<span id=\"cloaka131e8762f8c2e79f2231322fa9456c3\"><a href=\"mailto:mds@capvaldesaone.fr\">mds@capvaldesaone.fr<\/a><\/span><\/strong><\/p>\n<p><strong>Animateur de l&rsquo;espace num\u00e9rique : Christophe BIARD &#8211; 03 80 47 88 93 &#8211;\u00a0<span id=\"cloakfaeb862ca2e606238075f22e5dec57b5\"><a href=\"mailto:epn.pontailler@capvaldesaone.fr\">epn.pontailler@capvaldesaone.fr<\/a><\/span><\/strong><\/p>\n<h4><strong><em>Horaires<\/em>\u00a0:<\/strong><\/h4>\n<ul>\n<li><strong>lundi de 14h \u00e0 17h ;\u00a0<\/strong><\/li>\n<li><strong>mardi au vendredi de 9h \u00e0 12h et de 14h \u00e0 17h<\/strong><\/li>\n<\/ul>\n<p><i>D\u00e9marches administratives sur RDV le mercredi matin et le vendredi matin\u00a0<\/i><\/p>\n<p>&nbsp;<\/p>\n<div class=\"moduletable\">\n<div id=\"camera_wrap_109\" class=\"slideshowck camera_wrap camera_grey_skin\">\n<div class=\"camera_fakehover\">\n<div class=\"camera_target\">\n<div class=\"cameraCont\">\n<div class=\"cameraSlide cameraSlide_0 cameracurrent\" aria-current=\"true\">\n<div class=\"camerarelative\"><\/div>\n<\/div>\n<div class=\"cameraSlide cameraSlide_2\">\n<div class=\"camerarelative\"><\/div>\n<\/div>\n<\/div>\n<\/div>\n<div class=\"camera_overlayer\"><\/div>\n<div class=\"camera_target_content\">\n<div class=\"cameraContents\"><\/div>\n<\/div>\n<\/div>\n<\/div>\n<\/div>\n<p>&nbsp;<\/p>\n<p>&nbsp;<\/p>\n<p>&nbsp;<\/p>\n","protected":false},"excerpt":{"rendered":"<p>Adresse et Contacts &nbsp;<\/p><p><a class=\"more-link btn\" href=\"https:\/\/www.mairie-poncey-les-athee.fr\/?page_id=1450\">Lire la suite<\/a><\/p>\n","protected":false},"author":2,"featured_media":4463,"parent":644,"menu_order":0,"comment_status":"closed","ping_status":"closed","template":"","meta":{"footnotes":""},"class_list":["post-1450","page","type-page","status-publish","has-post-thumbnail","hentry","nodate","item-wrap"],"_links":{"self":[{"href":"https:\/\/www.mairie-poncey-les-athee.fr\/index.php?rest_route=\/wp\/v2\/pages\/1450","targetHints":{"allow":["GET"]}}],"collection":[{"href":"https:\/\/www.mairie-poncey-les-athee.fr\/index.php?rest_route=\/wp\/v2\/pages"}],"about":[{"href":"https:\/\/www.mairie-poncey-les-athee.fr\/index.php?rest_route=\/wp\/v2\/types\/page"}],"author":[{"embeddable":true,"href":"https:\/\/www.mairie-poncey-les-athee.fr\/index.php?rest_route=\/wp\/v2\/users\/2"}],"replies":[{"embeddable":true,"href":"https:\/\/www.mairie-poncey-les-athee.fr\/index.php?rest_route=%2Fwp%2Fv2%2Fcomments&post=1450"}],"version-history":[{"count":44,"href":"https:\/\/www.mairie-poncey-les-athee.fr\/index.php?rest_route=\/wp\/v2\/pages\/1450\/revisions"}],"predecessor-version":[{"id":21343,"href":"https:\/\/www.mairie-poncey-les-athee.fr\/index.php?rest_route=\/wp\/v2\/pages\/1450\/revisions\/21343"}],"up":[{"embeddable":true,"href":"https:\/\/www.mairie-poncey-les-athee.fr\/index.php?rest_route=\/wp\/v2\/pages\/644"}],"wp:featuredmedia":[{"embeddable":true,"href":"https:\/\/www.mairie-poncey-les-athee.fr\/index.php?rest_route=\/wp\/v2\/media\/4463"}],"wp:attachment":[{"href":"https:\/\/www.mairie-poncey-les-athee.fr\/index.php?rest_route=%2Fwp%2Fv2%2Fmedia&parent=1450"}],"curies":[{"name":"wp","href":"https:\/\/api.w.org\/{rel}","templated":true}]}}