{"id":1447,"date":"2013-03-08T15:40:02","date_gmt":"2013-03-08T15:40:02","guid":{"rendered":"http:\/\/www.mairie-poncey-les-athee.fr\/?page_id=1447"},"modified":"2025-10-10T03:22:17","modified_gmt":"2025-10-10T03:22:17","slug":"maison-de-lenfance","status":"publish","type":"page","link":"https:\/\/www.mairie-poncey-les-athee.fr\/?page_id=1447","title":{"rendered":"Service Enfance Jeunesse"},"content":{"rendered":"<div id=\"bg_content\" class=\"png\">\n<div id=\"content\">\n<div id=\"paragraphe\" class=\"paragraphe\">\n<p><strong>La petite enfance, l&rsquo;enfance et la jeunesse<\/strong><\/p>\n<p><a href=\"https:\/\/capvaldesaone.portail-familles.app\/\" target=\"_blank\" rel=\"noopener\"><img loading=\"lazy\" decoding=\"async\" class=\"alignnone wp-image-5195\" src=\"https:\/\/www.mairie-poncey-les-athee.fr\/wp-content\/uploads\/portail-familles2.jpg\" alt=\"Portail famille\" width=\"249\" height=\"249\" srcset=\"https:\/\/www.mairie-poncey-les-athee.fr\/wp-content\/uploads\/portail-familles2.jpg 200w, https:\/\/www.mairie-poncey-les-athee.fr\/wp-content\/uploads\/portail-familles2-150x150.jpg 150w\" sizes=\"auto, (max-width: 249px) 100vw, 249px\" \/><\/a><\/p>\n<\/div>\n<\/div>\n<\/div>\n<p><!--more--><\/p>\n<p><strong>Le service Enfance\/Jeunesse se d\u00e9cline en trois p\u00f4les qui sont :<\/strong><\/p>\n<div id=\"bg_content\" class=\"png\">\n<div id=\"content\">\n<div id=\"paragraphe\" class=\"paragraphe\">\n<div class=\"txt_bloc\">\n<ul>\n<li><a href=\"https:\/\/www.capvaldesaone.fr\/enfance-jeunesse\/petite-enfance\" target=\"_blank\" rel=\"noopener\"><strong>La Petite Enfance (de 0 \u00e0 3 ans)<\/strong><\/a><\/li>\n<li><a href=\"https:\/\/www.capvaldesaone.fr\/enfance-jeunesse\/enfance\" target=\"_blank\" rel=\"noopener\"><strong>L\u2019\u00a0 Enfance (de 3 \u00e0 11 ans)<\/strong><\/a><\/li>\n<li><a href=\"https:\/\/www.capvaldesaone.fr\/enfance-jeunesse\/jeunesse\" target=\"_blank\" rel=\"noopener\"><strong>La Jeunesse (de 11 \u00e0 18 ans)<\/strong><\/a><\/li>\n<\/ul>\n<p><strong>La Petite Enfance se compose d\u2019un multi accueil et de deux relais, l\u2019un itin\u00e9rant et l\u2019autre fixe situ\u00e9 \u00e0 Auxonne.<\/strong><\/p>\n<p><strong>L\u2019Enfance couvre toute l\u2019activit\u00e9 p\u00e9riscolaire et extrascolaire \u00e0 travers des accueils collectifs de mineurs<\/strong><\/p>\n<p><strong>La Jeunesse, \u00e0 ce jour cela signifie la possibilit\u00e9 d\u2019int\u00e9grer un conseil intercommunal jeunes et quelques activit\u00e9s ponctuelles pendant les vacances. C\u2019est un p\u00f4le qui devrait \u00e9voluer dans les ann\u00e9es \u00e0 venir.<\/strong><\/p>\n<p><strong>En cliquant sur les liens ci-contre, vous trouverez un descriptif des diff\u00e9rents p\u00f4les ainsi que des activit\u00e9s qu&rsquo;ils proposent.<\/strong><\/p>\n<h3>Contact<\/h3>\n<p><strong>Secr\u00e9tariat et facturation\u00a0: Mme Myriam BRESSON &#8211;\u00a0<a href=\"mailto:m.bresson@ccavds.fr\" target=\"_blank\" rel=\"noopener\">E-mail<\/a><\/strong><\/p>\n<\/div>\n<\/div>\n<\/div>\n<\/div>\n","protected":false},"excerpt":{"rendered":"<p>La petite enfance, l&rsquo;enfance et la jeunesse<\/p><p><a class=\"more-link btn\" href=\"https:\/\/www.mairie-poncey-les-athee.fr\/?page_id=1447\">Lire la suite<\/a><\/p>\n","protected":false},"author":2,"featured_media":5195,"parent":644,"menu_order":2,"comment_status":"closed","ping_status":"closed","template":"","meta":{"footnotes":""},"class_list":["post-1447","page","type-page","status-publish","has-post-thumbnail","hentry","nodate","item-wrap"],"_links":{"self":[{"href":"https:\/\/www.mairie-poncey-les-athee.fr\/index.php?rest_route=\/wp\/v2\/pages\/1447","targetHints":{"allow":["GET"]}}],"collection":[{"href":"https:\/\/www.mairie-poncey-les-athee.fr\/index.php?rest_route=\/wp\/v2\/pages"}],"about":[{"href":"https:\/\/www.mairie-poncey-les-athee.fr\/index.php?rest_route=\/wp\/v2\/types\/page"}],"author":[{"embeddable":true,"href":"https:\/\/www.mairie-poncey-les-athee.fr\/index.php?rest_route=\/wp\/v2\/users\/2"}],"replies":[{"embeddable":true,"href":"https:\/\/www.mairie-poncey-les-athee.fr\/index.php?rest_route=%2Fwp%2Fv2%2Fcomments&post=1447"}],"version-history":[{"count":27,"href":"https:\/\/www.mairie-poncey-les-athee.fr\/index.php?rest_route=\/wp\/v2\/pages\/1447\/revisions"}],"predecessor-version":[{"id":19458,"href":"https:\/\/www.mairie-poncey-les-athee.fr\/index.php?rest_route=\/wp\/v2\/pages\/1447\/revisions\/19458"}],"up":[{"embeddable":true,"href":"https:\/\/www.mairie-poncey-les-athee.fr\/index.php?rest_route=\/wp\/v2\/pages\/644"}],"wp:featuredmedia":[{"embeddable":true,"href":"https:\/\/www.mairie-poncey-les-athee.fr\/index.php?rest_route=\/wp\/v2\/media\/5195"}],"wp:attachment":[{"href":"https:\/\/www.mairie-poncey-les-athee.fr\/index.php?rest_route=%2Fwp%2Fv2%2Fmedia&parent=1447"}],"curies":[{"name":"wp","href":"https:\/\/api.w.org\/{rel}","templated":true}]}}