{"id":1444,"date":"2013-03-08T15:39:25","date_gmt":"2013-03-08T15:39:25","guid":{"rendered":"http:\/\/www.mairie-poncey-les-athee.fr\/?page_id=1444"},"modified":"2026-04-20T03:26:26","modified_gmt":"2026-04-20T03:26:26","slug":"ordures-menageres","status":"publish","type":"page","link":"https:\/\/www.mairie-poncey-les-athee.fr\/?page_id=1444","title":{"rendered":"Ordures m\u00e9nag\u00e8res et tri s\u00e9lectif"},"content":{"rendered":"<div id=\"content\">\n<div id=\"paragraphe\" class=\"paragraphe\">\n<p><strong>Calendrier de collecte\u00a0 2026<\/strong><\/p>\n<\/div>\n<\/div>\n<p><!--more--><\/p>\n<div id=\"content\">\n<div id=\"paragraphe\" class=\"paragraphe\">\n<h2><span style=\"text-decoration: underline; color: #0000ff;\">Les ordures m\u00e9nag\u00e8res et les recyclables<\/span><\/h2>\n<\/div>\n<\/div>\n<p>&nbsp;<\/p>\n<p>&nbsp;<\/p>\n<div id=\"content\">\n<div id=\"paragraphe\" class=\"paragraphe\">\n<p>&nbsp;<\/p>\n<\/div>\n<\/div>\n<h3><span style=\"color: #008000;\">Calendrier de Collecte 2026<\/span><\/h3>\n<p><strong>Les calendriers de collecte 2026 (Ordures m\u00e9nag\u00e8res et recyclables) sont en ligne sur notre site !<\/strong><strong><span class=\"html-span xdj266r x11i5rnm xat24cr x1mh8g0r xexx8yu x4uap5 x18d9i69 xkhd6sd x1hl2dhg x16tdsg8 x1vvkbs\"><a class=\"x1i10hfl xjbqb8w x1ejq31n xd10rxx x1sy0etr x17r0tee x972fbf xcfux6l x1qhh985 xm0m39n x9f619 x1ypdohk xt0psk2 xe8uvvx xdj266r x11i5rnm xat24cr x1mh8g0r xexx8yu x4uap5 x18d9i69 xkhd6sd x16tdsg8 x1hl2dhg xggy1nq x1a2a7pz x1sur9pj xkrqix3 x1fey0fg x1s688f\" tabindex=\"0\" role=\"link\" href=\"https:\/\/www.capvaldesaone.fr\/environnement\/dechets?fbclid=IwZXh0bgNhZW0CMTAAAR0PA2FB2KyXQQAAuaKnO2n8-c0n-J2Oh_I_3BZfgC76ITx90PUcdQquTTw_aem_R-yCqToyvzCKdE5ISIIltA\" target=\"_blank\" rel=\"nofollow noopener noreferrer\">https:\/\/www.capvaldesaone.fr\/environnement\/dechets<\/a><\/span><\/strong><\/p>\n<div class=\"x11i5rnm xat24cr x1mh8g0r x1vvkbs xtlvy1s x126k92a\">\n<div dir=\"auto\"><a href=\"https:\/\/www.mairie-poncey-les-athee.fr\/wp-content\/uploads\/Calendrier-OM-Poncey-les-athee_page-0001-1.jpg\" target=\"_blank\" rel=\"noopener\"><img loading=\"lazy\" decoding=\"async\" class=\"alignnone wp-image-20234 \" src=\"https:\/\/www.mairie-poncey-les-athee.fr\/wp-content\/uploads\/Calendrier-OM-Poncey-les-athee_page-0001-1-212x300.jpg\" alt=\"\" width=\"306\" height=\"433\" srcset=\"https:\/\/www.mairie-poncey-les-athee.fr\/wp-content\/uploads\/Calendrier-OM-Poncey-les-athee_page-0001-1-212x300.jpg 212w, https:\/\/www.mairie-poncey-les-athee.fr\/wp-content\/uploads\/Calendrier-OM-Poncey-les-athee_page-0001-1-543x768.jpg 543w, https:\/\/www.mairie-poncey-les-athee.fr\/wp-content\/uploads\/Calendrier-OM-Poncey-les-athee_page-0001-1-768x1085.jpg 768w, https:\/\/www.mairie-poncey-les-athee.fr\/wp-content\/uploads\/Calendrier-OM-Poncey-les-athee_page-0001-1-1087x1536.jpg 1087w, https:\/\/www.mairie-poncey-les-athee.fr\/wp-content\/uploads\/Calendrier-OM-Poncey-les-athee_page-0001-1-750x1060.jpg 750w, https:\/\/www.mairie-poncey-les-athee.fr\/wp-content\/uploads\/Calendrier-OM-Poncey-les-athee_page-0001-1.jpg 1241w\" sizes=\"auto, (max-width: 306px) 100vw, 306px\" \/><\/a>\u00a0 \u00a0 \u00a0 \u00a0 \u00a0 \u00a0 \u00a0 \u00a0 <a href=\"https:\/\/www.mairie-poncey-les-athee.fr\/wp-content\/uploads\/Calendrier-OM-Poncey-les-athee_page-0002-1.jpg\" target=\"_blank\" rel=\"noopener\"><img loading=\"lazy\" decoding=\"async\" class=\"alignnone wp-image-20235\" src=\"https:\/\/www.mairie-poncey-les-athee.fr\/wp-content\/uploads\/Calendrier-OM-Poncey-les-athee_page-0002-1-212x300.jpg\" alt=\"\" width=\"306\" height=\"433\" srcset=\"https:\/\/www.mairie-poncey-les-athee.fr\/wp-content\/uploads\/Calendrier-OM-Poncey-les-athee_page-0002-1-212x300.jpg 212w, https:\/\/www.mairie-poncey-les-athee.fr\/wp-content\/uploads\/Calendrier-OM-Poncey-les-athee_page-0002-1-543x768.jpg 543w, https:\/\/www.mairie-poncey-les-athee.fr\/wp-content\/uploads\/Calendrier-OM-Poncey-les-athee_page-0002-1-768x1085.jpg 768w, https:\/\/www.mairie-poncey-les-athee.fr\/wp-content\/uploads\/Calendrier-OM-Poncey-les-athee_page-0002-1-1087x1536.jpg 1087w, https:\/\/www.mairie-poncey-les-athee.fr\/wp-content\/uploads\/Calendrier-OM-Poncey-les-athee_page-0002-1-750x1060.jpg 750w, https:\/\/www.mairie-poncey-les-athee.fr\/wp-content\/uploads\/Calendrier-OM-Poncey-les-athee_page-0002-1.jpg 1241w\" sizes=\"auto, (max-width: 306px) 100vw, 306px\" \/><\/a><\/div>\n<\/div>\n<p>&nbsp;<\/p>\n<p>&nbsp;<\/p>\n<hr \/>\n<h3><span style=\"color: #008000;\">Environnement &#8211; D\u00e9chets<\/span><\/h3>\n<div dir=\"auto\">\n<div dir=\"auto\"><strong>Notre portail Environnement D\u00e9chets a chang\u00e9 : il s\u2019agit d\u00e9sormais de la plateforme EcoCito, qui remplace l\u2019ancien espace en ligne.<\/strong><\/div>\n<div dir=\"auto\"><\/div>\n<div dir=\"auto\"><strong>La cr\u00e9ation de votre espace usager est possible sur notre site internet:\u00a0 \u00a0\u00a0<a href=\"https:\/\/capvaldesaone.ecocito.com\/Usager\/Profil\/Connexion?ReturnUrl=\/Usager\/Accueil\" target=\"_blank\" rel=\"noopener\">https:\/\/capvaldesaone.ecocito.com\/<\/a><\/strong><\/div>\n<div dir=\"auto\"><\/div>\n<div dir=\"auto\"><strong>Vous devez cr\u00e9er un espace personnel selon la m\u00e9thodologie suivante :<\/strong><\/div>\n<div dir=\"auto\"><\/div>\n<\/div>\n<div dir=\"auto\"><\/div>\n<div dir=\"auto\"><a href=\"https:\/\/www.mairie-poncey-les-athee.fr\/wp-content\/uploads\/ecoCito.jpg\" target=\"_blank\" rel=\"noopener\"><img loading=\"lazy\" decoding=\"async\" class=\"alignnone wp-image-18927 \" src=\"https:\/\/www.mairie-poncey-les-athee.fr\/wp-content\/uploads\/ecoCito-212x300.jpg\" alt=\"\" width=\"392\" height=\"554\" srcset=\"https:\/\/www.mairie-poncey-les-athee.fr\/wp-content\/uploads\/ecoCito-212x300.jpg 212w, https:\/\/www.mairie-poncey-les-athee.fr\/wp-content\/uploads\/ecoCito-543x768.jpg 543w, https:\/\/www.mairie-poncey-les-athee.fr\/wp-content\/uploads\/ecoCito-768x1085.jpg 768w, https:\/\/www.mairie-poncey-les-athee.fr\/wp-content\/uploads\/ecoCito-1087x1536.jpg 1087w, https:\/\/www.mairie-poncey-les-athee.fr\/wp-content\/uploads\/ecoCito-750x1060.jpg 750w, https:\/\/www.mairie-poncey-les-athee.fr\/wp-content\/uploads\/ecoCito.jpg 1241w\" sizes=\"auto, (max-width: 392px) 100vw, 392px\" \/><\/a><\/div>\n<div dir=\"auto\"><\/div>\n<div dir=\"auto\"><\/div>\n<div class=\"content\">\n<p>&nbsp;<\/p>\n<\/div>\n<hr \/>\n<div class=\"x11i5rnm xat24cr x1mh8g0r x1vvkbs xtlvy1s x126k92a\">\n<div dir=\"auto\"><span style=\"color: #008000; font-family: inherit; font-size: 24px; font-weight: bold;\">Cap Mag<\/span><\/div>\n<\/div>\n<div id=\"content\">\n<p><a href=\"https:\/\/drive.google.com\/file\/d\/1apN2MuDaOeBRzvQ83XXHf3lZAg6L0mqA\/view\" target=\"_blank\" rel=\"noopener\"><img loading=\"lazy\" decoding=\"async\" class=\"alignnone wp-image-12347 size-medium\" src=\"https:\/\/www.mairie-poncey-les-athee.fr\/wp-content\/uploads\/2024-CAPMAG-Gestion-des-dechets_page-0001-212x300.jpg\" alt=\"\" width=\"212\" height=\"300\" srcset=\"https:\/\/www.mairie-poncey-les-athee.fr\/wp-content\/uploads\/2024-CAPMAG-Gestion-des-dechets_page-0001-212x300.jpg 212w, https:\/\/www.mairie-poncey-les-athee.fr\/wp-content\/uploads\/2024-CAPMAG-Gestion-des-dechets_page-0001-396x560.jpg 396w, https:\/\/www.mairie-poncey-les-athee.fr\/wp-content\/uploads\/2024-CAPMAG-Gestion-des-dechets_page-0001-768x1085.jpg 768w, https:\/\/www.mairie-poncey-les-athee.fr\/wp-content\/uploads\/2024-CAPMAG-Gestion-des-dechets_page-0001-1087x1536.jpg 1087w, https:\/\/www.mairie-poncey-les-athee.fr\/wp-content\/uploads\/2024-CAPMAG-Gestion-des-dechets_page-0001-750x1060.jpg 750w, https:\/\/www.mairie-poncey-les-athee.fr\/wp-content\/uploads\/2024-CAPMAG-Gestion-des-dechets_page-0001.jpg 1241w\" sizes=\"auto, (max-width: 212px) 100vw, 212px\" \/><\/a><\/p>\n<p>&nbsp;<\/p>\n<\/div>\n<p>&nbsp;<\/p>\n<h3><span style=\"color: #008000;\">Tarifs de collecte 2025<\/span><\/h3>\n<p><a href=\"https:\/\/www.mairie-poncey-les-athee.fr\/wp-content\/uploads\/calendrier-2024-dechets-Athee-Poncey_page-0001.jpg\">\u00a0 \u00a0 \u00a0\u00a0<\/a><\/p>\n<p><a href=\"https:\/\/www.mairie-poncey-les-athee.fr\/wp-content\/uploads\/Tarifs_de_la_RI_PARTICULIERS_ANNEE_2025_page-0001.jpg\" target=\"_blank\" rel=\"noopener\"><img loading=\"lazy\" decoding=\"async\" class=\"alignnone wp-image-18928\" src=\"https:\/\/www.mairie-poncey-les-athee.fr\/wp-content\/uploads\/Tarifs_de_la_RI_PARTICULIERS_ANNEE_2025_page-0001-212x300.jpg\" alt=\"\" width=\"405\" height=\"573\" srcset=\"https:\/\/www.mairie-poncey-les-athee.fr\/wp-content\/uploads\/Tarifs_de_la_RI_PARTICULIERS_ANNEE_2025_page-0001-212x300.jpg 212w, https:\/\/www.mairie-poncey-les-athee.fr\/wp-content\/uploads\/Tarifs_de_la_RI_PARTICULIERS_ANNEE_2025_page-0001-543x768.jpg 543w, https:\/\/www.mairie-poncey-les-athee.fr\/wp-content\/uploads\/Tarifs_de_la_RI_PARTICULIERS_ANNEE_2025_page-0001-768x1086.jpg 768w, https:\/\/www.mairie-poncey-les-athee.fr\/wp-content\/uploads\/Tarifs_de_la_RI_PARTICULIERS_ANNEE_2025_page-0001-1086x1536.jpg 1086w, https:\/\/www.mairie-poncey-les-athee.fr\/wp-content\/uploads\/Tarifs_de_la_RI_PARTICULIERS_ANNEE_2025_page-0001-750x1061.jpg 750w, https:\/\/www.mairie-poncey-les-athee.fr\/wp-content\/uploads\/Tarifs_de_la_RI_PARTICULIERS_ANNEE_2025_page-0001.jpg 1241w\" sizes=\"auto, (max-width: 405px) 100vw, 405px\" \/><\/a><\/p>\n<p>&nbsp;<\/p>\n<h4><\/h4>\n<div id=\"content\">\n<h4><\/h4>\n<\/div>\n<div class=\"x11i5rnm xat24cr x1mh8g0r x1vvkbs xtlvy1s x126k92a\">\n<div dir=\"auto\"><\/div>\n<\/div>\n<div class=\"x11i5rnm xat24cr x1mh8g0r x1vvkbs xtlvy1s x126k92a\">\n<div dir=\"auto\"><\/div>\n<\/div>\n<div class=\"x11i5rnm xat24cr x1mh8g0r x1vvkbs xtlvy1s x126k92a\">\n<div dir=\"auto\"><span style=\"color: #800000; font-family: inherit; font-size: 24px; font-weight: bold;\">Vous avez un doute sur un d\u00e9chet?<\/span><\/div>\n<\/div>\n<p><strong>Cliquez sur l&rsquo;image<\/strong><\/p>\n<p><a href=\"https:\/\/www.facebook.com\/photo?fbid=604382208400737&amp;set=a.464668302372129\" target=\"_blank\" rel=\"noopener\"><img loading=\"lazy\" decoding=\"async\" class=\"wp-image-8428 aligncenter\" src=\"https:\/\/www.mairie-poncey-les-athee.fr\/wp-content\/uploads\/tri-cap-300x200.jpg\" alt=\"\" width=\"617\" height=\"412\" srcset=\"https:\/\/www.mairie-poncey-les-athee.fr\/wp-content\/uploads\/tri-cap-300x200.jpg 300w, https:\/\/www.mairie-poncey-les-athee.fr\/wp-content\/uploads\/tri-cap-560x374.jpg 560w, https:\/\/www.mairie-poncey-les-athee.fr\/wp-content\/uploads\/tri-cap-768x512.jpg 768w, https:\/\/www.mairie-poncey-les-athee.fr\/wp-content\/uploads\/tri-cap-750x500.jpg 750w, https:\/\/www.mairie-poncey-les-athee.fr\/wp-content\/uploads\/tri-cap.jpg 1439w\" sizes=\"auto, (max-width: 617px) 100vw, 617px\" \/><\/a><\/p>\n<h3><\/h3>\n<h2><span style=\"text-decoration: underline; color: #0000ff;\">Le tri s\u00e9lectif<\/span><\/h2>\n<p><a href=\"https:\/\/www.mairie-poncey-les-athee.fr\/wp-content\/uploads\/2023-05-Bac-jaune-plein-v2_page-0001.jpg\" target=\"_blank\" rel=\"noopener\"><img loading=\"lazy\" decoding=\"async\" class=\"wp-image-9121 aligncenter\" src=\"https:\/\/www.mairie-poncey-les-athee.fr\/wp-content\/uploads\/2023-05-Bac-jaune-plein-v2_page-0001-212x300.jpg\" alt=\"\" width=\"385\" height=\"545\" srcset=\"https:\/\/www.mairie-poncey-les-athee.fr\/wp-content\/uploads\/2023-05-Bac-jaune-plein-v2_page-0001-212x300.jpg 212w, https:\/\/www.mairie-poncey-les-athee.fr\/wp-content\/uploads\/2023-05-Bac-jaune-plein-v2_page-0001-396x560.jpg 396w, https:\/\/www.mairie-poncey-les-athee.fr\/wp-content\/uploads\/2023-05-Bac-jaune-plein-v2_page-0001-768x1085.jpg 768w, https:\/\/www.mairie-poncey-les-athee.fr\/wp-content\/uploads\/2023-05-Bac-jaune-plein-v2_page-0001-1087x1536.jpg 1087w, https:\/\/www.mairie-poncey-les-athee.fr\/wp-content\/uploads\/2023-05-Bac-jaune-plein-v2_page-0001-750x1060.jpg 750w, https:\/\/www.mairie-poncey-les-athee.fr\/wp-content\/uploads\/2023-05-Bac-jaune-plein-v2_page-0001.jpg 1241w\" sizes=\"auto, (max-width: 385px) 100vw, 385px\" \/><\/a><\/p>\n<p><strong>A partir du 1er janvier 2023, TOUS les emballages en plastique, carton, et m\u00e9tal pourront se trier dans votre bac jaune.<\/strong><\/p>\n<p><strong>Vous allez ainsi \u00eatre \u00e9quip\u00e9 d\u2019un grand bac \u00e0 couvercle jaune d\u2019ici le d\u00e9but de l\u2019ann\u00e9e 2023.<\/strong><br \/>\n<strong>Si vous en aviez d\u00e9j\u00e0 un, il sera simplement puc\u00e9.<\/strong><\/p>\n<p>&nbsp;<\/p>\n<p><a href=\"https:\/\/www.mairie-poncey-les-athee.fr\/wp-content\/uploads\/tri-collectif.jpg\" target=\"_blank\" rel=\"noopener\"><img loading=\"lazy\" decoding=\"async\" class=\"alignnone wp-image-6826\" src=\"https:\/\/www.mairie-poncey-les-athee.fr\/wp-content\/uploads\/tri-collectif-212x300.jpg\" alt=\"\" width=\"345\" height=\"489\" srcset=\"https:\/\/www.mairie-poncey-les-athee.fr\/wp-content\/uploads\/tri-collectif-212x300.jpg 212w, https:\/\/www.mairie-poncey-les-athee.fr\/wp-content\/uploads\/tri-collectif-396x560.jpg 396w, https:\/\/www.mairie-poncey-les-athee.fr\/wp-content\/uploads\/tri-collectif-768x1086.jpg 768w, https:\/\/www.mairie-poncey-les-athee.fr\/wp-content\/uploads\/tri-collectif-750x1060.jpg 750w, https:\/\/www.mairie-poncey-les-athee.fr\/wp-content\/uploads\/tri-collectif.jpg 950w\" sizes=\"auto, (max-width: 345px) 100vw, 345px\" \/>\u00a0\u00a0\u00a0\u00a0 <\/a><a href=\"https:\/\/www.mairie-poncey-les-athee.fr\/wp-content\/uploads\/tri-selectif2_page-0003.jpg\" target=\"_blank\" rel=\"noopener\"><img loading=\"lazy\" decoding=\"async\" class=\"alignnone wp-image-7107\" src=\"https:\/\/www.mairie-poncey-les-athee.fr\/wp-content\/uploads\/tri-selectif2_page-0003-212x300.jpg\" alt=\"\" width=\"342\" height=\"484\" srcset=\"https:\/\/www.mairie-poncey-les-athee.fr\/wp-content\/uploads\/tri-selectif2_page-0003-212x300.jpg 212w, https:\/\/www.mairie-poncey-les-athee.fr\/wp-content\/uploads\/tri-selectif2_page-0003-396x560.jpg 396w, https:\/\/www.mairie-poncey-les-athee.fr\/wp-content\/uploads\/tri-selectif2_page-0003-768x1087.jpg 768w, https:\/\/www.mairie-poncey-les-athee.fr\/wp-content\/uploads\/tri-selectif2_page-0003-1085x1536.jpg 1085w, https:\/\/www.mairie-poncey-les-athee.fr\/wp-content\/uploads\/tri-selectif2_page-0003-750x1061.jpg 750w, https:\/\/www.mairie-poncey-les-athee.fr\/wp-content\/uploads\/tri-selectif2_page-0003.jpg 1240w\" sizes=\"auto, (max-width: 342px) 100vw, 342px\" \/><\/a><\/p>\n<p>&nbsp;<\/p>\n<div class=\"txt_bloc\">\n<p><strong>Depuis le 1er janvier 2016, l&rsquo;ensemble des habitants du territoire de la Communaut\u00e9 de Communes Auxonne &#8211; Val de Sa\u00f4ne dispose d&rsquo;un bac de tri \u00e0 couvercle jaune, ainsi vos d\u00e9chets sont directement collect\u00e9s \u00e0 votre porte. En fonction des secteurs, la collecte est effectu\u00e9e une fois par semaine ou par quinzaine.<\/strong><\/p>\n<p><strong>Attention, il n\u2019y a plus aucune collecte des emballages et papiers en apport volontaire depuis cette date (d\u00e9ch\u00e8teries comprises). Seules restent les conteneurs \u00e0 verre.<\/strong><\/p>\n<p><strong>Pour notre commune le ramassage des bac jaunes se fait le vendredi matin les semaines impaires.<\/strong><\/p>\n<p class=\"title\"><strong>Trier est un geste facile au quotidien pour pr\u00e9server les ressources naturelles et faire barri\u00e8re \u00e0 la pollution.\u00a0<\/strong><\/p>\n<p>&nbsp;<\/p>\n<\/div>\n","protected":false},"excerpt":{"rendered":"<p>Calendrier de collecte\u00a0 2026<\/p><p><a class=\"more-link btn\" href=\"https:\/\/www.mairie-poncey-les-athee.fr\/?page_id=1444\">Lire la suite<\/a><\/p>\n","protected":false},"author":2,"featured_media":20079,"parent":644,"menu_order":3,"comment_status":"closed","ping_status":"closed","template":"","meta":{"footnotes":""},"class_list":["post-1444","page","type-page","status-publish","has-post-thumbnail","hentry","nodate","item-wrap"],"_links":{"self":[{"href":"https:\/\/www.mairie-poncey-les-athee.fr\/index.php?rest_route=\/wp\/v2\/pages\/1444","targetHints":{"allow":["GET"]}}],"collection":[{"href":"https:\/\/www.mairie-poncey-les-athee.fr\/index.php?rest_route=\/wp\/v2\/pages"}],"about":[{"href":"https:\/\/www.mairie-poncey-les-athee.fr\/index.php?rest_route=\/wp\/v2\/types\/page"}],"author":[{"embeddable":true,"href":"https:\/\/www.mairie-poncey-les-athee.fr\/index.php?rest_route=\/wp\/v2\/users\/2"}],"replies":[{"embeddable":true,"href":"https:\/\/www.mairie-poncey-les-athee.fr\/index.php?rest_route=%2Fwp%2Fv2%2Fcomments&post=1444"}],"version-history":[{"count":91,"href":"https:\/\/www.mairie-poncey-les-athee.fr\/index.php?rest_route=\/wp\/v2\/pages\/1444\/revisions"}],"predecessor-version":[{"id":21420,"href":"https:\/\/www.mairie-poncey-les-athee.fr\/index.php?rest_route=\/wp\/v2\/pages\/1444\/revisions\/21420"}],"up":[{"embeddable":true,"href":"https:\/\/www.mairie-poncey-les-athee.fr\/index.php?rest_route=\/wp\/v2\/pages\/644"}],"wp:featuredmedia":[{"embeddable":true,"href":"https:\/\/www.mairie-poncey-les-athee.fr\/index.php?rest_route=\/wp\/v2\/media\/20079"}],"wp:attachment":[{"href":"https:\/\/www.mairie-poncey-les-athee.fr\/index.php?rest_route=%2Fwp%2Fv2%2Fmedia&parent=1444"}],"curies":[{"name":"wp","href":"https:\/\/api.w.org\/{rel}","templated":true}]}}