{"id":1387,"date":"2014-03-08T13:21:49","date_gmt":"2014-03-08T13:21:49","guid":{"rendered":"http:\/\/www.mairie-poncey-les-athee.fr\/?page_id=1387"},"modified":"2025-11-13T09:29:47","modified_gmt":"2025-11-13T09:29:47","slug":"urbanisme","status":"publish","type":"page","link":"https:\/\/www.mairie-poncey-les-athee.fr\/?page_id=1387","title":{"rendered":"Urbanisme"},"content":{"rendered":"<h4><img loading=\"lazy\" decoding=\"async\" class=\"aligncenter wp-image-5149 size-medium\" src=\"https:\/\/www.mairie-poncey-les-athee.fr\/wp-content\/uploads\/Logo-Urbanisme-300x150.jpg\" alt=\"Logo Urbanisme\" width=\"300\" height=\"150\" srcset=\"https:\/\/www.mairie-poncey-les-athee.fr\/wp-content\/uploads\/Logo-Urbanisme-300x150.jpg 300w, https:\/\/www.mairie-poncey-les-athee.fr\/wp-content\/uploads\/Logo-Urbanisme-560x280.jpg 560w, https:\/\/www.mairie-poncey-les-athee.fr\/wp-content\/uploads\/Logo-Urbanisme-768x384.jpg 768w, https:\/\/www.mairie-poncey-les-athee.fr\/wp-content\/uploads\/Logo-Urbanisme-750x375.jpg 750w, https:\/\/www.mairie-poncey-les-athee.fr\/wp-content\/uploads\/Logo-Urbanisme.jpg 900w\" sizes=\"auto, (max-width: 300px) 100vw, 300px\" \/><\/h4>\n<p><strong>Tous documents, cartes et plans communaux t\u00e9l\u00e9chargeables<\/strong><\/p>\n<p><!--more--><\/p>\n<p class=\"ox-a3ffb071b0-MsoNormal\"><span style=\"color: #000000;\"><strong>Veuillez trouver l\u2019URL guichet unique PETR pour la saisine par voie \u00e9lectronique :<\/strong><\/span><\/p>\n<ul type=\"disc\">\n<li class=\"ox-a3ffb071b0-MsoNormal\">\n<h3><strong><a tabindex=\"9999\" href=\"https:\/\/valdesaone.geosphere.fr\/guichet-unique\" target=\"_blank\" rel=\"noopener\">https:\/\/valdesaone.geosphere.fr\/guichet-unique<\/a><\/strong><\/h3>\n<\/li>\n<\/ul>\n<p>&nbsp;<\/p>\n<p class=\"ox-a3ffb071b0-MsoNormal\"><span style=\"color: #000000;\"><strong>Vous avez d\u00e9sormais la possibilit\u00e9 de d\u00e9poser vos demandes d\u2019autorisation d\u2019urbanisme<\/strong> (CU,<strong> DP, PA, PC, PD) par voie \u00e9lectronique par l\u2019interm\u00e9diaire de cette plateforme \u00e0 compter du <u>1<sup>er<\/sup> janvier 2022<\/u>.<\/strong><\/span><\/p>\n<p class=\"ox-a3ffb071b0-MsoNormal\"><strong><span style=\"color: #000000;\">Seuls les dossiers d\u00e9pos\u00e9s via cette plateforme seront accept\u00e9s pour instruction.<\/span><\/strong><\/p>\n<p class=\"ox-a3ffb071b0-MsoNormal\"><span style=\"color: #000000;\"><strong>Les dossiers num\u00e9riques re\u00e7us sur une bo\u00eete courriel de la mairie ne seront pas recevables et ne pourront permettre la d\u00e9livrance d\u2019un r\u00e9c\u00e9piss\u00e9 de d\u00e9p\u00f4t (acte mat\u00e9rialisant le point de d\u00e9part du d\u00e9lai d\u2019instruction de l\u2019autorisation).<\/strong><\/span><\/p>\n<p class=\"ox-a3ffb071b0-MsoNormal\"><span style=\"color: #000000;\"><strong>Les dossiers papiers seront toujours accept\u00e9s \u00e0 compter du 1<sup>er<\/sup> janvier 2022.<\/strong><\/span><\/p>\n<p class=\"ox-a3ffb071b0-MsoNormal\"><span style=\"color: #000000;\"><strong> La DEMAT\u2019ADS ouvre seulement la possibilit\u00e9 r\u00e9glementaire de d\u00e9poser un dossier par voie num\u00e9rique pour toutes les communes.<\/strong><\/span><\/p>\n<h3><\/h3>\n<h3><strong><em>\u00a0<\/em><\/strong><\/h3>\n<h4><strong>1. <span style=\"text-decoration: underline;\">Carte Communale et r\u00e8glement<\/span><\/strong><\/h4>\n<p><a href=\"https:\/\/www.mairie-poncey-les-athee.fr\/wp-content\/uploads\/2B.-Centre-de-la-commune-2000_Poncey_les_Athee.pdf\" target=\"_blank\" rel=\"noopener\">\u00a0zonage carte communale document t\u00e9l\u00e9chargeable<\/a><\/p>\n<p><a href=\"https:\/\/www.mairie-poncey-les-athee.fr\/?page_id=11247\" target=\"_blank\" rel=\"noopener\">\u00a0 \u00a0 \u00a0 \u00a0 \u00a0 r\u00e8glement document t\u00e9l\u00e9chargeable<\/a><\/p>\n<h4><strong>2. <span style=\"text-decoration: underline;\">Plan de Pr\u00e9vention des Risques Inondables de la Sa\u00f4ne et r\u00e8glement<\/span><\/strong><\/h4>\n<p><a href=\"https:\/\/www.mairie-poncey-les-athee.fr\/wp-content\/uploads\/zonage1.pdf\" target=\"_blank\" rel=\"noopener\">\u00a0 \u00a0 \u00a0 \u00a0 \u00a0 plan de Pr\u00e9vention des Risques Inondables document t\u00e9l\u00e9chargeable<\/a><\/p>\n<p><a href=\"https:\/\/www.mairie-poncey-les-athee.fr\/wp-content\/uploads\/r\u00e9glementPPRi.pdf\" target=\"_blank\" rel=\"noopener\">\u00a0 \u00a0 \u00a0 \u00a0 \u00a0r\u00e8glement document t\u00e9l\u00e9chargeable<\/a><\/p>\n<h4><strong>3. <span style=\"text-decoration: underline;\">Champs captants<\/span><\/strong><\/h4>\n<p><a href=\"https:\/\/www.mairie-poncey-les-athee.fr\/wp-content\/uploads\/DUP.pdf\" target=\"_blank\" rel=\"noopener\">\u00a0 \u00a0 \u00a0 \u00a0 \u00a0 DUP champs captant de PONCEY-LES-ATHEE et FLAMMERANS<\/a><\/p>\n<p><a href=\"https:\/\/www.mairie-poncey-les-athee.fr\/wp-content\/uploads\/DUP-Champ-Captant.pdf\" target=\"_blank\" rel=\"noopener\">\u00a0 \u00a0 \u00a0 \u00a0 \u00a0 DUP Champ Captant<\/a> ; <a href=\"https:\/\/www.mairie-poncey-les-athee.fr\/wp-content\/uploads\/Carte-zonage.pdf\" target=\"_blank\" rel=\"noopener\">Carte zonage<\/a><\/p>\n<p><a href=\"https:\/\/www.mairie-poncey-les-athee.fr\/wp-content\/uploads\/CHAMPSCAPTANTS.pdf\" target=\"_blank\" rel=\"noopener\">\u00a0 \u00a0 \u00a0 \u00a0 \u00a0 champs captants document \u00e0 t\u00e9l\u00e9charger<\/a><\/p>\n<h4><strong>4. <span style=\"text-decoration: underline;\">Plan r\u00e9seau assainissement<\/span><\/strong><\/h4>\n<p><a href=\"https:\/\/www.mairie-poncey-les-athee.fr\/wp-content\/uploads\/assainissementponcey.pdf\" target=\"_blank\" rel=\"noopener\">\u00a0 \u00a0 \u00a0 \u00a0 \u00a0 r\u00e9seau assainissement document t\u00e9l\u00e9chargeable<\/a><\/p>\n<h4><strong>5. <span style=\"text-decoration: underline;\">Plan r\u00e9seau eau potable<\/span><\/strong><\/h4>\n<p><a href=\"https:\/\/www.mairie-poncey-les-athee.fr\/wp-content\/uploads\/eaupotableponcey1.pdf\" target=\"_blank\" rel=\"noopener\">\u00a0 \u00a0 \u00a0 \u00a0 \u00a0 r\u00e9seau eau potable<\/a><\/p>\n<h4><strong>\u00a06. <span style=\"text-decoration: underline;\">Documents d&rsquo;urbanisme (formulaires administratifs) \u00e0 t\u00e9l\u00e9charger :<\/span><\/strong><\/h4>\n<p><strong>1. D\u00e9claration pr\u00e9alable \u00e0 la r\u00e9alisation de construction et travaux non soumis \u00e0 permis de construire\u00a0 \u00a0 \u00a0 \u00a0 portant sur une maison individuelle et\/ou ses annexes.<\/strong><\/p>\n<p><a href=\"https:\/\/www.service-public.fr\/particuliers\/vosdroits\/R2028\" target=\"_blank\" rel=\"attachment noopener wp-att-4178\">\u00a0 \u00a0 \u00a0 \u00a0 \u00a0 \u00a0Cerfa 13703.08 DP<\/a><\/p>\n<p><strong>2. D\u00e9claration pr\u00e9alable (constructions, travaux, installations et am\u00e9nagements non soumis \u00e0 permis comprenant ou non des d\u00e9molitions).<\/strong><\/p>\n<p><a href=\"https:\/\/www.service-public.fr\/particuliers\/vosdroits\/R11646\" target=\"_blank\" rel=\"attachment noopener wp-att-4174\">\u00a0 \u00a0 \u00a0 \u00a0 \u00a0 \u00a0Cerfa 13404.08 DP<\/a><\/p>\n<p><strong>3. Permis de construire pour une maison individuelle et\/ou ses annexes.<\/strong><\/p>\n<p><a href=\"https:\/\/www.formulaires.service-public.fr\/gf\/showFormulaireSignaletiqueConsulter.do?numCerfa=13406\" target=\"_blank\" rel=\"attachment noopener wp-att-4175\">\u00a0 \u00a0 \u00a0 \u00a0 \u00a0 \u00a0Cerfa 13406.08 PC<\/a><\/p>\n<p><strong>\u00a0 \u00a0 \u00a0 \u00a03.a Permis d&rsquo;am\u00e9nager ou permis de construire.<\/strong><\/p>\n<p><a href=\"https:\/\/www.service-public.fr\/particuliers\/vosdroits\/R20835\" target=\"_blank\" rel=\"attachment noopener wp-att-4180\">\u00a0 \u00a0 \u00a0 \u00a0 \u00a0 \u00a0 cerfa_13409-08 PC<\/a><\/p>\n<p><strong>4. D\u00e9claration d&rsquo;ouverture de chantier.<\/strong><\/p>\n<p><a href=\"https:\/\/www.mairie-poncey-les-athee.fr\/?attachment_id=4176\" target=\"_blank\" rel=\"attachment noopener wp-att-4176\">\u00a0 \u00a0 \u00a0 \u00a0 \u00a0 \u00a0 Cerfa 13407-03 D\u00e9claration d&rsquo;ouverture de chantier<\/a><\/p>\n<p><strong>5. D\u00e9claration de fermeture de chantier.<\/strong><\/p>\n<p><a href=\"https:\/\/www.mairie-poncey-les-athee.fr\/wp-content\/uploads\/Cerfa-13408-04-Declaration-attestant-lachevement-et-l-a-conformite-des-travaux.pdf\" target=\"_blank\" rel=\"noopener\">\u00a0 \u00a0 Cerfa 13408-04 D\u00e9claration attestant l&rsquo;ach\u00e8vement et l a conformit\u00e9 des travaux<\/a><\/p>\n<p>&nbsp;<\/p>\n<p><span style=\"color: #993366;\">DPMI\u00a0\u00a0\u00a0\u00a0\u00a0\u00a0\u00a0\u00a0\u00a0\u00a0\u00a0\u00a0\u00a0\u00a0\u00a0\u00a0\u00a0\u00a0\u00a0\u00a0\u00a0\u00a0\u00a0\u00a0\u00a0\u00a0\u00a0\u00a0\u00a0\u00a0\u00a0\u00a0\u00a0\u00a0\u00a0\u00a0\u00a0\u00a0\u00a0\u00a0\u00a0\u00a0\u00a0\u00a0\u00a0\u00a0\u00a0\u00a0\u00a0\u00a0 \u00a0 \u00a0 \u00a0 \u00a0 13703*07<\/span><\/p>\n<p><span style=\"color: #993366;\">DP\u00a0\u00a0\u00a0\u00a0\u00a0\u00a0\u00a0\u00a0\u00a0\u00a0\u00a0\u00a0\u00a0\u00a0\u00a0\u00a0\u00a0\u00a0\u00a0\u00a0\u00a0\u00a0\u00a0\u00a0\u00a0\u00a0\u00a0\u00a0\u00a0\u00a0\u00a0\u00a0\u00a0\u00a0\u00a0\u00a0\u00a0\u00a0\u00a0\u00a0\u00a0\u00a0\u00a0\u00a0\u00a0\u00a0\u00a0\u00a0\u00a0\u00a0\u00a0\u00a0\u00a0\u00a0\u00a0\u00a0 \u00a0 \u00a0\u00a0 \u00a0\u00a0 13404*07<\/span><\/p>\n<p><span style=\"color: #993366;\">DP lotissement\u00a0\u00a0\u00a0\u00a0\u00a0\u00a0\u00a0\u00a0\u00a0\u00a0\u00a0\u00a0\u00a0\u00a0\u00a0\u00a0\u00a0\u00a0\u00a0\u00a0\u00a0\u00a0\u00a0\u00a0\u00a0\u00a0\u00a0\u00a0 \u00a0 \u00a0 \u00a0\u00a0\u00a0\u00a0 13702*06<\/span><\/p>\n<p><span style=\"color: #993366;\">PC\u00a0\u00a0\u00a0\u00a0\u00a0\u00a0\u00a0\u00a0\u00a0\u00a0\u00a0\u00a0\u00a0\u00a0\u00a0\u00a0\u00a0\u00a0\u00a0\u00a0\u00a0\u00a0\u00a0\u00a0\u00a0\u00a0\u00a0\u00a0\u00a0\u00a0\u00a0\u00a0\u00a0\u00a0\u00a0\u00a0\u00a0\u00a0\u00a0\u00a0\u00a0\u00a0\u00a0\u00a0\u00a0\u00a0\u00a0\u00a0 \u00a0 \u00a0 \u00a0 \u00a0 \u00a0\u00a0 \u00a0 \u00a0\u00a0\u00a0 13409*07<\/span><\/p>\n<p><span style=\"color: #993366;\">PCMI\u00a0\u00a0\u00a0\u00a0\u00a0\u00a0\u00a0\u00a0\u00a0\u00a0\u00a0\u00a0\u00a0\u00a0\u00a0\u00a0\u00a0\u00a0\u00a0\u00a0\u00a0\u00a0\u00a0\u00a0\u00a0\u00a0\u00a0\u00a0\u00a0\u00a0\u00a0\u00a0\u00a0\u00a0\u00a0\u00a0\u00a0\u00a0\u00a0\u00a0\u00a0\u00a0\u00a0\u00a0\u00a0\u00a0 \u00a0 \u00a0 \u00a0 \u00a0\u00a0\u00a0\u00a0\u00a0 13406*07<\/span><\/p>\n<p><span style=\"color: #993366;\">PA\u00a0\u00a0\u00a0\u00a0\u00a0\u00a0\u00a0\u00a0\u00a0\u00a0\u00a0\u00a0\u00a0\u00a0\u00a0\u00a0\u00a0\u00a0\u00a0\u00a0\u00a0\u00a0\u00a0\u00a0\u00a0\u00a0\u00a0\u00a0\u00a0\u00a0\u00a0\u00a0\u00a0\u00a0\u00a0\u00a0\u00a0\u00a0\u00a0\u00a0\u00a0\u00a0\u00a0\u00a0\u00a0\u00a0\u00a0\u00a0\u00a0\u00a0\u00a0\u00a0\u00a0\u00a0\u00a0 \u00a0 \u00a0\u00a0 \u00a0\u00a0\u00a0\u00a0 13409*07<\/span><\/p>\n<p><span style=\"color: #993366;\">Certificat d&rsquo;urbanisme\u00a0\u00a0\u00a0\u00a0\u00a0\u00a0\u00a0\u00a0\u00a0\u00a0\u00a0\u00a0\u00a0\u00a0 \u00a0\u00a0 \u00a0\u00a0\u00a0 13410*05<\/span><\/p>\n<p><span style=\"color: #993366;\">PD\u00a0\u00a0\u00a0\u00a0\u00a0\u00a0\u00a0\u00a0\u00a0\u00a0\u00a0\u00a0\u00a0\u00a0\u00a0\u00a0\u00a0\u00a0\u00a0\u00a0\u00a0\u00a0\u00a0\u00a0\u00a0\u00a0\u00a0\u00a0\u00a0\u00a0\u00a0\u00a0\u00a0\u00a0\u00a0\u00a0\u00a0\u00a0\u00a0\u00a0\u00a0\u00a0\u00a0\u00a0\u00a0\u00a0\u00a0\u00a0\u00a0\u00a0\u00a0\u00a0\u00a0\u00a0\u00a0\u00a0\u00a0\u00a0\u00a0\u00a0\u00a0\u00a0\u00a0\u00a0 13405*06<\/span><\/p>\n<p>&nbsp;<\/p>\n<p>&nbsp;<\/p>\n<p>&nbsp;<\/p>\n<p>&nbsp;<\/p>\n<p>&nbsp;<\/p>\n<p>&nbsp;<\/p>\n<p>&nbsp;<\/p>\n<p>&nbsp;<\/p>\n<p>&nbsp;<\/p>\n<p>&nbsp;<\/p>\n<p>&nbsp;<\/p>\n<p>&nbsp;<\/p>\n<p>&nbsp;<\/p>\n<p>&nbsp;<\/p>\n<p>&nbsp;<\/p>\n<p>&nbsp;<\/p>\n","protected":false},"excerpt":{"rendered":"<p>Tous documents, cartes et plans communaux t\u00e9l\u00e9chargeables<\/p><p><a class=\"more-link btn\" href=\"https:\/\/www.mairie-poncey-les-athee.fr\/?page_id=1387\">Lire la suite<\/a><\/p>\n","protected":false},"author":2,"featured_media":5149,"parent":1222,"menu_order":0,"comment_status":"closed","ping_status":"closed","template":"","meta":{"footnotes":""},"class_list":["post-1387","page","type-page","status-publish","has-post-thumbnail","hentry","nodate","item-wrap"],"_links":{"self":[{"href":"https:\/\/www.mairie-poncey-les-athee.fr\/index.php?rest_route=\/wp\/v2\/pages\/1387","targetHints":{"allow":["GET"]}}],"collection":[{"href":"https:\/\/www.mairie-poncey-les-athee.fr\/index.php?rest_route=\/wp\/v2\/pages"}],"about":[{"href":"https:\/\/www.mairie-poncey-les-athee.fr\/index.php?rest_route=\/wp\/v2\/types\/page"}],"author":[{"embeddable":true,"href":"https:\/\/www.mairie-poncey-les-athee.fr\/index.php?rest_route=\/wp\/v2\/users\/2"}],"replies":[{"embeddable":true,"href":"https:\/\/www.mairie-poncey-les-athee.fr\/index.php?rest_route=%2Fwp%2Fv2%2Fcomments&post=1387"}],"version-history":[{"count":70,"href":"https:\/\/www.mairie-poncey-les-athee.fr\/index.php?rest_route=\/wp\/v2\/pages\/1387\/revisions"}],"predecessor-version":[{"id":19874,"href":"https:\/\/www.mairie-poncey-les-athee.fr\/index.php?rest_route=\/wp\/v2\/pages\/1387\/revisions\/19874"}],"up":[{"embeddable":true,"href":"https:\/\/www.mairie-poncey-les-athee.fr\/index.php?rest_route=\/wp\/v2\/pages\/1222"}],"wp:featuredmedia":[{"embeddable":true,"href":"https:\/\/www.mairie-poncey-les-athee.fr\/index.php?rest_route=\/wp\/v2\/media\/5149"}],"wp:attachment":[{"href":"https:\/\/www.mairie-poncey-les-athee.fr\/index.php?rest_route=%2Fwp%2Fv2%2Fmedia&parent=1387"}],"curies":[{"name":"wp","href":"https:\/\/api.w.org\/{rel}","templated":true}]}}