{"id":1323,"date":"2013-02-28T09:24:39","date_gmt":"2013-02-28T09:24:39","guid":{"rendered":"http:\/\/www.mairie-poncey-les-athee.fr\/?page_id=1323"},"modified":"2026-04-05T14:38:15","modified_gmt":"2026-04-05T14:38:15","slug":"securite","status":"publish","type":"page","link":"https:\/\/www.mairie-poncey-les-athee.fr\/?page_id=1323","title":{"rendered":"Plan de Pr\u00e9vention des Risques Inondables de la Sa\u00f4ne"},"content":{"rendered":"<p><strong>Plans et documents t\u00e9l\u00e9chargeables<\/strong><\/p>\n<p><!--more--><\/p>\n<h3><span style=\"color: #0000ff;\"><strong>P<span style=\"color: #333333;\">lan de\u00a0<\/span> P<span style=\"color: #333333;\">r\u00e9vention des<\/span> R<span style=\"color: #333333;\">isques<span style=\"color: #0000ff;\"> I<\/span>nnondables<\/span> <span style=\"color: #333333;\">de la Sa\u00f4ne et r\u00e8glement<\/span><\/strong><\/span><\/h3>\n<p>&nbsp;<\/p>\n<p><a href=\"https:\/\/www.mairie-poncey-les-athee.fr\/wp-content\/uploads\/PPRI-2025.jpg\" target=\"_blank\" rel=\"noopener\"><img loading=\"lazy\" decoding=\"async\" class=\"alignnone wp-image-19704 \" src=\"https:\/\/www.mairie-poncey-les-athee.fr\/wp-content\/uploads\/PPRI-2025-212x300.jpg\" alt=\"\" width=\"205\" height=\"290\" srcset=\"https:\/\/www.mairie-poncey-les-athee.fr\/wp-content\/uploads\/PPRI-2025-212x300.jpg 212w, https:\/\/www.mairie-poncey-les-athee.fr\/wp-content\/uploads\/PPRI-2025-543x768.jpg 543w, https:\/\/www.mairie-poncey-les-athee.fr\/wp-content\/uploads\/PPRI-2025-768x1086.jpg 768w, https:\/\/www.mairie-poncey-les-athee.fr\/wp-content\/uploads\/PPRI-2025-1086x1536.jpg 1086w, https:\/\/www.mairie-poncey-les-athee.fr\/wp-content\/uploads\/PPRI-2025-750x1061.jpg 750w, https:\/\/www.mairie-poncey-les-athee.fr\/wp-content\/uploads\/PPRI-2025.jpg 1448w\" sizes=\"auto, (max-width: 205px) 100vw, 205px\" \/>\u00a0 \u00a0 \u00a0<\/a><a href=\"https:\/\/www.mairie-poncey-les-athee.fr\/wp-content\/uploads\/PPRI3-2025.jpg\" target=\"_blank\" rel=\"noopener\"><img loading=\"lazy\" decoding=\"async\" class=\"alignnone wp-image-19706 \" src=\"https:\/\/www.mairie-poncey-les-athee.fr\/wp-content\/uploads\/PPRI3-2025-300x212.jpg\" alt=\"\" width=\"263\" height=\"186\" srcset=\"https:\/\/www.mairie-poncey-les-athee.fr\/wp-content\/uploads\/PPRI3-2025-300x212.jpg 300w, https:\/\/www.mairie-poncey-les-athee.fr\/wp-content\/uploads\/PPRI3-2025-1024x724.jpg 1024w, https:\/\/www.mairie-poncey-les-athee.fr\/wp-content\/uploads\/PPRI3-2025-768x543.jpg 768w, https:\/\/www.mairie-poncey-les-athee.fr\/wp-content\/uploads\/PPRI3-2025-1536x1086.jpg 1536w, https:\/\/www.mairie-poncey-les-athee.fr\/wp-content\/uploads\/PPRI3-2025-750x530.jpg 750w, https:\/\/www.mairie-poncey-les-athee.fr\/wp-content\/uploads\/PPRI3-2025.jpg 2048w\" sizes=\"auto, (max-width: 263px) 100vw, 263px\" \/>\u00a0 \u00a0 \u00a0<\/a><a href=\"https:\/\/www.mairie-poncey-les-athee.fr\/wp-content\/uploads\/PPRI2-2025.jpg\" target=\"_blank\" rel=\"noopener\"><img loading=\"lazy\" decoding=\"async\" class=\"alignnone wp-image-19705 \" src=\"https:\/\/www.mairie-poncey-les-athee.fr\/wp-content\/uploads\/PPRI2-2025-212x300.jpg\" alt=\"\" width=\"204\" height=\"289\" srcset=\"https:\/\/www.mairie-poncey-les-athee.fr\/wp-content\/uploads\/PPRI2-2025-212x300.jpg 212w, https:\/\/www.mairie-poncey-les-athee.fr\/wp-content\/uploads\/PPRI2-2025-543x768.jpg 543w, https:\/\/www.mairie-poncey-les-athee.fr\/wp-content\/uploads\/PPRI2-2025-768x1086.jpg 768w, https:\/\/www.mairie-poncey-les-athee.fr\/wp-content\/uploads\/PPRI2-2025-1086x1536.jpg 1086w, https:\/\/www.mairie-poncey-les-athee.fr\/wp-content\/uploads\/PPRI2-2025-750x1061.jpg 750w, https:\/\/www.mairie-poncey-les-athee.fr\/wp-content\/uploads\/PPRI2-2025.jpg 1448w\" sizes=\"auto, (max-width: 204px) 100vw, 204px\" \/><\/a><\/p>\n<p><strong>Ce\u00a0 P.P.R.I\u00a0 a \u00e9t\u00e9 approuv\u00e9 par arr\u00eat\u00e9 pr\u00e9fectoral n\u00b0 463, en date du 28 d\u00e9cembre 2006.<\/strong><\/p>\n<p><strong>Deux zones d&rsquo;al\u00e9a inondation ont \u00e9t\u00e9 ainsi d\u00e9finies.<\/strong><\/p>\n<p><strong><span style=\"color: #ff0000;\">la\u00a0 zone d&rsquo;al\u00e9a fort d&rsquo;inondation<\/span> <span style=\"color: #ff0000;\">(zone rouge)<\/span>, t\u00e9l\u00e9chargeable depuis cette page (lien ci-dessous), o\u00f9 les hauteurs d&rsquo;eau sont sup\u00e9rieures \u00e0 1 m. Cette zone couvre les terrains situ\u00e9s \u00e0 l&rsquo;int\u00e9rieur des limites de la crue centennale th\u00e9orique, moins 1 m.<\/strong><\/p>\n<p><strong><span style=\"color: #3366ff;\">la zone d&rsquo;al\u00e9a faible d&rsquo;inondation (zone bleue)<\/span>, o\u00f9 les hauteurs d&rsquo;eau sont comprises entre 0 et 1 m. Cette zone couvre les terrains compris entre les limites externes du champ d&rsquo;inondation (lit majeur), et les limites de la crue centennale th\u00e9orique, moins 1 m.<\/strong><\/p>\n<h4><a href=\"https:\/\/www.mairie-poncey-les-athee.fr\/wp-content\/uploads\/zonage1.pdf\" target=\"_blank\" rel=\"noopener\">Plan de Pr\u00e9vention des Risques Inondables document t\u00e9l\u00e9chargeable<\/a><\/h4>\n<h4><a href=\"https:\/\/www.mairie-poncey-les-athee.fr\/wp-content\/uploads\/r\u00e9glementPPRi.pdf\" target=\"_blank\" rel=\"noopener\">r\u00e8glement document t\u00e9l\u00e9chargeable<\/a><\/h4>\n<p>&nbsp;<\/p>\n<p>&nbsp;<\/p>\n<hr \/>\n<h3><strong><span style=\"color: #0000ff;\">D<\/span>ossier <span style=\"color: #0000ff;\">D<\/span>\u00e9partemental des <span style=\"color: #0000ff;\">R<span style=\"color: #333333;\">i<\/span><\/span>sques <span style=\"color: #0000ff;\">M<\/span>ajeurs 2025 en C\u00f4te d&rsquo;Or<\/strong><\/h3>\n<p><a href=\"https:\/\/www.cote-dor.gouv.fr\/contenu\/telechargement\/13092\/108024\/file\/DDRM_2025.pdf\" target=\"_blank\" rel=\"noopener\"><img loading=\"lazy\" decoding=\"async\" class=\"alignnone wp-image-20879 \" src=\"https:\/\/www.mairie-poncey-les-athee.fr\/wp-content\/uploads\/DDRM-2025-couv-300x211.png\" alt=\"\" width=\"723\" height=\"509\" srcset=\"https:\/\/www.mairie-poncey-les-athee.fr\/wp-content\/uploads\/DDRM-2025-couv-300x211.png 300w, https:\/\/www.mairie-poncey-les-athee.fr\/wp-content\/uploads\/DDRM-2025-couv-1024x721.png 1024w, https:\/\/www.mairie-poncey-les-athee.fr\/wp-content\/uploads\/DDRM-2025-couv-768x541.png 768w, https:\/\/www.mairie-poncey-les-athee.fr\/wp-content\/uploads\/DDRM-2025-couv-750x528.png 750w, https:\/\/www.mairie-poncey-les-athee.fr\/wp-content\/uploads\/DDRM-2025-couv.png 1351w\" sizes=\"auto, (max-width: 723px) 100vw, 723px\" \/><\/a><\/p>\n<p>&nbsp;<\/p>\n<p>&nbsp;<\/p>\n<hr \/>\n<h3>\u00a0<strong><span style=\"color: #0000ff;\">D<\/span>ocument d&rsquo;<span style=\"color: #0000ff;\">I<\/span>nformation <span style=\"color: #0000ff;\">C<\/span>ommunal sur les <span style=\"color: #0000ff;\">RI<\/span>sques <span style=\"color: #0000ff;\">M<\/span>ajeurs<\/strong><\/h3>\n<h4><strong>La collectivit\u00e9 a \u00e9dit\u00e9 en 2013 un livret de s\u00e9curit\u00e9 qui a \u00e9t\u00e9 distribu\u00e9 \u00e0 chacun des habitants.<\/strong><\/h4>\n<p><strong>Ce D.I.C.R.I.M.\u00a0 renseigne sur les principaux risques identifi\u00e9s et cartographi\u00e9s \u00e0 ce jour sur la commune, ainsi que les consignes de s\u00e9curit\u00e9 \u00e0 conna\u00eetre en cas d&rsquo;\u00e9v\u00e9nement.<\/strong><\/p>\n<p><strong>Il mentionne \u00e9galement les actions men\u00e9es afin de pr\u00e9venir les cons\u00e9quences de ces risques.<\/strong><\/p>\n<p><strong>Chaque habitant se doit de conserver pr\u00e9cieusement ce document.<\/strong><\/p>\n<h4><a href=\"https:\/\/www.mairie-poncey-les-athee.fr\/wp-content\/uploads\/DICRIM-PONCEY.pdf\" target=\"_blank\" rel=\"noopener\">document DICRIM t\u00e9l\u00e9chargeable<\/a><\/h4>\n<p>&nbsp;<\/p>\n<p>&nbsp;<\/p>\n<h3><span style=\"color: #0000ff;\">VIGICRUES<\/span><\/h3>\n<p><strong>Service d&rsquo;information sur le risque de crues des principaux cours d&rsquo;eau\u00a0<\/strong><a href=\"https:\/\/www.vigicrues.gouv.fr\/niv2-bassin.php?CdEntVigiCru=18\" target=\"_blank\" rel=\"noopener\"><img loading=\"lazy\" decoding=\"async\" class=\"wp-image-5122 size-medium alignnone\" src=\"https:\/\/www.mairie-poncey-les-athee.fr\/wp-content\/uploads\/vigicrues-300x148.jpg\" alt=\"Logo Vigicrues\" width=\"300\" height=\"148\" srcset=\"https:\/\/www.mairie-poncey-les-athee.fr\/wp-content\/uploads\/vigicrues-300x148.jpg 300w, https:\/\/www.mairie-poncey-les-athee.fr\/wp-content\/uploads\/vigicrues-560x277.jpg 560w, https:\/\/www.mairie-poncey-les-athee.fr\/wp-content\/uploads\/vigicrues.jpg 599w\" sizes=\"auto, (max-width: 300px) 100vw, 300px\" \/><\/a><\/p>\n","protected":false},"excerpt":{"rendered":"<p>Plans et documents t\u00e9l\u00e9chargeables<\/p><p><a class=\"more-link btn\" href=\"https:\/\/www.mairie-poncey-les-athee.fr\/?page_id=1323\">Lire la suite<\/a><\/p>\n","protected":false},"author":2,"featured_media":0,"parent":12,"menu_order":10,"comment_status":"closed","ping_status":"closed","template":"","meta":{"footnotes":""},"class_list":["post-1323","page","type-page","status-publish","hentry","nodate","item-wrap"],"_links":{"self":[{"href":"https:\/\/www.mairie-poncey-les-athee.fr\/index.php?rest_route=\/wp\/v2\/pages\/1323","targetHints":{"allow":["GET"]}}],"collection":[{"href":"https:\/\/www.mairie-poncey-les-athee.fr\/index.php?rest_route=\/wp\/v2\/pages"}],"about":[{"href":"https:\/\/www.mairie-poncey-les-athee.fr\/index.php?rest_route=\/wp\/v2\/types\/page"}],"author":[{"embeddable":true,"href":"https:\/\/www.mairie-poncey-les-athee.fr\/index.php?rest_route=\/wp\/v2\/users\/2"}],"replies":[{"embeddable":true,"href":"https:\/\/www.mairie-poncey-les-athee.fr\/index.php?rest_route=%2Fwp%2Fv2%2Fcomments&post=1323"}],"version-history":[{"count":28,"href":"https:\/\/www.mairie-poncey-les-athee.fr\/index.php?rest_route=\/wp\/v2\/pages\/1323\/revisions"}],"predecessor-version":[{"id":21256,"href":"https:\/\/www.mairie-poncey-les-athee.fr\/index.php?rest_route=\/wp\/v2\/pages\/1323\/revisions\/21256"}],"up":[{"embeddable":true,"href":"https:\/\/www.mairie-poncey-les-athee.fr\/index.php?rest_route=\/wp\/v2\/pages\/12"}],"wp:attachment":[{"href":"https:\/\/www.mairie-poncey-les-athee.fr\/index.php?rest_route=%2Fwp%2Fv2%2Fmedia&parent=1323"}],"curies":[{"name":"wp","href":"https:\/\/api.w.org\/{rel}","templated":true}]}}