{"id":1073,"date":"2012-10-20T14:38:10","date_gmt":"2012-10-20T14:38:10","guid":{"rendered":"http:\/\/www.mairie-poncey-les-athee.fr\/?page_id=1073"},"modified":"2022-12-05T18:43:54","modified_gmt":"2022-12-05T18:43:54","slug":"monument-aux-morts","status":"publish","type":"page","link":"https:\/\/www.mairie-poncey-les-athee.fr\/?page_id=1073","title":{"rendered":"Le Monument aux morts"},"content":{"rendered":"<p><strong>2012<\/strong><\/p>\n<p><!--more--><\/p>\n<div id=\"attachment_1069\" style=\"width: 388px\" class=\"wp-caption aligncenter\"><a href=\"https:\/\/www.mairie-poncey-les-athee.fr\/wp-content\/uploads\/DSCN1196.jpg\" target=\"_blank\" rel=\"attachment noopener wp-att-1069\"><img loading=\"lazy\" decoding=\"async\" aria-describedby=\"caption-attachment-1069\" class=\"wp-image-1069 \" title=\"Travaux au monument aux morts\" src=\"https:\/\/www.mairie-poncey-les-athee.fr\/wp-content\/uploads\/DSCN1196-150x150.jpg\" alt=\"\" width=\"388\" height=\"388\" \/><\/a><p id=\"caption-attachment-1069\" class=\"wp-caption-text\"><strong>Enl\u00e8vement de la haie pour d\u00e9gager le monument<\/strong><\/p><\/div>\n<p style=\"text-align: justify;\"><strong>Comme pr\u00e9vu, les travaux au monument aux morts ont \u00e9t\u00e9 r\u00e9alis\u00e9s courant octobre de cette ann\u00e9e 2012.<br \/>\nIl s&rsquo;agissait de d\u00e9senclaver le monument en arrachant la haie de tro\u00e8nes du c\u00f4t\u00e9 de la place et en prolongeant les escaliers existants pour former des sortes de gradin.<\/strong><\/p>\n<p style=\"text-align: justify;\"><strong> Le monument est ainsi mieux mis en valeur, devient visible d\u00e8s l&rsquo;approche aux environs de la salle des f\u00eates et s&rsquo;int\u00e8gre dans l&rsquo;ensemble de la place, dans la mesure o\u00f9 il n&rsquo;en est pas isol\u00e9 comme auparavant.<\/strong><\/p>\n<p style=\"text-align: justify;\"><strong>Tout \u00e9tait pr\u00eat pour la c\u00e9r\u00e9monie du 11 novembre, qui a vu\u00a0 un nombreux public se d\u00e9placer.<\/strong><\/p>\n<p style=\"text-align: justify;\"><strong>C&rsquo;est l&rsquo;entreprise Trans TP Activit\u00e9s de Lux qui a r\u00e9alis\u00e9 les travaux, pour un montant de 7 107,59 \u20ac H.T sachant qu&rsquo;une subvention de 2 000,00 \u20ac a \u00e9t\u00e9 attribu\u00e9e \u00e0 notre collectivit\u00e9, au titre de la r\u00e9serve parlementaire par le\u00a0 s\u00e9nateur Alain Houppert auquel nous adressons nos plus vifs remerciements.<\/strong><\/p>\n<p>&nbsp;<\/p>\n<p style=\"text-align: justify;\"><a href=\"https:\/\/www.mairie-poncey-les-athee.fr\/?attachment_id=1113\" rel=\"attachment wp-att-1113\">\u00a0\u00a0\u00a0\u00a0\u00a0\u00a0\u00a0\u00a0\u00a0<\/a><a href=\"https:\/\/www.mairie-poncey-les-athee.fr\/?attachment_id=1113\" target=\"_blank\" rel=\"attachment noopener wp-att-1113\"><img loading=\"lazy\" decoding=\"async\" class=\"alignnone\" title=\"Monument aux morts\" src=\"https:\/\/www.mairie-poncey-les-athee.fr\/wp-content\/uploads\/DSCN1205-150x150.jpg\" alt=\"\" width=\"150\" height=\"150\" \/><\/a><a href=\"https:\/\/www.mairie-poncey-les-athee.fr\/?attachment_id=1113\" rel=\"attachment wp-att-1113\">\u00a0\u00a0\u00a0\u00a0\u00a0\u00a0\u00a0 <\/a><a href=\"https:\/\/www.mairie-poncey-les-athee.fr\/?attachment_id=1197\" target=\"_blank\" rel=\"attachment noopener wp-att-1197\"><img loading=\"lazy\" decoding=\"async\" class=\"alignnone\" title=\"Mise en forme de la terre\" src=\"https:\/\/www.mairie-poncey-les-athee.fr\/wp-content\/uploads\/DSCN1198-150x150.jpg\" alt=\"\" width=\"150\" height=\"152\" \/><\/a><a href=\"https:\/\/www.mairie-poncey-les-athee.fr\/?attachment_id=1196\" rel=\"attachment wp-att-1196\">\u00a0\u00a0\u00a0\u00a0\u00a0 \u00a0\u00a0 <\/a><a href=\"https:\/\/www.mairie-poncey-les-athee.fr\/?attachment_id=1196\" target=\"_blank\" rel=\"attachment noopener wp-att-1196\"><img loading=\"lazy\" decoding=\"async\" class=\"alignnone\" title=\"La haie enlev\u00e9e, le monument est mis en valeur\" src=\"https:\/\/www.mairie-poncey-les-athee.fr\/wp-content\/uploads\/DSCN1197-150x150.jpg\" alt=\"\" width=\"150\" height=\"150\" \/><\/a><\/p>\n<p style=\"text-align: justify;\"><strong>\u00a0Travaux de finition : enduit\u00a0 \u00a0 \u00a0 Mise en forme de la terre\u00a0 \u00a0 Le monument est mis en valeur<\/strong><\/p>\n<p style=\"text-align: justify;\">\n","protected":false},"excerpt":{"rendered":"<p>2012<\/p><p><a class=\"more-link btn\" href=\"https:\/\/www.mairie-poncey-les-athee.fr\/?page_id=1073\">Lire la suite<\/a><\/p>\n","protected":false},"author":2,"featured_media":1196,"parent":1222,"menu_order":50,"comment_status":"closed","ping_status":"closed","template":"","meta":{"footnotes":""},"class_list":["post-1073","page","type-page","status-publish","has-post-thumbnail","hentry","nodate","item-wrap"],"_links":{"self":[{"href":"https:\/\/www.mairie-poncey-les-athee.fr\/index.php?rest_route=\/wp\/v2\/pages\/1073","targetHints":{"allow":["GET"]}}],"collection":[{"href":"https:\/\/www.mairie-poncey-les-athee.fr\/index.php?rest_route=\/wp\/v2\/pages"}],"about":[{"href":"https:\/\/www.mairie-poncey-les-athee.fr\/index.php?rest_route=\/wp\/v2\/types\/page"}],"author":[{"embeddable":true,"href":"https:\/\/www.mairie-poncey-les-athee.fr\/index.php?rest_route=\/wp\/v2\/users\/2"}],"replies":[{"embeddable":true,"href":"https:\/\/www.mairie-poncey-les-athee.fr\/index.php?rest_route=%2Fwp%2Fv2%2Fcomments&post=1073"}],"version-history":[{"count":65,"href":"https:\/\/www.mairie-poncey-les-athee.fr\/index.php?rest_route=\/wp\/v2\/pages\/1073\/revisions"}],"predecessor-version":[{"id":6606,"href":"https:\/\/www.mairie-poncey-les-athee.fr\/index.php?rest_route=\/wp\/v2\/pages\/1073\/revisions\/6606"}],"up":[{"embeddable":true,"href":"https:\/\/www.mairie-poncey-les-athee.fr\/index.php?rest_route=\/wp\/v2\/pages\/1222"}],"wp:featuredmedia":[{"embeddable":true,"href":"https:\/\/www.mairie-poncey-les-athee.fr\/index.php?rest_route=\/wp\/v2\/media\/1196"}],"wp:attachment":[{"href":"https:\/\/www.mairie-poncey-les-athee.fr\/index.php?rest_route=%2Fwp%2Fv2%2Fmedia&parent=1073"}],"curies":[{"name":"wp","href":"https:\/\/api.w.org\/{rel}","templated":true}]}}